{"id":128228,"date":"2024-06-17T11:14:32","date_gmt":"2024-06-17T09:14:32","guid":{"rendered":"https:\/\/www.creaearredanegozi.it\/?post_type=product&#038;p=128228"},"modified":"2025-06-10T19:11:02","modified_gmt":"2025-06-10T17:11:02","slug":"professioneller-tauchmischer-250-watt-variable-oder-feste-geschwindigkeit-light-fame-serie-fm250vv-und-fm250vf","status":"publish","type":"product","link":"https:\/\/www.creaearredanegozi.it\/de\/professioneller-tauchmischer-250-watt-variable-oder-feste-geschwindigkeit-light-fame-serie-fm250vv-und-fm250vf\/","title":{"rendered":"Professioneller Tauchmixer 250 Watt mit variabler oder fester Drehzahl LIGHT Series Fama FM250VV und FM250VF"},"content":{"rendered":"<h3>Professioneller Tauchmixer 250 Watt Variable oder feste Drehzahl<\/h3>\n<p><strong>Produktmixer Light Line Fama<\/strong><\/p>\n<ol>\n<li>Code FM250VV: MIXER Motorgeh\u00e4use 250 W Variable Geschwindigkeit<\/li>\n<li>Code FM250VF: MIXER-Motorgeh\u00e4use 250 W feste Drehzahl<\/li>\n<\/ol>\n<p>Maschine mit ergonomischem Griff f\u00fcr erm\u00fcdungsfreies Arbeiten. Wendig und bequem, da das Zubeh\u00f6r sehr schnell gewechselt werden kann.<\/p>\n<p>Modell FM250VV mit variablem Antrieb f\u00fcr verschiedene Produkte je nach verwendetem Werkzeug.<\/p>\n<p>Modell FM250VF ohne Antrieb mit variabler Geschwindigkeit, bestehend aus Digitalanzeige und Starttaste.<\/p>\n<p>Merkmale:<\/p>\n<ul>\n<li>Maschinen f\u00fcr den professionellen Einsatz<\/li>\n<li>Geh\u00e4use aus Kunststoff mit innovativem Design<\/li>\n<li>Leichte, einfach zu bedienende Maschinen<\/li>\n<li>Im Inland hergestellter L\u00fcftermotor<\/li>\n<li>Thermischer Motorschutz<\/li>\n<li>Antrieb mit variabler Geschwindigkeit (nur Modell FM250VV).<\/li>\n<li>Elektronisches Geschwindigkeits- und Leistungsstabilisierungssystem SRS (selbstregulierende Geschwindigkeit)<\/li>\n<li>Hochfeste Polymer-Verbindungen<\/li>\n<li>Mischer in zwei Gr\u00f6\u00dfen erh\u00e4ltlich: 200-250 mm<\/li>\n<li>F\u00fcr das Modell mit variabler Geschwindigkeit ist der Emulgator in zwei Gr\u00f6\u00dfen erh\u00e4ltlich: 200-250 mm.<\/li>\n<li>Ger\u00e4t von Pr\u00fcfstelle zertifiziert<\/li>\n<li>EG-Normen<\/li>\n<li>Hergestellt in Italien.<\/li>\n<\/ul>\n<p>Optionales Zubeh\u00f6r:<\/p>\n<ul>\n<li>200\/250 mm Mischer<\/li>\n<li>Emulgator nur f\u00fcr variables Modell: 200\/250 mm<\/li>\n<li>Homogenisator 200\/250 mm.<\/li>\n<li>Multifunktional 200\/250 mm<\/li>\n<li><strong>LIGHT FRUSTA Mini nur f\u00fcr die variable Version (au\u00dfer VF-Modell)<\/strong><\/li>\n<li>Wandhalterung f\u00fcr Combi<\/li>\n<li>Wandhalterung f\u00fcr Einzel<\/li>\n<\/ul>\n<p><a href=\"https:\/\/www.creaearredanegozi.it\/wp-content\/uploads\/2024\/06\/mixer_light-250_corpo_motore.jpg\"><img decoding=\"async\" class=\"alignnone wp-image-128229\" src=\"https:\/\/www.creaearredanegozi.it\/wp-content\/uploads\/2024\/06\/mixer_light-250_corpo_motore.jpg\" alt=\"\" width=\"290\" height=\"270\" title=\"\" srcset=\"https:\/\/www.creaearredanegozi.it\/wp-content\/uploads\/2024\/06\/mixer_light-250_corpo_motore.jpg 322w, https:\/\/www.creaearredanegozi.it\/wp-content\/uploads\/2024\/06\/mixer_light-250_corpo_motore-64x60.jpg 64w\" sizes=\"(max-width: 290px) 100vw, 290px\" \/><\/a><\/p>\n<p><strong>Technische Daten:<\/strong><\/p>\n<table style=\"border-collapse: collapse; width: 100%; height: 147px;\">\n<tbody>\n<tr style=\"height: 21px;\">\n<td style=\"width: 20%; height: 21px;\">Modell<\/td>\n<td style=\"width: 20%; height: 21px;\">FM250VV \/ VF<\/td>\n<\/tr>\n<tr style=\"height: 21px;\">\n<td style=\"width: 20%; height: 21px;\"><strong>Stromversorgung (Volt\/Hz)<\/strong><\/td>\n<td style=\"width: 20%; height: 21px;\">230 \/ 50-60<\/td>\n<\/tr>\n<tr style=\"height: 21px;\">\n<td style=\"width: 20%; height: 21px;\"><b>Strom <strong>(in Watt)<\/strong><\/b><\/td>\n<td style=\"width: 20%; height: 21px;\">0,25<\/td>\n<\/tr>\n<tr style=\"height: 21px;\">\n<td style=\"width: 20%; height: 21px;\"><strong>A mm<\/strong><\/td>\n<td style=\"width: 20%; height: 21px;\">\u00f875<\/td>\n<\/tr>\n<tr style=\"height: 21px;\">\n<td style=\"width: 20%; height: 21px;\"><strong>B mm<\/strong><\/td>\n<td style=\"width: 20%; height: 21px;\">285<\/td>\n<\/tr>\n<tr style=\"height: 21px;\">\n<td style=\"width: 20%; height: 21px;\"><strong>Drehzahl RPM<\/strong><\/td>\n<td style=\"width: 20%; height: 21px;\">2500 - max. 15000 \/ 15000<\/td>\n<\/tr>\n<tr style=\"height: 21px;\">\n<td style=\"width: 20%; height: 21px;\"><strong>Nettogewicht (kg)<\/strong><\/td>\n<td style=\"width: 20%; height: 21px;\">1<\/td>\n<\/tr>\n<\/tbody>\n<\/table>\n<p>&nbsp;<\/p>\n<hr \/>\n<table style=\"border-collapse: collapse; width: 100%;\">\n<tbody>\n<tr>\n<td style=\"width: 50%;\">EXTREM EINFACHE DEMONTAGE DES WERKZEUGS.<br \/>\nERGONOMISCHER GRIFF<\/td>\n<td style=\"width: 50%;\"><a href=\"https:\/\/www.creaearredanegozi.it\/wp-content\/uploads\/2024\/06\/grafico-light-250.jpg\"><img decoding=\"async\" class=\"alignnone size-full wp-image-128231\" src=\"https:\/\/www.creaearredanegozi.it\/wp-content\/uploads\/2024\/06\/grafico-light-250.jpg\" alt=\"\" width=\"250\" height=\"250\" title=\"\" srcset=\"https:\/\/www.creaearredanegozi.it\/wp-content\/uploads\/2024\/06\/grafico-light-250.jpg 250w, https:\/\/www.creaearredanegozi.it\/wp-content\/uploads\/2024\/06\/grafico-light-250-100x100.jpg 100w, https:\/\/www.creaearredanegozi.it\/wp-content\/uploads\/2024\/06\/grafico-light-250-64x64.jpg 64w\" sizes=\"(max-width: 250px) 100vw, 250px\" \/><\/a><\/td>\n<\/tr>\n<tr>\n<td style=\"width: 50%;\">EINFACHHEIT DER ANWENDUNG<\/td>\n<td style=\"width: 50%;\"><a href=\"https:\/\/www.creaearredanegozi.it\/wp-content\/uploads\/2024\/06\/grafico-light-250-.jpg\"><img decoding=\"async\" class=\"alignnone size-full wp-image-128232\" src=\"https:\/\/www.creaearredanegozi.it\/wp-content\/uploads\/2024\/06\/grafico-light-250-.jpg\" alt=\"\" width=\"250\" height=\"250\" title=\"\" srcset=\"https:\/\/www.creaearredanegozi.it\/wp-content\/uploads\/2024\/06\/grafico-light-250-.jpg 250w, https:\/\/www.creaearredanegozi.it\/wp-content\/uploads\/2024\/06\/grafico-light-250--100x100.jpg 100w, https:\/\/www.creaearredanegozi.it\/wp-content\/uploads\/2024\/06\/grafico-light-250--64x64.jpg 64w\" sizes=\"(max-width: 250px) 100vw, 250px\" \/><\/a><\/td>\n<\/tr>\n<tr>\n<td style=\"width: 50%;\">NUR F\u00dcR MISCHER VV ANTRIEB MIT VARIABLER GESCHWINDIGKEIT<\/td>\n<td style=\"width: 50%;\"><a href=\"https:\/\/www.creaearredanegozi.it\/wp-content\/uploads\/2024\/06\/grafico-light-250-1.jpg\"><img decoding=\"async\" class=\"alignnone size-full wp-image-128233\" src=\"https:\/\/www.creaearredanegozi.it\/wp-content\/uploads\/2024\/06\/grafico-light-250-1.jpg\" alt=\"\" width=\"250\" height=\"250\" title=\"\" srcset=\"https:\/\/www.creaearredanegozi.it\/wp-content\/uploads\/2024\/06\/grafico-light-250-1.jpg 250w, https:\/\/www.creaearredanegozi.it\/wp-content\/uploads\/2024\/06\/grafico-light-250-1-100x100.jpg 100w, https:\/\/www.creaearredanegozi.it\/wp-content\/uploads\/2024\/06\/grafico-light-250-1-64x64.jpg 64w\" sizes=\"(max-width: 250px) 100vw, 250px\" \/><\/a><\/td>\n<\/tr>\n<tr>\n<td style=\"width: 50%;\"><\/td>\n<td style=\"width: 50%;\"><\/td>\n<\/tr>\n<\/tbody>\n<\/table>","protected":false},"excerpt":{"rendered":"<p>Mixer a Immersione Professionale 250 Watt Velocit\u00e0 Variabile o Fissa Prodotto Mixer Linea Light Fama Codice FM250VV: Corpo Motore MIXER 250 W Velocit\u00e0 Variabile Codice FM250VF: Corpo Motore MIXER 250 W Velocit\u00e0 Fissa Macchina con impugnatura ergonomica per un\u2019ottima presa senza fatica. Agile e comodo in quanto viene effettuato il cambio degli accessori con estrema [&#8230;]","protected":false},"featured_media":128234,"comment_status":"closed","ping_status":"closed","template":"","meta":{"_monsterinsights_skip_tracking":false,"_monsterinsights_sitenote_active":false,"_monsterinsights_sitenote_note":"","_monsterinsights_sitenote_category":0},"product_brand":[704],"product_cat":[65,10,163,814,25],"product_tag":[],"class_list":{"0":"post-128228","1":"product","2":"type-product","3":"status-publish","4":"has-post-thumbnail","6":"product_brand-fama","7":"product_cat-frullatori","8":"product_cat-attrezzature-bar","9":"product_cat-frullatori-ristorazione","10":"product_cat-mixer-frullatori","11":"product_cat-attrezzature-ristoranti-pub-cucine","12":"product_shipping_class-215","13":"pa_marca-fama","15":"first","16":"instock","17":"taxable","18":"shipping-taxable","19":"purchasable","20":"product-type-simple"},"_links":{"self":[{"href":"https:\/\/www.creaearredanegozi.it\/de\/wp-json\/wp\/v2\/product\/128228","targetHints":{"allow":["GET"]}}],"collection":[{"href":"https:\/\/www.creaearredanegozi.it\/de\/wp-json\/wp\/v2\/product"}],"about":[{"href":"https:\/\/www.creaearredanegozi.it\/de\/wp-json\/wp\/v2\/types\/product"}],"replies":[{"embeddable":true,"href":"https:\/\/www.creaearredanegozi.it\/de\/wp-json\/wp\/v2\/comments?post=128228"}],"wp:featuredmedia":[{"embeddable":true,"href":"https:\/\/www.creaearredanegozi.it\/de\/wp-json\/wp\/v2\/media\/128234"}],"wp:attachment":[{"href":"https:\/\/www.creaearredanegozi.it\/de\/wp-json\/wp\/v2\/media?parent=128228"}],"wp:term":[{"taxonomy":"product_brand","embeddable":true,"href":"https:\/\/www.creaearredanegozi.it\/de\/wp-json\/wp\/v2\/product_brand?post=128228"},{"taxonomy":"product_cat","embeddable":true,"href":"https:\/\/www.creaearredanegozi.it\/de\/wp-json\/wp\/v2\/product_cat?post=128228"},{"taxonomy":"product_tag","embeddable":true,"href":"https:\/\/www.creaearredanegozi.it\/de\/wp-json\/wp\/v2\/product_tag?post=128228"}],"curies":[{"name":"wp","href":"https:\/\/api.w.org\/{rel}","templated":true}]}}