{"id":12823,"date":"2018-05-17T19:34:21","date_gmt":"2018-05-17T17:34:21","guid":{"rendered":"https:\/\/www.creaearredanegozi.it\/?post_type=product&#038;p=12823"},"modified":"2023-07-03T19:51:00","modified_gmt":"2023-07-03T17:51:00","slug":"distributore-di-bevande-fredde-24-litri-inox-maestrale-jolly-bras","status":"publish","type":"product","link":"https:\/\/www.creaearredanegozi.it\/de\/distributore-di-bevande-fredde-24-litri-inox-maestrale-jolly-bras\/","title":{"rendered":"Kaltgetr\u00e4nkespender 24 Liter (8+8+8) Inox Maestrale Jolly BRAS"},"content":{"rendered":"<p><strong>Spender f\u00fcr kalte Getr\u00e4nke<\/strong><\/p>\n<p>Einfach und vielseitig, entwickelt f\u00fcr die K\u00fchlung und den Ausschank von besonders empfindlichen Getr\u00e4nken ohne Kohlens\u00e4ure dank der magnetisch angetriebenen Tauchturbine.<\/p>\n<p>E&#8217; possibile dotare ciascuna vasca di rubinetto a gravit\u00e0 in modo indipendente.<\/p>\n<p>Contenitore da 8+8+8 litri in policarbonato antiurto per alimenti<\/p>\n<hr \/>\n<p><strong>Technische Daten<\/strong><\/p>\n<table class=\"table table-striped\" width=\"367\">\n<tbody>\n<tr>\n<td width=\"297\">Dimensione (LxHxP) mm: 37 x 63 x 40<\/td>\n<\/tr>\n<tr>\n<td width=\"297\">Stromversorgung: 230V 50\/60Hz F+N<\/td>\n<\/tr>\n<tr>\n<td width=\"297\">Peso netto: 22 Kg<\/td>\n<\/tr>\n<tr>\n<td width=\"297\">Peso Lordo: 24 Kg<\/td>\n<\/tr>\n<tr>\n<td width=\"297\">N\u00b0 Contenitori: 3 da 8 Litri<\/td>\n<\/tr>\n<tr>\n<td width=\"297\">Termostato regolabile: 1<\/td>\n<\/tr>\n<\/tbody>\n<\/table>\n<p><strong><img decoding=\"async\" class=\"aligncenter size-full wp-image-12840\" src=\"https:\/\/www.creaearredanegozi.it\/wp-content\/uploads\/2018\/05\/MAESTRALE_JOLLY_580X330_IT.jpg\" alt=\"\" width=\"580\" height=\"330\" title=\"\" srcset=\"https:\/\/www.creaearredanegozi.it\/wp-content\/uploads\/2018\/05\/MAESTRALE_JOLLY_580X330_IT.jpg 580w, https:\/\/www.creaearredanegozi.it\/wp-content\/uploads\/2018\/05\/MAESTRALE_JOLLY_580X330_IT-516x294.jpg 516w, https:\/\/www.creaearredanegozi.it\/wp-content\/uploads\/2018\/05\/MAESTRALE_JOLLY_580X330_IT-64x36.jpg 64w, https:\/\/www.creaearredanegozi.it\/wp-content\/uploads\/2018\/05\/MAESTRALE_JOLLY_580X330_IT-200x114.jpg 200w, https:\/\/www.creaearredanegozi.it\/wp-content\/uploads\/2018\/05\/MAESTRALE_JOLLY_580X330_IT-500x284.jpg 500w, https:\/\/www.creaearredanegozi.it\/wp-content\/uploads\/2018\/05\/MAESTRALE_JOLLY_580X330_IT-560x319.jpg 560w, https:\/\/www.creaearredanegozi.it\/wp-content\/uploads\/2018\/05\/MAESTRALE_JOLLY_580X330_IT-400x228.jpg 400w\" sizes=\"(max-width: 580px) 100vw, 580px\" \/><\/strong><\/p>","protected":false},"excerpt":{"rendered":"<p>Distributore di bevande fredde Semplici e versatili, progettati per raffreddare ed erogare bevande non gassate particolarmente delicate grazie alla turbina sommersa ad azionamento magnetico. E&#8217; possibile dotare ciascuna vasca di rubinetto a gravit\u00e0 in modo indipendente. Contenitore da 8+8+8 litri in policarbonato antiurto per alimenti Dati Tecnici Dimensione (LxHxP) mm: 37 x 63 x 40 [&#8230;]","protected":false},"featured_media":122539,"comment_status":"closed","ping_status":"closed","template":"","meta":{"_monsterinsights_skip_tracking":false,"_monsterinsights_sitenote_active":false,"_monsterinsights_sitenote_note":"","_monsterinsights_sitenote_category":0},"product_brand":[618],"product_cat":[207],"product_tag":[],"class_list":{"0":"post-12823","1":"product","2":"type-product","3":"status-publish","4":"has-post-thumbnail","6":"product_brand-bras","7":"product_cat-granitori","8":"product_shipping_class-38","9":"pa_marca-bras","11":"first","12":"instock","13":"taxable","14":"shipping-taxable","15":"purchasable","16":"product-type-simple"},"_links":{"self":[{"href":"https:\/\/www.creaearredanegozi.it\/de\/wp-json\/wp\/v2\/product\/12823","targetHints":{"allow":["GET"]}}],"collection":[{"href":"https:\/\/www.creaearredanegozi.it\/de\/wp-json\/wp\/v2\/product"}],"about":[{"href":"https:\/\/www.creaearredanegozi.it\/de\/wp-json\/wp\/v2\/types\/product"}],"replies":[{"embeddable":true,"href":"https:\/\/www.creaearredanegozi.it\/de\/wp-json\/wp\/v2\/comments?post=12823"}],"wp:featuredmedia":[{"embeddable":true,"href":"https:\/\/www.creaearredanegozi.it\/de\/wp-json\/wp\/v2\/media\/122539"}],"wp:attachment":[{"href":"https:\/\/www.creaearredanegozi.it\/de\/wp-json\/wp\/v2\/media?parent=12823"}],"wp:term":[{"taxonomy":"product_brand","embeddable":true,"href":"https:\/\/www.creaearredanegozi.it\/de\/wp-json\/wp\/v2\/product_brand?post=12823"},{"taxonomy":"product_cat","embeddable":true,"href":"https:\/\/www.creaearredanegozi.it\/de\/wp-json\/wp\/v2\/product_cat?post=12823"},{"taxonomy":"product_tag","embeddable":true,"href":"https:\/\/www.creaearredanegozi.it\/de\/wp-json\/wp\/v2\/product_tag?post=12823"}],"curies":[{"name":"wp","href":"https:\/\/api.w.org\/{rel}","templated":true}]}}