{"id":128239,"date":"2024-06-17T12:30:45","date_gmt":"2024-06-17T10:30:45","guid":{"rendered":"https:\/\/www.creaearredanegozi.it\/?post_type=product&#038;p=128239"},"modified":"2024-06-17T13:11:46","modified_gmt":"2024-06-17T11:11:46","slug":"professioneller-stabmixer-250-watt-mit-variabler-geschwindigkeit-und-mixerzubehor-ruhm","status":"publish","type":"product","link":"https:\/\/www.creaearredanegozi.it\/de\/professioneller-stabmixer-250-watt-mit-variabler-geschwindigkeit-und-mixerzubehor-ruhm\/","title":{"rendered":"Professioneller Eintauchmischer 250 Watt Variable Geschwindigkeit mit Zubeh\u00f6r FRULLUOTTO Fama"},"content":{"rendered":"<h3>Profi-Tauchmixer 250 Watt Variable Geschwindigkeit<\/h3>\n<p><strong>Produktmischer FRULLUOTTO Fama<\/strong><\/p>\n<p>Maschine mit ergonomischem Griff f\u00fcr erm\u00fcdungsfreies Arbeiten. Wendig und bequem, da das Zubeh\u00f6r sehr schnell gewechselt werden kann.<\/p>\n<p>Modell mit Geschwindigkeitsvariator, um je nach verwendetem Werkzeug unterschiedliche Produkte zu erhalten.<\/p>\n<p>Merkmale:<\/p>\n<ul>\n<li>Maschinen f\u00fcr den professionellen Einsatz<\/li>\n<li>Leichte, einfach zu bedienende Maschinen<\/li>\n<li>Antrieb mit variabler Geschwindigkeit.<\/li>\n<li>Elektronisches Geschwindigkeits- und Leistungsstabilisierungssystem SRS (selbstregulierende Geschwindigkeit).<\/li>\n<li>Die SRS-Technologie erm\u00f6glicht die Herstellung extrem homogener Verbindungen.<\/li>\n<li>EG-Normen<\/li>\n<li>Hergestellt in Italien.<\/li>\n<\/ul>\n<p>Inklusive Zubeh\u00f6r:<\/p>\n<ul>\n<li>250 mm Mischer<\/li>\n<li>250 mm Homogenisator.<\/li>\n<li>250 mm abnehmbarer Schneebesen<\/li>\n<li>Kombi-Minist\u00e4nder.<\/li>\n<\/ul>\n<p>&nbsp;<\/p>\n<p><strong>Technische Daten:<\/strong><\/p>\n<table style=\"border-collapse: collapse; width: 100%; height: 147px;\">\n<tbody>\n<tr style=\"height: 21px;\">\n<td style=\"width: 20%; height: 21px;\">Modell<\/td>\n<td style=\"width: 20%; height: 21px;\">FRULLUOTTO<\/td>\n<\/tr>\n<tr style=\"height: 21px;\">\n<td style=\"width: 20%; height: 21px;\"><strong>Stromversorgung (Volt\/Hz)<\/strong><\/td>\n<td style=\"width: 20%; height: 21px;\">230 \/ 50<\/td>\n<\/tr>\n<tr style=\"height: 21px;\">\n<td style=\"width: 20%; height: 21px;\"><b>Strom <strong>(in Watt)<\/strong><\/b><\/td>\n<td style=\"width: 20%; height: 21px;\">250<\/td>\n<\/tr>\n<tr style=\"height: 21px;\">\n<td style=\"width: 20%; height: 21px;\"><strong>Gesamtl\u00e4nge mit Mischer 250:<\/strong><\/td>\n<td style=\"width: 20%; height: 21px;\">520 mm<\/td>\n<\/tr>\n<tr style=\"height: 21px;\">\n<td style=\"width: 20%; height: 21px;\"><strong>Durchmesser<\/strong><\/td>\n<td style=\"width: 20%; height: 21px;\">\u00f875 mm<\/td>\n<\/tr>\n<tr style=\"height: 21px;\">\n<td style=\"width: 20%; height: 21px;\"><strong>Drehzahl RPM<\/strong><\/td>\n<td style=\"width: 20%; height: 21px;\">2500 - max. 15000 \/ 15000<\/td>\n<\/tr>\n<tr style=\"height: 21px;\">\n<td style=\"width: 20%; height: 21px;\"><strong>Nettogewicht (kg)<\/strong><\/td>\n<td style=\"width: 20%; height: 21px;\">1,5<\/td>\n<\/tr>\n<\/tbody>\n<\/table>\n<p>&nbsp;<\/p>\n<hr \/>\n<table style=\"border-collapse: collapse; width: 100%;\">\n<tbody>\n<tr>\n<td style=\"width: 50%;\">Ergonomischer Griff<br \/>\nund Antrieb mit variabler Geschwindigkeit<\/td>\n<td style=\"width: 50%;\"><a href=\"https:\/\/www.creaearredanegozi.it\/wp-content\/uploads\/2024\/06\/frulluotto1.jpg\"><img decoding=\"async\" class=\"alignnone size-full wp-image-128240\" src=\"https:\/\/www.creaearredanegozi.it\/wp-content\/uploads\/2024\/06\/frulluotto1.jpg\" alt=\"\" width=\"250\" height=\"250\" title=\"\" srcset=\"https:\/\/www.creaearredanegozi.it\/wp-content\/uploads\/2024\/06\/frulluotto1.jpg 250w, https:\/\/www.creaearredanegozi.it\/wp-content\/uploads\/2024\/06\/frulluotto1-100x100.jpg 100w, https:\/\/www.creaearredanegozi.it\/wp-content\/uploads\/2024\/06\/frulluotto1-64x64.jpg 64w\" sizes=\"(max-width: 250px) 100vw, 250px\" \/><\/a><\/td>\n<\/tr>\n<tr>\n<td style=\"width: 50%;\">Abnehmbarer Schneebesen<\/td>\n<td style=\"width: 50%;\"><a href=\"https:\/\/www.creaearredanegozi.it\/wp-content\/uploads\/2024\/06\/frulluotto2.jpg\"><img decoding=\"async\" class=\"alignnone size-full wp-image-128241\" src=\"https:\/\/www.creaearredanegozi.it\/wp-content\/uploads\/2024\/06\/frulluotto2.jpg\" alt=\"\" width=\"250\" height=\"250\" title=\"\" srcset=\"https:\/\/www.creaearredanegozi.it\/wp-content\/uploads\/2024\/06\/frulluotto2.jpg 250w, https:\/\/www.creaearredanegozi.it\/wp-content\/uploads\/2024\/06\/frulluotto2-100x100.jpg 100w, https:\/\/www.creaearredanegozi.it\/wp-content\/uploads\/2024\/06\/frulluotto2-64x64.jpg 64w\" sizes=\"(max-width: 250px) 100vw, 250px\" \/><\/a><\/td>\n<\/tr>\n<tr>\n<td style=\"width: 50%;\">Homogenisator: Zerkleinerung von K\u00fcgelchen bis auf 2 Mikrometer<\/td>\n<td style=\"width: 50%;\"><a href=\"https:\/\/www.creaearredanegozi.it\/wp-content\/uploads\/2024\/06\/frulluotto3.jpg\"><img decoding=\"async\" class=\"alignnone size-full wp-image-128242\" src=\"https:\/\/www.creaearredanegozi.it\/wp-content\/uploads\/2024\/06\/frulluotto3.jpg\" alt=\"\" width=\"250\" height=\"250\" title=\"\" srcset=\"https:\/\/www.creaearredanegozi.it\/wp-content\/uploads\/2024\/06\/frulluotto3.jpg 250w, https:\/\/www.creaearredanegozi.it\/wp-content\/uploads\/2024\/06\/frulluotto3-100x100.jpg 100w, https:\/\/www.creaearredanegozi.it\/wp-content\/uploads\/2024\/06\/frulluotto3-64x64.jpg 64w\" sizes=\"(max-width: 250px) 100vw, 250px\" \/><\/a><\/td>\n<\/tr>\n<tr>\n<td style=\"width: 50%;\">INOX<\/td>\n<td style=\"width: 50%;\"><a href=\"https:\/\/www.creaearredanegozi.it\/wp-content\/uploads\/2024\/06\/frulluotto4.jpg\"><img decoding=\"async\" class=\"alignnone size-full wp-image-128243\" src=\"https:\/\/www.creaearredanegozi.it\/wp-content\/uploads\/2024\/06\/frulluotto4.jpg\" alt=\"\" width=\"250\" height=\"250\" title=\"\" srcset=\"https:\/\/www.creaearredanegozi.it\/wp-content\/uploads\/2024\/06\/frulluotto4.jpg 250w, https:\/\/www.creaearredanegozi.it\/wp-content\/uploads\/2024\/06\/frulluotto4-100x100.jpg 100w, https:\/\/www.creaearredanegozi.it\/wp-content\/uploads\/2024\/06\/frulluotto4-64x64.jpg 64w\" sizes=\"(max-width: 250px) 100vw, 250px\" \/><\/a><\/td>\n<\/tr>\n<\/tbody>\n<\/table>\n<hr \/>\n<p style=\"text-align: center;\"><iframe loading=\"lazy\" title=\"YouTube-Video-Player\" src=\"https:\/\/www.youtube-nocookie.com\/embed\/p_8VX3ouEvQ?si=D70CRMqxj8BBwoUh\" width=\"560\" height=\"315\" frameborder=\"0\" allowfullscreen=\"allowfullscreen\"><\/iframe><\/p>","protected":false},"excerpt":{"rendered":"<p>Mixer a Immersione Professionale 250 Watt Velocit\u00e0 Variabile Prodotto Mixer FRULLUOTTO Fama Macchina con impugnatura ergonomica per un\u2019ottima presa senza fatica. Agile e comodo in quanto viene effettuato il cambio degli accessori con estrema velocit\u00e0. Modello con variatore di velocit\u00e0 per ottenere diversi prodotti in base all\u2019utensile utilizzato. Caratteristiche: Macchinario per uso professionale Macchinario dal [&#8230;]","protected":false},"featured_media":128244,"comment_status":"closed","ping_status":"closed","template":"","meta":{"_monsterinsights_skip_tracking":false,"_monsterinsights_sitenote_active":false,"_monsterinsights_sitenote_note":"","_monsterinsights_sitenote_category":0},"product_brand":[704],"product_cat":[65,10,163,814,25],"product_tag":[],"class_list":{"0":"post-128239","1":"product","2":"type-product","3":"status-publish","4":"has-post-thumbnail","6":"product_brand-fama","7":"product_cat-frullatori","8":"product_cat-attrezzature-bar","9":"product_cat-frullatori-ristorazione","10":"product_cat-mixer-frullatori","11":"product_cat-attrezzature-ristoranti-pub-cucine","12":"product_shipping_class-215","13":"pa_marca-fama","15":"first","16":"instock","17":"taxable","18":"shipping-taxable","19":"purchasable","20":"product-type-simple"},"_links":{"self":[{"href":"https:\/\/www.creaearredanegozi.it\/de\/wp-json\/wp\/v2\/product\/128239","targetHints":{"allow":["GET"]}}],"collection":[{"href":"https:\/\/www.creaearredanegozi.it\/de\/wp-json\/wp\/v2\/product"}],"about":[{"href":"https:\/\/www.creaearredanegozi.it\/de\/wp-json\/wp\/v2\/types\/product"}],"replies":[{"embeddable":true,"href":"https:\/\/www.creaearredanegozi.it\/de\/wp-json\/wp\/v2\/comments?post=128239"}],"wp:featuredmedia":[{"embeddable":true,"href":"https:\/\/www.creaearredanegozi.it\/de\/wp-json\/wp\/v2\/media\/128244"}],"wp:attachment":[{"href":"https:\/\/www.creaearredanegozi.it\/de\/wp-json\/wp\/v2\/media?parent=128239"}],"wp:term":[{"taxonomy":"product_brand","embeddable":true,"href":"https:\/\/www.creaearredanegozi.it\/de\/wp-json\/wp\/v2\/product_brand?post=128239"},{"taxonomy":"product_cat","embeddable":true,"href":"https:\/\/www.creaearredanegozi.it\/de\/wp-json\/wp\/v2\/product_cat?post=128239"},{"taxonomy":"product_tag","embeddable":true,"href":"https:\/\/www.creaearredanegozi.it\/de\/wp-json\/wp\/v2\/product_tag?post=128239"}],"curies":[{"name":"wp","href":"https:\/\/api.w.org\/{rel}","templated":true}]}}