{"id":128246,"date":"2024-06-18T10:55:22","date_gmt":"2024-06-18T08:55:22","guid":{"rendered":"https:\/\/www.creaearredanegozi.it\/?post_type=product&#038;p=128246"},"modified":"2026-02-06T11:43:08","modified_gmt":"2026-02-06T10:43:08","slug":"professioneller-tauchmixer-250-watt-mit-variabler-geschwindigkeit-eiscreme-kombimixer-250-ruhm","status":"publish","type":"product","link":"https:\/\/www.creaearredanegozi.it\/de\/professioneller-tauchmixer-250-watt-mit-variabler-geschwindigkeit-eiscreme-kombimixer-250-ruhm\/","title":{"rendered":"Profi-Tauchmixer 250 Watt Variable Geschwindigkeit Eiscreme Combo Mixer 250 Fama"},"content":{"rendered":"<h2 style=\"text-align: center;\">Profi-Tauchmixer 250 Watt Variable Geschwindigkeit<\/h2>\n<p><strong>Eiscreme-Kombimixer 250 Fama<\/strong><\/p>\n<p>Produkt-Code: FMCG250<\/p>\n<p>Unsere Tauchr\u00fchrer sind hochmoderne Produkte mit modernstem Design und technischen Merkmalen, die ausgiebig getestet wurden, um ein optimales Verh\u00e4ltnis zwischen Gewicht und Leistung zu erzielen und dabei den Vorteil einer einfachen Handhabung zu bieten. N\u00fctzlich in der K\u00fcche f\u00fcr die Herstellung von Minestrone-Suppen, Gem\u00fcsep\u00fcrees, Tomatenp\u00fcrees, R\u00fchrteige, Saucen, Pesto, Cremes, Mayonnaise. Unverzichtbar in Eisdielen\/Konditoreien f\u00fcr die Herstellung von Glasuren, Spiegelglasuren, Ganaches, Cremes und Mischungen. V\u00f6llige Vielseitigkeit unter allen Arbeitsbedingungen.<\/p>\n<p>Maschine mit ergonomischem Griff f\u00fcr erm\u00fcdungsfreies Arbeiten. Wendig und bequem, da das Zubeh\u00f6r sehr schnell gewechselt werden kann.<\/p>\n<p>Modell mit Geschwindigkeitsvariator, um je nach verwendetem Werkzeug unterschiedliche Produkte zu erhalten.<\/p>\n<p>Merkmale:<\/p>\n<ul>\n<li>Maschinen f\u00fcr den professionellen Einsatz<\/li>\n<li>Leichte, einfach zu bedienende Maschinen<\/li>\n<li>Antrieb mit variabler Geschwindigkeit.<\/li>\n<li>Elektronisches Geschwindigkeits- und Leistungsstabilisierungssystem SRS (selbstregulierende Geschwindigkeit).<\/li>\n<li>Die SRS-Technologie erm\u00f6glicht die Herstellung extrem homogener Verbindungen.<\/li>\n<li>EG-Normen<\/li>\n<li>Hergestellt in Italien.<\/li>\n<\/ul>\n<p>Inklusive Zubeh\u00f6r:<\/p>\n<ul>\n<li>250 mm Mischer<\/li>\n<li>250 mm Homogenisator.<\/li>\n<\/ul>\n<p>&nbsp;<\/p>\n<p><strong>Technische Daten:<\/strong><\/p>\n<table style=\"border-collapse: collapse; width: 100%; height: 147px;\">\n<tbody>\n<tr style=\"height: 21px;\">\n<td style=\"width: 20%; height: 21px;\">Modell<\/td>\n<td style=\"width: 20%; height: 21px;\"><strong>FMCG250 Eiscreme-Kombimixer 250<\/strong><\/td>\n<\/tr>\n<tr style=\"height: 21px;\">\n<td style=\"width: 20%; height: 21px;\"><strong>Stromversorgung (Volt\/Hz)<\/strong><\/td>\n<td style=\"width: 20%; height: 21px;\">230 \/ 50<\/td>\n<\/tr>\n<tr style=\"height: 21px;\">\n<td style=\"width: 20%; height: 21px;\"><b>Strom <strong>(in Watt)<\/strong><\/b><\/td>\n<td style=\"width: 20%; height: 21px;\">250<\/td>\n<\/tr>\n<tr style=\"height: 21px;\">\n<td style=\"width: 20%; height: 21px;\"><strong>Gesamtl\u00e4nge mit Mischer 250:<\/strong><\/td>\n<td style=\"width: 20%; height: 21px;\">520 mm<\/td>\n<\/tr>\n<tr style=\"height: 21px;\">\n<td style=\"width: 20%; height: 21px;\"><strong>Durchmesser<\/strong><\/td>\n<td style=\"width: 20%; height: 21px;\">\u00f875 mm<\/td>\n<\/tr>\n<tr style=\"height: 21px;\">\n<td style=\"width: 20%; height: 21px;\"><strong>Typ Geschwindigkeit\u00a0<\/strong><\/td>\n<td style=\"width: 20%; height: 21px;\">Variabel<\/td>\n<\/tr>\n<tr style=\"height: 21px;\">\n<td style=\"width: 20%; height: 21px;\"><strong>Nettogewicht (kg)<\/strong><\/td>\n<td style=\"width: 20%; height: 21px;\">2<\/td>\n<\/tr>\n<\/tbody>\n<\/table>\n<p>&nbsp;<\/p>\n<hr \/>\n<table style=\"border-collapse: collapse; width: 100%;\">\n<tbody>\n<tr>\n<td style=\"width: 50%;\">Ergonomischer Griff und variabler Geschwindigkeitsantrieb<\/td>\n<td style=\"width: 50%;\"><a href=\"https:\/\/www.creaearredanegozi.it\/wp-content\/uploads\/2024\/06\/mixer250gelato.jpg\"><img decoding=\"async\" class=\"alignnone size-full wp-image-128250\" src=\"https:\/\/www.creaearredanegozi.it\/wp-content\/uploads\/2024\/06\/mixer250gelato.jpg\" alt=\"\" width=\"250\" height=\"250\" title=\"\" srcset=\"https:\/\/www.creaearredanegozi.it\/wp-content\/uploads\/2024\/06\/mixer250gelato.jpg 250w, https:\/\/www.creaearredanegozi.it\/wp-content\/uploads\/2024\/06\/mixer250gelato-100x100.jpg 100w, https:\/\/www.creaearredanegozi.it\/wp-content\/uploads\/2024\/06\/mixer250gelato-64x64.jpg 64w\" sizes=\"(max-width: 250px) 100vw, 250px\" \/><\/a><\/td>\n<\/tr>\n<tr>\n<td style=\"width: 50%;\">Homogenisator: Zerkleinerung von K\u00fcgelchen bis auf 2 Mikrometer<\/td>\n<td style=\"width: 50%;\"><a href=\"https:\/\/www.creaearredanegozi.it\/wp-content\/uploads\/2024\/06\/omogen-mixer250gelato.jpg\"><img decoding=\"async\" class=\"alignnone size-full wp-image-128251\" src=\"https:\/\/www.creaearredanegozi.it\/wp-content\/uploads\/2024\/06\/omogen-mixer250gelato.jpg\" alt=\"\" width=\"250\" height=\"250\" title=\"\" srcset=\"https:\/\/www.creaearredanegozi.it\/wp-content\/uploads\/2024\/06\/omogen-mixer250gelato.jpg 250w, https:\/\/www.creaearredanegozi.it\/wp-content\/uploads\/2024\/06\/omogen-mixer250gelato-100x100.jpg 100w, https:\/\/www.creaearredanegozi.it\/wp-content\/uploads\/2024\/06\/omogen-mixer250gelato-64x64.jpg 64w\" sizes=\"(max-width: 250px) 100vw, 250px\" \/><\/a><\/td>\n<\/tr>\n<tr>\n<td style=\"width: 50%;\">Die SRS-Technologie erm\u00f6glicht die Herstellung extrem homogener Verbindungen.<\/td>\n<td style=\"width: 50%;\"><a href=\"https:\/\/www.creaearredanegozi.it\/wp-content\/uploads\/2024\/06\/srs.jpg\"><img decoding=\"async\" class=\"alignnone size-full wp-image-128252\" src=\"https:\/\/www.creaearredanegozi.it\/wp-content\/uploads\/2024\/06\/srs.jpg\" alt=\"\" width=\"250\" height=\"250\" title=\"\" srcset=\"https:\/\/www.creaearredanegozi.it\/wp-content\/uploads\/2024\/06\/srs.jpg 250w, https:\/\/www.creaearredanegozi.it\/wp-content\/uploads\/2024\/06\/srs-100x100.jpg 100w, https:\/\/www.creaearredanegozi.it\/wp-content\/uploads\/2024\/06\/srs-64x64.jpg 64w\" sizes=\"(max-width: 250px) 100vw, 250px\" \/><\/a><\/td>\n<\/tr>\n<\/tbody>\n<\/table>\n<hr \/>\n<p style=\"text-align: center;\">","protected":false},"excerpt":{"rendered":"<p>Mixer a Immersione Professionale 250 Watt Velocit\u00e0 Variabile Gelato Combo Mixer 250 Fama Codice prodotto: FMCG250 La nostra gamma di Mixer ad immersione sono prodotti di ultima generazione, con design e caratteristiche tecniche all\u2019avanguardia, studiate e testate a lungo per ottenere il migliore rapporto tra peso e potenza con il vantaggio di una grande maneggevolezza. [&#8230;]","protected":false},"featured_media":128247,"comment_status":"closed","ping_status":"closed","template":"","meta":{"_monsterinsights_skip_tracking":false,"_monsterinsights_sitenote_active":false,"_monsterinsights_sitenote_note":"","_monsterinsights_sitenote_category":0},"product_brand":[704],"product_cat":[65,10,163,317,814,25],"product_tag":[],"class_list":{"0":"post-128246","1":"product","2":"type-product","3":"status-publish","4":"has-post-thumbnail","6":"product_brand-fama","7":"product_cat-frullatori","8":"product_cat-attrezzature-bar","9":"product_cat-frullatori-ristorazione","10":"product_cat-gelaterie","11":"product_cat-mixer-frullatori","12":"product_cat-attrezzature-ristoranti-pub-cucine","13":"product_shipping_class-f","14":"pa_marca-fama","16":"first","17":"instock","18":"taxable","19":"shipping-taxable","20":"purchasable","21":"product-type-simple"},"_links":{"self":[{"href":"https:\/\/www.creaearredanegozi.it\/de\/wp-json\/wp\/v2\/product\/128246","targetHints":{"allow":["GET"]}}],"collection":[{"href":"https:\/\/www.creaearredanegozi.it\/de\/wp-json\/wp\/v2\/product"}],"about":[{"href":"https:\/\/www.creaearredanegozi.it\/de\/wp-json\/wp\/v2\/types\/product"}],"replies":[{"embeddable":true,"href":"https:\/\/www.creaearredanegozi.it\/de\/wp-json\/wp\/v2\/comments?post=128246"}],"wp:featuredmedia":[{"embeddable":true,"href":"https:\/\/www.creaearredanegozi.it\/de\/wp-json\/wp\/v2\/media\/128247"}],"wp:attachment":[{"href":"https:\/\/www.creaearredanegozi.it\/de\/wp-json\/wp\/v2\/media?parent=128246"}],"wp:term":[{"taxonomy":"product_brand","embeddable":true,"href":"https:\/\/www.creaearredanegozi.it\/de\/wp-json\/wp\/v2\/product_brand?post=128246"},{"taxonomy":"product_cat","embeddable":true,"href":"https:\/\/www.creaearredanegozi.it\/de\/wp-json\/wp\/v2\/product_cat?post=128246"},{"taxonomy":"product_tag","embeddable":true,"href":"https:\/\/www.creaearredanegozi.it\/de\/wp-json\/wp\/v2\/product_tag?post=128246"}],"curies":[{"name":"wp","href":"https:\/\/api.w.org\/{rel}","templated":true}]}}