{"id":128285,"date":"2024-06-19T19:32:49","date_gmt":"2024-06-19T17:32:49","guid":{"rendered":"https:\/\/www.creaearredanegozi.it\/?post_type=product&#038;p=128285"},"modified":"2025-06-06T13:45:30","modified_gmt":"2025-06-06T11:45:30","slug":"schockfroster-3-backformen-gn-2-3-10-38c","status":"publish","type":"product","link":"https:\/\/www.creaearredanegozi.it\/de\/schockfroster-3-backformen-gn-2-3-10-38c\/","title":{"rendered":"Schockk\u00fchler 3 GN 2\/3 B\u00f6den +10\u00b0\/-38\u00b0C"},"content":{"rendered":"<div class=\"elementor-element elementor-element-7d2f0da1 elementor-widget elementor-widget-heading\" data-id=\"7d2f0da1\" data-element_type=\"widget\" data-widget_type=\"heading.default\">\n<div class=\"elementor-widget-container\">\n<h2 class=\"elementor-heading-title elementor-size-default\" style=\"text-align: center;\">Tisch-Schockfroster 3 Schalen<\/h2>\n<\/div>\n<\/div>\n<div class=\"elementor-element elementor-element-5f8167e9 elementor-widget elementor-widget-woocommerce-product-short-description\" data-id=\"5f8167e9\" data-element_type=\"widget\" data-widget_type=\"woocommerce-product-short-description.default\">\n<div class=\"elementor-widget-container\">\n<div class=\"woocommerce-product-details__short-description\">\n<p>Mit seinem eleganten und klaren Design passt dieses Modell perfekt in kleine R\u00e4ume. Die RF 23A ist eine kompakte GN2\/3-Tischk\u00e4ltemaschine, ideal f\u00fcr alle Bars und kleinen Unternehmen. Dank des digitalen Thermostats mit akustischem Alarm, des T\u00fcr\u00f6ffnungsalarms, der serienm\u00e4\u00dfigen Nadelsonde, des temperaturgesteuerten oder zeitgesteuerten Schockk\u00fchlzyklus und des automatischen Konservierungsmodus am Ende des Schockk\u00fchlzyklus bietet er die Leistung eines gro\u00dfen Schockk\u00fchlers.<\/p>\n<div class=\"elementor-element elementor-element-75cae050 elementor-widget elementor-widget-heading\" data-id=\"75cae050\" data-element_type=\"widget\" data-widget_type=\"heading.default\">\n<div class=\"elementor-widget-container\">\n<p class=\"elementor-heading-title elementor-size-default\"><strong>ALLGEMEINE MERKMALE<\/strong><\/p>\n<\/div>\n<\/div>\n<div class=\"elementor-element elementor-element-4d7563a7 general-features elementor-widget elementor-widget-woocommerce-product-content\" data-id=\"4d7563a7\" data-element_type=\"widget\" data-widget_type=\"woocommerce-product-content.default\">\n<div class=\"elementor-widget-container\">\n<ul>\n<li>Ausbeute beim F\u00e4llen (+90\u00b0 &gt; +3\u00b0 = 90\u2032): 7 kg<\/li>\n<li>Gefrierausbeute (+90\u00b0 &gt; -18\u00b0 = 240\u2032): 5 kg<\/li>\n<li>Pfannengr\u00f6\u00dfe (nicht enthalten): GN 2\/3 (32,5\u00d735,4 cm)<\/li>\n<li>Au\u00dfen und innen aus Edelstahl<\/li>\n<li>Umluftk\u00fchlung mit manueller Abtauung<\/li>\n<li>Antikondensations-Kunststoffw\u00e4rmetauscher als Kammerk\u00f6rperrahmen (beheizter Draht)<\/li>\n<li>Verdampfer mit Korrosionsschutzbehandlung<\/li>\n<li>Schaumbildner Cyclopentan (60 mm pro Seite - FCKW-frei)<\/li>\n<li>Digitaler Thermostat mit Alarm-Summer<\/li>\n<li>Alarm beim \u00d6ffnen der T\u00fcr<\/li>\n<li>Fehlermeldung direkt auf dem Display<\/li>\n<li>Edelstahl-Strahlkammer<\/li>\n<li>Micro an der T\u00fcr zum Abschalten des internen L\u00fcfters bei ge\u00f6ffneter T\u00fcr<\/li>\n<li>Standard-Nadelkernsonde<\/li>\n<li>Abnehmbare Dichtung<\/li>\n<li>Nr. 4 Verstellbare F\u00fc\u00dfe<\/li>\n<li>Temperatur- oder zeitgesteuerte Schockk\u00fchlung<\/li>\n<li>Automatischer Speichermodus am Ende des Zyklus<\/li>\n<\/ul>\n<div class=\"elementor-element elementor-element-4bfaea3d elementor-widget elementor-widget-heading\" data-id=\"4bfaea3d\" data-element_type=\"widget\" data-widget_type=\"heading.default\">\n<div class=\"elementor-widget-container\">\n<h2 class=\"elementor-heading-title elementor-size-default\" style=\"text-align: center;\">TECHNISCHE DATEN<\/h2>\n<table style=\"border-collapse: collapse; width: 100%;\" class=\"mtr-table mtr-tr-td\">\n<tbody>\n<tr>\n<td style=\"width: 14.2857%; text-align: center;\" data-mtr-content=\"\" class=\"mtr-td-tag\"><div class=\"mtr-cell-content\"><a href=\"https:\/\/www.creaearredanegozi.it\/wp-content\/uploads\/2024\/06\/ICO_Temp_38.png\"><img decoding=\"async\" class=\"alignnone size-full wp-image-128294\" src=\"https:\/\/www.creaearredanegozi.it\/wp-content\/uploads\/2024\/06\/ICO_Temp_38.png\" alt=\"\" width=\"57\" height=\"57\" title=\"\"><\/a><\/div><\/td>\n<td style=\"width: 14.2857%; text-align: center;\" data-mtr-content=\"\" class=\"mtr-td-tag\"><div class=\"mtr-cell-content\"><a href=\"https:\/\/www.creaearredanegozi.it\/wp-content\/uploads\/2024\/06\/ICO_Spess_60.png\"><img decoding=\"async\" class=\"alignnone size-full wp-image-128293\" src=\"https:\/\/www.creaearredanegozi.it\/wp-content\/uploads\/2024\/06\/ICO_Spess_60.png\" alt=\"\" width=\"57\" height=\"57\" title=\"\"><\/a><\/div><\/td>\n<td style=\"width: 14.2857%; text-align: center;\" data-mtr-content=\"\" class=\"mtr-td-tag\"><div class=\"mtr-cell-content\"><a href=\"https:\/\/www.creaearredanegozi.it\/wp-content\/uploads\/2024\/06\/ICO_Sbrin_Manual.png\"><img decoding=\"async\" class=\"alignnone size-full wp-image-128292\" src=\"https:\/\/www.creaearredanegozi.it\/wp-content\/uploads\/2024\/06\/ICO_Sbrin_Manual.png\" alt=\"\" width=\"57\" height=\"57\" title=\"\"><\/a><\/div><\/td>\n<td style=\"width: 14.2857%; text-align: center;\" data-mtr-content=\"\" class=\"mtr-td-tag\"><div class=\"mtr-cell-content\"><a href=\"https:\/\/www.creaearredanegozi.it\/wp-content\/uploads\/2024\/06\/ICO_Refr_Vent.png\"><img decoding=\"async\" class=\"alignnone size-full wp-image-128291\" src=\"https:\/\/www.creaearredanegozi.it\/wp-content\/uploads\/2024\/06\/ICO_Refr_Vent.png\" alt=\"\" width=\"57\" height=\"57\" title=\"\"><\/a><\/div><\/td>\n<td style=\"width: 14.2857%; text-align: center;\" data-mtr-content=\"\" class=\"mtr-td-tag\"><div class=\"mtr-cell-content\"><a href=\"https:\/\/www.creaearredanegozi.it\/wp-content\/uploads\/2024\/06\/ICO_GAS_R290.png\"><img decoding=\"async\" class=\"alignnone size-full wp-image-128290\" src=\"https:\/\/www.creaearredanegozi.it\/wp-content\/uploads\/2024\/06\/ICO_GAS_R290.png\" alt=\"\" width=\"57\" height=\"57\" title=\"\"><\/a><\/div><\/td>\n<td style=\"width: 14.2857%; text-align: center;\" data-mtr-content=\"\" class=\"mtr-td-tag\"><div class=\"mtr-cell-content\"><a href=\"https:\/\/www.creaearredanegozi.it\/wp-content\/uploads\/2024\/06\/ICO_CLIM_4.png\"><img decoding=\"async\" class=\"alignnone size-full wp-image-128289\" src=\"https:\/\/www.creaearredanegozi.it\/wp-content\/uploads\/2024\/06\/ICO_CLIM_4.png\" alt=\"\" width=\"57\" height=\"57\" title=\"\"><\/a><\/div><\/td>\n<td style=\"width: 14.2857%; text-align: center;\" data-mtr-content=\"\" class=\"mtr-td-tag\"><div class=\"mtr-cell-content\"><a href=\"https:\/\/www.creaearredanegozi.it\/wp-content\/uploads\/2024\/06\/ICO_Acustico.png\"><img decoding=\"async\" class=\"alignnone size-full wp-image-128288\" src=\"https:\/\/www.creaearredanegozi.it\/wp-content\/uploads\/2024\/06\/ICO_Acustico.png\" alt=\"\" width=\"57\" height=\"57\" title=\"\"><\/a><\/div><\/td>\n<\/tr>\n<tr>\n<td style=\"width: 14.2857%; text-align: center;\" data-mtr-content=\"\" class=\"mtr-td-tag\"><div class=\"mtr-cell-content\">Max. Umgebungstemperatur 38\u00b0C<\/div><\/td>\n<td style=\"width: 14.2857%; text-align: center;\" data-mtr-content=\"\" class=\"mtr-td-tag\"><div class=\"mtr-cell-content\">60 mm Isolierung<\/div><\/td>\n<td style=\"width: 14.2857%; text-align: center;\" data-mtr-content=\"\" class=\"mtr-td-tag\"><div class=\"mtr-cell-content\">Manuelles Abtauen<\/div><\/td>\n<td style=\"width: 14.2857%; text-align: center;\" data-mtr-content=\"\" class=\"mtr-td-tag\"><div class=\"mtr-cell-content\">Bel\u00fcftete K\u00fchlung<\/div><\/td>\n<td style=\"width: 14.2857%; text-align: center;\" data-mtr-content=\"\" class=\"mtr-td-tag\"><div class=\"mtr-cell-content\">R290-Gas<\/div><\/td>\n<td style=\"width: 14.2857%; text-align: center;\" data-mtr-content=\"\" class=\"mtr-td-tag\"><div class=\"mtr-cell-content\">Klimaklasse 4<\/div><\/td>\n<td style=\"width: 14.2857%; text-align: center;\" data-mtr-content=\"\" class=\"mtr-td-tag\"><div class=\"mtr-cell-content\">Akustischer Alarm<\/div><\/td>\n<\/tr>\n<\/tbody>\n<\/table>\n<\/div>\n<\/div>\n<div>\n<table class=\"TABLE TABLE-STRIPED\" style=\"width: 100%;\">\n<tbody>\n<tr>\n<th style=\"text-align: left; width: 30%;\">EINSCHLAGLEISTUNG<\/th>\n<td style=\"width: 30%; text-align: right;\">Abb. 7Kg \/ Sur. 5Kg<\/td>\n<td style=\"width: 40%;\"><\/td>\n<\/tr>\n<tr>\n<th style=\"text-align: left; width: 30%;\">ABSORPTION<\/th>\n<td style=\"width: 30%; text-align: right;\">420 W<\/td>\n<td style=\"width: 40%;\"><\/td>\n<\/tr>\n<tr>\n<th style=\"text-align: left; width: 30%;\">EXTERNE TIEFE<\/th>\n<td style=\"width: 30%; text-align: right;\">640 mm<\/td>\n<td style=\"width: 40%;\" rowspan=\"6\"><a href=\"https:\/\/www.creaearredanegozi.it\/wp-content\/uploads\/2024\/06\/RF-23A-VETTORE.png\"><img decoding=\"async\" class=\"alignnone size-full wp-image-128286\" src=\"https:\/\/www.creaearredanegozi.it\/wp-content\/uploads\/2024\/06\/RF-23A-VETTORE.png\" alt=\"\" width=\"370\" height=\"226\" title=\"\" srcset=\"https:\/\/www.creaearredanegozi.it\/wp-content\/uploads\/2024\/06\/RF-23A-VETTORE.png 370w, https:\/\/www.creaearredanegozi.it\/wp-content\/uploads\/2024\/06\/RF-23A-VETTORE-64x39.png 64w\" sizes=\"(max-width: 370px) 100vw, 370px\" \/><\/a><\/td>\n<\/tr>\n<tr class=\"woocommerce-product-attributes-item woocommerce-product-attributes-item--attribute_pa_external-height\">\n<th style=\"text-align: left; width: 30%;\">AUSSENH\u00d6HE<\/th>\n<td style=\"width: 25%; text-align: right;\">437 mm<\/td>\n<\/tr>\n<tr class=\"woocommerce-product-attributes-item woocommerce-product-attributes-item--attribute_pa_external-width\">\n<th style=\"text-align: left; width: 30%;\">AUSSENBREITE<\/th>\n<td style=\"width: 25%; text-align: right;\">660 mm<\/td>\n<\/tr>\n<tr class=\"woocommerce-product-attributes-item woocommerce-product-attributes-item--attribute_pa_internal-depth\">\n<th style=\"text-align: left; width: 30%;\">INNERE TIEFE<\/th>\n<td style=\"width: 25%; text-align: right;\">365 mm<\/td>\n<\/tr>\n<tr class=\"woocommerce-product-attributes-item woocommerce-product-attributes-item--attribute_pa_internal-height\">\n<th style=\"text-align: left; width: 30%;\">INNENH\u00d6HE<\/th>\n<td style=\"width: 25%; text-align: right;\">270 mm<\/td>\n<\/tr>\n<tr class=\"woocommerce-product-attributes-item woocommerce-product-attributes-item--attribute_pa_internal-width\">\n<th style=\"text-align: left; width: 30%;\">INNENBREITE<\/th>\n<td style=\"width: 25%; text-align: right;\">340 mm<\/td>\n<\/tr>\n<tr class=\"woocommerce-product-attributes-item woocommerce-product-attributes-item--attribute_pa_gross-weight\">\n<th style=\"text-align: left; width: 30%;\">BRUTTOGEWICHT<\/th>\n<td style=\"width: 25%; text-align: right;\">52 kg<\/td>\n<td style=\"width: 25%;\"><\/td>\n<\/tr>\n<tr class=\"woocommerce-product-attributes-item woocommerce-product-attributes-item--attribute_pa_net-weight\">\n<th style=\"text-align: left; width: 30%;\">NETTOGEWICHT<\/th>\n<td style=\"width: 25%; text-align: right;\">44 kg<\/td>\n<td style=\"width: 25%;\"><\/td>\n<\/tr>\n<tr class=\"woocommerce-product-attributes-item woocommerce-product-attributes-item--attribute_pa_noise-level\">\n<th style=\"text-align: left; width: 30%;\">L\u00c4RMPEGEL<\/th>\n<td style=\"width: 25%; text-align: right;\">55dB(A)<\/td>\n<td style=\"width: 25%;\"><\/td>\n<\/tr>\n<tr class=\"woocommerce-product-attributes-item woocommerce-product-attributes-item--attribute_temperature-range\">\n<th style=\"text-align: left; width: 30%;\">TEMPERATURBEREICH<\/th>\n<td style=\"width: 25%; text-align: right;\">+10\u00b0C~-38\u00b0C<\/td>\n<td style=\"width: 25%;\"><\/td>\n<\/tr>\n<\/tbody>\n<\/table>\n<table style=\"border-collapse: collapse; width: 100%;\">\n<tbody>\n<tr>\n<td style=\"width: 50%;\"><a href=\"https:\/\/www.creaearredanegozi.it\/wp-content\/uploads\/2024\/06\/INOX_DETTAGLI_220N-100.jpg\"><img decoding=\"async\" class=\"alignnone size-medium wp-image-128299\" src=\"https:\/\/www.creaearredanegozi.it\/wp-content\/uploads\/2024\/06\/INOX_DETTAGLI_220N-100-541x400.jpg\" alt=\"\" width=\"541\" height=\"400\" title=\"\" srcset=\"https:\/\/www.creaearredanegozi.it\/wp-content\/uploads\/2024\/06\/INOX_DETTAGLI_220N-100-541x400.jpg 541w, https:\/\/www.creaearredanegozi.it\/wp-content\/uploads\/2024\/06\/INOX_DETTAGLI_220N-100-516x381.jpg 516w, https:\/\/www.creaearredanegozi.it\/wp-content\/uploads\/2024\/06\/INOX_DETTAGLI_220N-100-64x47.jpg 64w, https:\/\/www.creaearredanegozi.it\/wp-content\/uploads\/2024\/06\/INOX_DETTAGLI_220N-100.jpg 598w\" sizes=\"(max-width: 541px) 100vw, 541px\" \/><\/a><\/td>\n<td style=\"width: 50%; text-align: center;\">K\u00e4ltetechnik-Block<\/td>\n<\/tr>\n<tr>\n<td style=\"width: 50%;\"><a href=\"https:\/\/www.creaearredanegozi.it\/wp-content\/uploads\/2024\/06\/INOX_DETTAGLI_760N.jpg\"><img decoding=\"async\" class=\"alignnone size-medium wp-image-128296\" src=\"https:\/\/www.creaearredanegozi.it\/wp-content\/uploads\/2024\/06\/INOX_DETTAGLI_760N-541x400.jpg\" alt=\"\" width=\"541\" height=\"400\" title=\"\" srcset=\"https:\/\/www.creaearredanegozi.it\/wp-content\/uploads\/2024\/06\/INOX_DETTAGLI_760N-541x400.jpg 541w, https:\/\/www.creaearredanegozi.it\/wp-content\/uploads\/2024\/06\/INOX_DETTAGLI_760N-516x381.jpg 516w, https:\/\/www.creaearredanegozi.it\/wp-content\/uploads\/2024\/06\/INOX_DETTAGLI_760N-64x47.jpg 64w, https:\/\/www.creaearredanegozi.it\/wp-content\/uploads\/2024\/06\/INOX_DETTAGLI_760N.jpg 598w\" sizes=\"(max-width: 541px) 100vw, 541px\" \/><\/a><\/td>\n<td style=\"width: 50%; text-align: center;\">Anti-Kondensations-ABS-Thermobremse im hinteren Bereich<\/td>\n<\/tr>\n<tr>\n<td style=\"width: 50%;\"><a href=\"https:\/\/www.creaearredanegozi.it\/wp-content\/uploads\/2024\/06\/INOX_DETTAGLI_761N.jpg\"><img decoding=\"async\" class=\"alignnone size-medium wp-image-128297\" src=\"https:\/\/www.creaearredanegozi.it\/wp-content\/uploads\/2024\/06\/INOX_DETTAGLI_761N-541x400.jpg\" alt=\"\" width=\"541\" height=\"400\" title=\"\" srcset=\"https:\/\/www.creaearredanegozi.it\/wp-content\/uploads\/2024\/06\/INOX_DETTAGLI_761N-541x400.jpg 541w, https:\/\/www.creaearredanegozi.it\/wp-content\/uploads\/2024\/06\/INOX_DETTAGLI_761N-516x381.jpg 516w, https:\/\/www.creaearredanegozi.it\/wp-content\/uploads\/2024\/06\/INOX_DETTAGLI_761N-64x47.jpg 64w, https:\/\/www.creaearredanegozi.it\/wp-content\/uploads\/2024\/06\/INOX_DETTAGLI_761N.jpg 598w\" sizes=\"(max-width: 541px) 100vw, 541px\" \/><\/a><\/td>\n<td style=\"width: 50%; text-align: center;\">Standard-Kernsonde<\/td>\n<\/tr>\n<\/tbody>\n<\/table>\n<\/div>\n<\/div>\n<\/div>\n<\/div>\n<\/div>\n<\/div>","protected":false},"excerpt":{"rendered":"<p>Abbattitore di temperatura da banco 3 teglie Dal design elegante e pulito, questo modello si adatta perfettamente ai piccoli spazi. RF 23A \u00e8 un abbattitore da banco GN2\/3 compatto, ideale per tutti i bar e le piccole attivit\u00e0. Offre le prestazioni di un grande abbattitore grazie al termostato digitale con allarme acustico, all&#8217;allarme porta in [&#8230;]","protected":false},"featured_media":128287,"comment_status":"closed","ping_status":"closed","template":"","meta":{"_monsterinsights_skip_tracking":false,"_monsterinsights_sitenote_active":false,"_monsterinsights_sitenote_note":"","_monsterinsights_sitenote_category":0},"product_brand":[816],"product_cat":[12],"product_tag":[],"class_list":{"0":"post-128285","1":"product","2":"type-product","3":"status-publish","4":"has-post-thumbnail","6":"product_brand-coolhead","7":"product_cat-abbattitori","8":"product_shipping_class-33","9":"pa_marca-coolhead","11":"first","12":"instock","13":"taxable","14":"shipping-taxable","15":"purchasable","16":"product-type-simple"},"_links":{"self":[{"href":"https:\/\/www.creaearredanegozi.it\/de\/wp-json\/wp\/v2\/product\/128285","targetHints":{"allow":["GET"]}}],"collection":[{"href":"https:\/\/www.creaearredanegozi.it\/de\/wp-json\/wp\/v2\/product"}],"about":[{"href":"https:\/\/www.creaearredanegozi.it\/de\/wp-json\/wp\/v2\/types\/product"}],"replies":[{"embeddable":true,"href":"https:\/\/www.creaearredanegozi.it\/de\/wp-json\/wp\/v2\/comments?post=128285"}],"wp:featuredmedia":[{"embeddable":true,"href":"https:\/\/www.creaearredanegozi.it\/de\/wp-json\/wp\/v2\/media\/128287"}],"wp:attachment":[{"href":"https:\/\/www.creaearredanegozi.it\/de\/wp-json\/wp\/v2\/media?parent=128285"}],"wp:term":[{"taxonomy":"product_brand","embeddable":true,"href":"https:\/\/www.creaearredanegozi.it\/de\/wp-json\/wp\/v2\/product_brand?post=128285"},{"taxonomy":"product_cat","embeddable":true,"href":"https:\/\/www.creaearredanegozi.it\/de\/wp-json\/wp\/v2\/product_cat?post=128285"},{"taxonomy":"product_tag","embeddable":true,"href":"https:\/\/www.creaearredanegozi.it\/de\/wp-json\/wp\/v2\/product_tag?post=128285"}],"curies":[{"name":"wp","href":"https:\/\/api.w.org\/{rel}","templated":true}]}}