{"id":128322,"date":"2024-07-02T12:26:46","date_gmt":"2024-07-02T10:26:46","guid":{"rendered":"https:\/\/www.creaearredanegozi.it\/?post_type=product&#038;p=128322"},"modified":"2026-01-26T12:21:53","modified_gmt":"2026-01-26T11:21:53","slug":"elektrische-frittiermaschine-fur-backwaren-11-liter-3-kw-beckers","status":"publish","type":"product","link":"https:\/\/www.creaearredanegozi.it\/de\/elektrische-frittiermaschine-fur-backwaren-11-liter-3-kw-beckers\/","title":{"rendered":"Elektrische Aufsatzfritteuse 11 Liter 3 Kw Beckers"},"content":{"rendered":"<h2 style=\"text-align: center;\">Elektrische 11-Liter-Tischfritteuse Inox<\/h2>\n<p>Geb\u00e4ckfritteusen eignen sich dank ihrer gro\u00dfen Bratfl\u00e4che und der geringen Korbtiefe f\u00fcr diesen Zweck. Diese Eigenschaften erm\u00f6glichen ein gleichm\u00e4\u00dfiges Frittieren selbst der empfindlichsten oder gr\u00f6\u00dften Geb\u00e4ckst\u00fccke wie Krapfen, Babas, Cannoli und andere gebackene K\u00f6stlichkeiten, ohne dass sich die St\u00fccke \u00fcberlappen. <strong>duftend <\/strong>zum richtigen Punkt mit unserem <strong>Geb\u00e4ckfritiermaschinen!<\/strong><\/p>\n<p>Modell: FDF 11 LT<\/p>\n<ul>\n<li>Rahmen, Wanne und Korb aus Edelstahl<\/li>\n<li>Wird mit Deckel geliefert<\/li>\n<li>Mit \u00d6lablasshahn<\/li>\n<li>Leistungs- und Heizungsanzeigen<\/li>\n<li>Arbeits- und Sicherheitsthermostat mit Keramikgeh\u00e4use<\/li>\n<li>Temperatur: +30\u00b0 C ~ + 200\u00b0 C<\/li>\n<li>Sicherheitsthermostat: +230\u00b0C<\/li>\n<\/ul>\n<hr \/>\n<p><strong>Technische Daten<\/strong><\/p>\n<table class=\"table table-striped\" width=\"100%\">\n<tbody>\n<tr>\n<td width=\"50%\">Leistung in Watt:<\/td>\n<td width=\"50%\">3000<\/td>\n<\/tr>\n<tr>\n<td>Stromversorgung:<\/td>\n<td>220 - 240 V 50\/60 Hz<\/td>\n<\/tr>\n<tr>\n<td>\u00d6lkapazit\u00e4t:<\/td>\n<td>11 l<\/td>\n<\/tr>\n<tr>\n<td>Abmessungen Korb (BxTxH):<\/td>\n<td>379 x 355 mm<\/td>\n<\/tr>\n<tr>\n<td>Abmessungen (BxTxH):<\/td>\n<td>740 x 620 x 550 mm<\/td>\n<\/tr>\n<tr>\n<td>Abmessungen der Wanne (BxTxH):<\/td>\n<td>400 x 400 x 160 mm<\/td>\n<\/tr>\n<tr>\n<td>Nettogewicht:<\/td>\n<td>17 kg<\/td>\n<\/tr>\n<\/tbody>\n<\/table>","protected":false},"excerpt":{"rendered":"<p>Friggitrice Pasticceria elettrica 11 litri da banco Inox Le friggitrici per pasticceria si prestano a questo scopo grazie all&#8217;ampia superficie di cottura e alla bassa profondit\u00e0 del cestello. Caratteristiche che permettono di friggere in modo uniforme e senza sovrapposizione dei pezzi anche i dolci pi\u00f9 delicati o di grandi dimensioni quali bomboloni, krapfen e frittelle, [&#8230;]","protected":false},"featured_media":128324,"comment_status":"closed","ping_status":"closed","template":"","meta":{"_monsterinsights_skip_tracking":false,"_monsterinsights_sitenote_active":false,"_monsterinsights_sitenote_note":"","_monsterinsights_sitenote_category":0},"product_brand":[641],"product_cat":[81,161,672,80,671,709,708],"product_tag":[240],"class_list":{"0":"post-128322","1":"product","2":"type-product","3":"status-publish","4":"has-post-thumbnail","6":"product_brand-beckers","7":"product_cat-elettriche","8":"product_cat-elettriche-friggitrici-ristorazione","9":"product_cat-elettriche-friggitrici-cottura","10":"product_cat-friggitrici","11":"product_cat-friggitrici-cottura","12":"product_cat-friggitrici-pasticcerie","13":"product_cat-pasticcerie","14":"product_tag-friggitrici","15":"product_shipping_class-206","16":"pa_marca-beckers","18":"first","19":"instock","20":"taxable","21":"shipping-taxable","22":"purchasable","23":"product-type-simple"},"_links":{"self":[{"href":"https:\/\/www.creaearredanegozi.it\/de\/wp-json\/wp\/v2\/product\/128322","targetHints":{"allow":["GET"]}}],"collection":[{"href":"https:\/\/www.creaearredanegozi.it\/de\/wp-json\/wp\/v2\/product"}],"about":[{"href":"https:\/\/www.creaearredanegozi.it\/de\/wp-json\/wp\/v2\/types\/product"}],"replies":[{"embeddable":true,"href":"https:\/\/www.creaearredanegozi.it\/de\/wp-json\/wp\/v2\/comments?post=128322"}],"wp:featuredmedia":[{"embeddable":true,"href":"https:\/\/www.creaearredanegozi.it\/de\/wp-json\/wp\/v2\/media\/128324"}],"wp:attachment":[{"href":"https:\/\/www.creaearredanegozi.it\/de\/wp-json\/wp\/v2\/media?parent=128322"}],"wp:term":[{"taxonomy":"product_brand","embeddable":true,"href":"https:\/\/www.creaearredanegozi.it\/de\/wp-json\/wp\/v2\/product_brand?post=128322"},{"taxonomy":"product_cat","embeddable":true,"href":"https:\/\/www.creaearredanegozi.it\/de\/wp-json\/wp\/v2\/product_cat?post=128322"},{"taxonomy":"product_tag","embeddable":true,"href":"https:\/\/www.creaearredanegozi.it\/de\/wp-json\/wp\/v2\/product_tag?post=128322"}],"curies":[{"name":"wp","href":"https:\/\/api.w.org\/{rel}","templated":true}]}}