{"id":128325,"date":"2024-07-02T12:50:30","date_gmt":"2024-07-02T10:50:30","guid":{"rendered":"https:\/\/www.creaearredanegozi.it\/?post_type=product&#038;p=128325"},"modified":"2024-07-02T13:08:32","modified_gmt":"2024-07-02T11:08:32","slug":"stehendes-getrankedisplay-3-10c-kapazitat-390-lt-schwarz","status":"publish","type":"product","link":"https:\/\/www.creaearredanegozi.it\/de\/stehendes-getrankedisplay-3-10c-kapazitat-390-lt-schwarz\/","title":{"rendered":"Vertikale Getr\u00e4nkevitrine +3\/+10\u00b0C Inhalt 390 lt Schwarz"},"content":{"rendered":"<h2 style=\"text-align: center;\">Getr\u00e4nke-K\u00fchlvitrine vertikal +3\/+10\u00b0C<\/h2>\n<table style=\"width: 100%;\" class=\"mtr-one-row-table mtr-tr-td\">\n<tbody>\n<tr>\n<td style=\"text-align: center;\" class=\"mtr-td-tag\"><img decoding=\"async\" src=\"https:\/\/ucinque.it\/wp-content\/themes\/ne-5\/assets\/vectors\/33.svg\" width=\"100px\" alt=\"\" title=\"\"><label>560 x 33cl<\/label><\/td>\n<td style=\"text-align: center;\" class=\"mtr-td-tag\"><img decoding=\"async\" src=\"https:\/\/ucinque.it\/wp-content\/themes\/ne-5\/assets\/vectors\/66.svg\" width=\"100px\" alt=\"\" title=\"\"><label>150 x 66cl<\/label><\/td>\n<td style=\"text-align: center;\" class=\"mtr-td-tag\"><img decoding=\"async\" src=\"https:\/\/ucinque.it\/wp-content\/themes\/ne-5\/assets\/vectors\/150.svg\" width=\"100px\" alt=\"\" title=\"\"><label>86 x 1l<\/label><\/td>\n<\/tr>\n<\/tbody>\n<\/table>\n<p>Klassischer 390-Liter-Getr\u00e4nkeschrank, ohne Aufsatz. Schwarze Farbe. Verwendet Gase, die als umweltfreundlich gelten. Anti-Beschlag-Glas, Nettovolumen 365 Liter, Brutto 390 Liter.<\/p>\n<table class=\"table table-striped\" style=\"width: 100%;\">\n<tbody>\n<tr>\n<td style=\"width: 50%;\">Temperatur Min<\/td>\n<td style=\"width: 50%;\">+3\u00b0C<\/td>\n<\/tr>\n<tr>\n<td>Max. Temperatur<\/td>\n<td>+10\u00b0C<\/td>\n<\/tr>\n<tr>\n<td>Breite<\/td>\n<td>595 mm<\/td>\n<\/tr>\n<tr>\n<td>Tiefe<\/td>\n<td>655 mm<\/td>\n<\/tr>\n<tr>\n<td>H\u00f6he<\/td>\n<td>1830 mm<\/td>\n<\/tr>\n<tr>\n<td>Energieklasse<\/td>\n<td>E<\/td>\n<\/tr>\n<tr>\n<td>Klima-Klasse<\/td>\n<td>4<\/td>\n<\/tr>\n<tr>\n<td>Energieverbrauch<\/td>\n<td>2,50 kwh\/24h<\/td>\n<\/tr>\n<tr>\n<td>Absorption<\/td>\n<td>180W<\/td>\n<\/tr>\n<tr>\n<td>K\u00e4ltetechnik<\/td>\n<td>Statisch mit R\u00fchrwerk<\/td>\n<\/tr>\n<tr>\n<td>Bruttokapazit\u00e4t<\/td>\n<td>390 l<\/td>\n<\/tr>\n<tr>\n<td>Netto-Kapazit\u00e4t<\/td>\n<td>365 Liter<\/td>\n<\/tr>\n<tr>\n<td>Entfrosten<\/td>\n<td>Handbuch<\/td>\n<\/tr>\n<tr>\n<td>Thermometer<\/td>\n<td>Digital<\/td>\n<\/tr>\n<tr>\n<td>Gas<\/td>\n<td>R290<\/td>\n<\/tr>\n<tr>\n<td>Beleuchtung<\/td>\n<td>Doppelte vertikale LED-Leuchte 105 cm<\/td>\n<\/tr>\n<tr>\n<td>Sicherheit<\/td>\n<td>Schloss mit Schl\u00fcssel<\/td>\n<\/tr>\n<tr>\n<td>Mobilit\u00e4t<\/td>\n<td>2 verstellbare F\u00fc\u00dfe + 2 R\u00e4der<\/td>\n<\/tr>\n<tr>\n<td>\u00c4u\u00dfere Farbe<\/td>\n<td>Schwarz<\/td>\n<\/tr>\n<tr>\n<td>Mitgeliefert<\/td>\n<td>5 Raster (493 x 360 mm)<\/td>\n<\/tr>\n<\/tbody>\n<\/table>","protected":false},"excerpt":{"rendered":"<p>Espositore Refrigerato bibite vetrina verticale +3\/+10\u00b0C 560 x 33cl 150 x 66cl 86 x 1l Classica frigo vetrina per bevande da 390 litri, senza top superiore. Colore nero. Utilizza gas ritenuti non dannosi per l\u2019ambiente. Vetro Antiappannamento, volume netto 365 lt, lordo 390 lt. Temperatura Min +3\u00b0C Temperatura Max +10\u00b0C Larghezza 595 mm Profondit\u00e0 655 [&#8230;]","protected":false},"featured_media":128326,"comment_status":"closed","ping_status":"closed","template":"","meta":{"_monsterinsights_skip_tracking":false,"_monsterinsights_sitenote_active":false,"_monsterinsights_sitenote_note":"","_monsterinsights_sitenote_category":0},"product_brand":[768],"product_cat":[256,28],"product_tag":[],"class_list":{"0":"post-128325","1":"product","2":"type-product","3":"status-publish","4":"has-post-thumbnail","6":"product_brand-klimaitalia","7":"product_cat-fredde","8":"product_cat-vetrine","9":"product_shipping_class-745","10":"pa_classe-energetica-classe-e","11":"pa_marca-u5","13":"first","14":"instock","15":"taxable","16":"shipping-taxable","17":"purchasable","18":"product-type-simple"},"_links":{"self":[{"href":"https:\/\/www.creaearredanegozi.it\/de\/wp-json\/wp\/v2\/product\/128325","targetHints":{"allow":["GET"]}}],"collection":[{"href":"https:\/\/www.creaearredanegozi.it\/de\/wp-json\/wp\/v2\/product"}],"about":[{"href":"https:\/\/www.creaearredanegozi.it\/de\/wp-json\/wp\/v2\/types\/product"}],"replies":[{"embeddable":true,"href":"https:\/\/www.creaearredanegozi.it\/de\/wp-json\/wp\/v2\/comments?post=128325"}],"wp:featuredmedia":[{"embeddable":true,"href":"https:\/\/www.creaearredanegozi.it\/de\/wp-json\/wp\/v2\/media\/128326"}],"wp:attachment":[{"href":"https:\/\/www.creaearredanegozi.it\/de\/wp-json\/wp\/v2\/media?parent=128325"}],"wp:term":[{"taxonomy":"product_brand","embeddable":true,"href":"https:\/\/www.creaearredanegozi.it\/de\/wp-json\/wp\/v2\/product_brand?post=128325"},{"taxonomy":"product_cat","embeddable":true,"href":"https:\/\/www.creaearredanegozi.it\/de\/wp-json\/wp\/v2\/product_cat?post=128325"},{"taxonomy":"product_tag","embeddable":true,"href":"https:\/\/www.creaearredanegozi.it\/de\/wp-json\/wp\/v2\/product_tag?post=128325"}],"curies":[{"name":"wp","href":"https:\/\/api.w.org\/{rel}","templated":true}]}}