{"id":128332,"date":"2024-07-02T13:33:27","date_gmt":"2024-07-02T11:33:27","guid":{"rendered":"https:\/\/www.creaearredanegozi.it\/?post_type=product&#038;p=128332"},"modified":"2024-07-02T13:42:18","modified_gmt":"2024-07-02T11:42:18","slug":"getrankevitrine-stehend-1-4c-fassungsvermogen-1200-l-schwarz","status":"publish","type":"product","link":"https:\/\/www.creaearredanegozi.it\/de\/getrankevitrine-stehend-1-4c-fassungsvermogen-1200-l-schwarz\/","title":{"rendered":"Vertikale Getr\u00e4nkevitrine -1\/+4\u00b0C Inhalt 1200 Liter Schwarz"},"content":{"rendered":"<h2 style=\"text-align: center;\">Gek\u00fchlte Getr\u00e4nkevitrine aufrecht -1\/+4\u00b0C<\/h2>\n<table style=\"width: 100%;\" class=\"mtr-one-row-table mtr-tr-td\">\n<tbody>\n<tr>\n<td style=\"text-align: center;\" class=\"mtr-td-tag\"><label><a href=\"https:\/\/www.creaearredanegozi.it\/wp-content\/uploads\/2024\/07\/illumina-630-1.jpg\"><img decoding=\"async\" class=\"alignnone size-medium wp-image-128329\" src=\"https:\/\/www.creaearredanegozi.it\/wp-content\/uploads\/2024\/07\/illumina-630-1.jpg\" alt=\"\" width=\"380\" height=\"312\" title=\"\" srcset=\"https:\/\/www.creaearredanegozi.it\/wp-content\/uploads\/2024\/07\/illumina-630-1.jpg 380w, https:\/\/www.creaearredanegozi.it\/wp-content\/uploads\/2024\/07\/illumina-630-1-64x53.jpg 64w\" sizes=\"(max-width: 380px) 100vw, 380px\"><\/a> <\/label><\/td>\n<td style=\"text-align: center;\" class=\"mtr-td-tag\"><a href=\"https:\/\/www.creaearredanegozi.it\/wp-content\/uploads\/2024\/07\/illumina-630-2.jpg\"><img decoding=\"async\" class=\"alignnone size-medium wp-image-128330\" src=\"https:\/\/www.creaearredanegozi.it\/wp-content\/uploads\/2024\/07\/illumina-630-2.jpg\" alt=\"\" width=\"380\" height=\"312\" title=\"\" srcset=\"https:\/\/www.creaearredanegozi.it\/wp-content\/uploads\/2024\/07\/illumina-630-2.jpg 380w, https:\/\/www.creaearredanegozi.it\/wp-content\/uploads\/2024\/07\/illumina-630-2-64x53.jpg 64w\" sizes=\"(max-width: 380px) 100vw, 380px\"><\/a><\/td>\n<td style=\"text-align: center;\" class=\"mtr-td-tag\"><a href=\"https:\/\/www.creaearredanegozi.it\/wp-content\/uploads\/2024\/07\/illumina-630-3.jpg\"><img decoding=\"async\" class=\"alignnone size-medium wp-image-128331\" src=\"https:\/\/www.creaearredanegozi.it\/wp-content\/uploads\/2024\/07\/illumina-630-3.jpg\" alt=\"\" width=\"380\" height=\"312\" title=\"\" srcset=\"https:\/\/www.creaearredanegozi.it\/wp-content\/uploads\/2024\/07\/illumina-630-3.jpg 380w, https:\/\/www.creaearredanegozi.it\/wp-content\/uploads\/2024\/07\/illumina-630-3-64x53.jpg 64w\" sizes=\"(max-width: 380px) 100vw, 380px\"><\/a><\/td>\n<\/tr>\n<\/tbody>\n<\/table>\n<p>Innovative 1200-Liter-K\u00fchlvitrine. Schwarze Farbe. Ausgestattet mit einer internen vertikalen 3-Punkt-LED-Beleuchtung f\u00fcr eine gute Ausleuchtung und einem elektronischen Digitalthermostat. Die T\u00fcr hat eine Kontur, die mit einer integrierten LED-Leiste beleuchtet wird, f\u00fcr eine unvergleichliche optische Wirkung. Es werden Gase verwendet, die als umweltfreundlich gelten. Anti-Beschlag-Glas, Nettovolumen 1103 Liter, Brutto 1200 Liter.<\/p>\n<ul>\n<li>Innen und au\u00dfen aus vorlackiertem Blech mit Korrosionsschutzbehandlung<\/li>\n<li>Elektronischer Thermostat<\/li>\n<li>Es ist m\u00f6glich, ihn mit einem Wifi Smart Link f\u00fcr die Fernsteuerung auszustatten (Optional)<\/li>\n<li>\u00c4u\u00dferst leise, nur 61 dB<\/li>\n<li>Dicke der Isolierung 43 mm<\/li>\n<\/ul>\n<table class=\"table table-striped\" style=\"width: 100%;\">\n<tbody>\n<tr>\n<td style=\"width: 50%;\">Temperatur Min<\/td>\n<td style=\"width: 50%;\">-1\u00b0C<\/td>\n<\/tr>\n<tr>\n<td>Max. Temperatur<\/td>\n<td>+4\u00b0C<\/td>\n<\/tr>\n<tr>\n<td>Breite<\/td>\n<td>1310 mm<\/td>\n<\/tr>\n<tr>\n<td>Tiefe<\/td>\n<td>786 mm<\/td>\n<\/tr>\n<tr>\n<td>H\u00f6he<\/td>\n<td>2140 mm<\/td>\n<\/tr>\n<tr>\n<td>Energieklasse<\/td>\n<td>E<\/td>\n<\/tr>\n<tr>\n<td>Klima-Klasse<\/td>\n<td>4<\/td>\n<\/tr>\n<tr>\n<td>Energieverbrauch<\/td>\n<td>8,1 kwH\/24h<\/td>\n<\/tr>\n<tr>\n<td>Absorption<\/td>\n<td>350W<\/td>\n<\/tr>\n<tr>\n<td>Spannung<\/td>\n<td>220-240V @ 50 Hz<\/td>\n<\/tr>\n<tr>\n<td>K\u00e4ltetechnik<\/td>\n<td>Bel\u00fcftet<\/td>\n<\/tr>\n<tr>\n<td>Bruttokapazit\u00e4t<\/td>\n<td>550 Liter<\/td>\n<\/tr>\n<tr>\n<td>Netto-Kapazit\u00e4t<\/td>\n<td>537 Liter<\/td>\n<\/tr>\n<tr>\n<td>Entfrosten<\/td>\n<td>Handbuch<\/td>\n<\/tr>\n<tr>\n<td>Thermometer<\/td>\n<td>Elektronisch<\/td>\n<\/tr>\n<tr>\n<td>Gas<\/td>\n<td>R290<\/td>\n<\/tr>\n<tr>\n<td>Beleuchtung<\/td>\n<td>3 vertikale LEDs + T\u00fcrkontur<\/td>\n<\/tr>\n<tr>\n<td>Sicherheit<\/td>\n<td>Automatisches Schlie\u00dfen der T\u00fcr<\/td>\n<\/tr>\n<tr>\n<td>Mobilit\u00e4t<\/td>\n<td>3 verstellbare F\u00fc\u00dfe + 6 R\u00e4der<\/td>\n<\/tr>\n<tr>\n<td>\u00c4u\u00dfere Farbe<\/td>\n<td>Schwarz<\/td>\n<\/tr>\n<tr>\n<td>Mitgeliefert<\/td>\n<td>8 Raster (543 x 580 mm)<\/td>\n<\/tr>\n<\/tbody>\n<\/table>","protected":false},"excerpt":{"rendered":"<p>Espositore Refrigerato bibite vetrina verticale -1\/+4\u00b0C Innovativa vetrina frigo da 1200 litri. Colore nero. Dotata di illuminazione led interna verticale a 3 punti per un ampia illuminazione e di termostato elettronico digitale. La porta presenta un contorno che si illumina con una striscia led integrata, per un impatto visivo senza eguali. Utilizza gas ritenuti non [&#8230;]","protected":false},"featured_media":128333,"comment_status":"closed","ping_status":"closed","template":"","meta":{"_monsterinsights_skip_tracking":false,"_monsterinsights_sitenote_active":false,"_monsterinsights_sitenote_note":"","_monsterinsights_sitenote_category":0},"product_brand":[768],"product_cat":[256,28],"product_tag":[],"class_list":{"0":"post-128332","1":"product","2":"type-product","3":"status-publish","4":"has-post-thumbnail","6":"product_brand-klimaitalia","7":"product_cat-fredde","8":"product_cat-vetrine","9":"product_shipping_class-371","10":"pa_classe-energetica-classe-e","11":"pa_marca-klimaitalia","13":"first","14":"instock","15":"taxable","16":"shipping-taxable","17":"purchasable","18":"product-type-simple"},"_links":{"self":[{"href":"https:\/\/www.creaearredanegozi.it\/de\/wp-json\/wp\/v2\/product\/128332","targetHints":{"allow":["GET"]}}],"collection":[{"href":"https:\/\/www.creaearredanegozi.it\/de\/wp-json\/wp\/v2\/product"}],"about":[{"href":"https:\/\/www.creaearredanegozi.it\/de\/wp-json\/wp\/v2\/types\/product"}],"replies":[{"embeddable":true,"href":"https:\/\/www.creaearredanegozi.it\/de\/wp-json\/wp\/v2\/comments?post=128332"}],"wp:featuredmedia":[{"embeddable":true,"href":"https:\/\/www.creaearredanegozi.it\/de\/wp-json\/wp\/v2\/media\/128333"}],"wp:attachment":[{"href":"https:\/\/www.creaearredanegozi.it\/de\/wp-json\/wp\/v2\/media?parent=128332"}],"wp:term":[{"taxonomy":"product_brand","embeddable":true,"href":"https:\/\/www.creaearredanegozi.it\/de\/wp-json\/wp\/v2\/product_brand?post=128332"},{"taxonomy":"product_cat","embeddable":true,"href":"https:\/\/www.creaearredanegozi.it\/de\/wp-json\/wp\/v2\/product_cat?post=128332"},{"taxonomy":"product_tag","embeddable":true,"href":"https:\/\/www.creaearredanegozi.it\/de\/wp-json\/wp\/v2\/product_tag?post=128332"}],"curies":[{"name":"wp","href":"https:\/\/api.w.org\/{rel}","templated":true}]}}