{"id":128343,"date":"2024-07-17T17:28:39","date_gmt":"2024-07-17T15:28:39","guid":{"rendered":"https:\/\/www.creaearredanegozi.it\/?post_type=product&#038;p=128343"},"modified":"2024-07-17T18:05:18","modified_gmt":"2024-07-17T16:05:18","slug":"carrello-rifornimento-minibar-frigo-bar-ideale-per-hotel-in-lamiera-verniciata-con-sportelli-e-cestino","status":"publish","type":"product","link":"https:\/\/www.creaearredanegozi.it\/de\/carrello-rifornimento-minibar-frigo-bar-ideale-per-hotel-in-lamiera-verniciata-con-sportelli-e-cestino\/","title":{"rendered":"Minibar-Nachf\u00fcllwagen ideal f\u00fcr Hotels aus lackiertem Blech mit T\u00fcren und Korb"},"content":{"rendered":"<h2 style=\"text-align: center;\">Minibar\/K\u00fchlschrankwagen<\/h2>\n<p>Ideal f\u00fcr Hotels und Unterk\u00fcnfte mit Minibar-Service. A <strong>Wagen zum Nachf\u00fcllen der Minibar<\/strong> bequem und ger\u00e4umig, mit einem praktischen Seitenkorb f\u00fcr Abf\u00e4lle und 2 abschlie\u00dfbaren T\u00fcren<\/p>\n<ul>\n<li>Struktur aus grauem epoxidpulverbeschichtetem Stahlblech<\/li>\n<li>Innenraum bestehend aus Sockel + 3 h\u00f6henverstellbaren Zwischenb\u00f6den<\/li>\n<li>Abnehmbarer Korb f\u00fcr leere Flaschen aus PVC<\/li>\n<li>Schiebegriff<\/li>\n<li>Die T\u00fcren k\u00f6nnen um 180\u00b0 ge\u00f6ffnet werden,<\/li>\n<li>Tastensperre<\/li>\n<li>Sockel mit spurlosem, grauem Gummipuffer am Rand<\/li>\n<li>R\u00e4der \u00f8 16 cm, davon zwei fest und zwei schwenkbar<\/li>\n<li>Maximale Gesamtabmessungen 100x62x119 cm<\/li>\n<\/ul>\n<p><strong>Optional<\/strong>:<\/p>\n<p>Es ist m\u00f6glich, den Wagen mit auszustatten:<\/p>\n<ul>\n<li>2 R\u00e4der mit fu\u00dfbet\u00e4tigter Bremse<\/li>\n<li>4 elastische Rollen f\u00fcr unebene, unregelm\u00e4\u00dfige B\u00f6den oder den Einsatz im Freien. Der Satz mit 4 elastischen Rollen enth\u00e4lt bereits 2 Rollen mit Bremsen.<\/li>\n<\/ul>\n<hr \/>\n<p><a href=\"https:\/\/www.creaearredanegozi.it\/wp-content\/uploads\/2024\/07\/2012F-scheda.jpg\"><img decoding=\"async\" class=\"aligncenter wp-image-128348 size-large\" src=\"https:\/\/www.creaearredanegozi.it\/wp-content\/uploads\/2024\/07\/2012F-scheda-800x800.jpg\" alt=\"\" width=\"800\" height=\"800\" title=\"\" srcset=\"https:\/\/www.creaearredanegozi.it\/wp-content\/uploads\/2024\/07\/2012F-scheda-800x800.jpg 800w, https:\/\/www.creaearredanegozi.it\/wp-content\/uploads\/2024\/07\/2012F-scheda-250x250.jpg 250w, https:\/\/www.creaearredanegozi.it\/wp-content\/uploads\/2024\/07\/2012F-scheda-100x100.jpg 100w, https:\/\/www.creaearredanegozi.it\/wp-content\/uploads\/2024\/07\/2012F-scheda-516x516.jpg 516w, https:\/\/www.creaearredanegozi.it\/wp-content\/uploads\/2024\/07\/2012F-scheda-64x64.jpg 64w, https:\/\/www.creaearredanegozi.it\/wp-content\/uploads\/2024\/07\/2012F-scheda-400x400.jpg 400w, https:\/\/www.creaearredanegozi.it\/wp-content\/uploads\/2024\/07\/2012F-scheda-280x280.jpg 280w, https:\/\/www.creaearredanegozi.it\/wp-content\/uploads\/2024\/07\/2012F-scheda-768x768.jpg 768w, https:\/\/www.creaearredanegozi.it\/wp-content\/uploads\/2024\/07\/2012F-scheda.jpg 1138w\" sizes=\"(max-width: 800px) 100vw, 800px\" \/><\/a><\/p>","protected":false},"excerpt":{"rendered":"<p>Carrello per rifornimento minibar\/frigobar Ideale per hotel e strutture ricettive che offrono il servizio minibar. Un carrello per il rifornimento del frigobar comodo e capiente, con un pratico cestino laterale per gli eventuali rifiuti e 2 sportelli chiudibili con chiave Struttura in lamiera di acciaio verniciato grigio a polveri epossidiche Interno composto da base + [&#8230;]","protected":false},"featured_media":128346,"comment_status":"closed","ping_status":"closed","template":"","meta":{"_monsterinsights_skip_tracking":false,"_monsterinsights_sitenote_active":false,"_monsterinsights_sitenote_note":"","_monsterinsights_sitenote_category":0},"product_brand":[],"product_cat":[276,29],"product_tag":[],"class_list":{"0":"post-128343","1":"product","2":"type-product","3":"status-publish","4":"has-post-thumbnail","6":"product_cat-carrelli-di-servizio","7":"product_cat-cesteria-e-carrelli","8":"product_shipping_class-38","9":"pa_marca-metalcarrelli","11":"first","12":"instock","13":"taxable","14":"shipping-taxable","15":"purchasable","16":"product-type-simple"},"_links":{"self":[{"href":"https:\/\/www.creaearredanegozi.it\/de\/wp-json\/wp\/v2\/product\/128343","targetHints":{"allow":["GET"]}}],"collection":[{"href":"https:\/\/www.creaearredanegozi.it\/de\/wp-json\/wp\/v2\/product"}],"about":[{"href":"https:\/\/www.creaearredanegozi.it\/de\/wp-json\/wp\/v2\/types\/product"}],"replies":[{"embeddable":true,"href":"https:\/\/www.creaearredanegozi.it\/de\/wp-json\/wp\/v2\/comments?post=128343"}],"wp:featuredmedia":[{"embeddable":true,"href":"https:\/\/www.creaearredanegozi.it\/de\/wp-json\/wp\/v2\/media\/128346"}],"wp:attachment":[{"href":"https:\/\/www.creaearredanegozi.it\/de\/wp-json\/wp\/v2\/media?parent=128343"}],"wp:term":[{"taxonomy":"product_brand","embeddable":true,"href":"https:\/\/www.creaearredanegozi.it\/de\/wp-json\/wp\/v2\/product_brand?post=128343"},{"taxonomy":"product_cat","embeddable":true,"href":"https:\/\/www.creaearredanegozi.it\/de\/wp-json\/wp\/v2\/product_cat?post=128343"},{"taxonomy":"product_tag","embeddable":true,"href":"https:\/\/www.creaearredanegozi.it\/de\/wp-json\/wp\/v2\/product_tag?post=128343"}],"curies":[{"name":"wp","href":"https:\/\/api.w.org\/{rel}","templated":true}]}}