{"id":128368,"date":"2024-08-01T20:08:34","date_gmt":"2024-08-01T18:08:34","guid":{"rendered":"https:\/\/www.creaearredanegozi.it\/?post_type=product&#038;p=128368"},"modified":"2024-11-20T13:42:10","modified_gmt":"2024-11-20T12:42:10","slug":"fimar-mx20-professioneller-immersionsmixer-minipimer","status":"publish","type":"product","link":"https:\/\/www.creaearredanegozi.it\/de\/fimar-mx20-professioneller-immersionsmixer-minipimer\/","title":{"rendered":"Professioneller Eintauchmixer Minipimer Fimar MX20"},"content":{"rendered":"<h2 style=\"text-align: center;\">Professioneller Stabmixer Fimar MX20<\/h2>\n<p>Minipimer mit ergonomischem Griff. Mixer aus rostfreiem Stahl AISI 304, geeignet f\u00fcr die Zubereitung von Minestrone, Gem\u00fcsep\u00fcrees, So\u00dfen, Teige, Mayonnaise, Tomatenp\u00fcree, Pesto usw. Das Modell MX20 mit einfacher Geschwindigkeit ist nur mit einem Mehrzweckmesser ausgestattet; das Modell MX20V2 mit 2 Geschwindigkeiten ist mit einem Mehrzweckmesser und austauschbarem Zubeh\u00f6r (Refiner und Emulgator) ausgestattet; das Modell MX20VV mit variabler Geschwindigkeit ist mit einem Mehrzweckmesser und austauschbarem Zubeh\u00f6r (Refiner und Emulgator) ausgestattet.<\/p>\n<p>Erh\u00e4ltlich in den folgenden Modellen:<\/p>\n<ul>\n<li>MX20:\u00a0<strong>Einfache Geschwindigkeit<\/strong> - ist nur mit dem Mehrzweckmesser ausgestattet<\/li>\n<li>MX20V2: <strong>2 Geschwindigkeiten<\/strong> - ist mit einem Mehrzweckmesser und austauschbarem Zubeh\u00f6r (Refiner und Emulgator) ausgestattet<\/li>\n<li>MX20VV: <strong>A<\/strong><strong>\u00a0variable Geschwindigkeit<\/strong> - ist mit einem Mehrzweckmesser und austauschbarem Zubeh\u00f6r (Refiner und Emulgator) ausgestattet.<\/li>\n<\/ul>\n<hr \/>\n<p><strong>Technische Daten<\/strong><\/p>\n<ul>\n<li>Leistung: 0.2 kW - 0.5 Hp<\/li>\n<li>Stromversorgung: 230V\/1N\/50-60hz<\/li>\n<li>Mischgeschwindigkeit:\n<ul>\n<li>MX20 einfache Geschwindigkeit: 13.000 RPM<\/li>\n<li>MX20V2 mit 2 Drehzahlen: 6.000 und 13.000 U\/min<\/li>\n<li>MX20VV variable Drehzahl: 6.000 bis 13.000 U\/min<\/li>\n<\/ul>\n<\/li>\n<li>L\u00e4nge des Mischers: 200 mm<\/li>\n<li>Max. Eintauchh\u00f6he des Mischers: 165 mm<\/li>\n<li>Abmessungen: 107 x 72 x 499h mm (mit Mischer)<\/li>\n<li>Nettogewicht 1,16 kg<\/li>\n<\/ul>\n<hr \/>\n<p style=\"text-align: center;\"><iframe loading=\"lazy\" title=\"YouTube-Video-Player\" src=\"https:\/\/www.youtube-nocookie.com\/embed\/oQMdYJn4mBE?si=OHrscjEdcMqWzaJ9\" width=\"560\" height=\"315\" frameborder=\"0\" allowfullscreen=\"allowfullscreen\"><\/iframe><\/p>","protected":false},"excerpt":{"rendered":"<p>Mixer frullatore a immersione professionale Fimar MX20 Minipimer con impugnatura ergonomica. Mescolatore realizzato in acciaio inox AISI 304, adatto a realizzare minestroni, puree di verdure, salse, pastelle, maionese, passato di pomodoro, pesto ecc. Il modello MX20 a singola velocit\u00e0 \u00e8 dotato del solo coltello multiuso; il modello MX20V2 a 2 velocit\u00e0 \u00e8 dotato di coltello [&#8230;]","protected":false},"featured_media":128375,"comment_status":"closed","ping_status":"closed","template":"","meta":{"_monsterinsights_skip_tracking":false,"_monsterinsights_sitenote_active":false,"_monsterinsights_sitenote_note":"","_monsterinsights_sitenote_category":0},"product_brand":[628],"product_cat":[814,163,65,655],"product_tag":[],"class_list":{"0":"post-128368","1":"product","2":"type-product","3":"status-publish","4":"has-post-thumbnail","6":"product_brand-fimar","7":"product_cat-mixer-frullatori","8":"product_cat-frullatori-ristorazione","9":"product_cat-frullatori","10":"product_cat-lavorazione","11":"product_shipping_class-48","12":"pa_marca-fimar","14":"first","15":"instock","16":"sale","17":"taxable","18":"shipping-taxable","19":"purchasable","20":"product-type-variable"},"_links":{"self":[{"href":"https:\/\/www.creaearredanegozi.it\/de\/wp-json\/wp\/v2\/product\/128368","targetHints":{"allow":["GET"]}}],"collection":[{"href":"https:\/\/www.creaearredanegozi.it\/de\/wp-json\/wp\/v2\/product"}],"about":[{"href":"https:\/\/www.creaearredanegozi.it\/de\/wp-json\/wp\/v2\/types\/product"}],"replies":[{"embeddable":true,"href":"https:\/\/www.creaearredanegozi.it\/de\/wp-json\/wp\/v2\/comments?post=128368"}],"wp:featuredmedia":[{"embeddable":true,"href":"https:\/\/www.creaearredanegozi.it\/de\/wp-json\/wp\/v2\/media\/128375"}],"wp:attachment":[{"href":"https:\/\/www.creaearredanegozi.it\/de\/wp-json\/wp\/v2\/media?parent=128368"}],"wp:term":[{"taxonomy":"product_brand","embeddable":true,"href":"https:\/\/www.creaearredanegozi.it\/de\/wp-json\/wp\/v2\/product_brand?post=128368"},{"taxonomy":"product_cat","embeddable":true,"href":"https:\/\/www.creaearredanegozi.it\/de\/wp-json\/wp\/v2\/product_cat?post=128368"},{"taxonomy":"product_tag","embeddable":true,"href":"https:\/\/www.creaearredanegozi.it\/de\/wp-json\/wp\/v2\/product_tag?post=128368"}],"curies":[{"name":"wp","href":"https:\/\/api.w.org\/{rel}","templated":true}]}}