{"id":128593,"date":"2024-12-02T12:52:02","date_gmt":"2024-12-02T11:52:02","guid":{"rendered":"https:\/\/www.creaearredanegozi.it\/?post_type=product&#038;p=128593"},"modified":"2026-03-10T16:15:50","modified_gmt":"2026-03-10T15:15:50","slug":"digitale-tragbare-skala-aus-edelstahl-30-kg-minneapolis-30-1","status":"publish","type":"product","link":"https:\/\/www.creaearredanegozi.it\/de\/digitale-tragbare-skala-aus-edelstahl-30-kg-minneapolis-30-1\/","title":{"rendered":"Tragbare digitale Edelstahlwaage 30 kg div. 1g Minneapolis 30\/1"},"content":{"rendered":"<h2 style=\"text-align: center;\">Digitale tragbare Edelstahlwaage 30 kg Minneapolis 30\/1<\/h2>\n<p>Die kleine tragbare elektronische Waage von Sirman eignet sich dank ihrer kompakten Gr\u00f6\u00dfe hervorragend f\u00fcr kleine R\u00e4ume und zum Mitnehmen. Ausgestattet mit digitalen Bedienelementen und hintergrundbeleuchtetem Display.<\/p>\n<ul>\n<li>Digitale, tragbare K\u00fcchenwaage.<\/li>\n<li>Regal aus rostfreiem Stahl.<\/li>\n<li>ABS-Waagengeh\u00e4use<\/li>\n<li>Gro\u00dfe Digitalanzeige mit Hintergrundbeleuchtung.<\/li>\n<li>Wiederaufladbare Akku-Stromversorgung.<\/li>\n<li>Z\u00e4hlfunktionalit\u00e4t.<\/li>\n<li>H\u00f6chstgewicht 30 kg Teilung 1 g.<\/li>\n<li>Inklusive Transformator-Ladeger\u00e4t.<\/li>\n<\/ul>\n<p><b>Achtung!<\/b>\u00a0Die Waage ist nur f\u00fcr den Laborgebrauch und nicht f\u00fcr den Verkauf zugelassen.<\/p>\n<hr \/>\n<p><strong>Technische Daten<\/strong><\/p>\n<table class=\"table table-striped\">\n<tbody>\n<tr>\n<td>\n<p class=\"dati_tecnici_label_1\">Modell<\/p>\n<\/td>\n<td align=\"left\"><strong>Minneapolis 30\/1<br \/>\n<\/strong><\/td>\n<\/tr>\n<tr>\n<td>W\u00e4gebereich<\/td>\n<td align=\"left\">kg 30<\/td>\n<\/tr>\n<tr>\n<td>Abteilung<\/td>\n<td align=\"left\">1 Gramm<\/td>\n<\/tr>\n<tr>\n<td>Abmessungen der Platte<\/td>\n<td align=\"left\">255 x 185 mm<\/td>\n<\/tr>\n<tr>\n<td>A<\/td>\n<td align=\"left\">\n<p class=\"dati_tecnici_input\">mm 190<\/p>\n<\/td>\n<\/tr>\n<tr>\n<td>B<\/td>\n<td align=\"left\">\n<p class=\"dati_tecnici_input\">172 mm<\/p>\n<\/td>\n<\/tr>\n<tr>\n<td>C<\/td>\n<td align=\"left\">\n<p class=\"dati_tecnici_input\">mm 255<\/p>\n<\/td>\n<\/tr>\n<tr>\n<td>D<\/td>\n<td align=\"left\">\n<p class=\"dati_tecnici_input\">300 mm<\/p>\n<\/td>\n<\/tr>\n<tr>\n<td>E<\/td>\n<td align=\"left\">\n<p class=\"dati_tecnici_input\">mm 110<\/p>\n<\/td>\n<\/tr>\n<tr>\n<td>Nettogewicht<\/td>\n<td align=\"left\">\n<p class=\"dati_tecnici_input\">kg 3,8<\/p>\n<\/td>\n<\/tr>\n<tr>\n<td>Abmessungen der Verpackung<\/td>\n<td align=\"left\">\n<p class=\"dati_tecnici_input\">310x355x145 mm<\/p>\n<\/td>\n<\/tr>\n<tr>\n<td>Bruttogewicht<\/td>\n<td align=\"left\">kg 4,5<\/td>\n<\/tr>\n<\/tbody>\n<\/table>\n<p><img decoding=\"async\" class=\"alignnone size-full wp-image-13700 aligncenter\" src=\"https:\/\/www.arredopiscopo.it\/wp-content\/uploads\/2023\/04\/ingombri-5.jpg\" alt=\"\" width=\"400\" height=\"200\" title=\"\"><\/p>","protected":false},"excerpt":{"rendered":"<p>Bilancia portatile digitale acciaio inox 30 Kg Minneapolis 30\/1 La piccola bilancia portatile elettronica di Sirman \u00e8 ottima per i piccoli spazi e per essere trasportata in giro grazie alle sue dimensioni compatte. Dotata di comandi digitali e display retroilluminato. Bilancia digitale, portatile, da cucina. Piano appoggia merce in acciaio inox. Carter bilancia in ABS [&#8230;]","protected":false},"featured_media":128594,"comment_status":"closed","ping_status":"closed","template":"","meta":{"_monsterinsights_skip_tracking":false,"_monsterinsights_sitenote_active":false,"_monsterinsights_sitenote_note":"","_monsterinsights_sitenote_category":0},"product_brand":[],"product_cat":[130,23],"product_tag":[],"class_list":{"0":"post-128593","1":"product","2":"type-product","3":"status-publish","4":"has-post-thumbnail","6":"product_cat-bilance","7":"product_cat-bilance-bilici","8":"product_shipping_class-215","9":"pa_marca-karel","11":"first","12":"instock","13":"taxable","14":"shipping-taxable","15":"purchasable","16":"product-type-simple"},"_links":{"self":[{"href":"https:\/\/www.creaearredanegozi.it\/de\/wp-json\/wp\/v2\/product\/128593","targetHints":{"allow":["GET"]}}],"collection":[{"href":"https:\/\/www.creaearredanegozi.it\/de\/wp-json\/wp\/v2\/product"}],"about":[{"href":"https:\/\/www.creaearredanegozi.it\/de\/wp-json\/wp\/v2\/types\/product"}],"replies":[{"embeddable":true,"href":"https:\/\/www.creaearredanegozi.it\/de\/wp-json\/wp\/v2\/comments?post=128593"}],"wp:featuredmedia":[{"embeddable":true,"href":"https:\/\/www.creaearredanegozi.it\/de\/wp-json\/wp\/v2\/media\/128594"}],"wp:attachment":[{"href":"https:\/\/www.creaearredanegozi.it\/de\/wp-json\/wp\/v2\/media?parent=128593"}],"wp:term":[{"taxonomy":"product_brand","embeddable":true,"href":"https:\/\/www.creaearredanegozi.it\/de\/wp-json\/wp\/v2\/product_brand?post=128593"},{"taxonomy":"product_cat","embeddable":true,"href":"https:\/\/www.creaearredanegozi.it\/de\/wp-json\/wp\/v2\/product_cat?post=128593"},{"taxonomy":"product_tag","embeddable":true,"href":"https:\/\/www.creaearredanegozi.it\/de\/wp-json\/wp\/v2\/product_tag?post=128593"}],"curies":[{"name":"wp","href":"https:\/\/api.w.org\/{rel}","templated":true}]}}