{"id":128655,"date":"2025-02-13T16:31:39","date_gmt":"2025-02-13T15:31:39","guid":{"rendered":"https:\/\/www.creaearredanegozi.it\/?post_type=product&#038;p=128655"},"modified":"2026-03-09T12:38:07","modified_gmt":"2026-03-09T11:38:07","slug":"mikrowellenherd-zwei-magnetrons-feste-platte-25-lt-mo-1000-sammic","status":"publish","type":"product","link":"https:\/\/www.creaearredanegozi.it\/de\/mikrowellenherd-zwei-magnetrons-feste-platte-25-lt-mo-1000-sammic\/","title":{"rendered":"Mikrowellenofen mit zwei Magnetrons und fester Platte 25 Lt MO-1000 Sammic"},"content":{"rendered":"<div class=\"intro\">\n<div style=\"text-align: center;\" data-canvas-width=\"315.50666666666666\">Programmierbarer Mikrowellenherd f\u00fcr den professionellen Einsatz f\u00fcr mittlere Kapazit\u00e4ten. Ausgestattet mit fester Keramikplatte<\/div>\n<ul>\n<li data-canvas-width=\"315.50666666666666\">Professionelles 1000-W-Magnetron-Modell<\/li>\n<li data-canvas-width=\"217.296\">Innen und au\u00dfen aus Edelstahl.<\/li>\n<li data-canvas-width=\"313.63199999999995\">Fester Keramikboden, der dem Backofen ein gr\u00f6\u00dferes Fassungsverm\u00f6gen verleiht.<\/li>\n<li data-canvas-width=\"229.788\">Programmierbar: 10 Programme<\/li>\n<li data-canvas-width=\"229.788\">Abmessungen der Innenkammer 32x34x20h cm<\/li>\n<\/ul>\n<\/div>\n<div class=\"description\">\n<hr \/>\n<p>&nbsp;<\/p>\n<table class=\"table table-striped\">\n<tbody>\n<tr>\n<td colspan=\"2\" width=\"100%\"><strong>Technische Daten<\/strong><\/td>\n<\/tr>\n<tr>\n<td width=\"263\">Innenausstattung aus Inox:<\/td>\n<td width=\"123\">Ja<\/td>\n<\/tr>\n<tr>\n<td width=\"263\">\u00c4u\u00dferes Inox:<\/td>\n<td width=\"123\">Ja<\/td>\n<\/tr>\n<tr>\n<td width=\"263\">Fester Keramiksockel:<\/td>\n<td width=\"123\">Ja<\/td>\n<\/tr>\n<tr>\n<td width=\"263\">Programmierbar:<\/td>\n<td width=\"123\">Ja<\/td>\n<\/tr>\n<tr>\n<td width=\"263\">Zeitschaltuhr (min-max):<\/td>\n<td width=\"123\">0 &#8216; &#8211; 60 &#8216;<\/td>\n<\/tr>\n<tr>\n<td width=\"263\">Schwenkbare Platte:<\/td>\n<td width=\"123\">NO<\/td>\n<\/tr>\n<tr>\n<td width=\"263\">Internes Volumen:<\/td>\n<td width=\"123\">25 L<\/td>\n<\/tr>\n<tr>\n<td width=\"263\">Grill:<\/td>\n<td width=\"123\">Nein<\/td>\n<\/tr>\n<tr>\n<td width=\"263\">Stromversorgung:<\/td>\n<td width=\"123\">230 V \/ 50 Hz \/ 1 ~<\/td>\n<\/tr>\n<tr>\n<td width=\"263\">Stecker:<\/td>\n<td width=\"123\">EU<\/td>\n<\/tr>\n<tr>\n<td colspan=\"2\" width=\"385\"><strong>Strom<\/strong><\/td>\n<\/tr>\n<tr>\n<td width=\"263\">Mikrowellen-Leistungsabgabe:<\/td>\n<td width=\"123\">1000 W<\/td>\n<\/tr>\n<tr>\n<td width=\"263\">Verbrauch:<\/td>\n<td width=\"123\">1550 W<\/td>\n<\/tr>\n<tr>\n<td colspan=\"2\" width=\"385\"><strong>Abmessungen des Zimmers<\/strong><\/td>\n<\/tr>\n<tr>\n<td width=\"263\">Breite:<\/td>\n<td width=\"123\">327 mm<\/td>\n<\/tr>\n<tr>\n<td width=\"263\">Die Tiefe:<\/td>\n<td width=\"123\">346 mm<\/td>\n<\/tr>\n<tr>\n<td width=\"263\">H\u00f6he:<\/td>\n<td width=\"123\">200 mm<\/td>\n<\/tr>\n<tr>\n<td colspan=\"2\" width=\"385\"><strong>\u00c4u\u00dfere Abmessungen<\/strong><\/td>\n<\/tr>\n<tr>\n<td width=\"263\">Breite:<\/td>\n<td width=\"123\">510 mm<\/td>\n<\/tr>\n<tr>\n<td width=\"263\">Die Tiefe:<\/td>\n<td width=\"123\">430 mm<\/td>\n<\/tr>\n<tr>\n<td width=\"263\">H\u00f6he:<\/td>\n<td width=\"123\">310 mm<\/td>\n<\/tr>\n<tr>\n<td width=\"263\">Nettogewicht:<\/td>\n<td width=\"123\">14,7 kg<\/td>\n<\/tr>\n<\/tbody>\n<\/table>\n<\/div>","protected":false},"excerpt":{"rendered":"<p>Forno a Microonde programmabile ad uso professionale per medie capacit\u00e0. Dotato di piatto fisso in ceramica Modello professionale magnetron da 1000W Interno ed esterno in acciaio inossidabile. Base fissa in ceramica che conferisce maggiore capacit\u00e0 al forno. Programmabile: 10 programmi Dimensioni interne camera 32x34x20h cm &nbsp; Specifiche tecniche Interno Inox: Si Esterno Inox: Si Base [&#8230;]","protected":false},"featured_media":128657,"comment_status":"open","ping_status":"closed","template":"","meta":{"_monsterinsights_skip_tracking":false,"_monsterinsights_sitenote_active":false,"_monsterinsights_sitenote_note":"","_monsterinsights_sitenote_category":0},"product_brand":[736],"product_cat":[85,111,16,64,10,666],"product_tag":[],"class_list":{"0":"post-128655","1":"product","2":"type-product","3":"status-publish","4":"has-post-thumbnail","6":"product_brand-sammic","7":"product_cat-a-microonde","8":"product_cat-elettrici","9":"product_cat-forni","10":"product_cat-forni-attrezzature-bar","11":"product_cat-attrezzature-bar","12":"product_cat-microonde-forni","13":"pa_marca-sammic","14":"pa_uso-professionale","16":"first","17":"instock","18":"taxable","19":"shipping-taxable","20":"purchasable","21":"product-type-simple"},"_links":{"self":[{"href":"https:\/\/www.creaearredanegozi.it\/de\/wp-json\/wp\/v2\/product\/128655","targetHints":{"allow":["GET"]}}],"collection":[{"href":"https:\/\/www.creaearredanegozi.it\/de\/wp-json\/wp\/v2\/product"}],"about":[{"href":"https:\/\/www.creaearredanegozi.it\/de\/wp-json\/wp\/v2\/types\/product"}],"replies":[{"embeddable":true,"href":"https:\/\/www.creaearredanegozi.it\/de\/wp-json\/wp\/v2\/comments?post=128655"}],"wp:featuredmedia":[{"embeddable":true,"href":"https:\/\/www.creaearredanegozi.it\/de\/wp-json\/wp\/v2\/media\/128657"}],"wp:attachment":[{"href":"https:\/\/www.creaearredanegozi.it\/de\/wp-json\/wp\/v2\/media?parent=128655"}],"wp:term":[{"taxonomy":"product_brand","embeddable":true,"href":"https:\/\/www.creaearredanegozi.it\/de\/wp-json\/wp\/v2\/product_brand?post=128655"},{"taxonomy":"product_cat","embeddable":true,"href":"https:\/\/www.creaearredanegozi.it\/de\/wp-json\/wp\/v2\/product_cat?post=128655"},{"taxonomy":"product_tag","embeddable":true,"href":"https:\/\/www.creaearredanegozi.it\/de\/wp-json\/wp\/v2\/product_tag?post=128655"}],"curies":[{"name":"wp","href":"https:\/\/api.w.org\/{rel}","templated":true}]}}