{"id":128658,"date":"2025-02-13T16:50:42","date_gmt":"2025-02-13T15:50:42","guid":{"rendered":"https:\/\/www.creaearredanegozi.it\/?post_type=product&#038;p=128658"},"modified":"2026-03-09T12:38:06","modified_gmt":"2026-03-09T11:38:06","slug":"mikrowellenherd-zwei-magnetrons-feste-platte-17-liter-barcode-scanner-mo-1817s-sammic","status":"publish","type":"product","link":"https:\/\/www.creaearredanegozi.it\/de\/mikrowellenherd-zwei-magnetrons-feste-platte-17-liter-barcode-scanner-mo-1817s-sammic\/","title":{"rendered":"Mikrowellenofen mit zwei Magnetrons und fester Platte 17 Liter Barcode-Scanner MO-1817S Sammic"},"content":{"rendered":"<div><\/div>\n<h2 style=\"text-align: center;\">Mikrowellenherd mit zwei Magnetrons und fester Platte 17 Liter<\/h2>\n<div class=\"intro\">Mikrowelle mit Barcode-Scanner. Intelligente Produkterkennung.<br \/>\nProgrammierbarer Mikrowellenherd f\u00fcr intensive Nutzung, ausgestattet mit zwei Magnetrons.<\/div>\n<div>\n<p><span style=\"font-size: 100%;\">Mikrowellenherd mit einem Scanner zum Lesen von Produkt-Barcodes. Die Programmierung und der Betrieb des Mikrowellenofens mittels Barcodelesung erm\u00f6glicht eine maximale Sicherheit und Standardisierung der Prozesse und garantiert jederzeit einheitliche Ergebnisse.<\/span><\/p>\n<\/div>\n<div class=\"description\">\n<ul>\n<li>Professionelles Modell mit 2 Magnetrons.<\/li>\n<li>Innen und au\u00dfen aus Edelstahl.<\/li>\n<li>Fester Keramikboden, der dem Backofen ein gr\u00f6\u00dferes Fassungsverm\u00f6gen verleiht.<\/li>\n<li>Sehr einfache Programmierung und Verwaltung.<\/li>\n<li>Abmessungen der Innenkammer 33x31x17h cm<\/li>\n<\/ul>\n<hr \/>\n<table class=\"table table-striped\">\n<tbody>\n<tr>\n<td colspan=\"2\" width=\"385\"><strong>Technische Daten<\/strong><\/td>\n<\/tr>\n<tr>\n<td width=\"263\">Innenausstattung aus Inox:<\/td>\n<td width=\"123\">Ja<\/td>\n<\/tr>\n<tr>\n<td width=\"263\">\u00c4u\u00dferes Inox:<\/td>\n<td width=\"123\">Ja<\/td>\n<\/tr>\n<tr>\n<td width=\"263\">Fester Keramiksockel:<\/td>\n<td width=\"123\">Ja<\/td>\n<\/tr>\n<tr>\n<td width=\"263\">Programmierbar:<\/td>\n<td width=\"123\">Ja<\/td>\n<\/tr>\n<tr>\n<td width=\"263\">Zeitschaltuhr (min-max):<\/td>\n<td width=\"123\">0 &#8216; &#8211; 60 &#8216;<\/td>\n<\/tr>\n<tr>\n<td width=\"263\">Schwenkbare Platte:<\/td>\n<td width=\"123\">NO<\/td>\n<\/tr>\n<tr>\n<td width=\"263\">Internes Volumen:<\/td>\n<td width=\"123\">17 l<\/td>\n<\/tr>\n<tr>\n<td width=\"263\">Grill:<\/td>\n<td width=\"123\">Nein<\/td>\n<\/tr>\n<tr>\n<td width=\"263\">Stromversorgung:<\/td>\n<td width=\"123\">230 V \/ 50 Hz \/ 1 ~<\/td>\n<\/tr>\n<tr>\n<td width=\"263\">Stecker:<\/td>\n<td width=\"123\">EU<\/td>\n<\/tr>\n<tr>\n<td colspan=\"2\" width=\"385\"><strong>Strom<\/strong><\/td>\n<\/tr>\n<tr>\n<td width=\"263\">Mikrowellen-Leistungsabgabe:<\/td>\n<td width=\"123\">1800 W<\/td>\n<\/tr>\n<tr>\n<td width=\"263\">Verbrauch:<\/td>\n<td width=\"123\">3000 W<\/td>\n<\/tr>\n<tr>\n<td colspan=\"2\" width=\"385\"><strong>Innere Abmessungen<\/strong><\/td>\n<\/tr>\n<tr>\n<td width=\"263\">Breite:<\/td>\n<td width=\"123\">330 mm<\/td>\n<\/tr>\n<tr>\n<td width=\"263\">Die Tiefe:<\/td>\n<td width=\"123\">310 mm<\/td>\n<\/tr>\n<tr>\n<td width=\"263\">H\u00f6he:<\/td>\n<td width=\"123\">175 mm<\/td>\n<\/tr>\n<tr>\n<td colspan=\"2\" width=\"385\"><strong>\u00c4u\u00dfere Abmessungen<\/strong><\/td>\n<\/tr>\n<tr>\n<td width=\"263\">Breite:<\/td>\n<td width=\"123\">420 mm<\/td>\n<\/tr>\n<tr>\n<td width=\"263\">Die Tiefe:<\/td>\n<td width=\"123\">560 mm<\/td>\n<\/tr>\n<tr>\n<td width=\"263\">H\u00f6he:<\/td>\n<td width=\"123\">341 mm<\/td>\n<\/tr>\n<tr>\n<td width=\"263\">Nettogewicht:<\/td>\n<td width=\"123\">30 kg<\/td>\n<\/tr>\n<\/tbody>\n<\/table>\n<\/div>\n<h4><\/h4>","protected":false},"excerpt":{"rendered":"<p>Forno a microonde due magnetron piatto fisso 17 litri Microonde con scanner di codici a barre. Rilevamento intelligente del prodotto. Forno a microonde programmabile per uso intensivo dotato di due magnetron. Forno a microonde dotato di uno scanner per la lettura dei codici a barre del prodotto. La programmazione e l&#8217;uso del microonde tramite lettura [&#8230;]","protected":false},"featured_media":128659,"comment_status":"open","ping_status":"closed","template":"","meta":{"_monsterinsights_skip_tracking":false,"_monsterinsights_sitenote_active":false,"_monsterinsights_sitenote_note":"","_monsterinsights_sitenote_category":0},"product_brand":[736],"product_cat":[85,111,16,64,10,666],"product_tag":[],"class_list":{"0":"post-128658","1":"product","2":"type-product","3":"status-publish","4":"has-post-thumbnail","6":"product_brand-sammic","7":"product_cat-a-microonde","8":"product_cat-elettrici","9":"product_cat-forni","10":"product_cat-forni-attrezzature-bar","11":"product_cat-attrezzature-bar","12":"product_cat-microonde-forni","13":"pa_marca-sammic","15":"first","16":"instock","17":"taxable","18":"shipping-taxable","19":"purchasable","20":"product-type-simple"},"_links":{"self":[{"href":"https:\/\/www.creaearredanegozi.it\/de\/wp-json\/wp\/v2\/product\/128658","targetHints":{"allow":["GET"]}}],"collection":[{"href":"https:\/\/www.creaearredanegozi.it\/de\/wp-json\/wp\/v2\/product"}],"about":[{"href":"https:\/\/www.creaearredanegozi.it\/de\/wp-json\/wp\/v2\/types\/product"}],"replies":[{"embeddable":true,"href":"https:\/\/www.creaearredanegozi.it\/de\/wp-json\/wp\/v2\/comments?post=128658"}],"wp:featuredmedia":[{"embeddable":true,"href":"https:\/\/www.creaearredanegozi.it\/de\/wp-json\/wp\/v2\/media\/128659"}],"wp:attachment":[{"href":"https:\/\/www.creaearredanegozi.it\/de\/wp-json\/wp\/v2\/media?parent=128658"}],"wp:term":[{"taxonomy":"product_brand","embeddable":true,"href":"https:\/\/www.creaearredanegozi.it\/de\/wp-json\/wp\/v2\/product_brand?post=128658"},{"taxonomy":"product_cat","embeddable":true,"href":"https:\/\/www.creaearredanegozi.it\/de\/wp-json\/wp\/v2\/product_cat?post=128658"},{"taxonomy":"product_tag","embeddable":true,"href":"https:\/\/www.creaearredanegozi.it\/de\/wp-json\/wp\/v2\/product_tag?post=128658"}],"curies":[{"name":"wp","href":"https:\/\/api.w.org\/{rel}","templated":true}]}}