{"id":128901,"date":"2025-06-19T09:59:23","date_gmt":"2025-06-19T07:59:23","guid":{"rendered":"https:\/\/www.creaearredanegozi.it\/?post_type=product&#038;p=128901"},"modified":"2025-06-27T12:47:16","modified_gmt":"2025-06-27T10:47:16","slug":"eiswurfelbereiter-mit-20-kg-gefrorenen-wurfeln-sl35-ntf","status":"publish","type":"product","link":"https:\/\/www.creaearredanegozi.it\/de\/eiswurfelbereiter-mit-20-kg-gefrorenen-wurfeln-sl35-ntf\/","title":{"rendered":"Voller Eisw\u00fcrfelbereiter 20 kg Reserve 4 kg SL35 NTF"},"content":{"rendered":"<div class=\"row\">\n<div class=\"col-sm-9 col-sm-pull-3\">\n<div class=\"prodtable-techinfo\">\n<h2 style=\"text-align: center;\">Eismaschine mit eingebautem Beh\u00e4lter - Spr\u00fchsystem<br \/>\nTagesproduktion bis zu 20 kg<\/h2>\n<p>&nbsp;<\/p>\n<ul>\n<li>Voller, kristalliner und kompakter W\u00fcrfel<\/li>\n<li>\u00c4u\u00dfere Struktur AISI 304, Scotch Brite Oberfl\u00e4che<\/li>\n<li>Seitliche Gitter f\u00fcr bessere Bel\u00fcftung<\/li>\n<li>Abnehmbare Seitenteile<\/li>\n<li>Elektromechanisches Betriebssystem<\/li>\n<li>Luft- oder Wasserkondensation<\/li>\n<li>Standardspannung 220V 50Hz, Sonderspannungen auf Anfrage<\/li>\n<li>Isolierte Faltt\u00fcr<\/li>\n<li>ON-OFF-Schalter<\/li>\n<li>HFCKW-freie Innenbeh\u00e4lterisolierung<\/li>\n<li>RoHS-Konformit\u00e4t<\/li>\n<li>Vereinfachte Reinigung dank abgerundeter Oberfl\u00e4chen<\/li>\n<li>Modell in der Tropenklasse +43\u00b0C<\/li>\n<li>Externer Schutzfilter, abnehmbar, leicht zu reinigen<\/li>\n<li>Untertischmodell<\/li>\n<li><strong>Standard-W\u00fcrfel: 14g<\/strong><\/li>\n<li><strong>Optional<\/strong>Abluftpumpe (wird eingesetzt, wenn der Wandauslass gleich oder h\u00f6her als der Maschinenauslass ist)<\/li>\n<\/ul>\n<p style=\"text-align: center;\"><strong>Voller W\u00fcrfel<\/strong><\/p>\n<p><img decoding=\"async\" class=\"aligncenter wp-image-125139 size-thumbnail\" src=\"https:\/\/www.creaearredanegozi.it\/wp-content\/uploads\/2023\/07\/Ice-Cube-280x280.png\" alt=\"\" width=\"280\" height=\"280\" title=\"\" srcset=\"https:\/\/www.creaearredanegozi.it\/wp-content\/uploads\/2023\/07\/Ice-Cube-280x280.png 280w, https:\/\/www.creaearredanegozi.it\/wp-content\/uploads\/2023\/07\/Ice-Cube-250x250.png 250w, https:\/\/www.creaearredanegozi.it\/wp-content\/uploads\/2023\/07\/Ice-Cube-100x100.png 100w, https:\/\/www.creaearredanegozi.it\/wp-content\/uploads\/2023\/07\/Ice-Cube-516x516.png 516w, https:\/\/www.creaearredanegozi.it\/wp-content\/uploads\/2023\/07\/Ice-Cube-64x64.png 64w, https:\/\/www.creaearredanegozi.it\/wp-content\/uploads\/2023\/07\/Ice-Cube-400x400.png 400w, https:\/\/www.creaearredanegozi.it\/wp-content\/uploads\/2023\/07\/Ice-Cube-768x768.png 768w, https:\/\/www.creaearredanegozi.it\/wp-content\/uploads\/2023\/07\/Ice-Cube.png 771w\" sizes=\"(max-width: 280px) 100vw, 280px\" \/><\/p>\n<p><a href=\"https:\/\/www.creaearredanegozi.it\/wp-content\/uploads\/2025\/06\/cubetto-14g.jpg\"><img decoding=\"async\" class=\"aligncenter size-full wp-image-128906\" src=\"https:\/\/www.creaearredanegozi.it\/wp-content\/uploads\/2025\/06\/cubetto-14g.jpg\" alt=\"\" width=\"100%\" height=\"auto\" title=\"\" srcset=\"https:\/\/www.creaearredanegozi.it\/wp-content\/uploads\/2025\/06\/cubetto-14g.jpg 827w, https:\/\/www.creaearredanegozi.it\/wp-content\/uploads\/2025\/06\/cubetto-14g-516x271.jpg 516w, https:\/\/www.creaearredanegozi.it\/wp-content\/uploads\/2025\/06\/cubetto-14g-64x34.jpg 64w, https:\/\/www.creaearredanegozi.it\/wp-content\/uploads\/2025\/06\/cubetto-14g-762x400.jpg 762w, https:\/\/www.creaearredanegozi.it\/wp-content\/uploads\/2025\/06\/cubetto-14g-768x403.jpg 768w, https:\/\/www.creaearredanegozi.it\/wp-content\/uploads\/2025\/06\/cubetto-14g-18x9.jpg 18w\" sizes=\"(max-width: 827px) 100vw, 827px\" \/><\/a><\/p>\n<hr \/>\n<p style=\"text-align: center;\">Technische Informationen<\/p>\n<table class=\"table-striped table\" width=\"100%\">\n<tbody>\n<tr>\n<td>Produktion in 24h bis zu<\/td>\n<td>22 kg<\/td>\n<\/tr>\n<tr>\n<td>Beh\u00e4lterkapazit\u00e4t, bis zu<\/td>\n<td>4 kg<\/td>\n<\/tr>\n<tr>\n<td>Kondenswasser<\/td>\n<td>A = Luft \/ W = Wasser<\/td>\n<\/tr>\n<tr>\n<td>Typ des W\u00fcrfels<\/td>\n<td><b>14g<\/b><\/td>\n<\/tr>\n<tr>\n<td>K\u00fchlmittel<\/td>\n<td>R290<\/td>\n<\/tr>\n<tr>\n<td>Standard-Spannung<\/td>\n<td>220-240 V~ 50 Hz<\/td>\n<\/tr>\n<tr>\n<td>Elektrizit\u00e4tsverbrauch<\/td>\n<td>260 W<\/td>\n<\/tr>\n<tr>\n<td>Sicherung<\/td>\n<td>10 A<\/td>\n<\/tr>\n<tr>\n<td>Wasserverbrauch (L\/Kg)<\/td>\n<td>A: 4,5 - W: 20<\/td>\n<\/tr>\n<tr>\n<td>Abmessungen (BxTxH)<\/td>\n<td>355x404x590 mm<\/td>\n<\/tr>\n<tr>\n<td>Abmessungen der Verpackung (BxTxH)<\/td>\n<td>415x445x780 mm<\/td>\n<\/tr>\n<tr>\n<td>Dr\u00fcckerfu\u00df<\/td>\n<td>5 mm<\/td>\n<\/tr>\n<tr>\n<td>Nettogewicht \/ Bruttogewicht<\/td>\n<td>27,5\/34 kg<\/td>\n<\/tr>\n<tr>\n<td>Fertigstellung<\/td>\n<td>Rostfreier Stahl AISI 304 Scotch Brite ABS<\/td>\n<\/tr>\n<\/tbody>\n<\/table>\n<hr \/>\n<\/div>\n<\/div>\n<\/div>\n<div class=\"row\">\n<div class=\"col-sm-9 col-sm-pull-3\">\n<div class=\"prodtable-installation\">\n<p class=\"cat-color\" style=\"text-align: center;\">Einbaubedingungen<\/p>\n<table class=\"table-striped table\">\n<tbody>\n<tr>\n<td>Temperatur in der Umgebung<\/td>\n<td>+10 \/ +43 \u00b0C<\/td>\n<\/tr>\n<tr>\n<td>Wassertemperatur<\/td>\n<td>+3 \/ +32 \u00b0C<\/td>\n<\/tr>\n<tr>\n<td>Spannung<\/td>\n<td>\u00b1 10%<\/td>\n<\/tr>\n<tr>\n<td>Wassereinlassdruck<\/td>\n<td>1bar (14psi) \/ 6bar (84psi)<\/td>\n<\/tr>\n<tr>\n<td>Einrichtung<\/td>\n<td>Innenbereich \/ A' l'interieur<\/td>\n<\/tr>\n<\/tbody>\n<\/table>\n<hr \/>\n<\/div>\n<div class=\"prodtable-working\">\n<p class=\"cat-color\" style=\"text-align: center;\">Bedingungen f\u00fcr die Nutzung<\/p>\n<table class=\"table-striped table\">\n<tbody>\n<tr>\n<td>Standard-W\u00fcrfel<\/td>\n<td>14g<\/td>\n<\/tr>\n<tr>\n<td>Temperatur in der Umgebung<\/td>\n<td>+21\u00b0C<\/td>\n<\/tr>\n<tr>\n<td>Wassertemperatur<\/td>\n<td>+15\u00b0C<\/td>\n<\/tr>\n<tr>\n<td>Elektrizit\u00e4tsverbrauch berechnet zu<\/td>\n<td>+43\u00b0C (Standardspannung)<\/td>\n<\/tr>\n<\/tbody>\n<\/table>\n<\/div>\n<div>\n<hr \/>\n<p style=\"text-align: center;\"><strong>Verbindungen<\/strong><\/p>\n<table class=\"table table-striped\" style=\"width: 100%;\">\n<tbody>\n<tr>\n<td colspan=\"3\"><em>Die Ma\u00dfe beziehen sich auf die linke untere Ecke des R\u00fcckens (L-H-\u00d8)<\/em><\/td>\n<\/tr>\n<tr>\n<td>1 Wasserzulauf<\/td>\n<td>88mm - 184mm -3\/4\u2033<\/td>\n<td rowspan=\"4\"><a href=\"https:\/\/www.creaearredanegozi.it\/wp-content\/uploads\/2025\/06\/SL35-2.jpg\"><img decoding=\"async\" class=\"aligncenter wp-image-128905 size-full\" src=\"https:\/\/www.creaearredanegozi.it\/wp-content\/uploads\/2025\/06\/SL35-2.jpg\" alt=\"\" width=\"590\" height=\"789\" title=\"\" srcset=\"https:\/\/www.creaearredanegozi.it\/wp-content\/uploads\/2025\/06\/SL35-2.jpg 590w, https:\/\/www.creaearredanegozi.it\/wp-content\/uploads\/2025\/06\/SL35-2-516x690.jpg 516w, https:\/\/www.creaearredanegozi.it\/wp-content\/uploads\/2025\/06\/SL35-2-64x86.jpg 64w, https:\/\/www.creaearredanegozi.it\/wp-content\/uploads\/2025\/06\/SL35-2-299x400.jpg 299w, https:\/\/www.creaearredanegozi.it\/wp-content\/uploads\/2025\/06\/SL35-2-9x12.jpg 9w\" sizes=\"(max-width: 590px) 100vw, 590px\" \/><\/a><\/td>\n<\/tr>\n<tr>\n<td><span class=\"datasheet-n\">2<\/span>\u00a0Wasserabfluss<\/td>\n<td>45mm - 138mm - 24mm<\/td>\n<\/tr>\n<tr>\n<td><span class=\"datasheet-n\">3<\/span>\u00a0Elektrischer Anschluss<\/td>\n<td>41mm - 73mm<\/td>\n<\/tr>\n<tr>\n<td><span class=\"datasheet-n\">4<\/span>\u00a0Wasserzulauf Verfl\u00fcssiger<\/td>\n<td>N.A.<\/td>\n<\/tr>\n<\/tbody>\n<\/table>\n<\/div>\n<\/div>\n<\/div>\n<p>&nbsp;<\/p>","protected":false},"excerpt":{"rendered":"<p>Produttore di ghiaccio con contenitore incorporato &#8211; Sistema a spruzzo Produzione giornaliera fino a 20 kg &nbsp; Cubetto pieno, cristallino e compatto Struttura esterna AISI 304, finitura Scotch Brite Griglie laterali per una migliore areazione Pannelli laterali rimovibili Sistema funzionamento elettromeccanico Condensazione ad aria oppure ad acqua Voltaggio standard 220V 50Hz, a richiesta voltaggi speciali [&#8230;]","protected":false},"featured_media":128919,"comment_status":"closed","ping_status":"closed","template":"","meta":{"_monsterinsights_skip_tracking":false,"_monsterinsights_sitenote_active":false,"_monsterinsights_sitenote_note":"","_monsterinsights_sitenote_category":0},"product_brand":[764],"product_cat":[199,20],"product_tag":[761,762],"class_list":{"0":"post-128901","1":"product","2":"type-product","3":"status-publish","4":"has-post-thumbnail","6":"product_brand-ntf","7":"product_cat-produttore-di-ghiaccio-cubetto-pieno","8":"product_cat-produttori-di-ghiaccio","9":"product_tag-cb-425","10":"product_tag-ice-cube","11":"product_shipping_class-38","12":"pa_marca-ntf","14":"first","15":"instock","16":"taxable","17":"shipping-taxable","18":"purchasable","19":"product-type-variable"},"_links":{"self":[{"href":"https:\/\/www.creaearredanegozi.it\/de\/wp-json\/wp\/v2\/product\/128901","targetHints":{"allow":["GET"]}}],"collection":[{"href":"https:\/\/www.creaearredanegozi.it\/de\/wp-json\/wp\/v2\/product"}],"about":[{"href":"https:\/\/www.creaearredanegozi.it\/de\/wp-json\/wp\/v2\/types\/product"}],"replies":[{"embeddable":true,"href":"https:\/\/www.creaearredanegozi.it\/de\/wp-json\/wp\/v2\/comments?post=128901"}],"wp:featuredmedia":[{"embeddable":true,"href":"https:\/\/www.creaearredanegozi.it\/de\/wp-json\/wp\/v2\/media\/128919"}],"wp:attachment":[{"href":"https:\/\/www.creaearredanegozi.it\/de\/wp-json\/wp\/v2\/media?parent=128901"}],"wp:term":[{"taxonomy":"product_brand","embeddable":true,"href":"https:\/\/www.creaearredanegozi.it\/de\/wp-json\/wp\/v2\/product_brand?post=128901"},{"taxonomy":"product_cat","embeddable":true,"href":"https:\/\/www.creaearredanegozi.it\/de\/wp-json\/wp\/v2\/product_cat?post=128901"},{"taxonomy":"product_tag","embeddable":true,"href":"https:\/\/www.creaearredanegozi.it\/de\/wp-json\/wp\/v2\/product_tag?post=128901"}],"curies":[{"name":"wp","href":"https:\/\/api.w.org\/{rel}","templated":true}]}}