{"id":128910,"date":"2025-06-19T12:14:11","date_gmt":"2025-06-19T10:14:11","guid":{"rendered":"https:\/\/www.creaearredanegozi.it\/?post_type=product&#038;p=128910"},"modified":"2025-06-27T10:58:07","modified_gmt":"2025-06-27T08:58:07","slug":"vollwurfel-eisbereiter-produktion-30-kg-sl50-ntf","status":"publish","type":"product","link":"https:\/\/www.creaearredanegozi.it\/de\/vollwurfel-eisbereiter-produktion-30-kg-sl50-ntf\/","title":{"rendered":"Voller Eisw\u00fcrfelbereiter Produktion 30 kg Reserve 9 kg SL60 NTF"},"content":{"rendered":"<h2 style=\"text-align: center;\">Eismaschine mit eingebautem Beh\u00e4lter - Spr\u00fchsystem<br \/>\nTagesproduktion bis zu 30 kg<\/h2>\n<p>&nbsp;<\/p>\n<ul>\n<li>Voller, kristalliner und kompakter W\u00fcrfel<\/li>\n<li>\u00c4u\u00dfere Struktur AISI 304, Scotch Brite Oberfl\u00e4che<\/li>\n<li>Seitliche Gitter f\u00fcr bessere Bel\u00fcftung<\/li>\n<li>Abnehmbare Seitenteile<\/li>\n<li>Elektromechanisches Betriebssystem<\/li>\n<li>Luft- oder Wasserkondensation<\/li>\n<li>Standardspannung 220V 50Hz, Sonderspannungen auf Anfrage<\/li>\n<li>Isolierte Faltt\u00fcr<\/li>\n<li>ON-OFF-Schalter<\/li>\n<li>HFCKW-freie Innenbeh\u00e4lterisolierung<\/li>\n<li>RoHS-Konformit\u00e4t<\/li>\n<li>Vereinfachte Reinigung dank abgerundeter Oberfl\u00e4chen<\/li>\n<li>Modell in der Tropenklasse +43\u00b0C<\/li>\n<li>Externer Schutzfilter, abnehmbar, leicht zu reinigen<\/li>\n<li>Untertischmodell<\/li>\n<li><strong>Standard-W\u00fcrfel: 17g<\/strong> - Auf Anfrage: 14g\/32g\/41g<\/li>\n<li><strong>Optional<\/strong>Abluftpumpe (wird eingesetzt, wenn der Wandauslass gleich oder h\u00f6her als der Maschinenauslass ist)<\/li>\n<\/ul>\n<p style=\"text-align: center;\"><strong>Voller W\u00fcrfel<\/strong><\/p>\n<p><img decoding=\"async\" class=\"aligncenter wp-image-125139 size-thumbnail\" src=\"https:\/\/www.creaearredanegozi.it\/wp-content\/uploads\/2023\/07\/Ice-Cube-280x280.png\" alt=\"\" width=\"280\" height=\"280\" title=\"\" srcset=\"https:\/\/www.creaearredanegozi.it\/wp-content\/uploads\/2023\/07\/Ice-Cube-280x280.png 280w, https:\/\/www.creaearredanegozi.it\/wp-content\/uploads\/2023\/07\/Ice-Cube-250x250.png 250w, https:\/\/www.creaearredanegozi.it\/wp-content\/uploads\/2023\/07\/Ice-Cube-100x100.png 100w, https:\/\/www.creaearredanegozi.it\/wp-content\/uploads\/2023\/07\/Ice-Cube-516x516.png 516w, https:\/\/www.creaearredanegozi.it\/wp-content\/uploads\/2023\/07\/Ice-Cube-64x64.png 64w, https:\/\/www.creaearredanegozi.it\/wp-content\/uploads\/2023\/07\/Ice-Cube-400x400.png 400w, https:\/\/www.creaearredanegozi.it\/wp-content\/uploads\/2023\/07\/Ice-Cube-768x768.png 768w, https:\/\/www.creaearredanegozi.it\/wp-content\/uploads\/2023\/07\/Ice-Cube.png 771w\" sizes=\"(max-width: 280px) 100vw, 280px\" \/><\/p>\n<p><img decoding=\"async\" class=\"alignnone size-full wp-image-125124\" src=\"https:\/\/www.creaearredanegozi.it\/wp-content\/uploads\/2023\/07\/cubetto_pieno.jpg\" alt=\"\" width=\"100%\" height=\"auto\" title=\"\" srcset=\"https:\/\/www.creaearredanegozi.it\/wp-content\/uploads\/2023\/07\/cubetto_pieno.jpg 831w, https:\/\/www.creaearredanegozi.it\/wp-content\/uploads\/2023\/07\/cubetto_pieno-516x278.jpg 516w, https:\/\/www.creaearredanegozi.it\/wp-content\/uploads\/2023\/07\/cubetto_pieno-64x35.jpg 64w, https:\/\/www.creaearredanegozi.it\/wp-content\/uploads\/2023\/07\/cubetto_pieno-742x400.jpg 742w, https:\/\/www.creaearredanegozi.it\/wp-content\/uploads\/2023\/07\/cubetto_pieno-768x414.jpg 768w\" sizes=\"(max-width: 831px) 100vw, 831px\" \/><\/p>\n<p>&nbsp;<\/p>\n<hr \/>\n<p style=\"text-align: center;\">Technische Informationen<\/p>\n<table class=\"table-striped table\" width=\"100%\">\n<tbody>\n<tr>\n<td>Produktion in 24h bis zu<\/td>\n<td>30 kg<\/td>\n<\/tr>\n<tr>\n<td>Beh\u00e4lterkapazit\u00e4t, bis zu<\/td>\n<td>9 kg<\/td>\n<\/tr>\n<tr>\n<td>Kondenswasser<\/td>\n<td>A = Luft \/ W = Wasser<\/td>\n<\/tr>\n<tr>\n<td>Typ des W\u00fcrfels<\/td>\n<td><b>17g<\/b> (Auf Anfrage: 14g - 32g - 41g)<\/td>\n<\/tr>\n<tr>\n<td>K\u00fchlmittel<\/td>\n<td>R290<\/td>\n<\/tr>\n<tr>\n<td>Standard-Spannung<\/td>\n<td>220-240 V~ 50 Hz<\/td>\n<\/tr>\n<tr>\n<td>Elektrizit\u00e4tsverbrauch<\/td>\n<td>270 W<\/td>\n<\/tr>\n<tr>\n<td>Sicherung<\/td>\n<td>10 A<\/td>\n<\/tr>\n<tr>\n<td>Wasserverbrauch L\/Kg<\/td>\n<td>A: 5.1 - W: 16<\/td>\n<\/tr>\n<tr>\n<td>Abmessungen (BxTxH)<\/td>\n<td>387x470x687 mm<\/td>\n<\/tr>\n<tr>\n<td>Abmessungen der Verpackung (BxTxH)<\/td>\n<td>440x520x860 mm<\/td>\n<\/tr>\n<tr>\n<td>Dr\u00fcckerfu\u00df<\/td>\n<td>5 mm<\/td>\n<\/tr>\n<tr>\n<td>Nettogewicht \/ Bruttogewicht<\/td>\n<td>33\/39 kg<\/td>\n<\/tr>\n<tr>\n<td>Fertigstellung<\/td>\n<td>Rostfreier Stahl AISI 18\/8 Scotch Brite<\/td>\n<\/tr>\n<\/tbody>\n<\/table>\n<hr \/>\n<p class=\"cat-color\" style=\"text-align: center;\">Einbaubedingungen<\/p>\n<table class=\"table-striped table\" width=\"100%\">\n<tbody>\n<tr>\n<td>Temperatur in der Umgebung<\/td>\n<td>+10 \/ +43 \u00b0C<\/td>\n<\/tr>\n<tr>\n<td>Wassertemperatur<\/td>\n<td>+3 \/ +32 \u00b0C<\/td>\n<\/tr>\n<tr>\n<td>Spannung<\/td>\n<td>\u00b1 10%<\/td>\n<\/tr>\n<tr>\n<td>Wassereinlassdruck<\/td>\n<td>1bar (14psi) \/ 6bar (84psi)<\/td>\n<\/tr>\n<tr>\n<td>Einrichtung<\/td>\n<td>Innenbereich \/ A' l'interieur<\/td>\n<\/tr>\n<\/tbody>\n<\/table>\n<hr \/>\n<div class=\"prodtable-working\">\n<p class=\"cat-color\" style=\"text-align: center;\">Verwendungsbedingungen f\u00fcr Produktionen<strong> bis zu 36 kg<\/strong><\/p>\n<table class=\"table-striped table\" width=\"100%\">\n<tbody>\n<tr>\n<td>Standard-W\u00fcrfel<\/td>\n<td>17g<\/td>\n<\/tr>\n<tr>\n<td>Temperatur in der Umgebung<\/td>\n<td>+10\u00b0C<\/td>\n<\/tr>\n<tr>\n<td>Wassertemperatur<\/td>\n<td>+10\u00b0C<\/td>\n<\/tr>\n<tr>\n<td>Elektrizit\u00e4tsverbrauch berechnet zu<\/td>\n<td>+43\u00b0C (Standardspannung)<\/td>\n<\/tr>\n<\/tbody>\n<\/table>\n<p style=\"text-align: center;\">Bedingungen f\u00fcr die Verwendung in der Produktion <strong>bis zu 32 kg<\/strong><\/p>\n<table class=\"table-striped table\" width=\"100%\">\n<tbody>\n<tr>\n<td>Standard-W\u00fcrfel<\/td>\n<td>17g<\/td>\n<\/tr>\n<tr>\n<td>Temperatur in der Umgebung<\/td>\n<td>+21\u00b0C<\/td>\n<\/tr>\n<tr>\n<td>Wassertemperatur<\/td>\n<td>+15\u00b0C<\/td>\n<\/tr>\n<tr>\n<td>Elektrizit\u00e4tsverbrauch berechnet zu<\/td>\n<td>+43\u00b0C (Standardspannung)<\/td>\n<\/tr>\n<\/tbody>\n<\/table>\n<p style=\"text-align: center;\">Bedingungen f\u00fcr die Verwendung in der Produktion<strong> bis zu 26 kg<\/strong><\/p>\n<\/div>\n<table class=\"table-striped table\" width=\"100%\">\n<tbody>\n<tr>\n<td>Standard-W\u00fcrfel<\/td>\n<td>17g<\/td>\n<\/tr>\n<tr>\n<td>Temperatur in der Umgebung<\/td>\n<td>+32\u00b0C<\/td>\n<\/tr>\n<tr>\n<td>Wassertemperatur<\/td>\n<td>+21\u00b0C<\/td>\n<\/tr>\n<tr>\n<td>Elektrizit\u00e4tsverbrauch berechnet zu<\/td>\n<td>+43\u00b0C (Standardspannung)<\/td>\n<\/tr>\n<\/tbody>\n<\/table>\n<div class=\"col-sm-9 col-sm-pull-3\">\n<hr \/>\n<p style=\"text-align: center;\"><strong>Verbindungen<\/strong><\/p>\n<table class=\"table table-striped\" style=\"width: 100%;\">\n<tbody>\n<tr>\n<td colspan=\"3\"><em>Die Ma\u00dfe beziehen sich auf die linke untere Ecke des R\u00fcckens (L-H-\u00d8)<\/em><\/td>\n<\/tr>\n<tr>\n<td>1 Wasserzulauf<\/td>\n<td>130mm - 145mm -3\/4\u2033<\/td>\n<td rowspan=\"4\"><a href=\"https:\/\/www.creaearredanegozi.it\/wp-content\/uploads\/2025\/06\/SL60-misure.jpg\"><img decoding=\"async\" class=\"aligncenter wp-image-128917 size-full\" src=\"https:\/\/www.creaearredanegozi.it\/wp-content\/uploads\/2025\/06\/SL60-misure.jpg\" alt=\"\" width=\"431\" height=\"585\" title=\"\" srcset=\"https:\/\/www.creaearredanegozi.it\/wp-content\/uploads\/2025\/06\/SL60-misure.jpg 431w, https:\/\/www.creaearredanegozi.it\/wp-content\/uploads\/2025\/06\/SL60-misure-64x87.jpg 64w, https:\/\/www.creaearredanegozi.it\/wp-content\/uploads\/2025\/06\/SL60-misure-295x400.jpg 295w, https:\/\/www.creaearredanegozi.it\/wp-content\/uploads\/2025\/06\/SL60-misure-9x12.jpg 9w\" sizes=\"(max-width: 431px) 100vw, 431px\" \/><\/a><\/td>\n<\/tr>\n<tr>\n<td><span class=\"datasheet-n\">2<\/span>\u00a0Wasserabfluss<\/td>\n<td>49mm - 140mm - 24mm<\/td>\n<\/tr>\n<tr>\n<td><span class=\"datasheet-n\">3<\/span>\u00a0Elektrischer Anschluss<\/td>\n<td>95mm - 209mm<\/td>\n<\/tr>\n<tr>\n<td><span class=\"datasheet-n\">4<\/span>\u00a0Wasserzulauf Verfl\u00fcssiger<\/td>\n<td>N.A.<\/td>\n<\/tr>\n<\/tbody>\n<\/table>\n<\/div>","protected":false},"excerpt":{"rendered":"<p>Produttore di ghiaccio con contenitore incorporato &#8211; Sistema a spruzzo Produzione giornaliera fino a 30 kg &nbsp; Cubetto pieno, cristallino e compatto Struttura esterna AISI 304, finitura Scotch Brite Griglie laterali per una migliore areazione Pannelli laterali rimovibili Sistema funzionamento elettromeccanico Condensazione ad aria oppure ad acqua Voltaggio standard 220V 50Hz, a richiesta voltaggi speciali [&#8230;]","protected":false},"featured_media":128918,"comment_status":"closed","ping_status":"closed","template":"","meta":{"_monsterinsights_skip_tracking":false,"_monsterinsights_sitenote_active":false,"_monsterinsights_sitenote_note":"","_monsterinsights_sitenote_category":0},"product_brand":[764],"product_cat":[199,20],"product_tag":[761,762],"class_list":{"0":"post-128910","1":"product","2":"type-product","3":"status-publish","4":"has-post-thumbnail","6":"product_brand-ntf","7":"product_cat-produttore-di-ghiaccio-cubetto-pieno","8":"product_cat-produttori-di-ghiaccio","9":"product_tag-cb-425","10":"product_tag-ice-cube","11":"product_shipping_class-32","12":"pa_marca-ntf","14":"first","15":"instock","16":"taxable","17":"shipping-taxable","18":"purchasable","19":"product-type-variable"},"_links":{"self":[{"href":"https:\/\/www.creaearredanegozi.it\/de\/wp-json\/wp\/v2\/product\/128910","targetHints":{"allow":["GET"]}}],"collection":[{"href":"https:\/\/www.creaearredanegozi.it\/de\/wp-json\/wp\/v2\/product"}],"about":[{"href":"https:\/\/www.creaearredanegozi.it\/de\/wp-json\/wp\/v2\/types\/product"}],"replies":[{"embeddable":true,"href":"https:\/\/www.creaearredanegozi.it\/de\/wp-json\/wp\/v2\/comments?post=128910"}],"wp:featuredmedia":[{"embeddable":true,"href":"https:\/\/www.creaearredanegozi.it\/de\/wp-json\/wp\/v2\/media\/128918"}],"wp:attachment":[{"href":"https:\/\/www.creaearredanegozi.it\/de\/wp-json\/wp\/v2\/media?parent=128910"}],"wp:term":[{"taxonomy":"product_brand","embeddable":true,"href":"https:\/\/www.creaearredanegozi.it\/de\/wp-json\/wp\/v2\/product_brand?post=128910"},{"taxonomy":"product_cat","embeddable":true,"href":"https:\/\/www.creaearredanegozi.it\/de\/wp-json\/wp\/v2\/product_cat?post=128910"},{"taxonomy":"product_tag","embeddable":true,"href":"https:\/\/www.creaearredanegozi.it\/de\/wp-json\/wp\/v2\/product_tag?post=128910"}],"curies":[{"name":"wp","href":"https:\/\/api.w.org\/{rel}","templated":true}]}}