{"id":128938,"date":"2025-06-30T19:57:50","date_gmt":"2025-06-30T17:57:50","guid":{"rendered":"https:\/\/www.creaearredanegozi.it\/?post_type=product&#038;p=128938"},"modified":"2026-02-25T17:52:57","modified_gmt":"2026-02-25T16:52:57","slug":"thekenfleischvitrine-schwarz-kunststoffbeschichteter-stahl-touchpanel-35-kg-meatico","status":"publish","type":"product","link":"https:\/\/www.creaearredanegozi.it\/de\/thekenfleischvitrine-schwarz-kunststoffbeschichteter-stahl-touchpanel-35-kg-meatico\/","title":{"rendered":"Fleischtheke schwarz kunststoffbeschichteter Stahl Touchpanel 35 kg Meatico 150"},"content":{"rendered":"<h2 style=\"text-align: center;\"><strong>Fleischtheke mit Touchpanel 35 kg Meatico 150<\/strong><\/h2>\n<p><strong>MEAT150<\/strong>\u00a0ist das ideale Ger\u00e4t f\u00fcr alle, die sich ausschlie\u00dflich der sicheren und professionellen Reifung von Fleisch widmen wollen. Immer mehr Restaurants und Metzgereien entscheiden sich heute daf\u00fcr, die Reifung und Reifung ihrer Fleischst\u00fccke direkt zu \u00fcberwachen, um ihren Kunden ein einzigartiges, hochwertiges Produkt anzubieten. Meatico schafft dank fortschrittlicher Technologie und der langj\u00e4hrigen Erfahrung unseres Unternehmens in der professionellen K\u00fchlung eine sichere und kontrollierte Reifeumgebung. Das elegante Design und die Liebe zum Detail machen diese Produkte besonders geeignet f\u00fcr die Pr\u00e4sentation im Raum, damit die Kunden den Reifungsprozess Schritt f\u00fcr Schritt verfolgen k\u00f6nnen.<\/p>\n<p>Die Meatico by Everlasting Reifevitrine wurde als Antwort auf den Bedarf an einem modernen Weinkeller entwickelt, mit dem die perfekten Bedingungen f\u00fcr die Reifung von Wein wiederhergestellt werden k\u00f6nnen. <strong>Rollender<\/strong>das ganze Jahr \u00fcber, sicher und auf ganz nat\u00fcrliche Weise.<\/p>\n<p><strong>MEATico<\/strong> Meat 150 stellt \u00fcber ein Wi-Fi-Netzwerk automatisch eine Verbindung zur Cloud her, so dass der Betrieb und die Parameter des Zellenschranks aus der Ferne verwaltet werden k\u00f6nnen.<\/p>\n<p><strong>Merkmale:<\/strong><\/p>\n<ul>\n<li>Innen aus hochglanzpoliertem Edelstahl AISI 304, au\u00dfen aus schwarz kunststoffbeschichtetem Stahl mit Glast\u00fcr.<\/li>\n<li>TEMPERATUR 0\u00b0\/ +10\u00b0C<\/li>\n<li>HUMIDITY 40% \u00f7 90% Feuchteregelung. Kein Anschluss an das Wassernetz erforderlich.<\/li>\n<li>VENTILATION Die L\u00fcftungsgeschwindigkeit kann eingestellt werden.<\/li>\n<li>UVC-LAMPE Keimt\u00f6tende LED-UVC-Lampe als Standard.<\/li>\n<li>INNENAUSSTATTUNG: 2 Gitterroste aus rostfreiem Stahl AISI 304, Ma\u00dfe: 460\u00d7470 mm<\/li>\n<\/ul>\n<hr \/>\n<p style=\"text-align: center;\"><strong>MEATtouch-Bedienfeld<\/strong><\/p>\n<p>Das MEATouch-Panel von MEATico ist mit einer Technologie ausgestattet, die ganz auf die Fleischreifung ausgerichtet ist.<br \/>\nVom Display aus haben Sie Zugriff auf<\/p>\n<ul>\n<li class=\"mbr-section-subtitle mbr-fonts-style align-center mb-0 mt-2 display-5\">3 voreingestellte Rezepte<\/li>\n<li>Programmierbare Rezepte mit bis zu 4 verschiedenen Phasen<\/li>\n<li>10 vollst\u00e4ndig anpassbare Rezepte<\/li>\n<\/ul>\n<p><a href=\"https:\/\/www.creaearredanegozi.it\/wp-content\/uploads\/2025\/06\/meatico-2024-1130x715-1.png\"><img decoding=\"async\" class=\"aligncenter size-full wp-image-128936\" src=\"https:\/\/www.creaearredanegozi.it\/wp-content\/uploads\/2025\/06\/meatico-2024-1130x715-1.png\" alt=\"\" width=\"100%\" height=\"auto\" title=\"\" srcset=\"https:\/\/www.creaearredanegozi.it\/wp-content\/uploads\/2025\/06\/meatico-2024-1130x715-1.png 1130w, https:\/\/www.creaearredanegozi.it\/wp-content\/uploads\/2025\/06\/meatico-2024-1130x715-1-516x326.png 516w, https:\/\/www.creaearredanegozi.it\/wp-content\/uploads\/2025\/06\/meatico-2024-1130x715-1-64x40.png 64w, https:\/\/www.creaearredanegozi.it\/wp-content\/uploads\/2025\/06\/meatico-2024-1130x715-1-632x400.png 632w, https:\/\/www.creaearredanegozi.it\/wp-content\/uploads\/2025\/06\/meatico-2024-1130x715-1-768x486.png 768w, https:\/\/www.creaearredanegozi.it\/wp-content\/uploads\/2025\/06\/meatico-2024-1130x715-1-18x12.png 18w\" sizes=\"(max-width: 1130px) 100vw, 1130px\" \/><\/a> <a href=\"https:\/\/www.creaearredanegozi.it\/wp-content\/uploads\/2025\/06\/Meat150-controllo.jpg\"><img decoding=\"async\" class=\"aligncenter size-full wp-image-128935\" src=\"https:\/\/www.creaearredanegozi.it\/wp-content\/uploads\/2025\/06\/Meat150-controllo.jpg\" alt=\"\" width=\"100%\" height=\"auto\" title=\"\" srcset=\"https:\/\/www.creaearredanegozi.it\/wp-content\/uploads\/2025\/06\/Meat150-controllo.jpg 1269w, https:\/\/www.creaearredanegozi.it\/wp-content\/uploads\/2025\/06\/Meat150-controllo-516x313.jpg 516w, https:\/\/www.creaearredanegozi.it\/wp-content\/uploads\/2025\/06\/Meat150-controllo-64x39.jpg 64w, https:\/\/www.creaearredanegozi.it\/wp-content\/uploads\/2025\/06\/Meat150-controllo-659x400.jpg 659w, https:\/\/www.creaearredanegozi.it\/wp-content\/uploads\/2025\/06\/Meat150-controllo-768x466.jpg 768w, https:\/\/www.creaearredanegozi.it\/wp-content\/uploads\/2025\/06\/Meat150-controllo-18x12.jpg 18w\" sizes=\"(max-width: 1269px) 100vw, 1269px\" \/><\/a><\/p>\n<p>&nbsp;<\/p>\n<p style=\"text-align: left;\"><strong>Funktionelle Merkmale:<\/strong><\/p>\n<div class=\"col-12 col-lg-6\">\n<ul class=\"list mbr-fonts-style display-7\">\n<li>Kontrollierte Parameter f\u00fcr jede Phase: Temperatur, Luftfeuchtigkeit, L\u00fcftergeschwindigkeit und Phasendauer<\/li>\n<li>St\u00e4ndige Anzeige von Raumtemperatur und Luftfeuchtigkeit<\/li>\n<li>Wi-Fi-Verbindung f\u00fcr Fernanzeige und -steuerung<\/li>\n<li>Alarmverlauf kombiniert mit Pop-up-Warnmeldungen<\/li>\n<li>Manuelle oder zeitgesteuerte Aktivierung der UVC-Entkeimungslampe<\/li>\n<li>Anzeige der w\u00e4hrend des Rezepts gemessenen durchschnittlichen Temperatur- und Feuchtigkeitswerte<\/li>\n<li>M\u00f6glichkeit zur Aktualisierung der Software \u00fcber USB-Buchse<\/li>\n<li>HACCP-Datenprotokoll und Alarme<\/li>\n<li>Alarmverlauf kombiniert mit Pop-up-Warnmeldungen<\/li>\n<li>Uhr- und Datumsanzeige (RTC)<\/li>\n<li>Mehrsprachiges Men\u00fc<\/li>\n<li>Schnelle Einstellung und Anzeige von Temperatur und Luftfeuchtigkeit<\/li>\n<li>Manuelle oder zeitgesteuerte Aktivierung der UVC-Entkeimungslampe<\/li>\n<li>Anzeige der w\u00e4hrend des Rezepts gemessenen durchschnittlichen Temperatur- und Feuchtigkeitswerte<\/li>\n<li>Wi-Fi-Verbindung f\u00fcr Fernanzeige und -steuerung<\/li>\n<\/ul>\n<\/div>\n<p>&nbsp;<\/p>\n<hr \/>\n<p><strong>Technische Daten:<\/strong><\/p>\n<table class=\"table table-striped\" width=\"100%\">\n<tbody>\n<tr>\n<td width=\"50%\">\n<div align=\"left\"><strong>Modell<\/strong><\/div>\n<\/td>\n<td width=\"50%\">\n<div align=\"left\"><strong>STG FLEISCH 150 SCHWARZ GLAS<\/strong><\/div>\n<\/td>\n<\/tr>\n<tr>\n<td>\n<div align=\"left\">Abmessungen (BxTxH mm)<\/div>\n<\/td>\n<td>\n<div align=\"left\">600 x 600 x 910<\/div>\n<\/td>\n<\/tr>\n<tr>\n<td>\n<div align=\"left\">Temperatur<\/div>\n<div align=\"left\">Luftfeuchtigkeit<\/div>\n<\/td>\n<td>\n<div align=\"left\">0\u00b0 + 10\u00b0C<\/div>\n<div align=\"left\">40% - 90% U.R<\/div>\n<\/td>\n<\/tr>\n<tr>\n<td>\n<div align=\"left\">Leistung des K\u00fchlschranks (in Watt)<\/div>\n<\/td>\n<td>\n<div align=\"left\">304<\/div>\n<\/td>\n<\/tr>\n<tr>\n<td>\n<div align=\"left\">Absorbierte Leistung<\/div>\n<\/td>\n<td>\n<div align=\"left\">500 W \/ 2,7 A<\/div>\n<\/td>\n<\/tr>\n<tr>\n<td>\n<div align=\"left\">Spannung<\/div>\n<\/td>\n<td>\n<div align=\"left\">230 V - 50 Hz<\/div>\n<\/td>\n<\/tr>\n<tr>\n<td>\n<div align=\"left\">Gas<\/div>\n<\/td>\n<td>R290<\/td>\n<\/tr>\n<tr>\n<td>\n<div align=\"left\">Kapazit\u00e4t<\/div>\n<\/td>\n<td>\n<div align=\"left\">Fleisch 35 kg<\/div>\n<\/td>\n<\/tr>\n<tr>\n<td>\n<div align=\"left\">Anzeige<\/div>\n<\/td>\n<td>\n<div align=\"left\">MEATouch<\/div>\n<\/td>\n<\/tr>\n<tr>\n<td>\n<div align=\"left\">Nettogewicht (kg)<\/div>\n<\/td>\n<td>\n<div align=\"left\">67<\/div>\n<\/td>\n<\/tr>\n<tr>\n<td>\n<div align=\"left\">Bruttogewicht (kg)<\/div>\n<\/td>\n<td>\n<div align=\"left\">77<\/div>\n<\/td>\n<\/tr>\n<\/tbody>\n<\/table>\n<p>&nbsp;<\/p>\n<p><a href=\"https:\/\/www.creaearredanegozi.it\/wp-content\/uploads\/2025\/06\/MEAT150-ambientazione.jpg\"><img decoding=\"async\" class=\"aligncenter size-full wp-image-128942\" src=\"https:\/\/www.creaearredanegozi.it\/wp-content\/uploads\/2025\/06\/MEAT150-ambientazione.jpg\" alt=\"Fleisch 150 Mixer\" width=\"100%\" height=\"auto\" title=\"\" srcset=\"https:\/\/www.creaearredanegozi.it\/wp-content\/uploads\/2025\/06\/MEAT150-ambientazione.jpg 664w, https:\/\/www.creaearredanegozi.it\/wp-content\/uploads\/2025\/06\/MEAT150-ambientazione-250x250.jpg 250w, https:\/\/www.creaearredanegozi.it\/wp-content\/uploads\/2025\/06\/MEAT150-ambientazione-100x100.jpg 100w, https:\/\/www.creaearredanegozi.it\/wp-content\/uploads\/2025\/06\/MEAT150-ambientazione-516x516.jpg 516w, https:\/\/www.creaearredanegozi.it\/wp-content\/uploads\/2025\/06\/MEAT150-ambientazione-64x64.jpg 64w, https:\/\/www.creaearredanegozi.it\/wp-content\/uploads\/2025\/06\/MEAT150-ambientazione-400x400.jpg 400w, https:\/\/www.creaearredanegozi.it\/wp-content\/uploads\/2025\/06\/MEAT150-ambientazione-280x280.jpg 280w, https:\/\/www.creaearredanegozi.it\/wp-content\/uploads\/2025\/06\/MEAT150-ambientazione-12x12.jpg 12w\" sizes=\"(max-width: 664px) 100vw, 664px\" \/><\/a><\/p>","protected":false},"excerpt":{"rendered":"<p>Vetrina frollatura carne da banco pannello touch 35 kg Meatico 150 MEAT150\u00a0\u00e8 lo strumento ideale per coloro che vogliono dedicarsi esclusivamente alla frollatura della carne in modo sicuro e professionale. Sempre pi\u00f9 ristoranti e macellerie oggi decidono di seguire direttamente la maturazione e la frollatura dei propri tagli di carne in modo da offrire al [&#8230;]","protected":false},"featured_media":128939,"comment_status":"closed","ping_status":"closed","template":"","meta":{"_monsterinsights_skip_tracking":false,"_monsterinsights_sitenote_active":false,"_monsterinsights_sitenote_note":"","_monsterinsights_sitenote_category":0},"product_brand":[743],"product_cat":[21],"product_tag":[],"class_list":{"0":"post-128938","1":"product","2":"type-product","3":"status-publish","4":"has-post-thumbnail","6":"product_brand-everlasting","7":"product_cat-stagionatori-e-frollatori","8":"product_shipping_class-206","9":"pa_marca-everlasting","11":"first","12":"instock","13":"taxable","14":"shipping-taxable","15":"purchasable","16":"product-type-simple"},"_links":{"self":[{"href":"https:\/\/www.creaearredanegozi.it\/de\/wp-json\/wp\/v2\/product\/128938","targetHints":{"allow":["GET"]}}],"collection":[{"href":"https:\/\/www.creaearredanegozi.it\/de\/wp-json\/wp\/v2\/product"}],"about":[{"href":"https:\/\/www.creaearredanegozi.it\/de\/wp-json\/wp\/v2\/types\/product"}],"replies":[{"embeddable":true,"href":"https:\/\/www.creaearredanegozi.it\/de\/wp-json\/wp\/v2\/comments?post=128938"}],"wp:featuredmedia":[{"embeddable":true,"href":"https:\/\/www.creaearredanegozi.it\/de\/wp-json\/wp\/v2\/media\/128939"}],"wp:attachment":[{"href":"https:\/\/www.creaearredanegozi.it\/de\/wp-json\/wp\/v2\/media?parent=128938"}],"wp:term":[{"taxonomy":"product_brand","embeddable":true,"href":"https:\/\/www.creaearredanegozi.it\/de\/wp-json\/wp\/v2\/product_brand?post=128938"},{"taxonomy":"product_cat","embeddable":true,"href":"https:\/\/www.creaearredanegozi.it\/de\/wp-json\/wp\/v2\/product_cat?post=128938"},{"taxonomy":"product_tag","embeddable":true,"href":"https:\/\/www.creaearredanegozi.it\/de\/wp-json\/wp\/v2\/product_tag?post=128938"}],"curies":[{"name":"wp","href":"https:\/\/api.w.org\/{rel}","templated":true}]}}