{"id":128956,"date":"2025-07-02T13:11:47","date_gmt":"2025-07-02T11:11:47","guid":{"rendered":"https:\/\/www.creaearredanegozi.it\/?post_type=product&#038;p=128956"},"modified":"2025-07-02T16:03:07","modified_gmt":"2025-07-02T14:03:07","slug":"cold-cream-spender-kapazitat-2x-2-8-l-b-cube-3-2-bras","status":"publish","type":"product","link":"https:\/\/www.creaearredanegozi.it\/de\/cold-cream-spender-kapazitat-2x-2-8-l-b-cube-3-2-bras\/","title":{"rendered":"Cold Cream Dispenser 2x 2,8 l Inhalt B-CUBE 3.2 BRAS"},"content":{"rendered":"<h2 style=\"text-align: center;\">Cold Cream Dispenser mit 2 x 2,8 l Beh\u00e4lter BRAS CUBE 3.2<\/h2>\n<p>B-cube, die brandneue Bras-Maschine mit einem exklusiven Design und geringen Abmessungen, die es Ihnen erm\u00f6glicht, auch kleine Produktmengen zu verarbeiten.<br \/>\nDieses einzigartige Schmuckst\u00fcck 'made in Italy' ist mit einem 2,8-Liter-Beh\u00e4lter ausgestattet, der sich hervorragend f\u00fcr die Zubereitung von kalten Cremes, Sorbets und Slushies eignet.<br \/>\nEine echte \"Boutique-Maschine\" mit einem eleganten und kompakten Stil, die so konzipiert ist, dass sie Ihre Botschaft oder Ihr Produkt optimal vermittelt und Ihnen maximale Freiheit bei der individuellen Gestaltung bietet.<\/p>\n<ul>\n<li>Thekendispenser<\/li>\n<li>Speziell f\u00fcr das Servieren von gefriergetrockneten Kaltgetr\u00e4nken entwickelt<\/li>\n<li>Transparenter sto\u00dffester Lebensmittelbeh\u00e4lter aus Polycarbonat<\/li>\n<li>Fassungsverm\u00f6gen 2 x lt 2,8<\/li>\n<li>Vollst\u00e4ndig demontierbarer Wasserhahn<\/li>\n<li>Elektronischer Thermostat zur Temperaturregelung<\/li>\n<li>Leistung 1100 Watt.<\/li>\n<li>Erh\u00e4ltlich in wei\u00df\/braun, auf Anfrage auch komplett wei\u00df<\/li>\n<li>Abmessungen B37xT44xH49 cm<\/li>\n<li>Nettogewicht 36 kg<\/li>\n<li>Spannung 230V 50Hz.<\/li>\n<\/ul>\n<table class=\"table table-striped\" width=\"100%\" cellspacing=\"1\" cellpadding=\"1\" align=\"center\">\n<tbody>\n<tr>\n<td><strong>Andere Merkmale<\/strong><\/td>\n<\/tr>\n<tr>\n<td>- Copolyester-Tank (BPA-frei), Fassungsverm\u00f6gen 2,8 Liter<\/td>\n<\/tr>\n<tr>\n<td>- Karosserie aus lackiertem Stahl<\/td>\n<\/tr>\n<tr>\n<td>- Hermetischer Kompressor<\/td>\n<\/tr>\n<tr>\n<td>- Luftgek\u00fchlter Verfl\u00fcssiger<\/td>\n<\/tr>\n<tr>\n<td>- Motorschutzschalter<\/td>\n<\/tr>\n<tr>\n<td valign=\"top\">- Ger\u00e4uschpegel unter 70 dB (A)<\/td>\n<\/tr>\n<tr>\n<td valign=\"top\">- GAS R290: ausgestattet mit elektrischen ATEX-Komponenten<\/td>\n<\/tr>\n<\/tbody>\n<\/table>\n<hr \/>\n<p><a href=\"https:\/\/www.creaearredanegozi.it\/wp-content\/uploads\/2025\/07\/B-Cube_Standard_ita2.jpg\"><img decoding=\"async\" class=\"aligncenter wp-image-128948 size-full\" src=\"https:\/\/www.creaearredanegozi.it\/wp-content\/uploads\/2025\/07\/B-Cube_Standard_ita2.jpg\" alt=\"\" width=\"100%\" height=\"auto\" title=\"\" srcset=\"https:\/\/www.creaearredanegozi.it\/wp-content\/uploads\/2025\/07\/B-Cube_Standard_ita2.jpg 990w, https:\/\/www.creaearredanegozi.it\/wp-content\/uploads\/2025\/07\/B-Cube_Standard_ita2-516x172.jpg 516w, https:\/\/www.creaearredanegozi.it\/wp-content\/uploads\/2025\/07\/B-Cube_Standard_ita2-64x21.jpg 64w, https:\/\/www.creaearredanegozi.it\/wp-content\/uploads\/2025\/07\/B-Cube_Standard_ita2-800x267.jpg 800w, https:\/\/www.creaearredanegozi.it\/wp-content\/uploads\/2025\/07\/B-Cube_Standard_ita2-768x256.jpg 768w, https:\/\/www.creaearredanegozi.it\/wp-content\/uploads\/2025\/07\/B-Cube_Standard_ita2-18x6.jpg 18w\" sizes=\"(max-width: 990px) 100vw, 990px\" \/><\/a><\/p>\n<p style=\"text-align: center;\">Serienm\u00e4\u00dfig mit Doppelglocke f\u00fcr bessere K\u00fchlleistung, geringeren Stromverbrauch und um der Bildung von Kondenswasser entgegenzuwirken<\/p>\n<hr \/>\n<p style=\"text-align: center;\"><a href=\"https:\/\/www.creaearredanegozi.it\/wp-content\/uploads\/2025\/07\/B-cube_2_VETRINA_990X495_ita.jpg\"><img decoding=\"async\" class=\"aligncenter wp-image-128953 size-full\" src=\"https:\/\/www.creaearredanegozi.it\/wp-content\/uploads\/2025\/07\/B-cube_2_VETRINA_990X495_ita.jpg\" alt=\"\" width=\"100%\" height=\"auto\" title=\"\" srcset=\"https:\/\/www.creaearredanegozi.it\/wp-content\/uploads\/2025\/07\/B-cube_2_VETRINA_990X495_ita.jpg 990w, https:\/\/www.creaearredanegozi.it\/wp-content\/uploads\/2025\/07\/B-cube_2_VETRINA_990X495_ita-516x258.jpg 516w, https:\/\/www.creaearredanegozi.it\/wp-content\/uploads\/2025\/07\/B-cube_2_VETRINA_990X495_ita-64x32.jpg 64w, https:\/\/www.creaearredanegozi.it\/wp-content\/uploads\/2025\/07\/B-cube_2_VETRINA_990X495_ita-800x400.jpg 800w, https:\/\/www.creaearredanegozi.it\/wp-content\/uploads\/2025\/07\/B-cube_2_VETRINA_990X495_ita-768x384.jpg 768w, https:\/\/www.creaearredanegozi.it\/wp-content\/uploads\/2025\/07\/B-cube_2_VETRINA_990X495_ita-18x9.jpg 18w\" sizes=\"(max-width: 990px) 100vw, 990px\" \/><img decoding=\"async\" class=\"aligncenter size-full wp-image-128959\" src=\"https:\/\/www.creaearredanegozi.it\/wp-content\/uploads\/2025\/07\/B-Cube-ambiente.jpg\" alt=\"\" width=\"100%\" height=\"auto\" title=\"\" srcset=\"https:\/\/www.creaearredanegozi.it\/wp-content\/uploads\/2025\/07\/B-Cube-ambiente.jpg 1714w, https:\/\/www.creaearredanegozi.it\/wp-content\/uploads\/2025\/07\/B-Cube-ambiente-516x409.jpg 516w, https:\/\/www.creaearredanegozi.it\/wp-content\/uploads\/2025\/07\/B-Cube-ambiente-64x51.jpg 64w, https:\/\/www.creaearredanegozi.it\/wp-content\/uploads\/2025\/07\/B-Cube-ambiente-505x400.jpg 505w, https:\/\/www.creaearredanegozi.it\/wp-content\/uploads\/2025\/07\/B-Cube-ambiente-1010x800.jpg 1010w, https:\/\/www.creaearredanegozi.it\/wp-content\/uploads\/2025\/07\/B-Cube-ambiente-768x608.jpg 768w, https:\/\/www.creaearredanegozi.it\/wp-content\/uploads\/2025\/07\/B-Cube-ambiente-1536x1217.jpg 1536w, https:\/\/www.creaearredanegozi.it\/wp-content\/uploads\/2025\/07\/B-Cube-ambiente-15x12.jpg 15w\" sizes=\"(max-width: 1714px) 100vw, 1714px\" \/><\/a><\/p>","protected":false},"excerpt":{"rendered":"<p>Distributore di creme fredde con 2 contenitori da 2.8 lt BRAS CUBE 3.2 B-cube, la nuovissima macchina Bras dal design esclusivo e dalle dimensioni ridotte che ti permetter\u00e0 di gestire anche piccole quantit\u00e0 di prodotto. Un gioiello \u2018made in Italy\u2019 unico nel suo genere \u00e8 progettato con un contenitore da 2.8 litri, ottimo per la [&#8230;]","protected":false},"featured_media":128963,"comment_status":"closed","ping_status":"closed","template":"","meta":{"_monsterinsights_skip_tracking":false,"_monsterinsights_sitenote_active":false,"_monsterinsights_sitenote_note":"","_monsterinsights_sitenote_category":0},"product_brand":[618],"product_cat":[207],"product_tag":[],"class_list":{"0":"post-128956","1":"product","2":"type-product","3":"status-publish","4":"has-post-thumbnail","6":"product_brand-bras","7":"product_cat-granitori","8":"pa_marca-bras","10":"first","11":"instock","12":"taxable","13":"shipping-taxable","14":"purchasable","15":"product-type-simple"},"_links":{"self":[{"href":"https:\/\/www.creaearredanegozi.it\/de\/wp-json\/wp\/v2\/product\/128956","targetHints":{"allow":["GET"]}}],"collection":[{"href":"https:\/\/www.creaearredanegozi.it\/de\/wp-json\/wp\/v2\/product"}],"about":[{"href":"https:\/\/www.creaearredanegozi.it\/de\/wp-json\/wp\/v2\/types\/product"}],"replies":[{"embeddable":true,"href":"https:\/\/www.creaearredanegozi.it\/de\/wp-json\/wp\/v2\/comments?post=128956"}],"wp:featuredmedia":[{"embeddable":true,"href":"https:\/\/www.creaearredanegozi.it\/de\/wp-json\/wp\/v2\/media\/128963"}],"wp:attachment":[{"href":"https:\/\/www.creaearredanegozi.it\/de\/wp-json\/wp\/v2\/media?parent=128956"}],"wp:term":[{"taxonomy":"product_brand","embeddable":true,"href":"https:\/\/www.creaearredanegozi.it\/de\/wp-json\/wp\/v2\/product_brand?post=128956"},{"taxonomy":"product_cat","embeddable":true,"href":"https:\/\/www.creaearredanegozi.it\/de\/wp-json\/wp\/v2\/product_cat?post=128956"},{"taxonomy":"product_tag","embeddable":true,"href":"https:\/\/www.creaearredanegozi.it\/de\/wp-json\/wp\/v2\/product_tag?post=128956"}],"curies":[{"name":"wp","href":"https:\/\/api.w.org\/{rel}","templated":true}]}}