{"id":128961,"date":"2025-07-02T13:23:07","date_gmt":"2025-07-02T11:23:07","guid":{"rendered":"https:\/\/www.creaearredanegozi.it\/?post_type=product&#038;p=128961"},"modified":"2025-11-13T13:36:14","modified_gmt":"2025-11-13T12:36:14","slug":"cold-cream-spender-kapazitat-2-x-6-l-b-cube-6-2-bras","status":"publish","type":"product","link":"https:\/\/www.creaearredanegozi.it\/de\/cold-cream-spender-kapazitat-2-x-6-l-b-cube-6-2-bras\/","title":{"rendered":"Kaltcreme-Spender 2 x 6 l Inhalt B-CUBE 6.2 BRAS"},"content":{"rendered":"<h2 style=\"text-align: center;\">Kaltcreme-Spender 12 l (2 x 6 l) BRAS CUBE 6.2<\/h2>\n<p>Bras hat beschlossen, den sehr erfolgreichen B-cube fortzusetzen und die 6-Liter-Version f\u00fcr die Verarbeitung gr\u00f6\u00dferer Produktmengen anzubieten. Ein einzigartiges Schmuckst\u00fcck \"made in Italy\", das sich hervorragend f\u00fcr die Zubereitung von kalten Cremes, Sorbets und Slushies eignet.<br \/>\nEin echter \"Boutique-Automat\" mit einem eleganten und kompakten Stil, der so konzipiert ist, dass er Ihre Botschaft oder Ihr Produkt am besten vermittelt und Ihnen maximale Freiheit bei der individuellen Gestaltung bietet. Neben der Version mit elektronischer Regelung und stets kontrollierter Temperatur wird auch die SMART-Version erh\u00e4ltlich sein.<\/p>\n<ul>\n<li>Thekendispenser,<\/li>\n<li>Speziell f\u00fcr das Servieren von gefriergetrockneten Kaltgetr\u00e4nken entwickelt<\/li>\n<li>Transparenter sto\u00dffester Lebensmittelbeh\u00e4lter aus Polycarbonat<\/li>\n<li>Fassungsverm\u00f6gen 2 x 6-Liter-Beh\u00e4lter<\/li>\n<li>Vollst\u00e4ndig demontierbarer Wasserhahn<\/li>\n<li>Elektronischer Thermostat zur Temperaturregelung<\/li>\n<li>Leistung 1100 Watt.<\/li>\n<li>Erh\u00e4ltlich in wei\u00df\/braun, auf Anfrage auch komplett wei\u00df<\/li>\n<li>Abmessungen L39xB52xH61 cm<\/li>\n<li>Nettogewicht 38 kg<\/li>\n<li>Spannung 230V 50Hz.<\/li>\n<\/ul>\n<table class=\"table table-striped\" width=\"100%\" cellspacing=\"1\" cellpadding=\"1\" align=\"center\">\n<tbody>\n<tr>\n<td><strong>Andere Merkmale<\/strong><\/td>\n<\/tr>\n<tr>\n<td>- Copolyester-Tank (BPA-frei), Fassungsverm\u00f6gen 6 Liter x 2<\/td>\n<\/tr>\n<tr>\n<td>- Karosserie aus lackiertem Stahl<\/td>\n<\/tr>\n<tr>\n<td>- Hermetischer Kompressor<\/td>\n<\/tr>\n<tr>\n<td>- Luftgek\u00fchlter Verfl\u00fcssiger<\/td>\n<\/tr>\n<tr>\n<td>- Motorschutzschalter<\/td>\n<\/tr>\n<tr>\n<td valign=\"top\">- Ger\u00e4uschpegel unter 70 dB (A)<\/td>\n<\/tr>\n<tr>\n<td valign=\"top\">- GAS R290: ausgestattet mit elektrischen ATEX-Komponenten<\/td>\n<\/tr>\n<\/tbody>\n<\/table>\n<hr \/>\n<p><iframe loading=\"lazy\" title=\"B-Cube_6\" src=\"https:\/\/sketchfab.com\/models\/c3c303a1e96d4ed39fce4648ea112ca6\/embed?autostart=1&amp;transparent=1&amp;ui_animations=0&amp;ui_infos=0&amp;ui_stop=0&amp;ui_inspector=0&amp;ui_watermark_link=0&amp;ui_watermark=0&amp;ui_hint=0&amp;ui_ar=0&amp;ui_help=0&amp;ui_settings=0&amp;ui_vr=0&amp;ui_fullscreen=1&amp;ui_annotations=0&amp;ui_color=000000\" width=\"1024\" height=\"768\" frameborder=\"0\" allowfullscreen=\"allowfullscreen\" data-cmp-ab=\"2\" data-cmp-info=\"8\"><span data-mce-type=\"bookmark\" style=\"display: inline-block; width: 0px; overflow: hidden; line-height: 0;\" class=\"mce_SELRES_start\"><\/span><\/iframe><br \/>\n<a href=\"https:\/\/www.creaearredanegozi.it\/wp-content\/uploads\/2025\/07\/B-Cube_Standard_ita2.jpg\"><br \/>\n<img decoding=\"async\" class=\"aligncenter wp-image-128948 size-full\" src=\"https:\/\/www.creaearredanegozi.it\/wp-content\/uploads\/2025\/07\/B-Cube_Standard_ita2.jpg\" alt=\"\" width=\"100%\" height=\"auto\" title=\"\" srcset=\"https:\/\/www.creaearredanegozi.it\/wp-content\/uploads\/2025\/07\/B-Cube_Standard_ita2.jpg 990w, https:\/\/www.creaearredanegozi.it\/wp-content\/uploads\/2025\/07\/B-Cube_Standard_ita2-516x172.jpg 516w, https:\/\/www.creaearredanegozi.it\/wp-content\/uploads\/2025\/07\/B-Cube_Standard_ita2-64x21.jpg 64w, https:\/\/www.creaearredanegozi.it\/wp-content\/uploads\/2025\/07\/B-Cube_Standard_ita2-800x267.jpg 800w, https:\/\/www.creaearredanegozi.it\/wp-content\/uploads\/2025\/07\/B-Cube_Standard_ita2-768x256.jpg 768w, https:\/\/www.creaearredanegozi.it\/wp-content\/uploads\/2025\/07\/B-Cube_Standard_ita2-18x6.jpg 18w\" sizes=\"(max-width: 990px) 100vw, 990px\" \/><\/a><\/p>\n<p style=\"text-align: center;\">Serienm\u00e4\u00dfig mit Doppelglocke f\u00fcr bessere K\u00fchlleistung, geringeren Stromverbrauch und um der Bildung von Kondenswasser entgegenzuwirken<\/p>\n<hr \/>\n<p style=\"text-align: center;\"><a href=\"https:\/\/www.creaearredanegozi.it\/wp-content\/uploads\/2025\/07\/B-cube_6_1_VETRINA_990X495_ita0.jpg\"><img decoding=\"async\" class=\"aligncenter size-full wp-image-128950\" src=\"https:\/\/www.creaearredanegozi.it\/wp-content\/uploads\/2025\/07\/B-cube_6_1_VETRINA_990X495_ita0.jpg\" alt=\"\" width=\"100%\" height=\"auto\" title=\"\" srcset=\"https:\/\/www.creaearredanegozi.it\/wp-content\/uploads\/2025\/07\/B-cube_6_1_VETRINA_990X495_ita0.jpg 990w, https:\/\/www.creaearredanegozi.it\/wp-content\/uploads\/2025\/07\/B-cube_6_1_VETRINA_990X495_ita0-516x258.jpg 516w, https:\/\/www.creaearredanegozi.it\/wp-content\/uploads\/2025\/07\/B-cube_6_1_VETRINA_990X495_ita0-64x32.jpg 64w, https:\/\/www.creaearredanegozi.it\/wp-content\/uploads\/2025\/07\/B-cube_6_1_VETRINA_990X495_ita0-800x400.jpg 800w, https:\/\/www.creaearredanegozi.it\/wp-content\/uploads\/2025\/07\/B-cube_6_1_VETRINA_990X495_ita0-768x384.jpg 768w, https:\/\/www.creaearredanegozi.it\/wp-content\/uploads\/2025\/07\/B-cube_6_1_VETRINA_990X495_ita0-18x9.jpg 18w\" sizes=\"(max-width: 990px) 100vw, 990px\" \/><img decoding=\"async\" class=\"aligncenter size-full wp-image-128959\" src=\"https:\/\/www.creaearredanegozi.it\/wp-content\/uploads\/2025\/07\/B-Cube-ambiente.jpg\" alt=\"\" width=\"1714\" height=\"1358\" title=\"\" srcset=\"https:\/\/www.creaearredanegozi.it\/wp-content\/uploads\/2025\/07\/B-Cube-ambiente.jpg 1714w, https:\/\/www.creaearredanegozi.it\/wp-content\/uploads\/2025\/07\/B-Cube-ambiente-516x409.jpg 516w, https:\/\/www.creaearredanegozi.it\/wp-content\/uploads\/2025\/07\/B-Cube-ambiente-64x51.jpg 64w, https:\/\/www.creaearredanegozi.it\/wp-content\/uploads\/2025\/07\/B-Cube-ambiente-505x400.jpg 505w, https:\/\/www.creaearredanegozi.it\/wp-content\/uploads\/2025\/07\/B-Cube-ambiente-1010x800.jpg 1010w, https:\/\/www.creaearredanegozi.it\/wp-content\/uploads\/2025\/07\/B-Cube-ambiente-768x608.jpg 768w, https:\/\/www.creaearredanegozi.it\/wp-content\/uploads\/2025\/07\/B-Cube-ambiente-1536x1217.jpg 1536w, https:\/\/www.creaearredanegozi.it\/wp-content\/uploads\/2025\/07\/B-Cube-ambiente-15x12.jpg 15w\" sizes=\"(max-width: 1714px) 100vw, 1714px\" \/><\/a><\/p>","protected":false},"excerpt":{"rendered":"<p>Distributore di creme fredde 12 lt (2 x 6 lt) BRAS CUBE 6.2 Bras decide di proseguire col grande successo B-cube proponendo la versione da 6 litri per la gestione di quantitativi maggiori di prodotto. Un gioiello \u2018made in Italy\u2019 unico nel suo genere, ottimo per la preparazione di creme fredde, sorbetti e granite. Una [&#8230;]","protected":false},"featured_media":128962,"comment_status":"closed","ping_status":"closed","template":"","meta":{"_monsterinsights_skip_tracking":false,"_monsterinsights_sitenote_active":false,"_monsterinsights_sitenote_note":"","_monsterinsights_sitenote_category":0},"product_brand":[618],"product_cat":[207],"product_tag":[],"class_list":{"0":"post-128961","1":"product","2":"type-product","3":"status-publish","4":"has-post-thumbnail","6":"product_brand-bras","7":"product_cat-granitori","8":"pa_marca-bras","10":"first","11":"instock","12":"taxable","13":"shipping-taxable","14":"purchasable","15":"product-type-simple"},"_links":{"self":[{"href":"https:\/\/www.creaearredanegozi.it\/de\/wp-json\/wp\/v2\/product\/128961","targetHints":{"allow":["GET"]}}],"collection":[{"href":"https:\/\/www.creaearredanegozi.it\/de\/wp-json\/wp\/v2\/product"}],"about":[{"href":"https:\/\/www.creaearredanegozi.it\/de\/wp-json\/wp\/v2\/types\/product"}],"replies":[{"embeddable":true,"href":"https:\/\/www.creaearredanegozi.it\/de\/wp-json\/wp\/v2\/comments?post=128961"}],"wp:featuredmedia":[{"embeddable":true,"href":"https:\/\/www.creaearredanegozi.it\/de\/wp-json\/wp\/v2\/media\/128962"}],"wp:attachment":[{"href":"https:\/\/www.creaearredanegozi.it\/de\/wp-json\/wp\/v2\/media?parent=128961"}],"wp:term":[{"taxonomy":"product_brand","embeddable":true,"href":"https:\/\/www.creaearredanegozi.it\/de\/wp-json\/wp\/v2\/product_brand?post=128961"},{"taxonomy":"product_cat","embeddable":true,"href":"https:\/\/www.creaearredanegozi.it\/de\/wp-json\/wp\/v2\/product_cat?post=128961"},{"taxonomy":"product_tag","embeddable":true,"href":"https:\/\/www.creaearredanegozi.it\/de\/wp-json\/wp\/v2\/product_tag?post=128961"}],"curies":[{"name":"wp","href":"https:\/\/api.w.org\/{rel}","templated":true}]}}