{"id":129058,"date":"2025-11-25T15:34:18","date_gmt":"2025-11-25T14:34:18","guid":{"rendered":"https:\/\/www.creaearredanegozi.it\/?post_type=product&#038;p=129058"},"modified":"2026-02-04T01:16:56","modified_gmt":"2026-02-04T00:16:56","slug":"bilancia-elettronica-da-banco-con-scontrino-adesivo-e-spellicolatore-suprema-s3","status":"publish","type":"product","link":"https:\/\/www.creaearredanegozi.it\/de\/bilancia-elettronica-da-banco-con-scontrino-adesivo-e-spellicolatore-suprema-s3\/","title":{"rendered":"Elektronische Tischwaage mit selbstklebendem Beleg und abziehbarem Aufkleber Suprema S3"},"content":{"rendered":"<h2 style=\"text-align: center;\">Elektronische Tischwaage mit Klebebeleg<\/h2>\n<p>Die elektronische Waage S3 mit Hochtastatur ist das Aush\u00e4ngeschild der Ditronetwork-Reihe und bietet eine perfekte Mischung aus Ergonomie, Zuverl\u00e4ssigkeit und fortschrittlicher Technologie. Dieses Modell ist ideal f\u00fcr Lebensmittelgesch\u00e4fte, Metzgereien, Fischh\u00e4ndler und M\u00e4rkte und gew\u00e4hrleistet eine optimale Benutzererfahrung f\u00fcr Betreiber und Kunden. Dar\u00fcber hinaus erm\u00f6glicht es dank der fortschrittlichen Konnektivit\u00e4t mit mobilen Ger\u00e4ten \u00fcber die inBilancia App intuitive und vollst\u00e4ndige Fernw\u00e4ge- und Programmiervorg\u00e4nge.<\/p>\n<hr \/>\n<p style=\"text-align: center;\"><strong>Technik, Druck und Funktionalit\u00e4t<\/strong><\/p>\n<table class=\"table table-striped\">\n<tbody>\n<tr>\n<th>Brands<\/th>\n<td>Supreme<\/td>\n<\/tr>\n<tr>\n<th>Portata<\/th>\n<td>Multirange 12\/30 kg &#8211; 2\/5 g<\/td>\n<\/tr>\n<tr>\n<th>Stampante<\/th>\n<td>2&#8243; con spellicolatore<\/td>\n<\/tr>\n<tr>\n<th>Verbindungen<\/th>\n<td>1 ethernet RJ45 100Mbps, 1 RS232 RJ45, 1 RJ11, 2 usb 2.0<\/td>\n<\/tr>\n<tr>\n<th>Range di temperatura<\/th>\n<td>-10\u00b0C\/+40\u00b0C<\/td>\n<\/tr>\n<tr>\n<th>Stromversorgung<\/th>\n<td>Alimentatore da rete 230Vac uscita 24V 3 A<br \/>\nCon batteria di backup Ioni di litio 8,4V (per chiusura transazione)<\/td>\n<\/tr>\n<tr>\n<th>Tastiera<\/th>\n<td>50 tasti<\/td>\n<\/tr>\n<tr>\n<th>Geschwindigkeit<\/th>\n<td>velocit\u00e0 di stampa 150 mm\/sec &#8211; risoluzione 200dpi<\/td>\n<\/tr>\n<tr>\n<th>Abmessungen<\/th>\n<td>375mm x 415mm x 165mm<\/td>\n<\/tr>\n<tr>\n<th>Display Operatore<\/th>\n<td>Operatore e cliente 5&#8243; grafico con risoluzione 480&#215;800<\/td>\n<\/tr>\n<tr>\n<th>Consumo energia<\/th>\n<td>Con macchina in attesa 15W circa, in stampa 60W circa<\/td>\n<\/tr>\n<\/tbody>\n<\/table>","protected":false},"excerpt":{"rendered":"<p>Bilancia Elettronica da banco con scontrino adesivo La Bilancia Elettronica S3 con tastiera alta rappresenta l\u2019eccellenza della gamma Ditronetwork, offrendo un mix perfetto di ergonomia, affidabilit\u00e0 e tecnologia avanzata. Ideale per negozi di alimentari, macellerie, pescherie e mercati, questo modello garantisce un\u2019esperienza d\u2019uso ottimale per operatori e clienti. Inoltre, grazie alla connettivit\u00e0 avanzata con dispositivi [&#8230;]","protected":false},"featured_media":129061,"comment_status":"closed","ping_status":"closed","template":"","meta":{"_monsterinsights_skip_tracking":false,"_monsterinsights_sitenote_active":false,"_monsterinsights_sitenote_note":"","_monsterinsights_sitenote_category":0},"product_brand":[758],"product_cat":[130,23],"product_tag":[],"class_list":{"0":"post-129058","1":"product","2":"type-product","3":"status-publish","4":"has-post-thumbnail","6":"product_brand-suprema","7":"product_cat-bilance","8":"product_cat-bilance-bilici","10":"first","11":"instock","12":"taxable","13":"shipping-taxable","14":"purchasable","15":"product-type-simple"},"_links":{"self":[{"href":"https:\/\/www.creaearredanegozi.it\/de\/wp-json\/wp\/v2\/product\/129058","targetHints":{"allow":["GET"]}}],"collection":[{"href":"https:\/\/www.creaearredanegozi.it\/de\/wp-json\/wp\/v2\/product"}],"about":[{"href":"https:\/\/www.creaearredanegozi.it\/de\/wp-json\/wp\/v2\/types\/product"}],"replies":[{"embeddable":true,"href":"https:\/\/www.creaearredanegozi.it\/de\/wp-json\/wp\/v2\/comments?post=129058"}],"wp:featuredmedia":[{"embeddable":true,"href":"https:\/\/www.creaearredanegozi.it\/de\/wp-json\/wp\/v2\/media\/129061"}],"wp:attachment":[{"href":"https:\/\/www.creaearredanegozi.it\/de\/wp-json\/wp\/v2\/media?parent=129058"}],"wp:term":[{"taxonomy":"product_brand","embeddable":true,"href":"https:\/\/www.creaearredanegozi.it\/de\/wp-json\/wp\/v2\/product_brand?post=129058"},{"taxonomy":"product_cat","embeddable":true,"href":"https:\/\/www.creaearredanegozi.it\/de\/wp-json\/wp\/v2\/product_cat?post=129058"},{"taxonomy":"product_tag","embeddable":true,"href":"https:\/\/www.creaearredanegozi.it\/de\/wp-json\/wp\/v2\/product_tag?post=129058"}],"curies":[{"name":"wp","href":"https:\/\/api.w.org\/{rel}","templated":true}]}}