{"id":129174,"date":"2025-12-30T11:31:45","date_gmt":"2025-12-30T10:31:45","guid":{"rendered":"https:\/\/www.creaearredanegozi.it\/?post_type=product&#038;p=129174"},"modified":"2026-01-16T16:09:03","modified_gmt":"2026-01-16T15:09:03","slug":"korniger-scherbeneisbereiter-150-kg-24h-slf320-ntf","status":"publish","type":"product","link":"https:\/\/www.creaearredanegozi.it\/de\/korniger-scherbeneisbereiter-150-kg-24h-slf320-ntf\/","title":{"rendered":"Granulat-Scherbeneisbereiter 150 kg\/24h SLF320 NTF"},"content":{"rendered":"<h2 style=\"text-align: center;\">Granulatflockeneisbereiter bis zu 150 kg in 24 Stunden* Reserve 38 kg<\/h2>\n<div><\/div>\n<ul>\n<li>K\u00f6rniges Eis<\/li>\n<li>Geringer Verbrauch (1lt Wasser\/1kg Eis) - Luftvers.<\/li>\n<li>Elektromechanisches Betriebssystem<\/li>\n<li>\u00c4u\u00dfere Struktur AISI 304, Scotch Brite Oberfl\u00e4che<\/li>\n<li>Verdampfer AISI 304, Schnecke AISI 303<\/li>\n<li>Luft- oder Wasserkondensation<\/li>\n<li>Standard- und Sonderspannungen<\/li>\n<li>Isolierte T\u00fcr, verdeckte \u00d6ffnung<\/li>\n<li>ON-OFF-Schalter<\/li>\n<li>Wasserbecken, Anti-Staub-System<\/li>\n<li>Automatische Wasserladung<\/li>\n<li>Vereinfachte Reinigung dank abgerundeter Oberfl\u00e4chen<\/li>\n<li>Externer Schutzfilter, abnehmbar, leicht zu reinigen<\/li>\n<li>Abnehmbare Seitenteile<\/li>\n<li>HFCKW-freie Innenbeh\u00e4lterisolierung<\/li>\n<li>Modell in der Tropenklasse +43\u00b0C<\/li>\n<li>RoHS-Konformit\u00e4t<\/li>\n<li>Verstellbare F\u00fc\u00dfe aus rostfreiem Stahl<\/li>\n<\/ul>\n<div><strong>Technische Daten<\/strong><\/div>\n<table class=\"table table-striped\" border=\"0\" cellspacing=\"0\" cellpadding=\"0\">\n<tbody>\n<tr>\n<td width=\"50%\">24-Stunden-Produktion<\/td>\n<td width=\"50%\">bis zu 150 kg<\/td>\n<\/tr>\n<tr>\n<td>Container (bis zu)<\/td>\n<td>38 kg<\/td>\n<\/tr>\n<tr>\n<td>Kondenswasser<\/td>\n<td>Luft, Wasser<\/td>\n<\/tr>\n<tr>\n<td>Eis<\/td>\n<td>Gefrorener Schnee (Granulat)<\/td>\n<\/tr>\n<tr>\n<td>K\u00e4ltemittel GAS<\/td>\n<td>R290<\/td>\n<\/tr>\n<tr>\n<td>Durchschnittliche Leistungsabsorption<\/td>\n<td>700 W<\/td>\n<\/tr>\n<tr>\n<td>Sicherung<\/td>\n<td>10 A<\/td>\n<\/tr>\n<tr>\n<td>Wasserverbrauch<\/td>\n<td>1 l\/kg Luft<br \/>\n7 l\/kg Wasser<\/td>\n<\/tr>\n<tr>\n<td>Abmessungen (BxTxH)<\/td>\n<td>741 x 678 x 925h mm<\/td>\n<\/tr>\n<tr>\n<td>Abmessungen der Verpackung (BxTxH)<\/td>\n<td>800 x 750 x 1055h mm<\/td>\n<\/tr>\n<tr>\n<td>F\u00fc\u00dfe<\/td>\n<td>110-150 mm<\/td>\n<\/tr>\n<tr>\n<td>Gewicht (netto\/brutto)<\/td>\n<td>85 kg \/ 95 kg<\/td>\n<\/tr>\n<tr>\n<td>Fertigstellung<\/td>\n<td>Rostfreier Stahl 18\/8<br \/>\nScotch Brite<\/td>\n<\/tr>\n<tr>\n<td>Position der Maschine<\/td>\n<td><strong>NO<\/strong> Untertheke<\/td>\n<\/tr>\n<tr>\n<td>Sektor<\/td>\n<td>Superm\u00e4rkte, Medizin &amp; SPA, Industrie, Fischmarkt<\/td>\n<\/tr>\n<\/tbody>\n<\/table>\n<div id=\"div_block-106-1535\" class=\"ct-div-block div-caratteristiche-prodotto\"><\/div>\n<div id=\"div_block-1332-1535\" class=\"ct-div-block div-caratteristiche-prodotto\" style=\"text-align: right;\">*Alle technischen Daten sind unter den folgenden Bedingungen g\u00fcltig:<\/div>\n<div class=\"ct-div-block div-caratteristiche-prodotto\" style=\"text-align: right;\">Umgebungstemperatur: +21\u00b0 C<\/div>\n<div style=\"text-align: right;\">Wassertemperatur: +15\u00b0 C<\/div>\n<p>&nbsp;<\/p>\n<div id=\"code_block-1974-1535\" class=\"ct-code-block\">\n<div class=\"ghiaccio-image-style\"><img decoding=\"async\" class=\"aligncenter\" src=\"https:\/\/www.bremagroup.it\/wp-content\/uploads\/2024\/10\/FROZEN-SNOW-3.jpg\" alt=\"\" title=\"\"><\/div>\n<\/div>\n<section id=\"section-972-1535\" class=\"ct-section sezione-bullet-essenziale-2\">\n<div class=\"ct-section-inner-wrap\">\n<div id=\"-carousel-builder-973-1535\" class=\"oxy-carousel-builder\"><\/div>\n<\/div>\n<\/section>","protected":false},"excerpt":{"rendered":"<p>Produttore di ghiaccio a scaglie granulari fino a 150 kg in 24 ore* riserva 38 kg Ghiaccio granulare Consumi ridotti (1lt acqua\/1kg ghiaccio) &#8211; vers. aria Sistema funzionamento elettromeccanico Struttura esterna AISI 304, finitura Scotch Brite Evaporatore AISI 304, coclea AISI 303 Condensazione ad aria oppure ad acqua Voltaggio standard e voltaggi speciali Sportello coibentato, [&#8230;]","protected":false},"featured_media":129175,"comment_status":"closed","ping_status":"closed","template":"","meta":{"_monsterinsights_skip_tracking":false,"_monsterinsights_sitenote_active":false,"_monsterinsights_sitenote_note":"","_monsterinsights_sitenote_category":0},"product_brand":[764],"product_cat":[198,20],"product_tag":[],"class_list":{"0":"post-129174","1":"product","2":"type-product","3":"status-publish","4":"has-post-thumbnail","6":"product_brand-ntf","7":"product_cat-a-scaglie-produttori-di-ghiaccio-attrezzature-bar","8":"product_cat-produttori-di-ghiaccio","9":"product_shipping_class-32","10":"pa_marca-ntf","12":"first","13":"instock","14":"taxable","15":"shipping-taxable","16":"purchasable","17":"product-type-variable"},"_links":{"self":[{"href":"https:\/\/www.creaearredanegozi.it\/de\/wp-json\/wp\/v2\/product\/129174","targetHints":{"allow":["GET"]}}],"collection":[{"href":"https:\/\/www.creaearredanegozi.it\/de\/wp-json\/wp\/v2\/product"}],"about":[{"href":"https:\/\/www.creaearredanegozi.it\/de\/wp-json\/wp\/v2\/types\/product"}],"replies":[{"embeddable":true,"href":"https:\/\/www.creaearredanegozi.it\/de\/wp-json\/wp\/v2\/comments?post=129174"}],"wp:featuredmedia":[{"embeddable":true,"href":"https:\/\/www.creaearredanegozi.it\/de\/wp-json\/wp\/v2\/media\/129175"}],"wp:attachment":[{"href":"https:\/\/www.creaearredanegozi.it\/de\/wp-json\/wp\/v2\/media?parent=129174"}],"wp:term":[{"taxonomy":"product_brand","embeddable":true,"href":"https:\/\/www.creaearredanegozi.it\/de\/wp-json\/wp\/v2\/product_brand?post=129174"},{"taxonomy":"product_cat","embeddable":true,"href":"https:\/\/www.creaearredanegozi.it\/de\/wp-json\/wp\/v2\/product_cat?post=129174"},{"taxonomy":"product_tag","embeddable":true,"href":"https:\/\/www.creaearredanegozi.it\/de\/wp-json\/wp\/v2\/product_tag?post=129174"}],"curies":[{"name":"wp","href":"https:\/\/api.w.org\/{rel}","templated":true}]}}