{"id":129185,"date":"2025-12-30T16:32:55","date_gmt":"2025-12-30T15:32:55","guid":{"rendered":"https:\/\/www.creaearredanegozi.it\/?post_type=product&#038;p=129185"},"modified":"2025-12-30T18:31:53","modified_gmt":"2025-12-30T17:31:53","slug":"produttore-di-ghiaccio-a-scaglie-granulari-110kg-24h-slf190-ntf","status":"publish","type":"product","link":"https:\/\/www.creaearredanegozi.it\/de\/produttore-di-ghiaccio-a-scaglie-granulari-110kg-24h-slf190-ntf\/","title":{"rendered":"Scherbeneiserzeuger 110kg\/24h SLF190 NTF"},"content":{"rendered":"<h2 style=\"text-align: center;\">Produttore di ghiaccio a scaglie granulari fino a 110 kg in 24 ore* riserva 19 kg<\/h2>\n<div><\/div>\n<ul>\n<li>K\u00f6rniges Eis<\/li>\n<li>Geringer Verbrauch (1lt Wasser\/1kg Eis) - Luftvers.<\/li>\n<li>Elektromechanisches Betriebssystem<\/li>\n<li>\u00c4u\u00dfere Struktur AISI 304, Scotch Brite Oberfl\u00e4che<\/li>\n<li>Verdampfer AISI 304, Schnecke AISI 303<\/li>\n<li>Luft- oder Wasserkondensation<\/li>\n<li>Standard- und Sonderspannungen<\/li>\n<li>Isolierte T\u00fcr, verdeckte \u00d6ffnung<\/li>\n<li>ON-OFF-Schalter<\/li>\n<li>Wasserbecken, Anti-Staub-System<\/li>\n<li>Automatische Wasserladung<\/li>\n<li>Vereinfachte Reinigung dank abgerundeter Oberfl\u00e4chen<\/li>\n<li>Externer Schutzfilter, abnehmbar, leicht zu reinigen<\/li>\n<li>Abnehmbare Seitenteile<\/li>\n<li>HFCKW-freie Innenbeh\u00e4lterisolierung<\/li>\n<li>Modell in der Tropenklasse +43\u00b0C<\/li>\n<li>RoHS-Konformit\u00e4t<\/li>\n<li>Verstellbare F\u00fc\u00dfe aus rostfreiem Stahl<\/li>\n<li>Modello sottobanco<\/li>\n<\/ul>\n<div><strong>Technische Daten<\/strong><\/div>\n<table class=\"table table-striped\" border=\"0\" cellspacing=\"0\" cellpadding=\"0\">\n<tbody>\n<tr>\n<td width=\"50%\">24-Stunden-Produktion<\/td>\n<td width=\"50%\">fino a 111kg*<\/td>\n<\/tr>\n<tr>\n<td>Container (bis zu)<\/td>\n<td>19kg<\/td>\n<\/tr>\n<tr>\n<td>Kondenswasser<\/td>\n<td>Luft, Wasser<\/td>\n<\/tr>\n<tr>\n<td>Eis<\/td>\n<td>Gefrorener Schnee (Granulat)<\/td>\n<\/tr>\n<tr>\n<td>K\u00e4ltemittel GAS<\/td>\n<td>R290<\/td>\n<\/tr>\n<tr>\n<td>Absorbierte Leistung<\/td>\n<td>470 W @ 230V~50Hz<\/td>\n<\/tr>\n<tr>\n<td>Sicherung<\/td>\n<td>10 A<\/td>\n<\/tr>\n<tr>\n<td>Wasserverbrauch<\/td>\n<td>1 l\/kg Luft<br \/>\n7 l\/kg Acqua<\/td>\n<\/tr>\n<tr>\n<td>Abmessungen (BxTxH)<\/td>\n<td>496 x 660 x 685h mm<\/td>\n<\/tr>\n<tr>\n<td>Abmessungen der Verpackung (BxTxH)<\/td>\n<td>550 x 720 x 880h mm<\/td>\n<\/tr>\n<tr>\n<td>F\u00fc\u00dfe<\/td>\n<td>5 mm<\/td>\n<\/tr>\n<tr>\n<td>Gewicht (netto\/brutto)<\/td>\n<td>59 kg \/ 67 kg<\/td>\n<\/tr>\n<tr>\n<td>Fertigstellung<\/td>\n<td>Rostfreier Stahl 18\/8<br \/>\nScotch Brite<\/td>\n<\/tr>\n<tr>\n<td>Position der Maschine<\/td>\n<td>Sottobanco<\/td>\n<\/tr>\n<tr>\n<td>Sektor<\/td>\n<td>Supermercati, Medicale &amp; SPA, Industria, Mercato ittico e pescherie<\/td>\n<\/tr>\n<\/tbody>\n<\/table>\n<div id=\"div_block-106-1535\" class=\"ct-div-block div-caratteristiche-prodotto\"><\/div>\n<div id=\"div_block-1332-1535\" class=\"ct-div-block div-caratteristiche-prodotto\" style=\"text-align: right;\">*Alle technischen Daten sind unter den folgenden Bedingungen g\u00fcltig:<\/div>\n<div class=\"ct-div-block div-caratteristiche-prodotto\" style=\"text-align: right;\">Umgebungstemperatur: +21\u00b0 C<\/div>\n<div style=\"text-align: right;\">Wassertemperatur: +15\u00b0 C<\/div>\n<p>&nbsp;<\/p>\n<table class=\"table table-striped\" width=\"100%\">\n<tbody>\n<tr>\n<td width=\"40%\">\n<p style=\"text-align: center;\"><strong>1<\/strong><\/p>\n<p style=\"text-align: center;\">Ingresso acqua:<br \/>\n105 mm &#8211; 135 mm &#8211; 3\/4\u201d<\/p>\n<\/td>\n<td style=\"text-align: center;\" rowspan=\"3\" width=\"60%\"><a href=\"https:\/\/www.creaearredanegozi.it\/wp-content\/uploads\/2025\/12\/slf-190-misure.jpg\"><img decoding=\"async\" class=\"aligncenter wp-image-129188 size-medium\" src=\"https:\/\/www.creaearredanegozi.it\/wp-content\/uploads\/2025\/12\/slf-190-misure-344x400.jpg\" alt=\"\" width=\"344\" height=\"400\" title=\"\" srcset=\"https:\/\/www.creaearredanegozi.it\/wp-content\/uploads\/2025\/12\/slf-190-misure-344x400.jpg 344w, https:\/\/www.creaearredanegozi.it\/wp-content\/uploads\/2025\/12\/slf-190-misure-516x599.jpg 516w, https:\/\/www.creaearredanegozi.it\/wp-content\/uploads\/2025\/12\/slf-190-misure-64x74.jpg 64w, https:\/\/www.creaearredanegozi.it\/wp-content\/uploads\/2025\/12\/slf-190-misure-10x12.jpg 10w, https:\/\/www.creaearredanegozi.it\/wp-content\/uploads\/2025\/12\/slf-190-misure.jpg 680w\" sizes=\"(max-width: 344px) 100vw, 344px\" \/><\/a>Le misure sono riferite all\u2019angolo in basso a sinistra (L-H-\u00d8)<\/td>\n<\/tr>\n<tr>\n<td>\n<p style=\"text-align: center;\"><strong>2<\/strong><\/p>\n<p style=\"text-align: center;\">Scarico acqua:<br \/>\n55 mm &#8211; 140 mm &#8211; 24 mm<\/p>\n<\/td>\n<\/tr>\n<tr>\n<td>\n<p style=\"text-align: center;\"><strong>3<\/strong><\/p>\n<p style=\"text-align: center;\">Connessione elettrica:<br \/>\n115 mm &#8211; 220 mm<\/p>\n<\/td>\n<\/tr>\n<\/tbody>\n<\/table>\n<hr \/>\n<div><img decoding=\"async\" class=\"aligncenter\" src=\"https:\/\/www.bremagroup.it\/wp-content\/uploads\/2024\/10\/FROZEN-SNOW-3.jpg\" alt=\"\" title=\"\"><\/div>","protected":false},"excerpt":{"rendered":"<p>Produttore di ghiaccio a scaglie granulari fino a 110 kg in 24 ore* riserva 19 kg Ghiaccio granulare Consumi ridotti (1lt acqua\/1kg ghiaccio) &#8211; vers. aria Sistema funzionamento elettromeccanico Struttura esterna AISI 304, finitura Scotch Brite Evaporatore AISI 304, coclea AISI 303 Condensazione ad aria oppure ad acqua Voltaggio standard e voltaggi speciali Sportello coibentato, [&#8230;]","protected":false},"featured_media":129190,"comment_status":"closed","ping_status":"closed","template":"","meta":{"_monsterinsights_skip_tracking":false,"_monsterinsights_sitenote_active":false,"_monsterinsights_sitenote_note":"","_monsterinsights_sitenote_category":0},"product_brand":[764],"product_cat":[198,20],"product_tag":[832],"class_list":{"0":"post-129185","1":"product","2":"type-product","3":"status-publish","4":"has-post-thumbnail","6":"product_brand-ntf","7":"product_cat-a-scaglie-produttori-di-ghiaccio-attrezzature-bar","8":"product_cat-produttori-di-ghiaccio","9":"product_tag-gb902","10":"product_shipping_class-698","11":"pa_marca-ntf","13":"first","14":"instock","15":"taxable","16":"shipping-taxable","17":"purchasable","18":"product-type-variable"},"_links":{"self":[{"href":"https:\/\/www.creaearredanegozi.it\/de\/wp-json\/wp\/v2\/product\/129185","targetHints":{"allow":["GET"]}}],"collection":[{"href":"https:\/\/www.creaearredanegozi.it\/de\/wp-json\/wp\/v2\/product"}],"about":[{"href":"https:\/\/www.creaearredanegozi.it\/de\/wp-json\/wp\/v2\/types\/product"}],"replies":[{"embeddable":true,"href":"https:\/\/www.creaearredanegozi.it\/de\/wp-json\/wp\/v2\/comments?post=129185"}],"wp:featuredmedia":[{"embeddable":true,"href":"https:\/\/www.creaearredanegozi.it\/de\/wp-json\/wp\/v2\/media\/129190"}],"wp:attachment":[{"href":"https:\/\/www.creaearredanegozi.it\/de\/wp-json\/wp\/v2\/media?parent=129185"}],"wp:term":[{"taxonomy":"product_brand","embeddable":true,"href":"https:\/\/www.creaearredanegozi.it\/de\/wp-json\/wp\/v2\/product_brand?post=129185"},{"taxonomy":"product_cat","embeddable":true,"href":"https:\/\/www.creaearredanegozi.it\/de\/wp-json\/wp\/v2\/product_cat?post=129185"},{"taxonomy":"product_tag","embeddable":true,"href":"https:\/\/www.creaearredanegozi.it\/de\/wp-json\/wp\/v2\/product_tag?post=129185"}],"curies":[{"name":"wp","href":"https:\/\/api.w.org\/{rel}","templated":true}]}}