{"id":129514,"date":"2026-01-26T16:15:02","date_gmt":"2026-01-26T15:15:02","guid":{"rendered":"https:\/\/www.creaearredanegozi.it\/prodotto-287\/"},"modified":"2026-03-20T11:13:33","modified_gmt":"2026-03-20T10:13:33","slug":"prodotto-287","status":"publish","type":"product","link":"https:\/\/www.creaearredanegozi.it\/de\/prodotto-287\/","title":{"rendered":"Manuelle Salatzentrifuge 25 Liter mit Auslauf"},"content":{"rendered":"<h2 style=\"text-align: center;\" data-start=\"0\" data-end=\"100\">Centrifughe per Insalata manuali: Innovazione e Performance per la Tua Cucina<\/h2>\n<p data-start=\"102\" data-end=\"514\"><strong data-start=\"102\" data-end=\"166\">La Nuova Centrifuga per Insalata L25<\/strong><br data-start=\"166\" data-end=\"169\" \/>Le centrifughe per insalata\u00a0<strong data-start=\"197\" data-end=\"204\">L12<\/strong>\u00a0e\u00a0<strong data-start=\"207\" data-end=\"214\">L25<\/strong>\u00a0di Beckers Italy sono la soluzione ideale per chi cerca velocit\u00e0, efficienza e qualit\u00e0 nella preparazione delle insalate. Questi modelli innovativi offrono prestazioni elevate, garantendo una perfetta asciugatura delle verdure, frutta e foglie, risparmiando tempo e ottimizzando il lavoro in cucina.<\/p>\n<p data-start=\"516\" data-end=\"547\"><strong data-start=\"516\" data-end=\"547\">Caratteristiche Principali:<\/strong><\/p>\n<ul data-start=\"549\" data-end=\"2379\">\n<li data-start=\"930\" data-end=\"1287\">\n<p data-start=\"932\" data-end=\"1287\"><strong data-start=\"932\" data-end=\"958\">Capacit\u00e0 e Versatilit\u00e0<\/strong><br data-start=\"958\" data-end=\"961\" \/>I modelli\u00a0<strong data-start=\"973\" data-end=\"980\">L12<\/strong>\u00a0e\u00a0<strong data-start=\"983\" data-end=\"990\">L25<\/strong>\u00a0si differenziano per la loro capacit\u00e0, rispettivamente di 12 e 25 litri, per adattarsi a diverse esigenze di volume. Entrambi i modelli sono perfetti per ristoranti, catering, mense e altre attivit\u00e0 professionali dove \u00e8 necessario lavorare con grandi quantit\u00e0 di insalata o altre verdure fresche.<\/p>\n<\/li>\n<\/ul>\n<p data-start=\"2381\" data-end=\"2436\"><strong data-start=\"2381\" data-end=\"2436\">Vantaggi delle Centrifughe<\/strong><\/p>\n<ul>\n<li data-start=\"2440\" data-end=\"2560\"><strong data-start=\"2440\" data-end=\"2473\">Asciugatura<\/strong> rapida e uniforme: Per ottenere insalate fresche, croccanti e pronte per essere servite in pochi minuti.<\/li>\n<li data-start=\"2563\" data-end=\"2682\">Capacit\u00e0 variabile: Disponibili in versioni da 12 e 25 litri, ideali per diverse esigenze di volume e preparazione.<\/li>\n<li data-start=\"2784\" data-end=\"2886\">Facilit\u00e0 di utilizzo: Design ergonomico.<\/li>\n<li data-start=\"2889\" data-end=\"3013\">Affidabilit\u00e0 e <strong data-start=\"2889\" data-end=\"2917\">sicurezza<\/strong>: Componenti robusti.<\/li>\n<\/ul>\n<p data-start=\"3015\" data-end=\"3075\"><strong data-start=\"3015\" data-end=\"3075\">Perch\u00e9 scegliere le Centrifughe<\/strong><\/p>\n<p data-start=\"3015\" data-end=\"3075\">Le centrifughe per insalata sono la scelta perfetta per chi cerca un prodotto ad alte prestazioni che garantisca risultati professionali in cucina.<\/p>\n<p data-start=\"3015\" data-end=\"3075\">Che tu stia gestendo un ristorante, un catering o una mensa, questi modelli offrono una soluzione rapida ed efficiente per asciugare insalate, erbe aromatiche, e altre verdure, con un minimo di sforzo e il massimo del risultato.<\/p>\n<p data-start=\"3682\" data-end=\"3909\"><strong>Mod. L25<\/strong><\/p>\n<div>\n<div>\n<div>\n<p>MATERIALE: Polipropilene<\/p>\n<\/div>\n<\/div>\n<div>\n<div>\n<p>DIMENSIONI: \u00d8 425X520 H mm<\/p>\n<p><a href=\"https:\/\/www.creaearredanegozi.it\/wp-content\/uploads\/2026\/01\/centrifuga_scarico.jpg\"><img decoding=\"async\" class=\"aligncenter size-full wp-image-129868\" src=\"https:\/\/www.creaearredanegozi.it\/wp-content\/uploads\/2026\/01\/centrifuga_scarico.jpg\" alt=\"\" width=\"100%\" height=\"auto\" title=\"\" srcset=\"https:\/\/www.creaearredanegozi.it\/wp-content\/uploads\/2026\/01\/centrifuga_scarico.jpg 800w, https:\/\/www.creaearredanegozi.it\/wp-content\/uploads\/2026\/01\/centrifuga_scarico-516x241.jpg 516w, https:\/\/www.creaearredanegozi.it\/wp-content\/uploads\/2026\/01\/centrifuga_scarico-64x30.jpg 64w, https:\/\/www.creaearredanegozi.it\/wp-content\/uploads\/2026\/01\/centrifuga_scarico-768x359.jpg 768w, https:\/\/www.creaearredanegozi.it\/wp-content\/uploads\/2026\/01\/centrifuga_scarico-18x8.jpg 18w\" sizes=\"(max-width: 800px) 100vw, 800px\" \/><\/a><\/p>\n<\/div>\n<\/div>\n<\/div>","protected":false},"excerpt":{"rendered":"<p>Centrifughe per Insalata manuali: Innovazione e Performance per la Tua Cucina La Nuova Centrifuga per Insalata L25Le centrifughe per insalata\u00a0L12\u00a0e\u00a0L25\u00a0di Beckers Italy sono la soluzione ideale per chi cerca velocit\u00e0, efficienza e qualit\u00e0 nella preparazione delle insalate. Questi modelli innovativi offrono prestazioni elevate, garantendo una perfetta asciugatura delle verdure, frutta e foglie, risparmiando tempo e [&#8230;]","protected":false},"featured_media":129865,"comment_status":"open","ping_status":"closed","template":"","meta":{"_monsterinsights_skip_tracking":false,"_monsterinsights_sitenote_active":false,"_monsterinsights_sitenote_note":"","_monsterinsights_sitenote_category":0},"product_brand":[641],"product_cat":[655],"product_tag":[],"class_list":{"0":"post-129514","1":"product","2":"type-product","3":"status-publish","4":"has-post-thumbnail","6":"product_brand-beckers","7":"product_cat-lavorazione","8":"product_shipping_class-f","10":"first","11":"instock","12":"taxable","13":"shipping-taxable","14":"purchasable","15":"product-type-simple"},"_links":{"self":[{"href":"https:\/\/www.creaearredanegozi.it\/de\/wp-json\/wp\/v2\/product\/129514","targetHints":{"allow":["GET"]}}],"collection":[{"href":"https:\/\/www.creaearredanegozi.it\/de\/wp-json\/wp\/v2\/product"}],"about":[{"href":"https:\/\/www.creaearredanegozi.it\/de\/wp-json\/wp\/v2\/types\/product"}],"replies":[{"embeddable":true,"href":"https:\/\/www.creaearredanegozi.it\/de\/wp-json\/wp\/v2\/comments?post=129514"}],"wp:featuredmedia":[{"embeddable":true,"href":"https:\/\/www.creaearredanegozi.it\/de\/wp-json\/wp\/v2\/media\/129865"}],"wp:attachment":[{"href":"https:\/\/www.creaearredanegozi.it\/de\/wp-json\/wp\/v2\/media?parent=129514"}],"wp:term":[{"taxonomy":"product_brand","embeddable":true,"href":"https:\/\/www.creaearredanegozi.it\/de\/wp-json\/wp\/v2\/product_brand?post=129514"},{"taxonomy":"product_cat","embeddable":true,"href":"https:\/\/www.creaearredanegozi.it\/de\/wp-json\/wp\/v2\/product_cat?post=129514"},{"taxonomy":"product_tag","embeddable":true,"href":"https:\/\/www.creaearredanegozi.it\/de\/wp-json\/wp\/v2\/product_tag?post=129514"}],"curies":[{"name":"wp","href":"https:\/\/api.w.org\/{rel}","templated":true}]}}