{"id":129576,"date":"2026-01-26T16:15:48","date_gmt":"2026-01-26T15:15:48","guid":{"rendered":"https:\/\/www.creaearredanegozi.it\/prodotto-349\/"},"modified":"2026-02-12T18:11:22","modified_gmt":"2026-02-12T17:11:22","slug":"edelstahl-kuhlvitrine-pizzeria-mit-deckel-tn-0-10c-fassungsvermogen-9-x-gn-1-4-l-180-cm","status":"publish","type":"product","link":"https:\/\/www.creaearredanegozi.it\/de\/edelstahl-kuhlvitrine-pizzeria-mit-deckel-tn-0-10c-fassungsvermogen-9-x-gn-1-4-l-180-cm\/","title":{"rendered":"K\u00fchlvitrine Pizzeria Edelstahl mit Deckel TN 0\u00b0\/+10\u00b0C Inhalt 9 x GN 1\/4 L. 180 cm"},"content":{"rendered":"<h2 style=\"text-align: center;\">K\u00fchlvitrine f\u00fcr Pizzeria-Zutaten mod. VRX 1800\/330<\/h2>\n<p>Edelstahl Pizzak\u00fchlvitrine mit statischer K\u00fchlung. Schutzdeckel aus Edelstahl f\u00fcr eine bessere Konservierung der Lebensmittel, Einbaueinheit auf der rechten Seite nur Gas R600a. Geeignet f\u00fcr die Aufnahme von Gastronorm-Schalen aus Edelstahl oder Polycarbonat (Schalen ausgeschlossen)<\/p>\n<ul>\n<li>Obere Abdeckung aus Stahl<\/li>\n<li>Innen und au\u00dfen aus Edelstahl AISI 304<\/li>\n<li>Carel Digitaler Thermostat<\/li>\n<li>Domper Kompressor<\/li>\n<li>FCKW-freier Isolierschaum<\/li>\n<li>Automatische Abtauung alle 4 Stunden<\/li>\n<li>Manuelle Abtauung<\/li>\n<li>Digitale Temperaturanzeige<\/li>\n<li>Statisches K\u00fchlsystem<\/li>\n<li>ON\/OFF-Schalter<\/li>\n<li>Verbrauch 2 Kwh\/24h<\/li>\n<\/ul>\n<table class=\"table table-striped\" width=\"100%\">\n<tbody>\n<tr>\n<td width=\"50%\">Absorption<\/td>\n<td width=\"50%\">140W<\/td>\n<\/tr>\n<tr>\n<td>Nettogewicht<\/td>\n<td>48 Kg<\/td>\n<\/tr>\n<tr>\n<td>Temperatur<\/td>\n<td>0~10\u00b0C<\/td>\n<\/tr>\n<tr>\n<td>Abmessungen der Schale<\/td>\n<td>9 x GN 1\/4<\/td>\n<\/tr>\n<tr>\n<td>Abmessungen (BxTxH)<\/td>\n<td>1800x335x435 mm<\/td>\n<\/tr>\n<\/tbody>\n<\/table>","protected":false},"excerpt":{"rendered":"<p>Vetrinetta refrigerata porta ingredienti pizzeria mod. VRX 1800\/330 Vetrina refrigerata pizza acciaio inox con refrigerazione statica. Coperchio di protezione inox per una migliore conservazione del cibo, gruppo incorporato solo lato destro gas R600a. Adatte per il contenimento di bacinelle gastronorm inox o policarbonato (bacinelle escluse) Coperchio superiore in acciaio Interno ed esterno in acciaio inox [&#8230;]","protected":false},"featured_media":129746,"comment_status":"open","ping_status":"closed","template":"","meta":{"_monsterinsights_skip_tracking":false,"_monsterinsights_sitenote_active":false,"_monsterinsights_sitenote_note":"","_monsterinsights_sitenote_category":0},"product_brand":[641],"product_cat":[189,46],"product_tag":[],"class_list":{"0":"post-129576","1":"product","2":"type-product","3":"status-publish","4":"has-post-thumbnail","6":"product_brand-beckers","7":"product_cat-vetrine-refrigerate-porta-ingredienti-pizzeria","8":"product_cat-attrezzature-per-pizzeria-attrezzi-pizzaiolo","9":"product_shipping_class-33","11":"first","12":"instock","13":"taxable","14":"shipping-taxable","15":"purchasable","16":"product-type-simple"},"_links":{"self":[{"href":"https:\/\/www.creaearredanegozi.it\/de\/wp-json\/wp\/v2\/product\/129576","targetHints":{"allow":["GET"]}}],"collection":[{"href":"https:\/\/www.creaearredanegozi.it\/de\/wp-json\/wp\/v2\/product"}],"about":[{"href":"https:\/\/www.creaearredanegozi.it\/de\/wp-json\/wp\/v2\/types\/product"}],"replies":[{"embeddable":true,"href":"https:\/\/www.creaearredanegozi.it\/de\/wp-json\/wp\/v2\/comments?post=129576"}],"wp:featuredmedia":[{"embeddable":true,"href":"https:\/\/www.creaearredanegozi.it\/de\/wp-json\/wp\/v2\/media\/129746"}],"wp:attachment":[{"href":"https:\/\/www.creaearredanegozi.it\/de\/wp-json\/wp\/v2\/media?parent=129576"}],"wp:term":[{"taxonomy":"product_brand","embeddable":true,"href":"https:\/\/www.creaearredanegozi.it\/de\/wp-json\/wp\/v2\/product_brand?post=129576"},{"taxonomy":"product_cat","embeddable":true,"href":"https:\/\/www.creaearredanegozi.it\/de\/wp-json\/wp\/v2\/product_cat?post=129576"},{"taxonomy":"product_tag","embeddable":true,"href":"https:\/\/www.creaearredanegozi.it\/de\/wp-json\/wp\/v2\/product_tag?post=129576"}],"curies":[{"name":"wp","href":"https:\/\/api.w.org\/{rel}","templated":true}]}}