{"id":129580,"date":"2026-01-26T16:16:03","date_gmt":"2026-01-26T15:16:03","guid":{"rendered":"https:\/\/www.creaearredanegozi.it\/prodotto-353\/"},"modified":"2026-02-12T17:13:41","modified_gmt":"2026-02-12T16:13:41","slug":"armadio-refrigerato-acciaio-inox-650-lt-frigo-tn-0-8c","status":"publish","type":"product","link":"https:\/\/www.creaearredanegozi.it\/de\/armadio-refrigerato-acciaio-inox-650-lt-frigo-tn-0-8c\/","title":{"rendered":"650-Liter-Edelstahl-K\u00fchlm\u00f6bel TN 0\/+8\u00b0C"},"content":{"rendered":"<p>K\u00dcHLM\u00d6BEL MOD. GN650TN<\/p>\n<h2 style=\"text-align: center;\">Armadio Frigo 650 lt<\/h2>\n<p>Schl\u00fcsselverriegelung, Ein-\/Ausschalter, einteiliges Ger\u00e4t f\u00fcr einfache Wartung, Edelstahlkonstruktion, automatische Abtauung, Umluftk\u00fchlung, Tauwasserverdunstungssystem, Digitalanzeige mit manueller Temperaturregelung, LED-Innenbeleuchtung, 3 h\u00f6henverstellbare GN 2\/1-T\u00fcrb\u00f6den mit einer Tragf\u00e4higkeit von 25 kg pro Boden, selbstschlie\u00dfende T\u00fcr, verstellbare F\u00fc\u00dfe, digitaler Carel-Thermostat.<\/p>\n<ul>\n<li>Alimentazione: 220~240V 50 Hz<\/li>\n<li style=\"text-align: left;\">Assorbimento: 305W<\/li>\n<li>Peso Netto: 123 Kg<\/li>\n<li>Temperatura: 0 ~ +8 \u00b0C<\/li>\n<li>Capacit\u00e0 Netta: 650 lt<\/li>\n<li>Temperatura ambiente: +35\u00b0C<\/li>\n<li>Umidit\u00e0 max: 55%<\/li>\n<li>Gas: R290<\/li>\n<li>Consumo medio: 2655 Kwh\/24H<\/li>\n<li>Dimensioni interne: 620x700x1396h mm<\/li>\n<li>Dimensioni Esterne: 74x830x2010h mm<\/li>\n<li>Compressore Cubigel prodotto in Europa<\/li>\n<\/ul>\n<p>&nbsp;<\/p>\n<p>&nbsp;<\/p>","protected":false},"excerpt":{"rendered":"<p>ARMADIO REFRIGERATO MOD. GN650TN Armadio Frigo 650 lt Chiusura con chiave, interruttore on\/off, unit\u00e0 monoblocco per una pi\u00f9 facile manutenzione, struttura in acciaio inox, sbrinamento automatico, raffreddamento ventilato, sistema di evaporazione condensa, display digitale con controllo manuale della temperatura, luce interna a led, 3 ripiani per porta GN 2\/1 regolabili in altezza che supportano 25 [&#8230;]","protected":false},"featured_media":129744,"comment_status":"open","ping_status":"closed","template":"","meta":{"_monsterinsights_skip_tracking":false,"_monsterinsights_sitenote_active":false,"_monsterinsights_sitenote_note":"","_monsterinsights_sitenote_category":0},"product_brand":[641],"product_cat":[69,27,753,653],"product_tag":[],"class_list":{"0":"post-129580","1":"product","2":"type-product","3":"status-publish","4":"has-post-thumbnail","6":"product_brand-beckers","7":"product_cat-armadi-refrigerati","8":"product_cat-armadi-e-tavoli-refrigerati","9":"product_cat-armadi-refrigerati-pasticcerie","10":"product_cat-refrigerazione","11":"product_shipping_class-m","13":"first","14":"instock","15":"taxable","16":"shipping-taxable","17":"purchasable","18":"product-type-simple"},"_links":{"self":[{"href":"https:\/\/www.creaearredanegozi.it\/de\/wp-json\/wp\/v2\/product\/129580","targetHints":{"allow":["GET"]}}],"collection":[{"href":"https:\/\/www.creaearredanegozi.it\/de\/wp-json\/wp\/v2\/product"}],"about":[{"href":"https:\/\/www.creaearredanegozi.it\/de\/wp-json\/wp\/v2\/types\/product"}],"replies":[{"embeddable":true,"href":"https:\/\/www.creaearredanegozi.it\/de\/wp-json\/wp\/v2\/comments?post=129580"}],"wp:featuredmedia":[{"embeddable":true,"href":"https:\/\/www.creaearredanegozi.it\/de\/wp-json\/wp\/v2\/media\/129744"}],"wp:attachment":[{"href":"https:\/\/www.creaearredanegozi.it\/de\/wp-json\/wp\/v2\/media?parent=129580"}],"wp:term":[{"taxonomy":"product_brand","embeddable":true,"href":"https:\/\/www.creaearredanegozi.it\/de\/wp-json\/wp\/v2\/product_brand?post=129580"},{"taxonomy":"product_cat","embeddable":true,"href":"https:\/\/www.creaearredanegozi.it\/de\/wp-json\/wp\/v2\/product_cat?post=129580"},{"taxonomy":"product_tag","embeddable":true,"href":"https:\/\/www.creaearredanegozi.it\/de\/wp-json\/wp\/v2\/product_tag?post=129580"}],"curies":[{"name":"wp","href":"https:\/\/api.w.org\/{rel}","templated":true}]}}