{"id":129588,"date":"2026-01-26T16:16:09","date_gmt":"2026-01-26T15:16:09","guid":{"rendered":"https:\/\/www.creaearredanegozi.it\/prodotto-361\/"},"modified":"2026-03-19T18:35:29","modified_gmt":"2026-03-19T17:35:29","slug":"servicewagen-3-holz-effekt-stahl-tragkraft-150-kg-2-rader-mit-bremse","status":"publish","type":"product","link":"https:\/\/www.creaearredanegozi.it\/de\/servicewagen-3-holz-effekt-stahl-tragkraft-150-kg-2-rader-mit-bremse\/","title":{"rendered":"Servicewagen 3 Stahlb\u00f6den in Holzoptik Tragf\u00e4higkeit 150 kg 2 R\u00e4der mit Bremse"},"content":{"rendered":"<div class=\"elementor-element elementor-element-32448795 elementor-widget elementor-widget-woocommerce-product-title elementor-page-title elementor-widget-heading\" data-id=\"32448795\" data-element_type=\"widget\" data-widget_type=\"woocommerce-product-title.default\">\n<div class=\"elementor-widget-container\">\n<h2 class=\"product_title entry-title elementor-heading-title elementor-size-default\" style=\"text-align: center;\">Servicewagen aus Stahl, Mod. RPL-3<\/h2>\n<\/div>\n<p>Dreistufiger Servierwagen f\u00fcr Restaurants und Catering. Der Wagen ist perfekt f\u00fcr Restaurants, Hotels und Catering f\u00fcr den Zimmerservice. Der Wagen besteht aus 3 Etagen mit einer Kapazit\u00e4t von 50 kg pro Etage, komplett aus hydrogegl\u00e4ttetem holzfarbenem Edelstahl mit Schiebegriff und abgerundeten Ecken. Er ist mit 4 Lenkrollen mit einem Durchmesser von 100 mm mit Kunststoffpuffern zum Schutz der Ecke ausgestattet, 2 Rollen haben Bremsen. Der Abstand zwischen den Regalb\u00f6den betr\u00e4gt 30 cm und wiegt 13 kg.<\/p>\n<\/div>\n<div class=\"elementor-element elementor-element-74596239 elementor-widget__width-initial elementor-widget-tablet__width-inherit elementor-widget elementor-widget-woocommerce-product-content\" data-id=\"74596239\" data-element_type=\"widget\" data-widget_type=\"woocommerce-product-content.default\">\n<div class=\"elementor-widget-container\">\n<ul>\n<li>Gewicht: 13 kg<\/li>\n<li>Aus Edelstahl mit Holzoptik und Siebdruck<\/li>\n<li>Tragf\u00e4higkeit pro Fachboden 50 kg<\/li>\n<li>4 Lenkrollen \u2205100 mm (2 mit Bremse)<\/li>\n<li>Abstand zwischen den Regalen 30 cm<\/li>\n<li>Mit Kunststoffpuffern zum Schutz der Ecke<\/li>\n<li>Abmessungen: 845x525x940h mm<\/li>\n<\/ul>\n<\/div>\n<\/div>","protected":false},"excerpt":{"rendered":"<p>Carrello di Servizio acciaio mod. RPL-3 Carrello di servizio a tre piani per ristorazione e catering. Il carrello \u00e8 perfetto per ristoranti, alberghi e catering per il servizio di sala. Il carrello \u00e8 composto da 3 ripiani con portata di 50 kg a ripiano, totalmente in acciaio inox idrografato color legno con maniglia di spinta [&#8230;]","protected":false},"featured_media":129695,"comment_status":"open","ping_status":"closed","template":"","meta":{"_monsterinsights_skip_tracking":false,"_monsterinsights_sitenote_active":false,"_monsterinsights_sitenote_note":"","_monsterinsights_sitenote_category":0},"product_brand":[641],"product_cat":[276,29],"product_tag":[],"class_list":{"0":"post-129588","1":"product","2":"type-product","3":"status-publish","4":"has-post-thumbnail","6":"product_brand-beckers","7":"product_cat-carrelli-di-servizio","8":"product_cat-cesteria-e-carrelli","9":"product_shipping_class-38","11":"first","12":"instock","13":"taxable","14":"shipping-taxable","15":"purchasable","16":"product-type-simple"},"_links":{"self":[{"href":"https:\/\/www.creaearredanegozi.it\/de\/wp-json\/wp\/v2\/product\/129588","targetHints":{"allow":["GET"]}}],"collection":[{"href":"https:\/\/www.creaearredanegozi.it\/de\/wp-json\/wp\/v2\/product"}],"about":[{"href":"https:\/\/www.creaearredanegozi.it\/de\/wp-json\/wp\/v2\/types\/product"}],"replies":[{"embeddable":true,"href":"https:\/\/www.creaearredanegozi.it\/de\/wp-json\/wp\/v2\/comments?post=129588"}],"wp:featuredmedia":[{"embeddable":true,"href":"https:\/\/www.creaearredanegozi.it\/de\/wp-json\/wp\/v2\/media\/129695"}],"wp:attachment":[{"href":"https:\/\/www.creaearredanegozi.it\/de\/wp-json\/wp\/v2\/media?parent=129588"}],"wp:term":[{"taxonomy":"product_brand","embeddable":true,"href":"https:\/\/www.creaearredanegozi.it\/de\/wp-json\/wp\/v2\/product_brand?post=129588"},{"taxonomy":"product_cat","embeddable":true,"href":"https:\/\/www.creaearredanegozi.it\/de\/wp-json\/wp\/v2\/product_cat?post=129588"},{"taxonomy":"product_tag","embeddable":true,"href":"https:\/\/www.creaearredanegozi.it\/de\/wp-json\/wp\/v2\/product_tag?post=129588"}],"curies":[{"name":"wp","href":"https:\/\/api.w.org\/{rel}","templated":true}]}}