{"id":129590,"date":"2026-01-26T16:16:11","date_gmt":"2026-01-26T15:16:11","guid":{"rendered":"https:\/\/www.creaearredanegozi.it\/prodotto-363\/"},"modified":"2026-01-31T21:10:03","modified_gmt":"2026-01-31T20:10:03","slug":"servicewagen-abs-und-stahl-3-etagen-max-belastbarkeit-150-kg","status":"publish","type":"product","link":"https:\/\/www.creaearredanegozi.it\/de\/servicewagen-abs-und-stahl-3-etagen-max-belastbarkeit-150-kg\/","title":{"rendered":"Servicewagen abs und Stahl 3 Etagen max. Tragf\u00e4higkeit 150 kg"},"content":{"rendered":"<div class=\"elementor-element elementor-element-32448795 elementor-widget elementor-widget-woocommerce-product-title elementor-page-title elementor-widget-heading\" data-id=\"32448795\" data-element_type=\"widget\" data-widget_type=\"woocommerce-product-title.default\">\n<div class=\"elementor-widget-container\">\n<h2 class=\"product_title entry-title elementor-heading-title elementor-size-default\" style=\"text-align: center;\">SERVICEWAGEN<\/h2>\n<\/div>\n<\/div>\n<div class=\"elementor-element elementor-element-74596239 elementor-widget__width-initial elementor-widget-tablet__width-inherit elementor-widget elementor-widget-woocommerce-product-content\" data-id=\"74596239\" data-element_type=\"widget\" data-widget_type=\"woocommerce-product-content.default\">\n<div class=\"elementor-widget-container\">\n<p data-start=\"257\" data-end=\"671\">Die\u00a0<strong data-start=\"260\" data-end=\"305\">Servierwagen aus Kunststoff<\/strong>\u00a0ist die perfekte L\u00f6sung f\u00fcr Restaurant-, Bar-, Catering- und HO.RE.CA-Profis, die eine\u00a0<strong data-start=\"418\" data-end=\"470\">robuster, praktischer und vielseitiger Servicewagen<\/strong>. Struktur hergestellt aus <strong data-start=\"486\" data-end=\"518\">hochwertiger rostfreier Stahl<\/strong>bietet der Wagen <strong data-start=\"542\" data-end=\"564\">drei ger\u00e4umige Etagen<\/strong> in abs ideal f\u00fcr den einfachen und sicheren Transport von Tellern, Schalen, Utensilien oder Verbrauchsmaterialien.<\/p>\n<p data-start=\"673\" data-end=\"1069\">Der Servicewagen ist f\u00fcr den t\u00e4glichen Einsatz in den anspruchsvollsten Umgebungen konzipiert und garantiert <strong data-start=\"774\" data-end=\"814\">Stabilit\u00e4t, Hygiene und Haltbarkeit<\/strong>Unverzichtbar f\u00fcr die professionelle Arbeit in der K\u00fcche oder im Esszimmer. Ausgestattet mit\u00a0<strong data-start=\"904\" data-end=\"932\">vier Lenkrollen <\/strong>ist auf jeder Oberfl\u00e4che leicht zu bewegen, was die Betriebseffizienz erh\u00f6ht und die Servicezeiten verk\u00fcrzt.<\/p>\n<p data-start=\"1274\" data-end=\"1305\"><strong data-start=\"1274\" data-end=\"1305\">Hauptmerkmale:<\/strong><\/p>\n<ul data-start=\"1306\" data-end=\"1621\">\n<li data-start=\"1306\" data-end=\"1367\">\n<p data-start=\"1308\" data-end=\"1367\">Struktur in\u00a0<strong data-start=\"1321\" data-end=\"1367\">langlebiger und leicht zu reinigender Edelstahl<\/strong><\/p>\n<\/li>\n<li data-start=\"1368\" data-end=\"1431\">\n<p data-start=\"1370\" data-end=\"1431\"><strong data-start=\"1370\" data-end=\"1392\">3 ger\u00e4umige Ablagen<\/strong>\u00a0zur Maximierung der Tragf\u00e4higkeit<\/p>\n<\/li>\n<li data-start=\"1432\" data-end=\"1504\">\n<p data-start=\"1434\" data-end=\"1504\"><strong data-start=\"1434\" data-end=\"1454\">4 Lenkrollen<\/strong><\/p>\n<\/li>\n<li data-start=\"1505\" data-end=\"1567\">\n<p data-start=\"1507\" data-end=\"1567\">Ideal f\u00fcr\u00a0<strong data-start=\"1518\" data-end=\"1567\">Restaurants, Bars, Catering und professionelle Nutzung<\/strong><\/p>\n<\/li>\n<li data-start=\"1568\" data-end=\"1621\">\n<p data-start=\"1570\" data-end=\"1621\">Funktionelles Design f\u00fcr schnellen und organisierten Service<\/p>\n<\/li>\n<\/ul>\n<p data-start=\"1623\" data-end=\"1823\">Der Wagen ist ideal f\u00fcr alle, die ihren Service und die Organisation ihres Arbeitsplatzes optimieren wollen. Er vereint Qualit\u00e4t, Funktionalit\u00e4t und Leistung in einem einzigen Produkt.<\/p>\n<div>\n<div>\n<div><\/div>\n<div>\n<p>P.N.\/N.W. 7,30 kg<\/p>\n<\/div>\n<\/div>\n<div>\n<div>\n<p>RAUM ZWISCHEN DEN EBENEN\/RAUM ZWISCHEN DEN SELBSTEN 28,5 cm<\/p>\n<\/div>\n<\/div>\n<div>\n<div>\n<p>ABMESSUNGEN\/Abmessungen (BxTxH) 845x430x950 mm<\/p>\n<\/div>\n<\/div>\n<\/div>\n<\/div>\n<\/div>","protected":false},"excerpt":{"rendered":"<p>CARRELLO DI SERVIZIO Il\u00a0carrello di servizio in plastica\u00a0\u00e8 la soluzione perfetta per professionisti della ristorazione, bar, catering e ambienti HO.RE.CA che cercano un\u00a0trolley di servizio robusto, pratico e versatile. Struttura realizzata in acciaio inox di alta qualit\u00e0, il carrello offre tre piani spaziosi in abs ideali per trasportare piatti, vassoi, utensili o materiali di consumo [&#8230;]","protected":false},"featured_media":129687,"comment_status":"open","ping_status":"closed","template":"","meta":{"_monsterinsights_skip_tracking":false,"_monsterinsights_sitenote_active":false,"_monsterinsights_sitenote_note":"","_monsterinsights_sitenote_category":0},"product_brand":[641],"product_cat":[276,29],"product_tag":[],"class_list":{"0":"post-129590","1":"product","2":"type-product","3":"status-publish","4":"has-post-thumbnail","6":"product_brand-beckers","7":"product_cat-carrelli-di-servizio","8":"product_cat-cesteria-e-carrelli","9":"product_shipping_class-38","11":"first","12":"instock","13":"taxable","14":"shipping-taxable","15":"purchasable","16":"product-type-simple"},"_links":{"self":[{"href":"https:\/\/www.creaearredanegozi.it\/de\/wp-json\/wp\/v2\/product\/129590","targetHints":{"allow":["GET"]}}],"collection":[{"href":"https:\/\/www.creaearredanegozi.it\/de\/wp-json\/wp\/v2\/product"}],"about":[{"href":"https:\/\/www.creaearredanegozi.it\/de\/wp-json\/wp\/v2\/types\/product"}],"replies":[{"embeddable":true,"href":"https:\/\/www.creaearredanegozi.it\/de\/wp-json\/wp\/v2\/comments?post=129590"}],"wp:featuredmedia":[{"embeddable":true,"href":"https:\/\/www.creaearredanegozi.it\/de\/wp-json\/wp\/v2\/media\/129687"}],"wp:attachment":[{"href":"https:\/\/www.creaearredanegozi.it\/de\/wp-json\/wp\/v2\/media?parent=129590"}],"wp:term":[{"taxonomy":"product_brand","embeddable":true,"href":"https:\/\/www.creaearredanegozi.it\/de\/wp-json\/wp\/v2\/product_brand?post=129590"},{"taxonomy":"product_cat","embeddable":true,"href":"https:\/\/www.creaearredanegozi.it\/de\/wp-json\/wp\/v2\/product_cat?post=129590"},{"taxonomy":"product_tag","embeddable":true,"href":"https:\/\/www.creaearredanegozi.it\/de\/wp-json\/wp\/v2\/product_tag?post=129590"}],"curies":[{"name":"wp","href":"https:\/\/api.w.org\/{rel}","templated":true}]}}