{"id":129616,"date":"2026-01-26T16:16:30","date_gmt":"2026-01-26T15:16:30","guid":{"rendered":"https:\/\/www.creaearredanegozi.it\/prodotto-389\/"},"modified":"2026-01-27T18:39:33","modified_gmt":"2026-01-27T17:39:33","slug":"doppelwandregal-edelstahl-aisi-201-100-180x40-cm","status":"publish","type":"product","link":"https:\/\/www.creaearredanegozi.it\/de\/doppelwandregal-edelstahl-aisi-201-100-180x40-cm\/","title":{"rendered":"Doppeltes Wandregal aus rostfreiem Stahl AISI 201 100\u00f7180\u00d740 cm"},"content":{"rendered":"<h2 style=\"text-align: center;\">Doppelwandregal aus Edelstahl<\/h2>\n<ul>\n<li>ABMESSUNG (BxH) 400X550 mm<\/li>\n<li>Verf\u00fcgbare L\u00e4ngen: 100 cm, 120 cm, 140 cm, 180 cm<\/li>\n<li>Gewicht 11\/13\/16,4\/19,3 kg<\/li>\n<li>Maximale Belastung pro Regal: 50 kg (erfordert D\u00fcbel und ein f\u00fcr das Gewicht geeignetes Mauerwerk)<\/li>\n<li>L\u00e4nge der vertikalen St\u00e4be: 550 mm<\/li>\n<li>2 verstellbare Einlegeb\u00f6den<\/li>\n<li>Rahmen aus Edelstahl #201<strong><br \/>\n<\/strong><\/li>\n<li>Wird zerlegt geliefert, einschlie\u00dflich Montageschrauben, ohne D\u00fcbel.<\/li>\n<\/ul>\n<p><strong>Vereinfachte Installation in 4 Schritten<\/strong><\/p>\n<ol>\n<li>Befestigen Sie die 2 Stangen an der Wand mit 4 D\u00fcbeln, die f\u00fcr die Wand und das von der Halterung zu tragende Gewicht geeignet sind.<\/li>\n<li>Befestigen Sie die Regalst\u00fctzen an den St\u00e4ben, indem Sie sie in die Schlitze der St\u00e4be in der gew\u00fcnschten H\u00f6he einf\u00fchren.<\/li>\n<li>die Einlegeb\u00f6den auf die Regalst\u00fctzen stellen<\/li>\n<li>schrauben Sie die Halterungen mit den 4 Schrauben an die Halterungen<\/li>\n<\/ol>\n<p><a href=\"https:\/\/www.creaearredanegozi.it\/wp-content\/uploads\/2026\/01\/M10-12-14-18.png\"><img decoding=\"async\" class=\"aligncenter wp-image-129666 size-full\" style=\"max-width: 627px;\" src=\"https:\/\/www.creaearredanegozi.it\/wp-content\/uploads\/2026\/01\/M10-12-14-18.png\" alt=\"\" width=\"100%\" height=\"auto\" title=\"\" srcset=\"https:\/\/www.creaearredanegozi.it\/wp-content\/uploads\/2026\/01\/M10-12-14-18.png 627w, https:\/\/www.creaearredanegozi.it\/wp-content\/uploads\/2026\/01\/M10-12-14-18-516x323.png 516w, https:\/\/www.creaearredanegozi.it\/wp-content\/uploads\/2026\/01\/M10-12-14-18-64x40.png 64w, https:\/\/www.creaearredanegozi.it\/wp-content\/uploads\/2026\/01\/M10-12-14-18-18x12.png 18w\" sizes=\"(max-width: 627px) 100vw, 627px\" \/><\/a><\/p>","protected":false},"excerpt":{"rendered":"<p>Mensola da Parete Doppia in Acciaio Inox DIMENSIONE (PxH) 400X550 mm Lunghezze disponibili: 100 cm, 120 cm, 140 cm, 180 cm Peso 11\/13\/16,4\/19.3 kg Carico massimo per ripiano: 50 kg (necessita di tasselli e muratura adeguati al peso) Lunghezza Barre verticali: 550 mm 2 ripiani regolabili Struttura in acciaio inox #201 Fornito Smontato, include viti [&#8230;]","protected":false},"featured_media":129668,"comment_status":"open","ping_status":"closed","template":"","meta":{"_monsterinsights_skip_tracking":false,"_monsterinsights_sitenote_active":false,"_monsterinsights_sitenote_note":"","_monsterinsights_sitenote_category":0},"product_brand":[641],"product_cat":[116,18],"product_tag":[],"class_list":{"0":"post-129616","1":"product","2":"type-product","3":"status-publish","4":"has-post-thumbnail","6":"product_brand-beckers","7":"product_cat-pensili","8":"product_cat-arredo-acciaio-inox","9":"product_shipping_class-681","11":"first","12":"instock","13":"taxable","14":"shipping-taxable","15":"purchasable","16":"product-type-variable"},"_links":{"self":[{"href":"https:\/\/www.creaearredanegozi.it\/de\/wp-json\/wp\/v2\/product\/129616","targetHints":{"allow":["GET"]}}],"collection":[{"href":"https:\/\/www.creaearredanegozi.it\/de\/wp-json\/wp\/v2\/product"}],"about":[{"href":"https:\/\/www.creaearredanegozi.it\/de\/wp-json\/wp\/v2\/types\/product"}],"replies":[{"embeddable":true,"href":"https:\/\/www.creaearredanegozi.it\/de\/wp-json\/wp\/v2\/comments?post=129616"}],"wp:featuredmedia":[{"embeddable":true,"href":"https:\/\/www.creaearredanegozi.it\/de\/wp-json\/wp\/v2\/media\/129668"}],"wp:attachment":[{"href":"https:\/\/www.creaearredanegozi.it\/de\/wp-json\/wp\/v2\/media?parent=129616"}],"wp:term":[{"taxonomy":"product_brand","embeddable":true,"href":"https:\/\/www.creaearredanegozi.it\/de\/wp-json\/wp\/v2\/product_brand?post=129616"},{"taxonomy":"product_cat","embeddable":true,"href":"https:\/\/www.creaearredanegozi.it\/de\/wp-json\/wp\/v2\/product_cat?post=129616"},{"taxonomy":"product_tag","embeddable":true,"href":"https:\/\/www.creaearredanegozi.it\/de\/wp-json\/wp\/v2\/product_tag?post=129616"}],"curies":[{"name":"wp","href":"https:\/\/api.w.org\/{rel}","templated":true}]}}