{"id":129626,"date":"2026-01-26T16:16:37","date_gmt":"2026-01-26T15:16:37","guid":{"rendered":"https:\/\/www.creaearredanegozi.it\/prodotto-399\/"},"modified":"2026-01-26T21:50:52","modified_gmt":"2026-01-26T20:50:52","slug":"elektrischer-handetrockner-fur-die-wandmontage-mit-sensor-mod-am200-beckers","status":"publish","type":"product","link":"https:\/\/www.creaearredanegozi.it\/de\/elektrischer-handetrockner-fur-die-wandmontage-mit-sensor-mod-am200-beckers\/","title":{"rendered":"Elektrischer H\u00e4ndetrockner f\u00fcr die Wandmontage mit Sensor Mod. AM200 Beckers"},"content":{"rendered":"<h2 style=\"text-align: center;\">ELEKTRISCHER H\u00c4NDETROCKNER MOD. AM200<\/h2>\n<ul>\n<li>Leistung: 2 KW \/ 220~240 V \/ 50HZ<\/li>\n<li>Gewicht: 7,8 kg<\/li>\n<li>ABS-Kunststoffschale<\/li>\n<li>Luftgeschwindigkeit: 5-7 M\/S<\/li>\n<li>Grad der Wasserdichtigkeit: IP24<\/li>\n<li>Warme Temperatur: 48-53\u00b0C<\/li>\n<li>Kalte Temperatur: 25-35\u00b0C<\/li>\n<li>\u00dcberhitzungsschutz<\/li>\n<li>Automatischer handgef\u00fchrter Betrieb<\/li>\n<li>Luftstrahl: 7 Sekunden mit automatischer Abschaltung<\/li>\n<li>Einfache Wandmontage<\/li>\n<li>Abmessungen: 154x104x254 mm<\/li>\n<\/ul>","protected":false},"excerpt":{"rendered":"<p>ELEKTRISCHER H\u00c4NDETROCKNER MOD. AM200 Leistung: 2 KW \/ 220~240 V \/ 50HZ Gewicht: 7,8 Kg ABS-Kunststoffgeh\u00e4use Luftgeschwindigkeit: 5-7 M\/S Wasserdichtheit: IP24 Hei\u00dfe Temperatur: 48-53\u00b0C Kalte Temperatur: 25-35\u00b0C \u00dcberhitzungsschutz Automatischer Betrieb bei Ann\u00e4herung der H\u00e4nde Luftstrahl: 7 Sekunden mit automatischer Abschaltung Einfache Wandmontage Abmessungen: 154x104x254 mm<\/p>","protected":false},"featured_media":129655,"comment_status":"open","ping_status":"closed","template":"","meta":{"_monsterinsights_skip_tracking":false,"_monsterinsights_sitenote_active":false,"_monsterinsights_sitenote_note":"","_monsterinsights_sitenote_category":0},"product_brand":[641],"product_cat":[531],"product_tag":[],"class_list":{"0":"post-129626","1":"product","2":"type-product","3":"status-publish","4":"has-post-thumbnail","6":"product_brand-beckers","7":"product_cat-sanificazione","8":"product_shipping_class-f","10":"first","11":"instock","12":"taxable","13":"shipping-taxable","14":"purchasable","15":"product-type-simple"},"_links":{"self":[{"href":"https:\/\/www.creaearredanegozi.it\/de\/wp-json\/wp\/v2\/product\/129626","targetHints":{"allow":["GET"]}}],"collection":[{"href":"https:\/\/www.creaearredanegozi.it\/de\/wp-json\/wp\/v2\/product"}],"about":[{"href":"https:\/\/www.creaearredanegozi.it\/de\/wp-json\/wp\/v2\/types\/product"}],"replies":[{"embeddable":true,"href":"https:\/\/www.creaearredanegozi.it\/de\/wp-json\/wp\/v2\/comments?post=129626"}],"wp:featuredmedia":[{"embeddable":true,"href":"https:\/\/www.creaearredanegozi.it\/de\/wp-json\/wp\/v2\/media\/129655"}],"wp:attachment":[{"href":"https:\/\/www.creaearredanegozi.it\/de\/wp-json\/wp\/v2\/media?parent=129626"}],"wp:term":[{"taxonomy":"product_brand","embeddable":true,"href":"https:\/\/www.creaearredanegozi.it\/de\/wp-json\/wp\/v2\/product_brand?post=129626"},{"taxonomy":"product_cat","embeddable":true,"href":"https:\/\/www.creaearredanegozi.it\/de\/wp-json\/wp\/v2\/product_cat?post=129626"},{"taxonomy":"product_tag","embeddable":true,"href":"https:\/\/www.creaearredanegozi.it\/de\/wp-json\/wp\/v2\/product_tag?post=129626"}],"curies":[{"name":"wp","href":"https:\/\/api.w.org\/{rel}","templated":true}]}}