{"id":129631,"date":"2026-01-26T16:16:41","date_gmt":"2026-01-26T15:16:41","guid":{"rendered":"https:\/\/www.creaearredanegozi.it\/prodotto-404\/"},"modified":"2026-01-26T20:36:42","modified_gmt":"2026-01-26T19:36:42","slug":"carrello-per-sacco-immondizia-in-acciaio-con-pedale-mod-csi-beckers","status":"publish","type":"product","link":"https:\/\/www.creaearredanegozi.it\/de\/carrello-per-sacco-immondizia-in-acciaio-con-pedale-mod-csi-beckers\/","title":{"rendered":"M\u00fcllsackwagen aus Stahl mit Pedal mod. CSI Beckers"},"content":{"rendered":"<h2 style=\"text-align: center;\">CARRELLO PER SACCO IMMONDIZIA MOD. CSI<\/h2>\n<p>&nbsp;<\/p>\n<ul>\n<li>Peso: 4,7 Kg<\/li>\n<li>Struttura in acciaio inox aisi 201<\/li>\n<li>2 ruote girevoli con freno<\/li>\n<li>Adatto per sacchetti 635\u00d7900 mm o piu\u0300 alti<\/li>\n<li>Apertura sacco a pedale<\/li>\n<li>Con fermo sacco in gomma<\/li>\n<li>Dimensioni: 430x530x960h mm<\/li>\n<\/ul>","protected":false},"excerpt":{"rendered":"<p>M\u00dcLLSACKWAGEN MOD. CSI Gewicht: 4,7 kg Struktur aus rostfreiem Stahl aisi 201 2 Lenkrollen mit Bremse Geeignet f\u00fcr S\u00e4cke 635\u00d7900 mm oder h\u00f6her Sack\u00f6ffnung durch Fu\u00dfpedal Mit Gummisackstopp Abmessungen: 430x530x960h mm<\/p>","protected":false},"featured_media":129646,"comment_status":"open","ping_status":"closed","template":"","meta":{"_monsterinsights_skip_tracking":false,"_monsterinsights_sitenote_active":false,"_monsterinsights_sitenote_note":"","_monsterinsights_sitenote_category":0},"product_brand":[641],"product_cat":[285,276,29],"product_tag":[],"class_list":{"0":"post-129631","1":"product","2":"type-product","3":"status-publish","4":"has-post-thumbnail","6":"product_brand-beckers","7":"product_cat-tramogge-e-pattumiere","8":"product_cat-carrelli-di-servizio","9":"product_cat-cesteria-e-carrelli","10":"product_shipping_class-f","12":"first","13":"instock","14":"taxable","15":"shipping-taxable","16":"purchasable","17":"product-type-simple"},"_links":{"self":[{"href":"https:\/\/www.creaearredanegozi.it\/de\/wp-json\/wp\/v2\/product\/129631","targetHints":{"allow":["GET"]}}],"collection":[{"href":"https:\/\/www.creaearredanegozi.it\/de\/wp-json\/wp\/v2\/product"}],"about":[{"href":"https:\/\/www.creaearredanegozi.it\/de\/wp-json\/wp\/v2\/types\/product"}],"replies":[{"embeddable":true,"href":"https:\/\/www.creaearredanegozi.it\/de\/wp-json\/wp\/v2\/comments?post=129631"}],"wp:featuredmedia":[{"embeddable":true,"href":"https:\/\/www.creaearredanegozi.it\/de\/wp-json\/wp\/v2\/media\/129646"}],"wp:attachment":[{"href":"https:\/\/www.creaearredanegozi.it\/de\/wp-json\/wp\/v2\/media?parent=129631"}],"wp:term":[{"taxonomy":"product_brand","embeddable":true,"href":"https:\/\/www.creaearredanegozi.it\/de\/wp-json\/wp\/v2\/product_brand?post=129631"},{"taxonomy":"product_cat","embeddable":true,"href":"https:\/\/www.creaearredanegozi.it\/de\/wp-json\/wp\/v2\/product_cat?post=129631"},{"taxonomy":"product_tag","embeddable":true,"href":"https:\/\/www.creaearredanegozi.it\/de\/wp-json\/wp\/v2\/product_tag?post=129631"}],"curies":[{"name":"wp","href":"https:\/\/api.w.org\/{rel}","templated":true}]}}