{"id":129715,"date":"2026-02-03T19:33:29","date_gmt":"2026-02-03T18:33:29","guid":{"rendered":"https:\/\/www.creaearredanegozi.it\/?post_type=product&#038;p=129715"},"modified":"2026-02-03T22:23:03","modified_gmt":"2026-02-03T21:23:03","slug":"bewahrte-thermorolle-pos-abmessung-57x20-mm-loch-12-packung-100-rollen","status":"publish","type":"product","link":"https:\/\/www.creaearredanegozi.it\/de\/bewahrte-thermorolle-pos-abmessung-57x20-mm-loch-12-packung-100-rollen\/","title":{"rendered":"Zugelassene Thermorolle Pos Abm. 57\u00d720 mm Loch 12 Packung 100 Rollen"},"content":{"rendered":"<p>Packung mit 100 zugelassenen Thermorollen f\u00fcr POS und Registrierkassen<\/p>\n<p>Kompatibel mit den meisten g\u00e4ngigen POS-Ger\u00e4ten, einschlie\u00dflich Nexi, Nexa, Sumup und anderen POS-Ger\u00e4ten.<\/p>\n<ul>\n<li>Rollenbreite: 57 mm<\/li>\n<li>L\u00e4nge: 20 m<\/li>\n<li>Lochdurchmesser: 12 mm<\/li>\n<\/ul>\n<p>&nbsp;<\/p>","protected":false},"excerpt":{"rendered":"<p>Confezione da 100 rotoli termici omologati per POS e registratori di cassa Compatibili con i dispositivi POS pi\u00f9 comuni, inclusi Nexi, Nexa, Sumup e altri dispositivi POS. Larghezza Rotolo: 57 mm Lunghezza: 20 mt diametro foro: 12 mm &nbsp;<\/p>","protected":false},"featured_media":129719,"comment_status":"closed","ping_status":"closed","template":"","meta":{"_monsterinsights_skip_tracking":false,"_monsterinsights_sitenote_active":false,"_monsterinsights_sitenote_note":"","_monsterinsights_sitenote_category":0},"product_brand":[],"product_cat":[833,23],"product_tag":[],"class_list":{"0":"post-129715","1":"product","2":"type-product","3":"status-publish","4":"has-post-thumbnail","6":"product_cat-materiali-di-consumo","7":"product_cat-bilance-bilici","8":"product_shipping_class-205","10":"first","11":"instock","12":"taxable","13":"shipping-taxable","14":"purchasable","15":"product-type-simple"},"_links":{"self":[{"href":"https:\/\/www.creaearredanegozi.it\/de\/wp-json\/wp\/v2\/product\/129715","targetHints":{"allow":["GET"]}}],"collection":[{"href":"https:\/\/www.creaearredanegozi.it\/de\/wp-json\/wp\/v2\/product"}],"about":[{"href":"https:\/\/www.creaearredanegozi.it\/de\/wp-json\/wp\/v2\/types\/product"}],"replies":[{"embeddable":true,"href":"https:\/\/www.creaearredanegozi.it\/de\/wp-json\/wp\/v2\/comments?post=129715"}],"wp:featuredmedia":[{"embeddable":true,"href":"https:\/\/www.creaearredanegozi.it\/de\/wp-json\/wp\/v2\/media\/129719"}],"wp:attachment":[{"href":"https:\/\/www.creaearredanegozi.it\/de\/wp-json\/wp\/v2\/media?parent=129715"}],"wp:term":[{"taxonomy":"product_brand","embeddable":true,"href":"https:\/\/www.creaearredanegozi.it\/de\/wp-json\/wp\/v2\/product_brand?post=129715"},{"taxonomy":"product_cat","embeddable":true,"href":"https:\/\/www.creaearredanegozi.it\/de\/wp-json\/wp\/v2\/product_cat?post=129715"},{"taxonomy":"product_tag","embeddable":true,"href":"https:\/\/www.creaearredanegozi.it\/de\/wp-json\/wp\/v2\/product_tag?post=129715"}],"curies":[{"name":"wp","href":"https:\/\/api.w.org\/{rel}","templated":true}]}}