{"id":129830,"date":"2026-03-10T15:13:40","date_gmt":"2026-03-10T14:13:40","guid":{"rendered":"https:\/\/www.creaearredanegozi.it\/?post_type=product&#038;p=129830"},"modified":"2026-03-10T15:30:53","modified_gmt":"2026-03-10T14:30:53","slug":"cantinetta-vini-ventilata-capacita-110-bottiglie-2-temperature-2c-12c-12-20c-porta-vetro-senza-cornice-mensole-in-legno-estraibili","status":"publish","type":"product","link":"https:\/\/www.creaearredanegozi.it\/de\/cantinetta-vini-ventilata-capacita-110-bottiglie-2-temperature-2c-12c-12-20c-porta-vetro-senza-cornice-mensole-in-legno-estraibili\/","title":{"rendered":"Bel\u00fcfteter Weinkeller Kapazit\u00e4t 110 Flaschen 2 Temperaturen +2\u00b0+12\u00b0C \/ +12\u00b0+20\u00b0C rahmenlose Glast\u00fcr herausnehmbare Holzb\u00f6den"},"content":{"rendered":"<div style=\"max-width: 1000px; margin: 40px auto; font-family: inherit; color: #333;\">\n<p><!-- Titolo e descrizione --><\/p>\n<h2 style=\"font-size: 28px; margin-bottom: 10px;\">Cantinetta Vini Ventilata doppia temperatura<\/h2>\n<p style=\"color: #666; margin-bottom: 30px;\">Bel\u00fcfteter Weinkeller mit doppelter Temperaturzone f\u00fcr bis zu 110* Flaschen, herausnehmbaren Holzb\u00f6den und rahmenloser Glast\u00fcr.<\/p>\n<ul>\n<li>Sistema di raffreddamento ventilato<\/li>\n<li>Porta vetro senza cornice<\/li>\n<li>Mensole in legno ad estrazione<\/li>\n<li>Cestone inferiore<\/li>\n<li>Illuminazione LED verticale<\/li>\n<li>Termostato elettronico touch screen<\/li>\n<li>Automatische Abtauung<\/li>\n<li>Umkehrbare T\u00fcr<\/li>\n<li>Struttura esterna: lamiera preverniciata con trattamento anticorrosione<\/li>\n<li>Innen: ABS<\/li>\n<li data-section-id=\"1ax9ylg\" data-start=\"1400\" data-end=\"1419\">Dotazione interna: <strong style=\"color: #333333; font-family: inherit;\" data-start=\"1422\" data-end=\"1456\">14 mensole in legno estraibili<\/strong><span style=\"color: #333333; font-family: inherit;\"> (491 \u00d7 410 mm), <\/span><strong style=\"color: #333333; font-family: inherit;\" data-start=\"1476\" data-end=\"1495\">1 mensola corta<\/strong><span style=\"color: #333333; font-family: inherit;\"> (493 \u00d7 240 mm)<\/span><\/li>\n<li data-section-id=\"1ax9ylg\" data-start=\"1400\" data-end=\"1419\"><strong data-start=\"1636\" data-end=\"1660\">Spessore isolamento:<\/strong> 50 mm<\/li>\n<li data-section-id=\"1ax9ylg\" data-start=\"1400\" data-end=\"1419\"><strong data-start=\"1710\" data-end=\"1722\">Piedini:<\/strong> 4 piedi regolabili<\/li>\n<\/ul>\n<p><!-- Blocchi caratteristiche in una riga --><\/p>\n<div style=\"display: flex; flex-wrap: wrap; justify-content: space-between; gap: 18px; margin-bottom: 40px;\">\n<div style=\"flex: 1 1 180px; border: 1px solid #e6e6e6; padding: 20px; text-align: center; border-radius: 6px;\">\n<p><span class=\"material-icons-outlined\" style=\"font-size: 34px; color: #555;\">wine_bar<\/span><\/p>\n<div style=\"font-weight: 600; margin-top: 6px;\">110* Bottiglie<\/div>\n<\/div>\n<div style=\"flex: 1 1 180px; border: 1px solid #e6e6e6; padding: 20px; text-align: center; border-radius: 6px;\">\n<p><span class=\"material-icons-outlined\" style=\"font-size: 34px; color: #555;\">device_thermostat<\/span><\/p>\n<div style=\"font-weight: 600; margin-top: 6px;\">+2 \u00b0C \/ +12 \u00b0C | +12 \u00b0C \/ +20 \u00b0C<\/div>\n<\/div>\n<div style=\"flex: 1 1 180px; border: 1px solid #e6e6e6; padding: 20px; text-align: center; border-radius: 6px;\">\n<p><span class=\"material-icons-outlined\" style=\"font-size: 34px; color: #555;\">lightbulb<\/span><\/p>\n<div style=\"font-weight: 600; margin-top: 6px;\">LED Verticali<\/div>\n<\/div>\n<div style=\"flex: 1 1 180px; border: 1px solid #e6e6e6; padding: 20px; text-align: center; border-radius: 6px;\">\n<p><span class=\"material-icons-outlined\" style=\"font-size: 34px; color: #555;\">view_stream<\/span><\/p>\n<div style=\"font-weight: 600; margin-top: 6px;\">Mensole in Legno<\/div>\n<\/div>\n<div style=\"flex: 1 1 180px; border: 1px solid #e6e6e6; padding: 20px; text-align: center; border-radius: 6px;\">\n<p><span class=\"material-icons-outlined\" style=\"font-size: 34px; color: #555;\">door_front<\/span><\/p>\n<div style=\"font-weight: 600; margin-top: 6px;\">Porta Frameless<\/div>\n<\/div>\n<\/div>\n<p><a href=\"https:\/\/www.creaearredanegozi.it\/wp-content\/uploads\/2026\/03\/DW-170-1T_DW-170-2T-Dettagli.jpg\"><img decoding=\"async\" class=\"aligncenter size-full wp-image-129833\" src=\"https:\/\/www.creaearredanegozi.it\/wp-content\/uploads\/2026\/03\/DW-170-1T_DW-170-2T-Dettagli.jpg\" alt=\"\" width=\"100%\" height=\"auto\" title=\"\" srcset=\"https:\/\/www.creaearredanegozi.it\/wp-content\/uploads\/2026\/03\/DW-170-1T_DW-170-2T-Dettagli.jpg 2000w, https:\/\/www.creaearredanegozi.it\/wp-content\/uploads\/2026\/03\/DW-170-1T_DW-170-2T-Dettagli-516x155.jpg 516w, https:\/\/www.creaearredanegozi.it\/wp-content\/uploads\/2026\/03\/DW-170-1T_DW-170-2T-Dettagli-64x19.jpg 64w, https:\/\/www.creaearredanegozi.it\/wp-content\/uploads\/2026\/03\/DW-170-1T_DW-170-2T-Dettagli-800x240.jpg 800w, https:\/\/www.creaearredanegozi.it\/wp-content\/uploads\/2026\/03\/DW-170-1T_DW-170-2T-Dettagli-1400x420.jpg 1400w, https:\/\/www.creaearredanegozi.it\/wp-content\/uploads\/2026\/03\/DW-170-1T_DW-170-2T-Dettagli-768x230.jpg 768w, https:\/\/www.creaearredanegozi.it\/wp-content\/uploads\/2026\/03\/DW-170-1T_DW-170-2T-Dettagli-1536x461.jpg 1536w, https:\/\/www.creaearredanegozi.it\/wp-content\/uploads\/2026\/03\/DW-170-1T_DW-170-2T-Dettagli-18x5.jpg 18w\" sizes=\"(max-width: 2000px) 100vw, 2000px\" \/><\/a><br \/>\n<!-- Specifiche tecniche con icone a fianco del testo --><\/p>\n<div style=\"border: 1px solid #e6e6e6; border-radius: 6px; overflow: hidden; margin-top: 20px;\">\n<div style=\"background: #f5f7fa; padding: 14px 18px; font-weight: bold; font-size: 18px;\">Technische Daten<\/div>\n<table style=\"width: 100%; border-collapse: collapse;\">\n<tbody>\n<tr style=\"border-bottom: 1px solid #eee;\">\n<td style=\"padding: 12px 16px; font-weight: 600; display: flex; align-items: center;\"><span class=\"material-icons-outlined\" style=\"font-size: 24px; color: #0f4b80; margin-right: 8px;\">local_drink<\/span>Kapazit\u00e4t<\/td>\n<td style=\"padding: 12px 16px;\">110* bottiglie (*75 cl)<\/td>\n<\/tr>\n<tr style=\"border-bottom: 1px solid #eee;\">\n<td style=\"padding: 12px 16px; font-weight: 600; display: flex; align-items: center;\"><span class=\"material-icons-outlined\" style=\"font-size: 24px; color: #0f4b80; margin-right: 8px;\">device_thermostat<\/span>Temperatur<\/td>\n<td style=\"padding: 12px 16px;\">+2 \u00b0C \/ +12 \u00b0C | +12 \u00b0C \/ +20 \u00b0C<\/td>\n<\/tr>\n<tr style=\"border-bottom: 1px solid #eee;\">\n<td style=\"padding: 12px 16px; font-weight: 600; display: flex; align-items: center;\"><span class=\"material-icons-outlined\" style=\"font-size: 24px; color: #0f4b80; margin-right: 8px;\">inventory_2<\/span>Volume netto<\/td>\n<td style=\"padding: 12px 16px;\">292 L<\/td>\n<\/tr>\n<tr style=\"border-bottom: 1px solid #eee;\">\n<td style=\"padding: 12px 16px; font-weight: 600; display: flex; align-items: center;\"><span class=\"material-icons-outlined\" style=\"font-size: 24px; color: #0f4b80; margin-right: 8px;\">straighten<\/span>Abmessungen<\/td>\n<td style=\"padding: 12px 16px;\">595 \u00d7 550 \u00d7 1804 mm<\/td>\n<\/tr>\n<tr style=\"border-bottom: 1px solid #eee;\">\n<td style=\"padding: 12px 16px; font-weight: 600; display: flex; align-items: center;\"><span class=\"material-icons-outlined\" style=\"font-size: 24px; color: #0f4b80; margin-right: 8px;\">volume_up<\/span>Rumorosit\u00e0<\/td>\n<td style=\"padding: 12px 16px;\">38 dB<\/td>\n<\/tr>\n<tr style=\"border-bottom: 1px solid #eee;\">\n<td style=\"padding: 12px 16px; font-weight: 600; display: flex; align-items: center;\"><span class=\"material-icons-outlined\" style=\"font-size: 24px; color: #0f4b80; margin-right: 8px;\">lightbulb<\/span>Beleuchtung<\/td>\n<td style=\"padding: 12px 16px;\">2 LED verticali<\/td>\n<\/tr>\n<tr style=\"border-bottom: 1px solid #eee;\">\n<td style=\"padding: 12px 16px; font-weight: 600; display: flex; align-items: center;\"><span class=\"material-icons-outlined\" style=\"font-size: 24px; color: #0f4b80; margin-right: 8px;\">view_stream<\/span>Mensole<\/td>\n<td style=\"padding: 12px 16px;\">15 mensole in legno estraibili + 1 mensola corta<\/td>\n<\/tr>\n<tr style=\"border-bottom: 1px solid #eee;\">\n<td style=\"padding: 12px 16px; font-weight: 600; display: flex; align-items: center;\"><span class=\"material-icons-outlined\" style=\"font-size: 24px; color: #0f4b80; margin-right: 8px;\">bolt<\/span>Absorption<\/td>\n<td style=\"padding: 12px 16px;\">135 W<\/td>\n<\/tr>\n<tr style=\"border-bottom: 1px solid #eee;\">\n<td style=\"padding: 12px 16px; font-weight: 600; display: flex; align-items: center;\"><span class=\"material-icons-outlined\" style=\"font-size: 24px; color: #0f4b80; margin-right: 8px;\">electric_meter<\/span>Energieverbrauch<\/td>\n<td style=\"padding: 12px 16px;\">0,415 kWh \/ 24h<\/td>\n<\/tr>\n<tr>\n<td style=\"padding: 12px 16px; font-weight: 600; display: flex; align-items: center;\"><span class=\"material-icons-outlined\" style=\"font-size: 24px; color: #0f4b80; margin-right: 8px;\">scale<\/span>Nettogewicht<\/td>\n<td style=\"padding: 12px 16px;\">90 kg<\/td>\n<\/tr>\n<\/tbody>\n<\/table>\n<\/div>\n<\/div>\n<p style=\"text-align: right;\">*Dati indicativi e variabili a seconda dei diversi packaging<\/p>","protected":false},"excerpt":{"rendered":"<p>Cantinetta Vini Ventilata doppia temperatura Cantinetta vino ventilata con doppia zona di temperatura capacit\u00e0 fino a 110* bottiglie, mensole in legno estraibili e porta vetro senza cornice. Sistema di raffreddamento ventilato Porta vetro senza cornice Mensole in legno ad estrazione Cestone inferiore Illuminazione LED verticale Termostato elettronico touch screen Sbrinamento automatico Porta reversibile Struttura esterna: [&#8230;]","protected":false},"featured_media":129831,"comment_status":"closed","ping_status":"closed","template":"","meta":{"_monsterinsights_skip_tracking":false,"_monsterinsights_sitenote_active":false,"_monsterinsights_sitenote_note":"","_monsterinsights_sitenote_category":0},"product_brand":[768],"product_cat":[256,28],"product_tag":[],"class_list":{"0":"post-129830","1":"product","2":"type-product","3":"status-publish","4":"has-post-thumbnail","6":"product_brand-klimaitalia","7":"product_cat-fredde","8":"product_cat-vetrine","9":"product_shipping_class-m","10":"pa_classe-energetica-classe-g","11":"pa_marca-klimaitalia","13":"first","14":"instock","15":"taxable","16":"shipping-taxable","17":"purchasable","18":"product-type-simple"},"_links":{"self":[{"href":"https:\/\/www.creaearredanegozi.it\/de\/wp-json\/wp\/v2\/product\/129830","targetHints":{"allow":["GET"]}}],"collection":[{"href":"https:\/\/www.creaearredanegozi.it\/de\/wp-json\/wp\/v2\/product"}],"about":[{"href":"https:\/\/www.creaearredanegozi.it\/de\/wp-json\/wp\/v2\/types\/product"}],"replies":[{"embeddable":true,"href":"https:\/\/www.creaearredanegozi.it\/de\/wp-json\/wp\/v2\/comments?post=129830"}],"wp:featuredmedia":[{"embeddable":true,"href":"https:\/\/www.creaearredanegozi.it\/de\/wp-json\/wp\/v2\/media\/129831"}],"wp:attachment":[{"href":"https:\/\/www.creaearredanegozi.it\/de\/wp-json\/wp\/v2\/media?parent=129830"}],"wp:term":[{"taxonomy":"product_brand","embeddable":true,"href":"https:\/\/www.creaearredanegozi.it\/de\/wp-json\/wp\/v2\/product_brand?post=129830"},{"taxonomy":"product_cat","embeddable":true,"href":"https:\/\/www.creaearredanegozi.it\/de\/wp-json\/wp\/v2\/product_cat?post=129830"},{"taxonomy":"product_tag","embeddable":true,"href":"https:\/\/www.creaearredanegozi.it\/de\/wp-json\/wp\/v2\/product_tag?post=129830"}],"curies":[{"name":"wp","href":"https:\/\/api.w.org\/{rel}","templated":true}]}}