{"id":13249,"date":"2018-05-26T12:49:27","date_gmt":"2018-05-26T10:49:27","guid":{"rendered":"https:\/\/www.creaearredanegozi.it\/?post_type=product&#038;p=13249"},"modified":"2023-07-03T19:51:01","modified_gmt":"2023-07-03T17:51:01","slug":"distributore-di-gelato-istantaneo-6-litri-is-cream-bras","status":"publish","type":"product","link":"https:\/\/www.creaearredanegozi.it\/de\/distributore-di-gelato-istantaneo-6-litri-is-cream-bras\/","title":{"rendered":"Spender f\u00fcr Speiseeis 6 Liter IS Cream Bras"},"content":{"rendered":"<h2>IS-Cream<\/h2>\n<p>Innovativa e moderna vi permetter\u00e0 di offrire velocemente ai vostri clienti un consistente gelato ed una vastissima gamma di nuovi prodotti.<br \/>\nProgettata con la massima attenzione alla qualit\u00e0, ai dettagli e alla funzionalit\u00e0, diventer\u00e0 presto un\u2019 attrezzatura a cui non vorrete rinunciare.<br \/>\nSorprendentemente compatta ed estremamente elegante, \u00e8 facile da usare grazie ad un display touch con icone moderne ed intuitive.<br \/>\nPersonalizzabile a 360\u00b0 vi permetter\u00e0 di comunicare in maniera esplicita la vostra immagine e i vostri prodotti.<\/p>\n<p>Der Eisspender verf\u00fcgt \u00fcber einen gek\u00fchlten 4-Liter-Beh\u00e4lter f\u00fcr die Mischung und einen 2-Liter-Beh\u00e4lter f\u00fcr das fertige Speiseeis. So haben Sie immer 2 Liter fertiges Eis und einen Vorrat von weiteren 4 Litern, die Sie ausgeben k\u00f6nnen.<\/p>\n<p><strong>Dotazioni di Serie:<\/strong><\/p>\n<ul>\n<li>Display touch con icone moderne e intuitive<\/li>\n<li>Sensore bicchiere<\/li>\n<li>Mescolatore in plastica POM<\/li>\n<\/ul>\n<hr \/>\n<table class=\"table table-striped mtr-table mtr-tr-td\" cellspacing=\"1\" cellpadding=\"0\" align=\"center\">\n<tbody>\n<tr>\n<td data-mtr-content=\"Caratteristiche tecniche\" class=\"mtr-td-tag\"><div class=\"mtr-cell-content\"><strong>Technische Daten<\/strong><\/div><\/td>\n<td data-mtr-content=\"\" class=\"mtr-td-tag\"><div class=\"mtr-cell-content\"><\/div><\/td>\n<td data-mtr-content=\"Is-cream\" class=\"mtr-td-tag\"><div class=\"mtr-cell-content\"><strong>Is-cream<\/strong><\/div><\/td>\n<\/tr>\n<tr>\n<td data-mtr-content=\"Caratteristiche tecniche\" class=\"mtr-td-tag\"><div class=\"mtr-cell-content\">Container-Kapazit\u00e4t<\/div><\/td>\n<td data-mtr-content=\"\" class=\"mtr-td-tag\"><div class=\"mtr-cell-content\">l<\/div><\/td>\n<td data-mtr-content=\"Is-cream\" class=\"mtr-td-tag\"><div class=\"mtr-cell-content\">4<\/div><\/td>\n<\/tr>\n<tr>\n<td data-mtr-content=\"Caratteristiche tecniche\" class=\"mtr-td-tag\"><div class=\"mtr-cell-content\">Capacit\u00e0 evaporatore<\/div><\/td>\n<td data-mtr-content=\"\" class=\"mtr-td-tag\"><div class=\"mtr-cell-content\">l<\/div><\/td>\n<td data-mtr-content=\"Is-cream\" class=\"mtr-td-tag\"><div class=\"mtr-cell-content\">2<\/div><\/td>\n<\/tr>\n<tr>\n<td data-mtr-content=\"Caratteristiche tecniche\" class=\"mtr-td-tag\"><div class=\"mtr-cell-content\">St\u00fcndliche Leistung<\/div><\/td>\n<td data-mtr-content=\"\" class=\"mtr-td-tag\"><div class=\"mtr-cell-content\">kg\/h<\/div><\/td>\n<td data-mtr-content=\"Is-cream\" class=\"mtr-td-tag\"><div class=\"mtr-cell-content\">14<\/div><\/td>\n<\/tr>\n<tr>\n<td data-mtr-content=\"Caratteristiche tecniche\" class=\"mtr-td-tag\"><div class=\"mtr-cell-content\">Breite<\/div><\/td>\n<td data-mtr-content=\"\" class=\"mtr-td-tag\"><div class=\"mtr-cell-content\">cm<\/div><\/td>\n<td data-mtr-content=\"Is-cream\" class=\"mtr-td-tag\"><div class=\"mtr-cell-content\">26<\/div><\/td>\n<\/tr>\n<tr>\n<td data-mtr-content=\"Caratteristiche tecniche\" class=\"mtr-td-tag\"><div class=\"mtr-cell-content\">profondit\u00e0<\/div><\/td>\n<td data-mtr-content=\"\" class=\"mtr-td-tag\"><div class=\"mtr-cell-content\">cm<\/div><\/td>\n<td data-mtr-content=\"Is-cream\" class=\"mtr-td-tag\"><div class=\"mtr-cell-content\">57<\/div><\/td>\n<\/tr>\n<tr>\n<td data-mtr-content=\"Caratteristiche tecniche\" class=\"mtr-td-tag\"><div class=\"mtr-cell-content\">altezza<\/div><\/td>\n<td data-mtr-content=\"\" class=\"mtr-td-tag\"><div class=\"mtr-cell-content\">cm<\/div><\/td>\n<td data-mtr-content=\"Is-cream\" class=\"mtr-td-tag\"><div class=\"mtr-cell-content\">72<\/div><\/td>\n<\/tr>\n<tr>\n<td data-mtr-content=\"Caratteristiche tecniche\" class=\"mtr-td-tag\"><div class=\"mtr-cell-content\">Nettogewicht, ca.<\/div><\/td>\n<td data-mtr-content=\"\" class=\"mtr-td-tag\"><div class=\"mtr-cell-content\">kg<\/div><\/td>\n<td data-mtr-content=\"Is-cream\" class=\"mtr-td-tag\"><div class=\"mtr-cell-content\">50<\/div><\/td>\n<\/tr>\n<tr>\n<td data-mtr-content=\"Caratteristiche tecniche\" class=\"mtr-td-tag\"><div class=\"mtr-cell-content\">Bruttogewicht, ca.<\/div><\/td>\n<td data-mtr-content=\"\" class=\"mtr-td-tag\"><div class=\"mtr-cell-content\">kg<\/div><\/td>\n<td data-mtr-content=\"Is-cream\" class=\"mtr-td-tag\"><div class=\"mtr-cell-content\">55<\/div><\/td>\n<\/tr>\n<\/tbody>\n<\/table>\n<table class=\"table table-striped\" cellspacing=\"1\" cellpadding=\"1\" align=\"center\">\n<tbody>\n<tr>\n<td><strong>Andere Merkmale<\/strong><\/td>\n<\/tr>\n<tr>\n<td>&#8211; Grafiche retroilluminate, tecnologia LED.<\/td>\n<\/tr>\n<tr>\n<td>&#8211; Motore brushless.<\/td>\n<\/tr>\n<tr>\n<td>&#8211; Display touch.<\/td>\n<\/tr>\n<tr>\n<td>&#8211; Compressore ermetico.<\/td>\n<\/tr>\n<tr>\n<td>&#8211; Condensatore raffreddato ad aria.<\/td>\n<\/tr>\n<tr>\n<td>&#8211; Salvamotore.<\/td>\n<\/tr>\n<tr>\n<td>- Ger\u00e4uschpegel unter 70 dB (A)<\/td>\n<\/tr>\n<tr>\n<td>Voltaggio Standard: 230V 50Hz<\/td>\n<\/tr>\n<\/tbody>\n<\/table>\n<p>&nbsp;<\/p>\n<hr \/>\n<p><strong>Optional ( su richiesta, contattaci per il prezzo)<\/strong><\/p>\n<p><img decoding=\"async\" class=\"aligncenter wp-image-13330 size-full\" src=\"https:\/\/www.creaearredanegozi.it\/wp-content\/uploads\/2018\/05\/is-cream_990X495_ita.jpg\" alt=\"\" width=\"100%\" title=\"\" srcset=\"https:\/\/www.creaearredanegozi.it\/wp-content\/uploads\/2018\/05\/is-cream_990X495_ita.jpg 990w, https:\/\/www.creaearredanegozi.it\/wp-content\/uploads\/2018\/05\/is-cream_990X495_ita-516x258.jpg 516w, https:\/\/www.creaearredanegozi.it\/wp-content\/uploads\/2018\/05\/is-cream_990X495_ita-64x32.jpg 64w, https:\/\/www.creaearredanegozi.it\/wp-content\/uploads\/2018\/05\/is-cream_990X495_ita-200x100.jpg 200w, https:\/\/www.creaearredanegozi.it\/wp-content\/uploads\/2018\/05\/is-cream_990X495_ita-500x250.jpg 500w, https:\/\/www.creaearredanegozi.it\/wp-content\/uploads\/2018\/05\/is-cream_990X495_ita-768x384.jpg 768w, https:\/\/www.creaearredanegozi.it\/wp-content\/uploads\/2018\/05\/is-cream_990X495_ita-645x323.jpg 645w, https:\/\/www.creaearredanegozi.it\/wp-content\/uploads\/2018\/05\/is-cream_990X495_ita-560x280.jpg 560w, https:\/\/www.creaearredanegozi.it\/wp-content\/uploads\/2018\/05\/is-cream_990X495_ita-750x375.jpg 750w, https:\/\/www.creaearredanegozi.it\/wp-content\/uploads\/2018\/05\/is-cream_990X495_ita-400x200.jpg 400w, https:\/\/www.creaearredanegozi.it\/wp-content\/uploads\/2018\/05\/is-cream_990X495_ita-510x255.jpg 510w\" sizes=\"(max-width: 990px) 100vw, 990px\" \/><img decoding=\"async\" class=\"aligncenter wp-image-13331 size-full\" src=\"https:\/\/www.creaearredanegozi.it\/wp-content\/uploads\/2018\/05\/lux_IS-CREAM_990X495.jpg\" alt=\"\" width=\"100%\" title=\"\" srcset=\"https:\/\/www.creaearredanegozi.it\/wp-content\/uploads\/2018\/05\/lux_IS-CREAM_990X495.jpg 990w, https:\/\/www.creaearredanegozi.it\/wp-content\/uploads\/2018\/05\/lux_IS-CREAM_990X495-516x258.jpg 516w, https:\/\/www.creaearredanegozi.it\/wp-content\/uploads\/2018\/05\/lux_IS-CREAM_990X495-64x32.jpg 64w, https:\/\/www.creaearredanegozi.it\/wp-content\/uploads\/2018\/05\/lux_IS-CREAM_990X495-200x100.jpg 200w, https:\/\/www.creaearredanegozi.it\/wp-content\/uploads\/2018\/05\/lux_IS-CREAM_990X495-500x250.jpg 500w, https:\/\/www.creaearredanegozi.it\/wp-content\/uploads\/2018\/05\/lux_IS-CREAM_990X495-768x384.jpg 768w, https:\/\/www.creaearredanegozi.it\/wp-content\/uploads\/2018\/05\/lux_IS-CREAM_990X495-645x323.jpg 645w, https:\/\/www.creaearredanegozi.it\/wp-content\/uploads\/2018\/05\/lux_IS-CREAM_990X495-560x280.jpg 560w, https:\/\/www.creaearredanegozi.it\/wp-content\/uploads\/2018\/05\/lux_IS-CREAM_990X495-750x375.jpg 750w, https:\/\/www.creaearredanegozi.it\/wp-content\/uploads\/2018\/05\/lux_IS-CREAM_990X495-400x200.jpg 400w, https:\/\/www.creaearredanegozi.it\/wp-content\/uploads\/2018\/05\/lux_IS-CREAM_990X495-510x255.jpg 510w\" sizes=\"(max-width: 990px) 100vw, 990px\" \/><\/p>\n<hr \/>\n<p><iframe loading=\"lazy\" src=\"https:\/\/www.youtube.com\/embed\/Z23DIrOrNdI\" width=\"100%\" height=\"auto\" frameborder=\"0\" allowfullscreen=\"allowfullscreen\"><span data-mce-type=\"bookmark\" style=\"display: inline-block; width: 0px; overflow: hidden; line-height: 0;\" class=\"mce_SELRES_start\"><\/span><span data-mce-type=\"bookmark\" style=\"display: inline-block; width: 0px; overflow: hidden; line-height: 0;\" class=\"mce_SELRES_start\"><\/span><span data-mce-type=\"bookmark\" style=\"display: inline-block; width: 0px; overflow: hidden; line-height: 0;\" class=\"mce_SELRES_start\"><\/span><\/iframe><\/p>","protected":false},"excerpt":{"rendered":"<p>IS-Cream Innovativa e moderna vi permetter\u00e0 di offrire velocemente ai vostri clienti un consistente gelato ed una vastissima gamma di nuovi prodotti. Progettata con la massima attenzione alla qualit\u00e0, ai dettagli e alla funzionalit\u00e0, diventer\u00e0 presto un\u2019 attrezzatura a cui non vorrete rinunciare. Sorprendentemente compatta ed estremamente elegante, \u00e8 facile da usare grazie ad un [&#8230;]","protected":false},"featured_media":122533,"comment_status":"closed","ping_status":"closed","template":"","meta":{"_monsterinsights_skip_tracking":false,"_monsterinsights_sitenote_active":false,"_monsterinsights_sitenote_note":"","_monsterinsights_sitenote_category":0},"product_brand":[618],"product_cat":[207],"product_tag":[],"class_list":{"0":"post-13249","1":"product","2":"type-product","3":"status-publish","4":"has-post-thumbnail","6":"product_brand-bras","7":"product_cat-granitori","8":"product_shipping_class-38","9":"pa_marca-bras","11":"first","12":"instock","13":"taxable","14":"shipping-taxable","15":"purchasable","16":"product-type-simple"},"_links":{"self":[{"href":"https:\/\/www.creaearredanegozi.it\/de\/wp-json\/wp\/v2\/product\/13249","targetHints":{"allow":["GET"]}}],"collection":[{"href":"https:\/\/www.creaearredanegozi.it\/de\/wp-json\/wp\/v2\/product"}],"about":[{"href":"https:\/\/www.creaearredanegozi.it\/de\/wp-json\/wp\/v2\/types\/product"}],"replies":[{"embeddable":true,"href":"https:\/\/www.creaearredanegozi.it\/de\/wp-json\/wp\/v2\/comments?post=13249"}],"wp:featuredmedia":[{"embeddable":true,"href":"https:\/\/www.creaearredanegozi.it\/de\/wp-json\/wp\/v2\/media\/122533"}],"wp:attachment":[{"href":"https:\/\/www.creaearredanegozi.it\/de\/wp-json\/wp\/v2\/media?parent=13249"}],"wp:term":[{"taxonomy":"product_brand","embeddable":true,"href":"https:\/\/www.creaearredanegozi.it\/de\/wp-json\/wp\/v2\/product_brand?post=13249"},{"taxonomy":"product_cat","embeddable":true,"href":"https:\/\/www.creaearredanegozi.it\/de\/wp-json\/wp\/v2\/product_cat?post=13249"},{"taxonomy":"product_tag","embeddable":true,"href":"https:\/\/www.creaearredanegozi.it\/de\/wp-json\/wp\/v2\/product_tag?post=13249"}],"curies":[{"name":"wp","href":"https:\/\/api.w.org\/{rel}","templated":true}]}}