{"id":14254,"date":"2018-07-07T10:52:40","date_gmt":"2018-07-07T08:52:40","guid":{"rendered":"https:\/\/www.creaearredanegozi.it\/?post_type=product&#038;p=14254"},"modified":"2023-12-06T11:33:28","modified_gmt":"2023-12-06T10:33:28","slug":"forno-a-gas-per-pizzeria-accensione-elettronica-1-camera-62x62x15-cm-mec-mg-4","status":"publish","type":"product","link":"https:\/\/www.creaearredanegozi.it\/de\/forno-a-gas-per-pizzeria-accensione-elettronica-1-camera-62x62x15-cm-mec-mg-4\/","title":{"rendered":"Gasofen f\u00fcr Pizzeria elektronische Z\u00fcndung 1 Kammer 62x62x15 cm MEC MG 4"},"content":{"rendered":"<p><strong>Gasofen f\u00fcr Pizzeria elektronische Z\u00fcndung 1 Kammer 62x62x15 cm MEC MG 4<\/strong><\/p>\n<ul>\n<li>Einzelne Kamera.<\/li>\n<li>Mechanische Steuerungen.<\/li>\n<li>Digitales Thermometer.<\/li>\n<li>Licht im Zimmer.<\/li>\n<li>Stand-by-Taste.<\/li>\n<li>Wahlschalter f\u00fcr die Brennerleistung.<\/li>\n<li>Gas-Reset-Taste.<\/li>\n<li>Stapelbar ohne Schornsteinanschluss.<\/li>\n<li>Schornsteinanschluss 500 mm mitgeliefert.<\/li>\n<li>Standardd\u00fcsen f\u00fcr Erdgas, D\u00fcsen f\u00fcr LPG-Gas werden mitgeliefert.<\/li>\n<\/ul>\n<div class=\"well\">\n<p><strong>Optional:<\/strong><\/p>\n<ul>\n<li style=\"list-style-type: none;\">\n<ul>\n<li>Supporto con ripiano mm 1000x840x980h<\/li>\n<\/ul>\n<\/li>\n<\/ul>\n<p><img decoding=\"async\" class=\"alignnone wp-image-14256\" src=\"https:\/\/www.creaearredanegozi.it\/wp-content\/uploads\/2018\/07\/SPMG-4.jpg\" alt=\"\" width=\"259\" height=\"259\" title=\"\" srcset=\"https:\/\/www.creaearredanegozi.it\/wp-content\/uploads\/2018\/07\/SPMG-4.jpg 500w, https:\/\/www.creaearredanegozi.it\/wp-content\/uploads\/2018\/07\/SPMG-4-250x250.jpg 250w, https:\/\/www.creaearredanegozi.it\/wp-content\/uploads\/2018\/07\/SPMG-4-100x100.jpg 100w, https:\/\/www.creaearredanegozi.it\/wp-content\/uploads\/2018\/07\/SPMG-4-64x64.jpg 64w, https:\/\/www.creaearredanegozi.it\/wp-content\/uploads\/2018\/07\/SPMG-4-200x200.jpg 200w, https:\/\/www.creaearredanegozi.it\/wp-content\/uploads\/2018\/07\/SPMG-4-400x400.jpg 400w\" sizes=\"(max-width: 259px) 100vw, 259px\" \/><\/p>\n<p><em>St\u00fctze mit Regal<br \/>\n<\/em><\/p>\n<\/div>\n<hr \/>\n<p><strong>Technische Daten<\/strong><\/p>\n<table class=\"table table-striped\">\n<tbody>\n<tr>\n<td>\n<p class=\"dati_tecnici_label_1\">Modell<\/p>\n<\/td>\n<td align=\"left\"><strong>MG 4<\/strong><\/td>\n<\/tr>\n<tr>\n<td>N. Brenner<\/td>\n<td>5<\/td>\n<\/tr>\n<tr>\n<td>Garkammern<\/td>\n<td align=\"left\">1<\/td>\n<\/tr>\n<tr>\n<td>Maximale Arbeitstemperatur<\/td>\n<td align=\"left\">500 \u00b0C<\/td>\n<\/tr>\n<tr>\n<td>Strom<\/td>\n<td align=\"left\">14 kW<\/td>\n<\/tr>\n<tr>\n<td>Gewicht<\/td>\n<td align=\"left\">115 kg<\/td>\n<\/tr>\n<tr>\n<td>\u00c4u\u00dfere Abmessungen<\/td>\n<td align=\"left\">mm 1000x840x470 h<\/td>\n<\/tr>\n<tr>\n<td>Innere Abmessungen<\/td>\n<td align=\"left\">mm 620x620x155 h<\/td>\n<\/tr>\n<\/tbody>\n<\/table>\n<p>&nbsp;<\/p>","protected":false},"excerpt":{"rendered":"<p>Forno a gas per pizzeria accensione elettronica 1 camera 62x62x15 cm MEC MG 4 Monocamera. Comandi Meccanici. Termometro digitale. Luce camera. Tasto \u201cstand by\u201d. Interruttore selezione potenza bruciatore. Pulsante ripristino gas. Sovrapponibili senza raccordo camino. Raccordo camino in dotazione 500 mm. Ugelli di serie per gas metano, ugelli in dotazione per gas gpl. Optional: Supporto [&#8230;]","protected":false},"featured_media":123165,"comment_status":"closed","ping_status":"closed","template":"","meta":{"_monsterinsights_skip_tracking":false,"_monsterinsights_sitenote_active":false,"_monsterinsights_sitenote_note":"","_monsterinsights_sitenote_category":0},"product_brand":[625],"product_cat":[110],"product_tag":[],"class_list":{"0":"post-14254","1":"product","2":"type-product","3":"status-publish","4":"has-post-thumbnail","6":"product_brand-mec-europe","7":"product_cat-a-gas-forni","8":"product_shipping_class-m","9":"pa_marca-mec","11":"first","12":"instock","13":"taxable","14":"shipping-taxable","15":"purchasable","16":"product-type-simple"},"_links":{"self":[{"href":"https:\/\/www.creaearredanegozi.it\/de\/wp-json\/wp\/v2\/product\/14254","targetHints":{"allow":["GET"]}}],"collection":[{"href":"https:\/\/www.creaearredanegozi.it\/de\/wp-json\/wp\/v2\/product"}],"about":[{"href":"https:\/\/www.creaearredanegozi.it\/de\/wp-json\/wp\/v2\/types\/product"}],"replies":[{"embeddable":true,"href":"https:\/\/www.creaearredanegozi.it\/de\/wp-json\/wp\/v2\/comments?post=14254"}],"wp:featuredmedia":[{"embeddable":true,"href":"https:\/\/www.creaearredanegozi.it\/de\/wp-json\/wp\/v2\/media\/123165"}],"wp:attachment":[{"href":"https:\/\/www.creaearredanegozi.it\/de\/wp-json\/wp\/v2\/media?parent=14254"}],"wp:term":[{"taxonomy":"product_brand","embeddable":true,"href":"https:\/\/www.creaearredanegozi.it\/de\/wp-json\/wp\/v2\/product_brand?post=14254"},{"taxonomy":"product_cat","embeddable":true,"href":"https:\/\/www.creaearredanegozi.it\/de\/wp-json\/wp\/v2\/product_cat?post=14254"},{"taxonomy":"product_tag","embeddable":true,"href":"https:\/\/www.creaearredanegozi.it\/de\/wp-json\/wp\/v2\/product_tag?post=14254"}],"curies":[{"name":"wp","href":"https:\/\/api.w.org\/{rel}","templated":true}]}}