{"id":14259,"date":"2018-07-07T11:10:17","date_gmt":"2018-07-07T09:10:17","guid":{"rendered":"https:\/\/www.creaearredanegozi.it\/?post_type=product&#038;p=14259"},"modified":"2026-04-08T13:44:34","modified_gmt":"2026-04-08T11:44:34","slug":"slush-maker-12-liter-66-edelstahl-quark-2-bras","status":"publish","type":"product","link":"https:\/\/www.creaearredanegozi.it\/de\/slush-maker-12-liter-66-edelstahl-quark-2-bras\/","title":{"rendered":"Granulator Quark 2 Bras 12 Liter (6+6) Inox"},"content":{"rendered":"<p>2-Glocken-Kaffee- oder Cold Cream Slushie-Spender Modell <strong>Quark 2 <\/strong>extrem geringe Gr\u00f6\u00dfe, ideal f\u00fcr kleinen und mittleren Verbrauch.<br \/>\nEs wurde speziell f\u00fcr die Zubereitung von Cold Creams entwickelt und ist das kleinste und zuverl\u00e4ssigste Ger\u00e4t auf dem Markt.<\/p>\n<p>Vollst\u00e4ndige Produktsichtbarkeit garantiert h\u00f6here Gewinne.<\/p>\n<p>der quark 2 bras hat zwei 6-Liter-Glocken aus lebensmittelechtem, schlagfestem Polycarbonat<\/p>\n<p>Ausgestattet mit einem patentierten Magnetantriebssystem.<\/p>\n<p>Ideal f\u00fcr:<\/p>\n<p style=\"text-align: center;\">SLUSHIES \/ SORBETS \/ KALTE CREMES UND GETR\u00c4NKE<\/p>\n<p><img decoding=\"async\" class=\"alignnone size-full wp-image-125840\" src=\"https:\/\/www.creaearredanegozi.it\/wp-content\/uploads\/2018\/07\/Quark_prodotti.jpg\" alt=\"\" width=\"100%\" height=\"auto\" title=\"\" srcset=\"https:\/\/www.creaearredanegozi.it\/wp-content\/uploads\/2018\/07\/Quark_prodotti.jpg 847w, https:\/\/www.creaearredanegozi.it\/wp-content\/uploads\/2018\/07\/Quark_prodotti-516x139.jpg 516w, https:\/\/www.creaearredanegozi.it\/wp-content\/uploads\/2018\/07\/Quark_prodotti-64x17.jpg 64w, https:\/\/www.creaearredanegozi.it\/wp-content\/uploads\/2018\/07\/Quark_prodotti-800x215.jpg 800w, https:\/\/www.creaearredanegozi.it\/wp-content\/uploads\/2018\/07\/Quark_prodotti-768x207.jpg 768w\" sizes=\"(max-width: 847px) 100vw, 847px\" \/><\/p>\n<p><em>Auch Modelle mit 1 oder 3 6-Liter-Beh\u00e4ltern erh\u00e4ltlich\u00a0<\/em><\/p>\n<hr \/>\n<p><strong>Technische Daten<\/strong><\/p>\n<table class=\"table table-striped\" width=\"367\">\n<tbody>\n<tr>\n<td style=\"width: 100%;\" width=\"297\">Abmessungen (BxHxT) mm: 360 x 650 x 470<\/td>\n<\/tr>\n<tr>\n<td width=\"297\">Stromversorgung: 230V 50\/60Hz F+N<\/td>\n<\/tr>\n<tr>\n<td width=\"297\">Gewicht: 38 kg<\/td>\n<\/tr>\n<tr>\n<td width=\"297\">Anzahl der Beh\u00e4lter: 2 x 6 Liter<\/td>\n<\/tr>\n<\/tbody>\n<\/table>\n<p><img decoding=\"async\" class=\"alignnone size-full wp-image-124904\" src=\"https:\/\/www.creaearredanegozi.it\/wp-content\/uploads\/2018\/07\/QUARK_2_VETRINA_990X495_ita0.jpg\" alt=\"\" width=\"100%\" height=\"auto\" title=\"\" srcset=\"https:\/\/www.creaearredanegozi.it\/wp-content\/uploads\/2018\/07\/QUARK_2_VETRINA_990X495_ita0.jpg 990w, https:\/\/www.creaearredanegozi.it\/wp-content\/uploads\/2018\/07\/QUARK_2_VETRINA_990X495_ita0-516x258.jpg 516w, https:\/\/www.creaearredanegozi.it\/wp-content\/uploads\/2018\/07\/QUARK_2_VETRINA_990X495_ita0-64x32.jpg 64w, https:\/\/www.creaearredanegozi.it\/wp-content\/uploads\/2018\/07\/QUARK_2_VETRINA_990X495_ita0-800x400.jpg 800w, https:\/\/www.creaearredanegozi.it\/wp-content\/uploads\/2018\/07\/QUARK_2_VETRINA_990X495_ita0-768x384.jpg 768w\" sizes=\"(max-width: 990px) 100vw, 990px\" \/><\/p>","protected":false},"excerpt":{"rendered":"<p>FUORI PRODUZIONE<\/p>\n<p>SOSTITUITO DA: <a href=\"https:\/\/www.creaearredanegozi.it\/de\/cold-cream-spender-kapazitat-2-x-6-l-b-cube-6-2-bras\/\" class=\"button primary is-primary is-medium\" >\n\t\t<span><strong>B-CUBE 6.2<\/strong><\/span>\n\t<\/a>","protected":false},"featured_media":125838,"comment_status":"closed","ping_status":"closed","template":"","meta":{"_monsterinsights_skip_tracking":false,"_monsterinsights_sitenote_active":false,"_monsterinsights_sitenote_note":"","_monsterinsights_sitenote_category":0},"product_brand":[618],"product_cat":[207],"product_tag":[],"class_list":{"0":"post-14259","1":"product","2":"type-product","3":"status-publish","4":"has-post-thumbnail","6":"product_brand-bras","7":"product_cat-granitori","8":"product_shipping_class-f","9":"pa_marca-bras","11":"first","12":"outofstock","13":"taxable","14":"shipping-taxable","15":"purchasable","16":"product-type-simple"},"_links":{"self":[{"href":"https:\/\/www.creaearredanegozi.it\/de\/wp-json\/wp\/v2\/product\/14259","targetHints":{"allow":["GET"]}}],"collection":[{"href":"https:\/\/www.creaearredanegozi.it\/de\/wp-json\/wp\/v2\/product"}],"about":[{"href":"https:\/\/www.creaearredanegozi.it\/de\/wp-json\/wp\/v2\/types\/product"}],"replies":[{"embeddable":true,"href":"https:\/\/www.creaearredanegozi.it\/de\/wp-json\/wp\/v2\/comments?post=14259"}],"wp:featuredmedia":[{"embeddable":true,"href":"https:\/\/www.creaearredanegozi.it\/de\/wp-json\/wp\/v2\/media\/125838"}],"wp:attachment":[{"href":"https:\/\/www.creaearredanegozi.it\/de\/wp-json\/wp\/v2\/media?parent=14259"}],"wp:term":[{"taxonomy":"product_brand","embeddable":true,"href":"https:\/\/www.creaearredanegozi.it\/de\/wp-json\/wp\/v2\/product_brand?post=14259"},{"taxonomy":"product_cat","embeddable":true,"href":"https:\/\/www.creaearredanegozi.it\/de\/wp-json\/wp\/v2\/product_cat?post=14259"},{"taxonomy":"product_tag","embeddable":true,"href":"https:\/\/www.creaearredanegozi.it\/de\/wp-json\/wp\/v2\/product_tag?post=14259"}],"curies":[{"name":"wp","href":"https:\/\/api.w.org\/{rel}","templated":true}]}}