{"id":14339,"date":"2018-07-09T18:21:57","date_gmt":"2018-07-09T16:21:57","guid":{"rendered":"https:\/\/www.creaearredanegozi.it\/?post_type=product&#038;p=14339"},"modified":"2023-12-06T09:40:45","modified_gmt":"2023-12-06T08:40:45","slug":"mec-tm-200-belufteter-motor-kaseschneider-aus-stahl","status":"publish","type":"product","link":"https:\/\/www.creaearredanegozi.it\/de\/mec-tm-200-belufteter-motor-kaseschneider-aus-stahl\/","title":{"rendered":"MEC TM 200 bel\u00fcfteter, motorbetriebener K\u00e4seschneider aus Stahl"},"content":{"rendered":"<p><strong>MEC TM 200 bel\u00fcfteter, motorbetriebener K\u00e4seschneider aus Stahl:<\/strong><\/p>\n<p>Die Maschine ist komplett aus Edelstahl AISI 304 gefertigt und verf\u00fcgt \u00fcber eine patentierte elektropolierte Oberfl\u00e4che, die nach Lebensmittelstandards zertifiziert und garantiert korrosionsbest\u00e4ndig ist.<\/p>\n<ul>\n<li>Deckel und Zubeh\u00f6r abnehmbar und sp\u00fclmaschinenfest.<\/li>\n<li>Professioneller bel\u00fcfteter Motor mit W\u00e4rmeschutz.<\/li>\n<li>Getriebe\u00fcbersetzung.<\/li>\n<li>Mikroschalter an Deckel und Griff.<\/li>\n<li>St\u00fcndliche Leistung von 120 - 190 kg.<\/li>\n<\/ul>\n<p><strong>Optional:<\/strong><\/p>\n<p>Dicke der W\u00fcrfelscheibe 5:<\/p>\n<ul>\n<li>8 x 8 x 5<\/li>\n<li>10 x 10 x 5<\/li>\n<li>12 x 12 x 5<\/li>\n<li>16 x 16 x 5<\/li>\n<li>20 x 20 x 5<\/li>\n<\/ul>\n<p>Dicke der W\u00fcrfelscheibe 8:<\/p>\n<ul>\n<li>8 x 8 x 8<\/li>\n<li>10 x 10 x 8<\/li>\n<li>12 x 12 x 8<\/li>\n<li>16 x 16 x 8<\/li>\n<li>20 x 20 x 8<\/li>\n<\/ul>\n<p>Schneidemesser<\/p>\n<ul>\n<li>Das Messer ist immer notwendig und ist einzigartig f\u00fcr alle Arten von Scheiben, wenn Sie eine Scheibe kaufen, m\u00fcssen Sie unbedingt ein Messer kaufen<\/li>\n<\/ul>\n<hr \/>\n<p><strong>Technische Daten<\/strong><\/p>\n<p>&nbsp;<\/p>\n<table class=\"table table-striped\">\n<tbody>\n<tr>\n<td>\n<p class=\"dati_tecnici_label_1\">Modell<\/p>\n<\/td>\n<td align=\"left\"><strong>TM 200<\/strong><\/td>\n<\/tr>\n<tr>\n<td>Strom<\/td>\n<td align=\"left\">W 350\/230 V<\/p>\n<p>W 450\/ 400 V<\/td>\n<\/tr>\n<tr>\n<td>Spannung<\/td>\n<td align=\"left\">230 V oder 400 V<\/td>\n<\/tr>\n<tr>\n<td>Abmessungen<\/td>\n<td align=\"left\">mm 390 x 460 x 740 h<\/td>\n<\/tr>\n<tr>\n<td>Abmessungen der Verpackung<\/td>\n<td align=\"left\">mm 540 x 610 x 540 h<\/td>\n<\/tr>\n<tr>\n<td>Nettogewicht<\/td>\n<td align=\"left\">kg 20<\/td>\n<\/tr>\n<tr>\n<td>Bruttogewicht<\/td>\n<td align=\"left\"><span class=\"valore_scheda\">kg 22<br \/>\n<\/span><\/td>\n<\/tr>\n<\/tbody>\n<\/table>\n<p>&nbsp;<\/p>","protected":false},"excerpt":{"rendered":"<p>Tagliamozzarella in acciaio motore ventilato MEC TM 200: Macchina costruita completamente in acciaio inox AISI 304 con finitura superficiale brevettata di elettro lucidatura certificata a norma per alimenti garantita contro la corrosione. Coperchio e accessori smontabili e lavabili in lavastoviglie. Motore ventilato professionale con protezione termica. Trasmissione ad ingranaggi. Microinterruttore su coperchio e maniglia. Produzione [&#8230;]","protected":false},"featured_media":14340,"comment_status":"closed","ping_status":"closed","template":"","meta":{"_monsterinsights_skip_tracking":false,"_monsterinsights_sitenote_active":false,"_monsterinsights_sitenote_note":"","_monsterinsights_sitenote_category":0},"product_brand":[625],"product_cat":[96],"product_tag":[],"class_list":{"0":"post-14339","1":"product","2":"type-product","3":"status-publish","4":"has-post-thumbnail","6":"product_brand-mec-europe","7":"product_cat-tagliamozzarella","8":"product_shipping_class-38","9":"pa_marca-mec","11":"first","12":"instock","13":"taxable","14":"shipping-taxable","15":"purchasable","16":"product-type-simple"},"_links":{"self":[{"href":"https:\/\/www.creaearredanegozi.it\/de\/wp-json\/wp\/v2\/product\/14339","targetHints":{"allow":["GET"]}}],"collection":[{"href":"https:\/\/www.creaearredanegozi.it\/de\/wp-json\/wp\/v2\/product"}],"about":[{"href":"https:\/\/www.creaearredanegozi.it\/de\/wp-json\/wp\/v2\/types\/product"}],"replies":[{"embeddable":true,"href":"https:\/\/www.creaearredanegozi.it\/de\/wp-json\/wp\/v2\/comments?post=14339"}],"wp:featuredmedia":[{"embeddable":true,"href":"https:\/\/www.creaearredanegozi.it\/de\/wp-json\/wp\/v2\/media\/14340"}],"wp:attachment":[{"href":"https:\/\/www.creaearredanegozi.it\/de\/wp-json\/wp\/v2\/media?parent=14339"}],"wp:term":[{"taxonomy":"product_brand","embeddable":true,"href":"https:\/\/www.creaearredanegozi.it\/de\/wp-json\/wp\/v2\/product_brand?post=14339"},{"taxonomy":"product_cat","embeddable":true,"href":"https:\/\/www.creaearredanegozi.it\/de\/wp-json\/wp\/v2\/product_cat?post=14339"},{"taxonomy":"product_tag","embeddable":true,"href":"https:\/\/www.creaearredanegozi.it\/de\/wp-json\/wp\/v2\/product_tag?post=14339"}],"curies":[{"name":"wp","href":"https:\/\/api.w.org\/{rel}","templated":true}]}}