{"id":14349,"date":"2018-07-11T09:16:34","date_gmt":"2018-07-11T07:16:34","guid":{"rendered":"https:\/\/www.creaearredanegozi.it\/?post_type=product&#038;p=14349"},"modified":"2023-12-06T09:40:34","modified_gmt":"2023-12-06T08:40:34","slug":"porzionatrice-per-pasta-gr-20-300-capacita-30-kg-mec-pdd300","status":"publish","type":"product","link":"https:\/\/www.creaearredanegozi.it\/de\/porzionatrice-per-pasta-gr-20-300-capacita-30-kg-mec-pdd300\/","title":{"rendered":"Portioniermaschine f\u00fcr Nudeln gr 20-300 Kapazit\u00e4t 30 kg Mec PDD300"},"content":{"rendered":"<p><strong>Portioniermaschine f\u00fcr Nudeln gr 20-300 Kapazit\u00e4t 30 kg Mec PDD300<\/strong><\/p>\n<ul>\n<li>Per porzionare 30 Kg di pasta nella grammatura desiderata.<\/li>\n<li>Due coni in dotazione.<\/li>\n<li>Coperchio trasparente con micro interruttore.<\/li>\n<li>Vasca, coltelli, spirale in acciaio inox.<\/li>\n<li>Interruttore partenza\/arresto con centralina 24 V<\/li>\n<\/ul>\n<hr \/>\n<p><strong>Technische Daten<\/strong><\/p>\n<p>&nbsp;<\/p>\n<table class=\"table table-striped\">\n<tbody>\n<tr>\n<td>\n<p class=\"dati_tecnici_label_1\">Modell<\/p>\n<\/td>\n<td align=\"left\"><strong>PDD300<\/strong><\/td>\n<\/tr>\n<tr>\n<td>Strom<\/td>\n<td align=\"left\">W 370 &#8211; 0,49 HP<\/td>\n<\/tr>\n<tr>\n<td>Spannung<\/td>\n<td align=\"left\">230 V\/400 V<\/td>\n<\/tr>\n<tr>\n<td>Abmessungen<\/td>\n<td align=\"left\">mm 440 x 830 x 530 h<\/td>\n<\/tr>\n<tr>\n<td>Abmessungen der Verpackung<\/td>\n<td align=\"left\">mm 550 x 900 x 850 h<\/td>\n<\/tr>\n<tr>\n<td>Nettogewicht<\/td>\n<td align=\"left\">kg 79<\/td>\n<\/tr>\n<tr>\n<td>Bruttogewicht<\/td>\n<td align=\"left\"><span class=\"valore_scheda\">kg 89<br \/>\n<\/span><\/td>\n<\/tr>\n<tr>\n<td>Grammatura porzioni<\/td>\n<td align=\"left\">20-300 gr<\/td>\n<\/tr>\n<tr>\n<td>Coni<\/td>\n<td align=\"left\"><span class=\"valore_scheda\">\u00d8 40 mm = gr 20-180 \/ \u00d8 45 mm = gr 20-180 \/ \u00d8 55 mm = gr 180-300 \/ \u00d8 70 mm = gr 180-300<\/span><\/td>\n<\/tr>\n<tr>\n<td>Tankinhalt<\/td>\n<td align=\"left\">30 kg<\/td>\n<\/tr>\n<\/tbody>\n<\/table>\n<p>&nbsp;<\/p>","protected":false},"excerpt":{"rendered":"<p>Porzionatrice per pasta gr 20-300 capacit\u00e0 30 kg Mec PDD300 Per porzionare 30 Kg di pasta nella grammatura desiderata. Due coni in dotazione. Coperchio trasparente con micro interruttore. Vasca, coltelli, spirale in acciaio inox. Interruttore partenza\/arresto con centralina 24 V Dati tecnici &nbsp; Modello PDD300 Potenza W 370 &#8211; 0,49 HP Voltaggio 230 V\/400 V [&#8230;]","protected":false},"featured_media":14350,"comment_status":"closed","ping_status":"closed","template":"","meta":{"_monsterinsights_skip_tracking":false,"_monsterinsights_sitenote_active":false,"_monsterinsights_sitenote_note":"","_monsterinsights_sitenote_category":0},"product_brand":[625],"product_cat":[327],"product_tag":[],"class_list":{"0":"post-14349","1":"product","2":"type-product","3":"status-publish","4":"has-post-thumbnail","6":"product_brand-mec-europe","7":"product_cat-arrotondatrici-porzionatrici","8":"product_shipping_class-32","9":"pa_marca-mec","11":"first","12":"instock","13":"taxable","14":"shipping-taxable","15":"purchasable","16":"product-type-simple"},"_links":{"self":[{"href":"https:\/\/www.creaearredanegozi.it\/de\/wp-json\/wp\/v2\/product\/14349","targetHints":{"allow":["GET"]}}],"collection":[{"href":"https:\/\/www.creaearredanegozi.it\/de\/wp-json\/wp\/v2\/product"}],"about":[{"href":"https:\/\/www.creaearredanegozi.it\/de\/wp-json\/wp\/v2\/types\/product"}],"replies":[{"embeddable":true,"href":"https:\/\/www.creaearredanegozi.it\/de\/wp-json\/wp\/v2\/comments?post=14349"}],"wp:featuredmedia":[{"embeddable":true,"href":"https:\/\/www.creaearredanegozi.it\/de\/wp-json\/wp\/v2\/media\/14350"}],"wp:attachment":[{"href":"https:\/\/www.creaearredanegozi.it\/de\/wp-json\/wp\/v2\/media?parent=14349"}],"wp:term":[{"taxonomy":"product_brand","embeddable":true,"href":"https:\/\/www.creaearredanegozi.it\/de\/wp-json\/wp\/v2\/product_brand?post=14349"},{"taxonomy":"product_cat","embeddable":true,"href":"https:\/\/www.creaearredanegozi.it\/de\/wp-json\/wp\/v2\/product_cat?post=14349"},{"taxonomy":"product_tag","embeddable":true,"href":"https:\/\/www.creaearredanegozi.it\/de\/wp-json\/wp\/v2\/product_tag?post=14349"}],"curies":[{"name":"wp","href":"https:\/\/api.w.org\/{rel}","templated":true}]}}