{"id":14358,"date":"2018-07-11T10:33:26","date_gmt":"2018-07-11T08:33:26","guid":{"rendered":"https:\/\/www.creaearredanegozi.it\/?post_type=product&#038;p=14358"},"modified":"2024-07-03T11:28:34","modified_gmt":"2024-07-03T09:28:34","slug":"elektrische-schneidemaschine-mit-festem-messer-scharfer-300-mm-belufteter-motor-mec-pce-300","status":"publish","type":"product","link":"https:\/\/www.creaearredanegozi.it\/de\/elektrische-schneidemaschine-mit-festem-messer-scharfer-300-mm-belufteter-motor-mec-pce-300\/","title":{"rendered":"Mec PCE 300 elektrische Schneidemaschine mit fester Klinge 300 mm bel\u00fcfteter Motor"},"content":{"rendered":"<p><strong>Elektrische Sch\u00e4rfmaschine mit festem Messer 300 mm und bel\u00fcftetem Motor Mec PCE 30: <\/strong><\/p>\n<ul>\n<li>Rahmen aus poliertem Aluminiumdruckguss.<\/li>\n<li>Klingenhalter mit doppeltem Kugellager.<\/li>\n<li>Professioneller bel\u00fcfteter Motor mit W\u00e4rmeschutz<\/li>\n<li>Riemenantrieb<\/li>\n<li>Antihaft-Klinge aus rostfreiem Stahl<\/li>\n<li>Start\/Stop-Schalter mit Reset<\/li>\n<li>Fester Anspitzer.<\/li>\n<\/ul>\n<hr \/>\n<p><strong>Technische Daten<\/strong><\/p>\n<table class=\"table table-striped\">\n<tbody>\n<tr>\n<td>\n<p class=\"dati_tecnici_label_1\">Modell<\/p>\n<\/td>\n<td align=\"left\"><strong>PCE 30<\/strong><strong>0S<br \/>\n<\/strong><\/td>\n<\/tr>\n<tr>\n<td>Strom<\/td>\n<td align=\"left\">220 W<\/td>\n<\/tr>\n<tr>\n<td>Gewicht<\/td>\n<td align=\"left\">23 kg<\/td>\n<\/tr>\n<tr>\n<td>Abmessungen (cm)<\/td>\n<td align=\"left\">\n<ul style=\"list-style-type: circle;\">\n<li><span class=\"valore_scheda\">33 (A) <\/span><\/li>\n<li><span class=\"valore_scheda\">47,5 (B) <\/span><\/li>\n<li><span class=\"valore_scheda\">47 (C) <\/span><\/li>\n<li><span class=\"valore_scheda\">60 (D) <\/span><\/li>\n<li><span class=\"valore_scheda\">45 (E)<\/span><\/li>\n<\/ul>\n<\/td>\n<\/tr>\n<tr>\n<td>Spannung<\/td>\n<td align=\"left\">230 V<\/td>\n<\/tr>\n<tr>\n<td>Klinge<\/td>\n<td align=\"left\"><span class=\"valore_scheda\">300 mm Durchmesser.<\/span><\/td>\n<\/tr>\n<\/tbody>\n<\/table>\n<p>&nbsp;<\/p>","protected":false},"excerpt":{"rendered":"<p>Affettatrice elettrica affilatoio fisso lama 300 mm motore ventilato Mec PCE 30: Struttura in alluminio presso fuso brillantata. Supporto lame con doppio cuscinetto a sfera. Motore ventilato professionale con protezione termica Trasmissione a cinghia Lama acciaio inossidabile antiaderente interruttore partenza\/arresto con riarmo Affilatoio fisso. Dati tecnici Modello PCE 300S Potenza 220 W Peso 23 kg [&#8230;]","protected":false},"featured_media":14366,"comment_status":"closed","ping_status":"closed","template":"","meta":{"_monsterinsights_skip_tracking":false,"_monsterinsights_sitenote_active":false,"_monsterinsights_sitenote_note":"","_monsterinsights_sitenote_category":0},"product_brand":[625],"product_cat":[51,677,678],"product_tag":[],"class_list":{"0":"post-14358","1":"product","2":"type-product","3":"status-publish","4":"has-post-thumbnail","6":"product_brand-mec-europe","7":"product_cat-affettatrici","8":"product_cat-affettatrici-professionali","9":"product_cat-affettatrici-salumi","10":"product_shipping_class-38","11":"pa_marca-mec","13":"first","14":"instock","15":"taxable","16":"shipping-taxable","17":"purchasable","18":"product-type-simple"},"_links":{"self":[{"href":"https:\/\/www.creaearredanegozi.it\/de\/wp-json\/wp\/v2\/product\/14358","targetHints":{"allow":["GET"]}}],"collection":[{"href":"https:\/\/www.creaearredanegozi.it\/de\/wp-json\/wp\/v2\/product"}],"about":[{"href":"https:\/\/www.creaearredanegozi.it\/de\/wp-json\/wp\/v2\/types\/product"}],"replies":[{"embeddable":true,"href":"https:\/\/www.creaearredanegozi.it\/de\/wp-json\/wp\/v2\/comments?post=14358"}],"wp:featuredmedia":[{"embeddable":true,"href":"https:\/\/www.creaearredanegozi.it\/de\/wp-json\/wp\/v2\/media\/14366"}],"wp:attachment":[{"href":"https:\/\/www.creaearredanegozi.it\/de\/wp-json\/wp\/v2\/media?parent=14358"}],"wp:term":[{"taxonomy":"product_brand","embeddable":true,"href":"https:\/\/www.creaearredanegozi.it\/de\/wp-json\/wp\/v2\/product_brand?post=14358"},{"taxonomy":"product_cat","embeddable":true,"href":"https:\/\/www.creaearredanegozi.it\/de\/wp-json\/wp\/v2\/product_cat?post=14358"},{"taxonomy":"product_tag","embeddable":true,"href":"https:\/\/www.creaearredanegozi.it\/de\/wp-json\/wp\/v2\/product_tag?post=14358"}],"curies":[{"name":"wp","href":"https:\/\/api.w.org\/{rel}","templated":true}]}}