{"id":14391,"date":"2018-07-12T16:10:10","date_gmt":"2018-07-12T14:10:10","guid":{"rendered":"https:\/\/www.creaearredanegozi.it\/?post_type=product&#038;p=14391"},"modified":"2023-12-06T09:35:25","modified_gmt":"2023-12-06T08:35:25","slug":"mec-vpm-300-elektrischer-gemuseschneider-230-v-stahl-ausziehbarer-deckel","status":"publish","type":"product","link":"https:\/\/www.creaearredanegozi.it\/de\/mec-vpm-300-elektrischer-gemuseschneider-230-v-stahl-ausziehbarer-deckel\/","title":{"rendered":"Mec VPM 300 einphasig 230 V elektrischer Gem\u00fcseschneider aus Stahl mit abnehmbarem Deckel"},"content":{"rendered":"<p><strong>Elektrischer Einphasen-Gem\u00fcseschneider aus Stahl 230 V mit abnehmbarem Deckel Mec VPM 300:<\/strong><\/p>\n<ul>\n<li>Elektrische Gem\u00fcseschneider f\u00fcr kleine und mittlere Restaurants.<\/li>\n<li>Die Maschine kann schneiden, raspeln, w\u00fcrfeln, St\u00e4bchen herstellen und filetieren.<\/li>\n<li>Durch einfaches Auswechseln der Scheibe lassen sich mehr als 60 verschiedene Schnittarten erzielen.<\/li>\n<li>Gebaut nach EN 1678.<\/li>\n<li>Stahlrahmen und Aluminiumdeckel, kippbarer und abnehmbarer Deckel.<\/li>\n<li>Professioneller CE-Standardartikel.<\/li>\n<\/ul>\n<p><strong>Optional:<\/strong><\/p>\n<ul>\n<li>Scheibe mit einstellbarer Dicke 1 - 8 mm.<\/li>\n<li>Trennscheiben 1 - 2 - 3 - 4 - 5 - 6 - 8 - 10 - 14 mm.<\/li>\n<li>Brennschneidscheiben 2,5 - 4 - 6 - 8 - 10 mm.<\/li>\n<li>2 - 3 - 4 - 7 mm Fransenscheiben.<\/li>\n<li>Mozzarella-Scheibe<\/li>\n<li>Scheibe zum Reiben von Brot oder K\u00e4se<\/li>\n<li>W\u00fcrfelscheiben 8\u00d78 - 10\u00d710 - 12\u00d712 - 16\u00d716 - 20\u00d720<\/li>\n<li>Stielschnittscheiben 6 - 8 - 10 mm.<\/li>\n<li>Hohe Auswerferscheibe<\/li>\n<li>Niedrige Auswerferscheibe.<\/li>\n<li>Gestell f\u00fcr 8 Scheiben.<\/li>\n<\/ul>\n<blockquote><p>ACHTUNG: Zum W\u00fcrfeln m\u00fcssen die W\u00fcrfelscheiben mit einer Aufschnittscheibe kombiniert werden<\/p>\n<p>Beispiel: Wenn Sie einen 8x8x8-mm-W\u00fcrfel erhalten m\u00f6chten, m\u00fcssen Sie eine 8-mm-Scheibe und die 8\u00d78-W\u00fcrfelscheibe kaufen. Der maximale W\u00fcrfel, der aus den Scheibenkombinationen erzielt werden kann, ist 20x20x14h (14mm-Scheibe + 20x20mm-W\u00fcrfelscheibe)<\/p><\/blockquote>\n<hr \/>\n<p><strong>Technische Daten<\/strong><\/p>\n<table class=\"table table-striped\">\n<tbody>\n<tr>\n<td>\n<p class=\"dati_tecnici_label_1\">Modell<\/p>\n<\/td>\n<td align=\"left\"><strong>VPM 300<\/strong><\/td>\n<\/tr>\n<tr>\n<td>Strom<\/td>\n<td align=\"left\">380 W - 0,51 PS<\/td>\n<\/tr>\n<tr>\n<td>Gewicht<\/td>\n<td align=\"left\">8,5 kg<\/td>\n<\/tr>\n<tr>\n<td>Abmessungen<\/td>\n<td align=\"left\">mm 240x570x470<\/td>\n<\/tr>\n<tr>\n<td>Spannung<\/td>\n<td align=\"left\">230 V<\/td>\n<\/tr>\n<tr>\n<td>Stundenweise Produktion<\/td>\n<td align=\"left\">100\/300 kg<\/td>\n<\/tr>\n<\/tbody>\n<\/table>\n<p>&nbsp;<\/p>","protected":false},"excerpt":{"rendered":"<p>Tagliaverdure elettrico in acciaio monofase 230 V coperchio estraibile Mec VPM 300: Tagliaverdure elettrici per piccola e media ristorazione. La macchina \u00e8 in grado di affettare, grattugiare, cubettare, fare bastoncini, sfilacciare. Cambiando semplicemente il disco \u00e8 possibile ottenere pi\u00f9 di 60 tipi di taglio diversi. Costruiti secondo la norma EN 1678. Struttura in acciaio e [&#8230;]","protected":false},"featured_media":123159,"comment_status":"closed","ping_status":"closed","template":"","meta":{"_monsterinsights_skip_tracking":false,"_monsterinsights_sitenote_active":false,"_monsterinsights_sitenote_note":"","_monsterinsights_sitenote_category":0},"product_brand":[625],"product_cat":[62,97,693,694],"product_tag":[],"class_list":{"0":"post-14391","1":"product","2":"type-product","3":"status-publish","4":"has-post-thumbnail","6":"product_brand-mec-europe","7":"product_cat-taglia-verdure","8":"product_cat-tagliaverdure","9":"product_cat-tagliaverdure-attrezzature-ristoranti-pub-cucine","10":"product_cat-tagliaverdure-lavorazione","11":"product_shipping_class-f","12":"pa_marca-mec","14":"first","15":"instock","16":"taxable","17":"shipping-taxable","18":"purchasable","19":"product-type-simple"},"_links":{"self":[{"href":"https:\/\/www.creaearredanegozi.it\/de\/wp-json\/wp\/v2\/product\/14391","targetHints":{"allow":["GET"]}}],"collection":[{"href":"https:\/\/www.creaearredanegozi.it\/de\/wp-json\/wp\/v2\/product"}],"about":[{"href":"https:\/\/www.creaearredanegozi.it\/de\/wp-json\/wp\/v2\/types\/product"}],"replies":[{"embeddable":true,"href":"https:\/\/www.creaearredanegozi.it\/de\/wp-json\/wp\/v2\/comments?post=14391"}],"wp:featuredmedia":[{"embeddable":true,"href":"https:\/\/www.creaearredanegozi.it\/de\/wp-json\/wp\/v2\/media\/123159"}],"wp:attachment":[{"href":"https:\/\/www.creaearredanegozi.it\/de\/wp-json\/wp\/v2\/media?parent=14391"}],"wp:term":[{"taxonomy":"product_brand","embeddable":true,"href":"https:\/\/www.creaearredanegozi.it\/de\/wp-json\/wp\/v2\/product_brand?post=14391"},{"taxonomy":"product_cat","embeddable":true,"href":"https:\/\/www.creaearredanegozi.it\/de\/wp-json\/wp\/v2\/product_cat?post=14391"},{"taxonomy":"product_tag","embeddable":true,"href":"https:\/\/www.creaearredanegozi.it\/de\/wp-json\/wp\/v2\/product_tag?post=14391"}],"curies":[{"name":"wp","href":"https:\/\/api.w.org\/{rel}","templated":true}]}}