{"id":14408,"date":"2018-07-12T18:18:35","date_gmt":"2018-07-12T16:18:35","guid":{"rendered":"https:\/\/www.creaearredanegozi.it\/?post_type=product&#038;p=14408"},"modified":"2024-07-03T11:44:56","modified_gmt":"2024-07-03T09:44:56","slug":"cutter-professionale-in-acciaio-inox-230-v-3-lt-mec-pro-3l-2","status":"publish","type":"product","link":"https:\/\/www.creaearredanegozi.it\/de\/cutter-professionale-in-acciaio-inox-230-v-3-lt-mec-pro-3l-2\/","title":{"rendered":"Profi-Edelstahlschneider 230 V Mec PRO 3L"},"content":{"rendered":"<h2 style=\"text-align: center;\">Cutter professionale in acciaio inox 230 V 3 Lt<strong><br \/>\n<\/strong><\/h2>\n<p>Die <strong>cutter professionale<\/strong> \u00e8 uno strumento dotato di una potente lama di acciaio che consente di\u00a0<b>tagliare, sminuzzare ed emulsionare <\/b>un&#8217;ampia variet\u00e0 di alimenti come ad esempio<b> carne, verdura e frutta<\/b>. Questo macchinario \u00e8 utile in cucina in quanto consente un enorme risparmio sia di tempo che di fatica. In pi\u00f9, permette tagli omogenei e in grande quantit\u00e0.<\/p>\n<ul>\n<li>Konstruktion aus rostfreiem Stahl<\/li>\n<li>Transparenter Deckel mit fl\u00fcssigkeitsdichter Dichtung<\/li>\n<li>Professioneller bel\u00fcfteter Motor mit W\u00e4rmeschutz und Motorbremse<\/li>\n<li>Klingeneinheit mit Nabe aus Edelstahl<\/li>\n<li>Impuls-Start\/Stopp-Schalter mit 24-V-Steuerger\u00e4t<\/li>\n<li>Professionelle CE-Norm.<\/li>\n<\/ul>\n<p><strong>Optional:<\/strong><\/p>\n<ul>\n<li>Wandreinigungsschaber.<\/li>\n<\/ul>\n<hr \/>\n<p><strong>Technische Daten<\/strong><\/p>\n<table class=\"table table-striped\">\n<tbody>\n<tr>\n<td>\n<p class=\"dati_tecnici_label_1\">Modell<\/p>\n<\/td>\n<td align=\"left\"><strong>PRO 3L<br \/>\n<\/strong><\/td>\n<\/tr>\n<tr>\n<td>Strom<\/td>\n<td align=\"left\">550 W<\/td>\n<\/tr>\n<tr>\n<td>Gewicht<\/td>\n<td align=\"left\">12 kg<\/td>\n<\/tr>\n<tr>\n<td>Abmessungen<\/td>\n<td align=\"left\">mm 210x260x400<\/td>\n<\/tr>\n<tr>\n<td>Arbeitsf\u00e4higkeit<\/td>\n<td align=\"left\">2 kg<\/td>\n<\/tr>\n<tr>\n<td>Spannung<\/td>\n<td align=\"left\">230 V<\/td>\n<\/tr>\n<tr>\n<td>Umdrehungen der Klinge<\/td>\n<td align=\"left\">1400\/m<\/td>\n<\/tr>\n<\/tbody>\n<\/table>\n<p>&nbsp;<\/p>","protected":false},"excerpt":{"rendered":"<p>Cutter professionale in acciaio inox 230 V 3 Lt Il cutter professionale \u00e8 uno strumento dotato di una potente lama di acciaio che consente di\u00a0tagliare, sminuzzare ed emulsionare un&#8217;ampia variet\u00e0 di alimenti come ad esempio carne, verdura e frutta. Questo macchinario \u00e8 utile in cucina in quanto consente un enorme risparmio sia di tempo che [&#8230;]","protected":false},"featured_media":14397,"comment_status":"closed","ping_status":"closed","template":"","meta":{"_monsterinsights_skip_tracking":false,"_monsterinsights_sitenote_active":false,"_monsterinsights_sitenote_note":"","_monsterinsights_sitenote_category":0},"product_brand":[625],"product_cat":[100,158],"product_tag":[],"class_list":{"0":"post-14408","1":"product","2":"type-product","3":"status-publish","4":"has-post-thumbnail","6":"product_brand-mec-europe","7":"product_cat-cutter","8":"product_cat-cutter-ristorazione","9":"product_shipping_class-38","10":"pa_marca-mec","12":"first","13":"instock","14":"taxable","15":"shipping-taxable","16":"purchasable","17":"product-type-simple"},"_links":{"self":[{"href":"https:\/\/www.creaearredanegozi.it\/de\/wp-json\/wp\/v2\/product\/14408","targetHints":{"allow":["GET"]}}],"collection":[{"href":"https:\/\/www.creaearredanegozi.it\/de\/wp-json\/wp\/v2\/product"}],"about":[{"href":"https:\/\/www.creaearredanegozi.it\/de\/wp-json\/wp\/v2\/types\/product"}],"replies":[{"embeddable":true,"href":"https:\/\/www.creaearredanegozi.it\/de\/wp-json\/wp\/v2\/comments?post=14408"}],"wp:featuredmedia":[{"embeddable":true,"href":"https:\/\/www.creaearredanegozi.it\/de\/wp-json\/wp\/v2\/media\/14397"}],"wp:attachment":[{"href":"https:\/\/www.creaearredanegozi.it\/de\/wp-json\/wp\/v2\/media?parent=14408"}],"wp:term":[{"taxonomy":"product_brand","embeddable":true,"href":"https:\/\/www.creaearredanegozi.it\/de\/wp-json\/wp\/v2\/product_brand?post=14408"},{"taxonomy":"product_cat","embeddable":true,"href":"https:\/\/www.creaearredanegozi.it\/de\/wp-json\/wp\/v2\/product_cat?post=14408"},{"taxonomy":"product_tag","embeddable":true,"href":"https:\/\/www.creaearredanegozi.it\/de\/wp-json\/wp\/v2\/product_tag?post=14408"}],"curies":[{"name":"wp","href":"https:\/\/api.w.org\/{rel}","templated":true}]}}