{"id":14477,"date":"2018-07-16T19:29:48","date_gmt":"2018-07-16T17:29:48","guid":{"rendered":"https:\/\/www.creaearredanegozi.it\/?post_type=product&#038;p=14477"},"modified":"2023-12-05T19:43:28","modified_gmt":"2023-12-05T18:43:28","slug":"sageblatt-18300-mm-eloxiertes-maschinengehause-400-v-11-kw-mec-so-1830","status":"publish","type":"product","link":"https:\/\/www.creaearredanegozi.it\/de\/sageblatt-18300-mm-eloxiertes-maschinengehause-400-v-11-kw-mec-so-1830\/","title":{"rendered":"Knochens\u00e4geblatt 1830 mm eloxierter Maschinenk\u00f6rper 240V 1,1 kW mec SO 1830"},"content":{"rendered":"<p><strong>Knochens\u00e4geblatt 18300 mm eloxiertes Maschinengeh\u00e4use einphasig 1100W 1,2 PS<\/strong><\/p>\n<ul>\n<li>Maschinen, die den internationalen Hygienevorschriften entsprechen.<\/li>\n<li>Eloxierter Maschinenk\u00f6rper.<\/li>\n<li>Arbeitsplatte aus rostfreiem Stahl.<\/li>\n<li>Einstellbarer Blattspanner.<\/li>\n<li>Eingebauter Schneidedosierer.<\/li>\n<li>Professioneller CE-Standardartikel.<\/li>\n<\/ul>\n<hr \/>\n<p><strong>Technische Daten<\/strong><\/p>\n<p>&nbsp;<\/p>\n<table class=\"table table-striped\">\n<tbody>\n<tr>\n<td>\n<p class=\"dati_tecnici_label_1\">Modell<\/p>\n<\/td>\n<td align=\"left\"><strong>SO 1840<\/strong><\/td>\n<\/tr>\n<tr>\n<td>Gewicht<\/td>\n<td align=\"left\"><span class=\"valore_scheda\">36 kg<br \/>\n<\/span><\/td>\n<\/tr>\n<tr>\n<td>Strom<\/td>\n<td align=\"left\">kW 0,75 - PS 1,2<\/td>\n<\/tr>\n<tr>\n<td>Abmessungen<\/td>\n<td align=\"left\">mm 530x420x910 h<\/td>\n<\/tr>\n<tr>\n<td>L\u00e4nge der Klinge<\/td>\n<td align=\"left\">1840 mm<\/td>\n<\/tr>\n<tr>\n<td>Maximale Schnitth\u00f6he<\/td>\n<td align=\"left\">320 mm<\/td>\n<\/tr>\n<tr>\n<td>Schnitth\u00f6he<\/td>\n<td align=\"left\">225 mm<\/td>\n<\/tr>\n<tr>\n<td>Schnittbreite<\/td>\n<td align=\"left\">200 mm<\/td>\n<\/tr>\n<tr>\n<td>Arbeitsplan<\/td>\n<td align=\"left\">410\u00d7410 mm<\/td>\n<\/tr>\n<\/tbody>\n<\/table>\n<p>&nbsp;<\/p>","protected":false},"excerpt":{"rendered":"<p>Segaossa lama 18300 mm corpo macchina anodizzato monofase 1100W 1.2 cavalli Macchine conformi alle normative igieniche internazionali. Corpo macchina anodizzato. Piano di lavoro in acciaio inox. Tendilama registrabile. Proporzionatore di taglio incorporato. Articolo a norma CE professionale. Dati tecnici &nbsp; Modello SO 1840 Peso 36 kg Potenza kW 0,75 &#8211; HP 1,2 Dimensioni mm 530x420x910 [&#8230;]","protected":false},"featured_media":14474,"comment_status":"closed","ping_status":"closed","template":"","meta":{"_monsterinsights_skip_tracking":false,"_monsterinsights_sitenote_active":false,"_monsterinsights_sitenote_note":"","_monsterinsights_sitenote_category":0},"product_brand":[625],"product_cat":[52,684],"product_tag":[],"class_list":{"0":"post-14477","1":"product","2":"type-product","3":"status-publish","4":"has-post-thumbnail","6":"product_brand-mec-europe","7":"product_cat-segaossi","8":"product_cat-segaossi-lavorazione","9":"product_shipping_class-32","10":"pa_marca-mec","12":"first","13":"instock","14":"taxable","15":"shipping-taxable","16":"purchasable","17":"product-type-simple"},"_links":{"self":[{"href":"https:\/\/www.creaearredanegozi.it\/de\/wp-json\/wp\/v2\/product\/14477","targetHints":{"allow":["GET"]}}],"collection":[{"href":"https:\/\/www.creaearredanegozi.it\/de\/wp-json\/wp\/v2\/product"}],"about":[{"href":"https:\/\/www.creaearredanegozi.it\/de\/wp-json\/wp\/v2\/types\/product"}],"replies":[{"embeddable":true,"href":"https:\/\/www.creaearredanegozi.it\/de\/wp-json\/wp\/v2\/comments?post=14477"}],"wp:featuredmedia":[{"embeddable":true,"href":"https:\/\/www.creaearredanegozi.it\/de\/wp-json\/wp\/v2\/media\/14474"}],"wp:attachment":[{"href":"https:\/\/www.creaearredanegozi.it\/de\/wp-json\/wp\/v2\/media?parent=14477"}],"wp:term":[{"taxonomy":"product_brand","embeddable":true,"href":"https:\/\/www.creaearredanegozi.it\/de\/wp-json\/wp\/v2\/product_brand?post=14477"},{"taxonomy":"product_cat","embeddable":true,"href":"https:\/\/www.creaearredanegozi.it\/de\/wp-json\/wp\/v2\/product_cat?post=14477"},{"taxonomy":"product_tag","embeddable":true,"href":"https:\/\/www.creaearredanegozi.it\/de\/wp-json\/wp\/v2\/product_tag?post=14477"}],"curies":[{"name":"wp","href":"https:\/\/api.w.org\/{rel}","templated":true}]}}