{"id":14524,"date":"2018-07-20T09:33:08","date_gmt":"2018-07-20T07:33:08","guid":{"rendered":"https:\/\/www.creaearredanegozi.it\/?post_type=product&#038;p=14524"},"modified":"2023-12-05T19:19:26","modified_gmt":"2023-12-05T18:19:26","slug":"friggitrice-elettrica-12-lt-in-acciaio-inox-con-rubinetto-di-scarico-olio-vasca-imbutita-9-kw-400-v-mec-ft-12vb","status":"publish","type":"product","link":"https:\/\/www.creaearredanegozi.it\/de\/friggitrice-elettrica-12-lt-in-acciaio-inox-con-rubinetto-di-scarico-olio-vasca-imbutita-9-kw-400-v-mec-ft-12vb\/","title":{"rendered":"Elektrofritteuse 18 l Edelstahl mit \u00d6lablasshahn Tiefziehbeh\u00e4lter 9 kW 400 V Mec FT 12VB"},"content":{"rendered":"<p><strong>18 Liter Edelstahl-Elektrofritteuse mit \u00d6lablasshahn Tiefgezogener Tank 9 kW Drehstrom<\/strong><\/p>\n<ul>\n<li>Geh\u00e4use aus rostfreiem Stahl.<\/li>\n<li>Tiefgezogener Edelstahltank.<\/li>\n<li>Ablasshahn.<\/li>\n<li>Mikro-Sicherheitsschalter.<\/li>\n<li>Sicherheitsthermostat und Temperaturregelungsthermostat.<\/li>\n<li>Ein\/Aus-Schalter.<\/li>\n<li>Kalte Zone.<\/li>\n<\/ul>\n<hr \/>\n<p><strong>Technische Daten<\/strong><\/p>\n<table class=\"table table-striped\">\n<tbody>\n<tr>\n<td>\n<p class=\"dati_tecnici_label_1\">Modell<\/p>\n<\/td>\n<td align=\"left\"><strong>FT 12VB<\/strong><\/td>\n<\/tr>\n<tr>\n<td>Gewicht<\/td>\n<td align=\"left\"><span class=\"valore_scheda\">15 kg<br \/>\n<\/span><\/td>\n<\/tr>\n<tr>\n<td>Strom<\/td>\n<td align=\"left\">9 kW<\/td>\n<\/tr>\n<tr>\n<td>Abmessungen<\/td>\n<td align=\"left\">mm 400 x 700 x 320 h<\/td>\n<\/tr>\n<tr>\n<td>Tankvolumen<\/td>\n<td align=\"left\">18 Liter<\/td>\n<\/tr>\n<tr>\n<td>\u00d6lkapazit\u00e4t<\/td>\n<td>12 l<\/td>\n<\/tr>\n<tr>\n<td>Spannung<\/td>\n<td align=\"left\">400 V<\/td>\n<\/tr>\n<\/tbody>\n<\/table>","protected":false},"excerpt":{"rendered":"<p>Friggitrice elettrica 18 lt in acciaio inox con rubinetto di scarico olio vasca imbutita 9 kW trifase Corpo in acciaio inox. Vasca imbutita in acciaio inox. Rubinetto di scarico. Micro interruttore di sicurezza. Termostato di sicurezza e termostato di regolazione temperatura. Interruttore on\/off. Zona fredda. Dati tecnici Modello FT 12VB Peso 15 kg Potenza 9 [&#8230;]","protected":false},"featured_media":14525,"comment_status":"closed","ping_status":"closed","template":"","meta":{"_monsterinsights_skip_tracking":false,"_monsterinsights_sitenote_active":false,"_monsterinsights_sitenote_note":"","_monsterinsights_sitenote_category":0},"product_brand":[625],"product_cat":[81,161],"product_tag":[],"class_list":{"0":"post-14524","1":"product","2":"type-product","3":"status-publish","4":"has-post-thumbnail","6":"product_brand-mec-europe","7":"product_cat-elettriche","8":"product_cat-elettriche-friggitrici-ristorazione","9":"product_shipping_class-f","10":"pa_marca-mec","12":"first","13":"instock","14":"taxable","15":"shipping-taxable","16":"purchasable","17":"product-type-simple"},"_links":{"self":[{"href":"https:\/\/www.creaearredanegozi.it\/de\/wp-json\/wp\/v2\/product\/14524","targetHints":{"allow":["GET"]}}],"collection":[{"href":"https:\/\/www.creaearredanegozi.it\/de\/wp-json\/wp\/v2\/product"}],"about":[{"href":"https:\/\/www.creaearredanegozi.it\/de\/wp-json\/wp\/v2\/types\/product"}],"replies":[{"embeddable":true,"href":"https:\/\/www.creaearredanegozi.it\/de\/wp-json\/wp\/v2\/comments?post=14524"}],"wp:featuredmedia":[{"embeddable":true,"href":"https:\/\/www.creaearredanegozi.it\/de\/wp-json\/wp\/v2\/media\/14525"}],"wp:attachment":[{"href":"https:\/\/www.creaearredanegozi.it\/de\/wp-json\/wp\/v2\/media?parent=14524"}],"wp:term":[{"taxonomy":"product_brand","embeddable":true,"href":"https:\/\/www.creaearredanegozi.it\/de\/wp-json\/wp\/v2\/product_brand?post=14524"},{"taxonomy":"product_cat","embeddable":true,"href":"https:\/\/www.creaearredanegozi.it\/de\/wp-json\/wp\/v2\/product_cat?post=14524"},{"taxonomy":"product_tag","embeddable":true,"href":"https:\/\/www.creaearredanegozi.it\/de\/wp-json\/wp\/v2\/product_tag?post=14524"}],"curies":[{"name":"wp","href":"https:\/\/api.w.org\/{rel}","templated":true}]}}