{"id":14601,"date":"2018-07-21T12:33:28","date_gmt":"2018-07-21T10:33:28","guid":{"rendered":"https:\/\/www.creaearredanegozi.it\/?post_type=product&#038;p=14601"},"modified":"2023-12-05T19:10:00","modified_gmt":"2023-12-05T18:10:00","slug":"scalda-wurstel-acciaio-inox-contenitore-in-vetro-4-chiodi-0-110-c-mec-cs-4p","status":"publish","type":"product","link":"https:\/\/www.creaearredanegozi.it\/de\/scalda-wurstel-acciaio-inox-contenitore-in-vetro-4-chiodi-0-110-c-mec-cs-4p\/","title":{"rendered":"Wurstw\u00e4rmer Edelstahl-Glasbeh\u00e4lter + 4 Stifte 0-110 \u00b0C Mec CS 4P"},"content":{"rendered":"<p><strong>Edelstahl-W\u00fcrstchenw\u00e4rmer Glasbeh\u00e4lter + 4 Stifte 0-110 \u00b0C Mec CS 4P:<\/strong><\/p>\n<ul>\n<li>Geh\u00e4use aus rostfreiem Stahl.<\/li>\n<li>Tanks aus rostfreiem Stahl.<\/li>\n<li>Einstellbarer Thermostat.<\/li>\n<li>Hot-Dog-Beh\u00e4lter aus Glas.<\/li>\n<li>Ideal nicht nur zum Heizen, sondern auch zum Kochen von W\u00fcrsten.<\/li>\n<\/ul>\n<hr \/>\n<p><strong>Technische Daten<\/strong><\/p>\n<table class=\"table table-striped\">\n<tbody>\n<tr>\n<td>\n<p class=\"dati_tecnici_label_1\">Modell<\/p>\n<\/td>\n<td align=\"left\"><strong>CS 4P<br \/>\n<\/strong><\/td>\n<\/tr>\n<tr>\n<td>Gewicht<\/td>\n<td align=\"left\"><span class=\"valore_scheda\">15 kg<br \/>\n<\/span><\/td>\n<\/tr>\n<tr>\n<td>Strom<\/td>\n<td align=\"left\">800 W<\/td>\n<\/tr>\n<tr>\n<td>Abmessungen<\/td>\n<td align=\"left\">mm 420 x 270 x 400 h<\/td>\n<\/tr>\n<tr>\n<td>Spannung<\/td>\n<td align=\"left\">230 V<\/td>\n<\/tr>\n<tr>\n<td>Thermostat<\/td>\n<td align=\"left\">0 - 110 \u00b0C<\/td>\n<\/tr>\n<\/tbody>\n<\/table>","protected":false},"excerpt":{"rendered":"<p>Scalda w\u00fcrstel acciaio inox contenitore in vetro + 4 chiodi 0-110 \u00b0C Mec CS 4P: Corpo in acciaio inox. Vasche in acciaio inox. Termostato regolabile. Contenitore hot dogs in vetro. Ideali non solo per scaldare ma anche per cuocere i w\u00fcrstel. Dati tecnici Modello CS 4P Peso 15 kg Potenza 800 W Dimensioni mm 420 [&#8230;]","protected":false},"featured_media":14602,"comment_status":"closed","ping_status":"closed","template":"","meta":{"_monsterinsights_skip_tracking":false,"_monsterinsights_sitenote_active":false,"_monsterinsights_sitenote_note":"","_monsterinsights_sitenote_category":0},"product_brand":[625],"product_cat":[94],"product_tag":[],"class_list":{"0":"post-14601","1":"product","2":"type-product","3":"status-publish","4":"has-post-thumbnail","6":"product_brand-mec-europe","7":"product_cat-tostiere","8":"product_shipping_class-f","9":"pa_marca-mec","11":"first","12":"instock","13":"taxable","14":"shipping-taxable","15":"purchasable","16":"product-type-simple"},"_links":{"self":[{"href":"https:\/\/www.creaearredanegozi.it\/de\/wp-json\/wp\/v2\/product\/14601","targetHints":{"allow":["GET"]}}],"collection":[{"href":"https:\/\/www.creaearredanegozi.it\/de\/wp-json\/wp\/v2\/product"}],"about":[{"href":"https:\/\/www.creaearredanegozi.it\/de\/wp-json\/wp\/v2\/types\/product"}],"replies":[{"embeddable":true,"href":"https:\/\/www.creaearredanegozi.it\/de\/wp-json\/wp\/v2\/comments?post=14601"}],"wp:featuredmedia":[{"embeddable":true,"href":"https:\/\/www.creaearredanegozi.it\/de\/wp-json\/wp\/v2\/media\/14602"}],"wp:attachment":[{"href":"https:\/\/www.creaearredanegozi.it\/de\/wp-json\/wp\/v2\/media?parent=14601"}],"wp:term":[{"taxonomy":"product_brand","embeddable":true,"href":"https:\/\/www.creaearredanegozi.it\/de\/wp-json\/wp\/v2\/product_brand?post=14601"},{"taxonomy":"product_cat","embeddable":true,"href":"https:\/\/www.creaearredanegozi.it\/de\/wp-json\/wp\/v2\/product_cat?post=14601"},{"taxonomy":"product_tag","embeddable":true,"href":"https:\/\/www.creaearredanegozi.it\/de\/wp-json\/wp\/v2\/product_tag?post=14601"}],"curies":[{"name":"wp","href":"https:\/\/api.w.org\/{rel}","templated":true}]}}