{"id":14648,"date":"2018-07-25T09:32:11","date_gmt":"2018-07-25T07:32:11","guid":{"rendered":"https:\/\/www.creaearredanegozi.it\/?post_type=product&#038;p=14648"},"modified":"2023-12-05T18:32:24","modified_gmt":"2023-12-05T17:32:24","slug":"infrarot-heizlampe-dehnbares-kabel-o-225-mm-mec-al-co-ch-225","status":"publish","type":"product","link":"https:\/\/www.creaearredanegozi.it\/de\/infrarot-heizlampe-dehnbares-kabel-o-225-mm-mec-al-co-ch-225\/","title":{"rendered":"Infrarot-Heizlampe dehnbares Kabel \u00d8 225 mm Mec AL\/CO\/CH 225"},"content":{"rendered":"<h2 style=\"text-align: center;\">Infrarot-Heizlampe dehnbares Kabel \u00d8 225 mm Mec<\/h2>\n<p>Infrarotheizlampen sind ein unverzichtbares Hilfsmittel f\u00fcr Restaurantk\u00fcchen. Diese Infrarotlampe h\u00e4lt die Temperatur der Lebensmittel aufrecht und sorgt f\u00fcr Hygiene und Lebensmittelsicherheit.<\/p>\n<p>Die Infrarotlampe wird auch in Kantinen und Selbstbedienungsrestaurants eingesetzt, wo es notwendig ist, die zu servierenden Speisen auf praktische und sichere Weise warm zu halten.<\/p>\n<p>Die Infrarot-Heizlampe ist ein sicheres, effizientes, vielseitiges und praktisches Produkt. Sie ist aus hochwertigen Materialien gefertigt und hat ein modernes, attraktives Design. Dar\u00fcber hinaus ist sie in vier verschiedenen Farben erh\u00e4ltlich.<\/p>\n<p>Der Lampenschirm besteht aus sto\u00dffesten und korrosionsbest\u00e4ndigen Materialien, die eine langfristige Best\u00e4ndigkeit gew\u00e4hrleisten.<\/p>\n<p>Die Infrarot-Heizlampe ist ein Qualit\u00e4tsprodukt, das Restaurants Komfort und Lebensmittelsicherheit bietet. Erh\u00e4ltlich in vier Farben, mit einem eleganten Design und hervorragender Verarbeitungsqualit\u00e4t, ist diese Lampe eine erschwingliche und effektive Anschaffung.<\/p>\n<ul>\n<li>Ausziehbares Spiralkabel zur einfachen H\u00f6henverstellung von 700 bis 1800 mm.<\/li>\n<li>Erh\u00e4ltlich in 4 Farben: Aluminium, Chrom, Schwarz und Kupfer.<\/li>\n<\/ul>\n<hr \/>\n<p><strong>Technische Daten<\/strong><\/p>\n<table class=\"table table-striped\">\n<tbody>\n<tr>\n<td>\n<p class=\"dati_tecnici_label_1\">Modell<\/p>\n<\/td>\n<td align=\"left\"><strong>AL\/CO\/CH 225<\/strong><\/td>\n<\/tr>\n<tr>\n<td>Strom<\/td>\n<td align=\"left\">max W 250<\/td>\n<\/tr>\n<tr>\n<td>Abmessungen<\/td>\n<td align=\"left\"><span class=\"valore_scheda\">225 mm Durchmesser.<\/span><\/td>\n<\/tr>\n<tr>\n<td>Spannung<\/td>\n<td align=\"left\">230 V<\/td>\n<\/tr>\n<tr>\n<td>Kabelverl\u00e4ngerung<\/td>\n<td align=\"left\">700 - 1800 mm<\/td>\n<\/tr>\n<\/tbody>\n<\/table>","protected":false},"excerpt":{"rendered":"<p>Lampada riscaldante ad infrarossi cavo espandibile \u00d8 225 mm Mec Le lampade riscaldanti ad infrarossi sono uno strumento essenziale che le cucine dei ristoranti non possono fare a meno. Questa lampada a infrarossi consente di mantenere la temperatura dei cibi, garantendo l\u2019igiene e la sicurezza alimentare. La lampada ad infrarossi trova applicazione anche nelle mense [&#8230;]","protected":false},"featured_media":123186,"comment_status":"closed","ping_status":"closed","template":"","meta":{"_monsterinsights_skip_tracking":false,"_monsterinsights_sitenote_active":false,"_monsterinsights_sitenote_note":"","_monsterinsights_sitenote_category":0},"product_brand":[625],"product_cat":[66,341,328],"product_tag":[],"class_list":{"0":"post-14648","1":"product","2":"type-product","3":"status-publish","4":"has-post-thumbnail","6":"product_brand-mec-europe","7":"product_cat-piani-caldi-lampade-infrarosso","8":"product_cat-accessori-self-service","9":"product_cat-scaldapiatti","10":"product_shipping_class-f","11":"pa_marca-mec","13":"first","14":"instock","15":"taxable","16":"shipping-taxable","17":"purchasable","18":"product-type-variable"},"_links":{"self":[{"href":"https:\/\/www.creaearredanegozi.it\/de\/wp-json\/wp\/v2\/product\/14648","targetHints":{"allow":["GET"]}}],"collection":[{"href":"https:\/\/www.creaearredanegozi.it\/de\/wp-json\/wp\/v2\/product"}],"about":[{"href":"https:\/\/www.creaearredanegozi.it\/de\/wp-json\/wp\/v2\/types\/product"}],"replies":[{"embeddable":true,"href":"https:\/\/www.creaearredanegozi.it\/de\/wp-json\/wp\/v2\/comments?post=14648"}],"wp:featuredmedia":[{"embeddable":true,"href":"https:\/\/www.creaearredanegozi.it\/de\/wp-json\/wp\/v2\/media\/123186"}],"wp:attachment":[{"href":"https:\/\/www.creaearredanegozi.it\/de\/wp-json\/wp\/v2\/media?parent=14648"}],"wp:term":[{"taxonomy":"product_brand","embeddable":true,"href":"https:\/\/www.creaearredanegozi.it\/de\/wp-json\/wp\/v2\/product_brand?post=14648"},{"taxonomy":"product_cat","embeddable":true,"href":"https:\/\/www.creaearredanegozi.it\/de\/wp-json\/wp\/v2\/product_cat?post=14648"},{"taxonomy":"product_tag","embeddable":true,"href":"https:\/\/www.creaearredanegozi.it\/de\/wp-json\/wp\/v2\/product_tag?post=14648"}],"curies":[{"name":"wp","href":"https:\/\/api.w.org\/{rel}","templated":true}]}}