{"id":14695,"date":"2018-07-26T09:10:58","date_gmt":"2018-07-26T07:10:58","guid":{"rendered":"https:\/\/www.creaearredanegozi.it\/?post_type=product&#038;p=14695"},"modified":"2023-07-03T20:05:59","modified_gmt":"2023-07-03T18:05:59","slug":"manuelle-oder-automatische-kaffeemuhle-64-mm-polycarbonat-becher-mec-mst-64p","status":"publish","type":"product","link":"https:\/\/www.creaearredanegozi.it\/de\/manuelle-oder-automatische-kaffeemuhle-64-mm-polycarbonat-becher-mec-mst-64p\/","title":{"rendered":"Manuelle oder automatische Kaffeem\u00fchle 64 mm Polycarbonatglas Mec MST-64P"},"content":{"rendered":"<p><strong>Manuelle oder automatische Kaffeem\u00fchle 64 mm Polycarbonatglas<\/strong><\/p>\n<p>Merkmale: Geh\u00e4use aus lackiertem Aluminium und Glocke aus Polycarbonat, manuelles oder automatisches Mahlwerk mit stufenloser mikrometrischer Mahlgradeinstellung f\u00fcr bessere Homogenit\u00e4t, erh\u00e4ltlich mit automatischer, manueller oder<br \/>\nmit Zeitschaltuhr, flache M\u00fchlsteine \u00d8 64 mm.<\/p>\n<ul>\n<li>Geh\u00e4use aus lackiertem Aluminium.<\/li>\n<li>Verf\u00fcgbare Versionen: manueller Schalter, Zeitschaltuhr und automatischer Schalter.<\/li>\n<li>64 mm gro\u00dfe M\u00fchlsteine.<\/li>\n<li>Polycarbonat-Glas.<\/li>\n<li>Verf\u00fcgbare Farben: Grau metallic, Wei\u00df, Schwarz und Rot.<\/li>\n<\/ul>\n<hr \/>\n<p><strong>Technische Daten<\/strong><\/p>\n<table class=\"table table-striped\">\n<tbody>\n<tr>\n<td>\n<p class=\"dati_tecnici_label_1\">Modell<\/p>\n<\/td>\n<td align=\"left\"><strong>MST-64P<br \/>\n<\/strong><\/td>\n<\/tr>\n<tr>\n<td>Strom<\/td>\n<td align=\"left\">350 W<\/td>\n<\/tr>\n<tr>\n<td>Gewicht<\/td>\n<td align=\"left\">14 kg<\/td>\n<\/tr>\n<tr>\n<td>Abmessungen<\/td>\n<td align=\"left\"><span class=\"valore_scheda\">mm 200x320x510 h<\/span><\/td>\n<\/tr>\n<tr>\n<td>Container-Kapazit\u00e4t<\/td>\n<td align=\"left\">1,2 kg<\/td>\n<\/tr>\n<tr>\n<td>Anpassung der Dosis<\/td>\n<td align=\"left\">5\/9,5g<\/td>\n<\/tr>\n<\/tbody>\n<\/table>","protected":false},"excerpt":{"rendered":"<p>Macinacaff\u00e8 manuale o automatico bicchiere policarbonato da 64 mm Caratteristiche: Corpo in alluminio verniciato e campana in policarbonato, macinadosatore manuale o automatico con regolazione macinatura micrometrica continua per una migliore omogeneit\u00e0, disponibile nella versione con interruttore automatico, manuale o con timer, macine piane di \u00d8 64 mm. Corpo in alluminio verniciato. Versioni disponibili: Interruttore manuale, [&#8230;]","protected":false},"featured_media":123191,"comment_status":"closed","ping_status":"closed","template":"","meta":{"_monsterinsights_skip_tracking":false,"_monsterinsights_sitenote_active":false,"_monsterinsights_sitenote_note":"","_monsterinsights_sitenote_category":0},"product_brand":[625],"product_cat":[170],"product_tag":[],"class_list":{"0":"post-14695","1":"product","2":"type-product","3":"status-publish","4":"has-post-thumbnail","6":"product_brand-mec-europe","7":"product_cat-macinacaffe","8":"product_shipping_class-f","9":"pa_marca-mec","11":"first","12":"instock","13":"taxable","14":"shipping-taxable","15":"purchasable","16":"product-type-variable"},"_links":{"self":[{"href":"https:\/\/www.creaearredanegozi.it\/de\/wp-json\/wp\/v2\/product\/14695","targetHints":{"allow":["GET"]}}],"collection":[{"href":"https:\/\/www.creaearredanegozi.it\/de\/wp-json\/wp\/v2\/product"}],"about":[{"href":"https:\/\/www.creaearredanegozi.it\/de\/wp-json\/wp\/v2\/types\/product"}],"replies":[{"embeddable":true,"href":"https:\/\/www.creaearredanegozi.it\/de\/wp-json\/wp\/v2\/comments?post=14695"}],"wp:featuredmedia":[{"embeddable":true,"href":"https:\/\/www.creaearredanegozi.it\/de\/wp-json\/wp\/v2\/media\/123191"}],"wp:attachment":[{"href":"https:\/\/www.creaearredanegozi.it\/de\/wp-json\/wp\/v2\/media?parent=14695"}],"wp:term":[{"taxonomy":"product_brand","embeddable":true,"href":"https:\/\/www.creaearredanegozi.it\/de\/wp-json\/wp\/v2\/product_brand?post=14695"},{"taxonomy":"product_cat","embeddable":true,"href":"https:\/\/www.creaearredanegozi.it\/de\/wp-json\/wp\/v2\/product_cat?post=14695"},{"taxonomy":"product_tag","embeddable":true,"href":"https:\/\/www.creaearredanegozi.it\/de\/wp-json\/wp\/v2\/product_tag?post=14695"}],"curies":[{"name":"wp","href":"https:\/\/api.w.org\/{rel}","templated":true}]}}