{"id":14700,"date":"2018-07-26T10:14:25","date_gmt":"2018-07-26T08:14:25","guid":{"rendered":"https:\/\/www.creaearredanegozi.it\/?post_type=product&#038;p=14700"},"modified":"2023-07-03T19:51:26","modified_gmt":"2023-07-03T17:51:26","slug":"elektronische-kaffeemuhle-polycarbonat-becher-64-mm-mec-mst-64pe","status":"publish","type":"product","link":"https:\/\/www.creaearredanegozi.it\/de\/elektronische-kaffeemuhle-polycarbonat-becher-64-mm-mec-mst-64pe\/","title":{"rendered":"Elektronische Kaffeem\u00fchle 64 mm Polycarbonat Becher Mec MST-64PE"},"content":{"rendered":"<p><strong>Elektronische Kaffeem\u00fchle 64 mm Polykarbonatglas<\/strong><\/p>\n<p>Elektronische Kaffeem\u00fchle mit automatischem Dosiersystem, das \"on demand\"-System mahlt nur die im Moment ben\u00f6tigte Kaffeemenge, um die organoleptischen Eigenschaften der ger\u00f6steten Kaffeebohne zu erhalten, Geh\u00e4use aus lackiertem Aluminium und Glocke aus Polykarbonat, stufenlose mikrometrische Einstellung des Mahlgrads f\u00fcr eine bessere Homogenit\u00e4t, Ausgabe der Einzeldosis in weniger als 4 Sekunden, der Doppeldosis in weniger als 8 Sekunden, Drucktaste und verstellbare Tassenhalterung, kapazitive Bedienelemente mit LED-Hintergrundbeleuchtung, mehrsprachiges Digitaldisplay, Flachmahlwerk \u00d8 64 mm.<\/p>\n<ul>\n<li>Kaffeem\u00fchle mit automatischem Mahlwerk-Dosierer.<\/li>\n<li>Einzel-\/Doppeldosierung mit Druckknopf.<\/li>\n<li>Geh\u00e4use aus lackiertem Aluminium.<\/li>\n<li>64 mm gro\u00dfe M\u00fchlsteine.<\/li>\n<li>Polycarbonat-Glas.<\/li>\n<li>Mehrsprachiges kapazitives Display.<\/li>\n<li>Verf\u00fcgbare Farben: Grau metallic, Wei\u00df, Schwarz und Rot.<\/li>\n<\/ul>\n<hr \/>\n<p><strong>Technische Daten<\/strong><\/p>\n<table class=\"table table-striped\">\n<tbody>\n<tr>\n<td>\n<p class=\"dati_tecnici_label_1\">Modell<\/p>\n<\/td>\n<td align=\"left\"><strong>MST-64PE<br \/>\n<\/strong><\/td>\n<\/tr>\n<tr>\n<td>Strom<\/td>\n<td align=\"left\">350 W<\/td>\n<\/tr>\n<tr>\n<td>Gewicht<\/td>\n<td align=\"left\">13 kg<\/td>\n<\/tr>\n<tr>\n<td>Abmessungen<\/td>\n<td align=\"left\"><span class=\"valore_scheda\">mm 200x270x510 h<\/span><\/td>\n<\/tr>\n<tr>\n<td>Container-Kapazit\u00e4t<\/td>\n<td align=\"left\">1,3 kg<\/td>\n<\/tr>\n<tr>\n<td>Anpassung der Dosis<\/td>\n<td align=\"left\">5-9,5 g<\/td>\n<\/tr>\n<\/tbody>\n<\/table>","protected":false},"excerpt":{"rendered":"<p>Macinacaff\u00e8 elettronico bicchiere policarbonato da 64 mm Macinacaff\u00e9 elettronico con dosatore automatico, il sistema \u201con demand\u201d macina al momento solo la dose di caff\u00e8 richiesta in modo da conservare intatte le qualit\u00e0 organolettiche del chicco di caff\u00e8 tostato , corpo in alluminio verniciato e campana in policarbonato, regolazione macinatura micrometrica continua per una migliore omogeneit\u00e0, [&#8230;]","protected":false},"featured_media":123242,"comment_status":"closed","ping_status":"closed","template":"","meta":{"_monsterinsights_skip_tracking":false,"_monsterinsights_sitenote_active":false,"_monsterinsights_sitenote_note":"","_monsterinsights_sitenote_category":0},"product_brand":[625],"product_cat":[170],"product_tag":[],"class_list":{"0":"post-14700","1":"product","2":"type-product","3":"status-publish","4":"has-post-thumbnail","6":"product_brand-mec-europe","7":"product_cat-macinacaffe","8":"product_shipping_class-f","9":"pa_marca-mec","11":"first","12":"instock","13":"sale","14":"taxable","15":"shipping-taxable","16":"purchasable","17":"product-type-simple"},"_links":{"self":[{"href":"https:\/\/www.creaearredanegozi.it\/de\/wp-json\/wp\/v2\/product\/14700","targetHints":{"allow":["GET"]}}],"collection":[{"href":"https:\/\/www.creaearredanegozi.it\/de\/wp-json\/wp\/v2\/product"}],"about":[{"href":"https:\/\/www.creaearredanegozi.it\/de\/wp-json\/wp\/v2\/types\/product"}],"replies":[{"embeddable":true,"href":"https:\/\/www.creaearredanegozi.it\/de\/wp-json\/wp\/v2\/comments?post=14700"}],"wp:featuredmedia":[{"embeddable":true,"href":"https:\/\/www.creaearredanegozi.it\/de\/wp-json\/wp\/v2\/media\/123242"}],"wp:attachment":[{"href":"https:\/\/www.creaearredanegozi.it\/de\/wp-json\/wp\/v2\/media?parent=14700"}],"wp:term":[{"taxonomy":"product_brand","embeddable":true,"href":"https:\/\/www.creaearredanegozi.it\/de\/wp-json\/wp\/v2\/product_brand?post=14700"},{"taxonomy":"product_cat","embeddable":true,"href":"https:\/\/www.creaearredanegozi.it\/de\/wp-json\/wp\/v2\/product_cat?post=14700"},{"taxonomy":"product_tag","embeddable":true,"href":"https:\/\/www.creaearredanegozi.it\/de\/wp-json\/wp\/v2\/product_tag?post=14700"}],"curies":[{"name":"wp","href":"https:\/\/api.w.org\/{rel}","templated":true}]}}