{"id":14718,"date":"2018-07-26T12:17:23","date_gmt":"2018-07-26T10:17:23","guid":{"rendered":"https:\/\/www.creaearredanegozi.it\/?post_type=product&#038;p=14718"},"modified":"2023-07-03T19:51:27","modified_gmt":"2023-07-03T17:51:27","slug":"slushbox-1-schussel-lt-11-500-w-230-v-mec-ipro-1","status":"publish","type":"product","link":"https:\/\/www.creaearredanegozi.it\/de\/slushbox-1-schussel-lt-11-500-w-230-v-mec-ipro-1\/","title":{"rendered":"Granulator 1 Schale lt 11 500 W 230 V Mec IPRO 1"},"content":{"rendered":"<p><strong>Granulator 1 Beh\u00e4lter lt 11 500 W 230 V Mec IPRO 1:<\/strong><\/p>\n<ul>\n<li>Exklusiver Isoliertank mit \"I-TANK-Technologie\": geringerer Einfluss der Au\u00dfentemperatur, h\u00f6here K\u00fchleffektivit\u00e4t, verbesserte Produktkonsistenz, weniger Kondensationstropfen an den Tankau\u00dfenw\u00e4nden.<\/li>\n<li>Deckel mit kalter LED-Beleuchtung.<\/li>\n<li>Luft-K\u00fchlsystem.<\/li>\n<li>Mechanisches Druckknopf-Kopfteil.<\/li>\n<li>Manueller Abtaumodus.<\/li>\n<\/ul>\n<hr \/>\n<p><strong>Technische Daten<\/strong><\/p>\n<table class=\"table table-striped\">\n<tbody>\n<tr>\n<td>\n<p class=\"dati_tecnici_label_1\">Modell<\/p>\n<\/td>\n<td align=\"left\"><strong>IPRO1<\/strong><\/td>\n<\/tr>\n<tr>\n<td>Strom<\/td>\n<td align=\"left\">500 W<\/td>\n<\/tr>\n<tr>\n<td>Gewicht<\/td>\n<td align=\"left\">39 kg<\/td>\n<\/tr>\n<tr>\n<td>Abmessungen<\/td>\n<td align=\"left\">\n<div><span class=\"valore_scheda\">mm 200x580x870 h<\/span><\/div>\n<\/td>\n<\/tr>\n<tr>\n<td>Spannung<\/td>\n<td align=\"left\">230 V<\/td>\n<\/tr>\n<tr>\n<td>Wannen<\/td>\n<td align=\"left\">1<\/td>\n<\/tr>\n<tr>\n<td>K\u00e4ltemittel Gas<\/td>\n<td align=\"left\">R 404 a<\/td>\n<\/tr>\n<tr>\n<td>Fassungsverm\u00f6gen des Tanks<\/td>\n<td align=\"left\">lt 11<\/td>\n<\/tr>\n<\/tbody>\n<\/table>","protected":false},"excerpt":{"rendered":"<p>Granitore 1 vasca lt 11 500 W 230 V Mec IPRO 1: Esclusiva vasca isolante \u201cI-TANK technology\u201d: minore influenza della temperatura esterna, maggiore efficacia refrigerante, migliore consistenza del prodotto, riduzione delle goccie di condensa sulle pareti esterne della vasca. Coperchio con illuminazione fredda a led. Sistema di raffreddamento ad aria. Testiera meccanica a pulsantiera. Modalita\u2019 [&#8230;]","protected":false},"featured_media":14719,"comment_status":"closed","ping_status":"closed","template":"","meta":{"_monsterinsights_skip_tracking":false,"_monsterinsights_sitenote_active":false,"_monsterinsights_sitenote_note":"","_monsterinsights_sitenote_category":0},"product_brand":[625],"product_cat":[317,207],"product_tag":[],"class_list":{"0":"post-14718","1":"product","2":"type-product","3":"status-publish","4":"has-post-thumbnail","6":"product_brand-mec-europe","7":"product_cat-gelaterie","8":"product_cat-granitori","9":"product_shipping_class-f","10":"pa_marca-mec","12":"first","13":"instock","14":"taxable","15":"shipping-taxable","16":"purchasable","17":"product-type-simple"},"_links":{"self":[{"href":"https:\/\/www.creaearredanegozi.it\/de\/wp-json\/wp\/v2\/product\/14718","targetHints":{"allow":["GET"]}}],"collection":[{"href":"https:\/\/www.creaearredanegozi.it\/de\/wp-json\/wp\/v2\/product"}],"about":[{"href":"https:\/\/www.creaearredanegozi.it\/de\/wp-json\/wp\/v2\/types\/product"}],"replies":[{"embeddable":true,"href":"https:\/\/www.creaearredanegozi.it\/de\/wp-json\/wp\/v2\/comments?post=14718"}],"wp:featuredmedia":[{"embeddable":true,"href":"https:\/\/www.creaearredanegozi.it\/de\/wp-json\/wp\/v2\/media\/14719"}],"wp:attachment":[{"href":"https:\/\/www.creaearredanegozi.it\/de\/wp-json\/wp\/v2\/media?parent=14718"}],"wp:term":[{"taxonomy":"product_brand","embeddable":true,"href":"https:\/\/www.creaearredanegozi.it\/de\/wp-json\/wp\/v2\/product_brand?post=14718"},{"taxonomy":"product_cat","embeddable":true,"href":"https:\/\/www.creaearredanegozi.it\/de\/wp-json\/wp\/v2\/product_cat?post=14718"},{"taxonomy":"product_tag","embeddable":true,"href":"https:\/\/www.creaearredanegozi.it\/de\/wp-json\/wp\/v2\/product_tag?post=14718"}],"curies":[{"name":"wp","href":"https:\/\/api.w.org\/{rel}","templated":true}]}}