{"id":14729,"date":"2018-07-27T14:33:37","date_gmt":"2018-07-27T12:33:37","guid":{"rendered":"https:\/\/www.creaearredanegozi.it\/?post_type=product&#038;p=14729"},"modified":"2023-07-03T19:51:27","modified_gmt":"2023-07-03T17:51:27","slug":"slush-maker-2-becken-lt-1212-1050-w-230-v-mec-frosty-2","status":"publish","type":"product","link":"https:\/\/www.creaearredanegozi.it\/de\/slush-maker-2-becken-lt-1212-1050-w-230-v-mec-frosty-2\/","title":{"rendered":"Granulator 2 Becken lt 12+12 1050 W 230 V Mec FROSTY 2"},"content":{"rendered":"<p><strong>Granulator 2 Becken lt 12+12 1050 W 230 V Mec FROSTY 2:<\/strong><\/p>\n<ul>\n<li>Exklusiver Isoliertank mit \"I-TANK-Technologie\": geringerer Einfluss der Au\u00dfentemperatur, h\u00f6here K\u00fchleffektivit\u00e4t, verbesserte Produktkonsistenz, weniger Kondensationstropfen an den Tankau\u00dfenw\u00e4nden.<\/li>\n<li>Deckel mit kalter LED-Beleuchtung.<\/li>\n<li>Luft-K\u00fchlsystem.<\/li>\n<li>Mechanisches Druckknopf-Kopfteil.<\/li>\n<li>Manueller Abtaumodus.<\/li>\n<\/ul>\n<hr \/>\n<p><strong>Technische Daten<\/strong><\/p>\n<table class=\"table table-striped\">\n<tbody>\n<tr>\n<td>\n<p class=\"dati_tecnici_label_1\">Modell<\/p>\n<\/td>\n<td align=\"left\"><strong>FROSTY 2<\/strong><\/td>\n<\/tr>\n<tr>\n<td>Strom<\/td>\n<td align=\"left\">1050 W<\/td>\n<\/tr>\n<tr>\n<td>Gewicht<\/td>\n<td align=\"left\">53 kg<\/td>\n<\/tr>\n<tr>\n<td>Abmessungen<\/td>\n<td align=\"left\">\n<div><span class=\"valore_scheda\">mm 390x510x820 h<\/span><\/div>\n<\/td>\n<\/tr>\n<tr>\n<td>Spannung<\/td>\n<td align=\"left\">230 V<\/td>\n<\/tr>\n<tr>\n<td>Wannen<\/td>\n<td align=\"left\">2<\/td>\n<\/tr>\n<tr>\n<td>K\u00e4ltemittel Gas<\/td>\n<td align=\"left\">R 404 a<\/td>\n<\/tr>\n<tr>\n<td>Fassungsverm\u00f6gen des Tanks<\/td>\n<td align=\"left\">lt 12+12<\/td>\n<\/tr>\n<\/tbody>\n<\/table>","protected":false},"excerpt":{"rendered":"<p>Granitore 2 vasche lt 12+12 1050 W 230 V Mec FROSTY 2: Esclusiva vasca isolante \u201cI-TANK technology\u201d: minore influenza della temperatura esterna, maggiore efficacia refrigerante, migliore consistenza del prodotto, riduzione delle goccie di condensa sulle pareti esterne della vasca. Coperchio con illuminazione fredda a led. Sistema di raffreddamento ad aria. Testiera meccanica a pulsantiera. Modalita\u2019 [&#8230;]","protected":false},"featured_media":14730,"comment_status":"closed","ping_status":"closed","template":"","meta":{"_monsterinsights_skip_tracking":false,"_monsterinsights_sitenote_active":false,"_monsterinsights_sitenote_note":"","_monsterinsights_sitenote_category":0},"product_brand":[625],"product_cat":[207],"product_tag":[],"class_list":{"0":"post-14729","1":"product","2":"type-product","3":"status-publish","4":"has-post-thumbnail","6":"product_brand-mec-europe","7":"product_cat-granitori","8":"product_shipping_class-38","9":"pa_marca-mec","11":"first","12":"instock","13":"taxable","14":"shipping-taxable","15":"purchasable","16":"product-type-simple"},"_links":{"self":[{"href":"https:\/\/www.creaearredanegozi.it\/de\/wp-json\/wp\/v2\/product\/14729","targetHints":{"allow":["GET"]}}],"collection":[{"href":"https:\/\/www.creaearredanegozi.it\/de\/wp-json\/wp\/v2\/product"}],"about":[{"href":"https:\/\/www.creaearredanegozi.it\/de\/wp-json\/wp\/v2\/types\/product"}],"replies":[{"embeddable":true,"href":"https:\/\/www.creaearredanegozi.it\/de\/wp-json\/wp\/v2\/comments?post=14729"}],"wp:featuredmedia":[{"embeddable":true,"href":"https:\/\/www.creaearredanegozi.it\/de\/wp-json\/wp\/v2\/media\/14730"}],"wp:attachment":[{"href":"https:\/\/www.creaearredanegozi.it\/de\/wp-json\/wp\/v2\/media?parent=14729"}],"wp:term":[{"taxonomy":"product_brand","embeddable":true,"href":"https:\/\/www.creaearredanegozi.it\/de\/wp-json\/wp\/v2\/product_brand?post=14729"},{"taxonomy":"product_cat","embeddable":true,"href":"https:\/\/www.creaearredanegozi.it\/de\/wp-json\/wp\/v2\/product_cat?post=14729"},{"taxonomy":"product_tag","embeddable":true,"href":"https:\/\/www.creaearredanegozi.it\/de\/wp-json\/wp\/v2\/product_tag?post=14729"}],"curies":[{"name":"wp","href":"https:\/\/api.w.org\/{rel}","templated":true}]}}