{"id":14736,"date":"2018-07-27T15:38:08","date_gmt":"2018-07-27T13:38:08","guid":{"rendered":"https:\/\/www.creaearredanegozi.it\/?post_type=product&#038;p=14736"},"modified":"2024-05-02T11:19:16","modified_gmt":"2024-05-02T09:19:16","slug":"lavabicchieri-stoviglie-frontali-in-acciaio-inox-2900-w-mec-c40","status":"publish","type":"product","link":"https:\/\/www.creaearredanegozi.it\/de\/lavabicchieri-stoviglie-frontali-in-acciaio-inox-2900-w-mec-c40\/","title":{"rendered":"Quadratischer Korb aus Edelstahl f\u00fcr Geschirrsp\u00fcler 40\u00d740 einphasig 220V Mec C40"},"content":{"rendered":"<p><strong>Mec C40 Frontlader-Geschirrsp\u00fcler aus Edelstahl<\/strong><\/p>\n<p>Struttura monoscocca in acciaio inox AISI 304, scarico tradizionale con troppopieno, accesso frontale a tutti i componenti per facilitare la manutenzione, operazioni di carico vasca e riscaldamento completamente automatiche, resistenze di riscaldamento anticorrosione, boiler in acciaio inox dotato di termostato regolabile e termostato di sicurezza, microfiltro sull\u2019aspirazione della pompa, valvola di non ritorno, micro-interruttore di sicurezza.<\/p>\n<div class=\"short-desc\">\n<ul>\n<li>Struktur und Tank aus rostfreiem Stahl AISI 304 (18\/10).<\/li>\n<li>Vollautomatischer Betrieb der Maschine.<\/li>\n<li>Ausgestattet mit allen Sicherheitsvorrichtungen.<\/li>\n<li>Vordere Zug\u00e4nglichkeit zu allen Komponenten f\u00fcr einfache Wartung.<\/li>\n<li>In Dotazione: 2 cestelli, dosatore brillantante, contenitore per cucchiaini, canna di carico e tubo di scarico<\/li>\n<li>Einphasige 220-V-Stromversorgung<\/li>\n<\/ul>\n<p><strong>Optional:<\/strong><\/p>\n<ul>\n<li>Waschmittelspender.<\/li>\n<li>Entleerungspumpe.<\/li>\n<\/ul>\n<\/div>\n<hr \/>\n<p><strong>Technische Daten<\/strong><\/p>\n<table class=\"table table-striped\">\n<tbody>\n<tr>\n<td>\n<p class=\"dati_tecnici_label_1\">Modell<\/p>\n<\/td>\n<td align=\"left\"><strong>T400<\/strong><\/td>\n<\/tr>\n<tr>\n<td>Produktion K\u00f6rbe\/h<\/td>\n<td align=\"left\">1500<\/td>\n<\/tr>\n<tr>\n<td>Max. Nutzh\u00f6he<\/td>\n<td>28 cm<\/td>\n<\/tr>\n<tr>\n<td>Korbgr\u00f6\u00dfe<\/td>\n<td align=\"left\">400&#215;400 mm<\/td>\n<\/tr>\n<tr>\n<td>Strom<\/td>\n<td align=\"left\">\n<div><span class=\"valore_scheda\">3180 W<br \/>\n<\/span><\/div>\n<\/td>\n<\/tr>\n<tr>\n<td>Kessel\/Badewannenheizung<\/td>\n<td align=\"left\">3000\/500 W<\/td>\n<\/tr>\n<tr>\n<td>Kessel-\/Tankkapazit\u00e4t<\/td>\n<td align=\"left\">8,5\/3 lt<\/td>\n<\/tr>\n<tr>\n<td>Wasserverbrauch\/Zyklus<\/td>\n<td align=\"left\">2,7 Liter<\/td>\n<\/tr>\n<tr>\n<td>Dauer des Zyklus<\/td>\n<td align=\"left\">120 Sek.<\/td>\n<\/tr>\n<tr>\n<td>Gewicht<\/td>\n<td align=\"left\">35 kg<\/td>\n<\/tr>\n<tr>\n<td>Abmessungen<\/td>\n<td align=\"left\">450 x 520 x 695h<\/td>\n<\/tr>\n<\/tbody>\n<\/table>","protected":false},"excerpt":{"rendered":"<p>Lavabicchieri stoviglie a carica frontale in acciaio inox Mec C40 Struttura monoscocca in acciaio inox AISI 304, scarico tradizionale con troppopieno, accesso frontale a tutti i componenti per facilitare la manutenzione, operazioni di carico vasca e riscaldamento completamente automatiche, resistenze di riscaldamento anticorrosione, boiler in acciaio inox dotato di termostato regolabile e termostato di sicurezza, [&#8230;]","protected":false},"featured_media":127771,"comment_status":"closed","ping_status":"closed","template":"","meta":{"_monsterinsights_skip_tracking":false,"_monsterinsights_sitenote_active":false,"_monsterinsights_sitenote_note":"","_monsterinsights_sitenote_category":0},"product_brand":[625],"product_cat":[19],"product_tag":[],"class_list":{"0":"post-14736","1":"product","2":"type-product","3":"status-publish","4":"has-post-thumbnail","6":"product_brand-mec-europe","7":"product_cat-lavaggio","8":"product_shipping_class-38","9":"pa_marca-mec","11":"first","12":"instock","13":"taxable","14":"shipping-taxable","15":"purchasable","16":"product-type-simple"},"_links":{"self":[{"href":"https:\/\/www.creaearredanegozi.it\/de\/wp-json\/wp\/v2\/product\/14736","targetHints":{"allow":["GET"]}}],"collection":[{"href":"https:\/\/www.creaearredanegozi.it\/de\/wp-json\/wp\/v2\/product"}],"about":[{"href":"https:\/\/www.creaearredanegozi.it\/de\/wp-json\/wp\/v2\/types\/product"}],"replies":[{"embeddable":true,"href":"https:\/\/www.creaearredanegozi.it\/de\/wp-json\/wp\/v2\/comments?post=14736"}],"wp:featuredmedia":[{"embeddable":true,"href":"https:\/\/www.creaearredanegozi.it\/de\/wp-json\/wp\/v2\/media\/127771"}],"wp:attachment":[{"href":"https:\/\/www.creaearredanegozi.it\/de\/wp-json\/wp\/v2\/media?parent=14736"}],"wp:term":[{"taxonomy":"product_brand","embeddable":true,"href":"https:\/\/www.creaearredanegozi.it\/de\/wp-json\/wp\/v2\/product_brand?post=14736"},{"taxonomy":"product_cat","embeddable":true,"href":"https:\/\/www.creaearredanegozi.it\/de\/wp-json\/wp\/v2\/product_cat?post=14736"},{"taxonomy":"product_tag","embeddable":true,"href":"https:\/\/www.creaearredanegozi.it\/de\/wp-json\/wp\/v2\/product_tag?post=14736"}],"curies":[{"name":"wp","href":"https:\/\/api.w.org\/{rel}","templated":true}]}}