{"id":14738,"date":"2018-07-27T16:39:06","date_gmt":"2018-07-27T14:39:06","guid":{"rendered":"https:\/\/www.creaearredanegozi.it\/?post_type=product&#038;p=14738"},"modified":"2024-05-02T11:30:06","modified_gmt":"2024-05-02T09:30:06","slug":"edelstahl-frontgeschirrspuler-3580-w-400-v-dreiphasig-mec-c50","status":"publish","type":"product","link":"https:\/\/www.creaearredanegozi.it\/de\/edelstahl-frontgeschirrspuler-3580-w-400-v-dreiphasig-mec-c50\/","title":{"rendered":"Frontkorb f\u00fcr Geschirrsp\u00fcler aus Edelstahl 50\u00d750 220V\/400V dreiphasig Mec C50"},"content":{"rendered":"<p><strong>Frontal Edelstahl Geschirrsp\u00fcler quadratischen Korb 50\u00d750<\/strong><\/p>\n<p>Einteilige Struktur aus rostfreiem Stahl AISI 304, traditioneller Abfluss mit \u00dcberlauf, Zugang zu allen Komponenten von vorne f\u00fcr eine einfache Wartung, vollautomatisches Laden des Tanks und Aufheizen, korrosionsbest\u00e4ndige Heizelemente, Kessel aus rostfreiem Stahl mit einstellbarem Thermostat und Sicherheitsthermostat, Mikrofilter an der Pumpenansaugung, R\u00fcckschlagventil, Sicherheitsmikroschalter.<\/p>\n<div class=\"short-desc\">\n<ul>\n<li>Struktur und Tank aus rostfreiem Stahl AISI 304 (18\/10).<\/li>\n<li>Oberer Tankfilter aus rostfreiem Stahl.<\/li>\n<li>Vollautomatischer Betrieb der Maschine.<\/li>\n<li>Ausgestattet mit allen Sicherheitsvorrichtungen.<\/li>\n<li>Vordere Zug\u00e4nglichkeit zu allen Komponenten f\u00fcr einfache Wartung.<\/li>\n<li>Ausstattung: 2 quadratische K\u00f6rbe, Klarsp\u00fclerspender, Beh\u00e4lter f\u00fcr Teel\u00f6ffel, Einf\u00fcllstutzen und Ablaufschlauch.<\/li>\n<li>Einphasige Stromversorgung - optional dreiphasig<\/li>\n<\/ul>\n<p><strong>Optional:<\/strong><\/p>\n<ul>\n<li>Waschmittelspender.<\/li>\n<li>Entleerungspumpe<\/li>\n<li>Stromversorgung Dreiphasig 400V\/3N\/50Hz<\/li>\n<\/ul>\n<\/div>\n<hr \/>\n<p><strong>Technische Daten<\/strong><\/p>\n<table class=\"table table-striped\">\n<tbody>\n<tr>\n<td>\n<p class=\"dati_tecnici_label_1\">Modell<\/p>\n<\/td>\n<td align=\"left\"><strong>T500<br \/>\n<\/strong><\/td>\n<\/tr>\n<tr>\n<td>Produktion K\u00f6rbe\/h<\/td>\n<td align=\"left\">30<\/td>\n<\/tr>\n<tr>\n<td>Max. Nutzh\u00f6he<\/td>\n<td>34 cm<\/td>\n<\/tr>\n<tr>\n<td>Korbgr\u00f6\u00dfe<\/td>\n<td align=\"left\">500\u00d7500 mm<\/td>\n<\/tr>\n<tr>\n<td>Strom<\/td>\n<td align=\"left\">\n<div><span class=\"valore_scheda\">3180 W<br \/>\n<\/span><\/div>\n<\/td>\n<\/tr>\n<tr>\n<td>Kessel\/Badewannenheizung<\/td>\n<td align=\"left\">3000\/1500 W<\/td>\n<\/tr>\n<tr>\n<td>Kessel-\/Tankkapazit\u00e4t<\/td>\n<td align=\"left\">12\/3.5 l<\/td>\n<\/tr>\n<tr>\n<td>Wasserverbrauch\/Zyklus<\/td>\n<td align=\"left\">2,7 Liter<\/td>\n<\/tr>\n<tr>\n<td>Dauer des Zyklus<\/td>\n<td align=\"left\">120 Sek.<\/td>\n<\/tr>\n<tr>\n<td>Gewicht<\/td>\n<td align=\"left\">44 kg<\/td>\n<\/tr>\n<tr>\n<td>Abmessungen<\/td>\n<td align=\"left\">550 x 600 x 825h<\/td>\n<\/tr>\n<\/tbody>\n<\/table>","protected":false},"excerpt":{"rendered":"<p>Lavabicchieri stoviglie frontali in acciaio inox cesto quadro 50&#215;50 Struttura monoscocca in acciaio inox AISI 304, scarico tradizionale con troppopieno, accesso frontale a tutti i componenti per facilitare la manutenzione, operazioni di carico vasca e riscaldamento completamente automatiche, resistenze di riscaldamento anticorrosione, boiler in acciaio inox dotato di termostato regolabile e termostato di sicurezza, micro [&#8230;]","protected":false},"featured_media":127772,"comment_status":"closed","ping_status":"closed","template":"","meta":{"_monsterinsights_skip_tracking":false,"_monsterinsights_sitenote_active":false,"_monsterinsights_sitenote_note":"","_monsterinsights_sitenote_category":0},"product_brand":[625],"product_cat":[19],"product_tag":[],"class_list":{"0":"post-14738","1":"product","2":"type-product","3":"status-publish","4":"has-post-thumbnail","6":"product_brand-mec-europe","7":"product_cat-lavaggio","8":"product_shipping_class-32","9":"pa_marca-mec","11":"first","12":"instock","13":"taxable","14":"shipping-taxable","15":"purchasable","16":"product-type-simple"},"_links":{"self":[{"href":"https:\/\/www.creaearredanegozi.it\/de\/wp-json\/wp\/v2\/product\/14738","targetHints":{"allow":["GET"]}}],"collection":[{"href":"https:\/\/www.creaearredanegozi.it\/de\/wp-json\/wp\/v2\/product"}],"about":[{"href":"https:\/\/www.creaearredanegozi.it\/de\/wp-json\/wp\/v2\/types\/product"}],"replies":[{"embeddable":true,"href":"https:\/\/www.creaearredanegozi.it\/de\/wp-json\/wp\/v2\/comments?post=14738"}],"wp:featuredmedia":[{"embeddable":true,"href":"https:\/\/www.creaearredanegozi.it\/de\/wp-json\/wp\/v2\/media\/127772"}],"wp:attachment":[{"href":"https:\/\/www.creaearredanegozi.it\/de\/wp-json\/wp\/v2\/media?parent=14738"}],"wp:term":[{"taxonomy":"product_brand","embeddable":true,"href":"https:\/\/www.creaearredanegozi.it\/de\/wp-json\/wp\/v2\/product_brand?post=14738"},{"taxonomy":"product_cat","embeddable":true,"href":"https:\/\/www.creaearredanegozi.it\/de\/wp-json\/wp\/v2\/product_cat?post=14738"},{"taxonomy":"product_tag","embeddable":true,"href":"https:\/\/www.creaearredanegozi.it\/de\/wp-json\/wp\/v2\/product_tag?post=14738"}],"curies":[{"name":"wp","href":"https:\/\/api.w.org\/{rel}","templated":true}]}}