{"id":14741,"date":"2018-07-27T17:12:11","date_gmt":"2018-07-27T15:12:11","guid":{"rendered":"https:\/\/www.creaearredanegozi.it\/?post_type=product&#038;p=14741"},"modified":"2023-07-03T19:51:27","modified_gmt":"2023-07-03T17:51:27","slug":"mec-t110-edelstahl-8500-w-capot-geschirrspuler","status":"publish","type":"product","link":"https:\/\/www.creaearredanegozi.it\/de\/mec-t110-edelstahl-8500-w-capot-geschirrspuler\/","title":{"rendered":"Mec T110 50\u00d750 Korbsp\u00fclmaschine aus Edelstahl 8500 W"},"content":{"rendered":"<p><strong>Mec T110 Edelstahl 8500 W capot Geschirrsp\u00fcler:<\/strong><\/p>\n<div class=\"short-desc\">\n<ul>\n<li>Struktur, Tank und Tankfilter aus rostfreiem Stahl AISI 304 (18\/10).<\/li>\n<li>Geeignet zum Waschen von Pizzatellern und Gastronormtabletts.<\/li>\n<li>Ausgestattet mit allen Sicherheitsvorrichtungen, Zugang zu allen Komponenten von vorne f\u00fcr eine einfache Wartung.<\/li>\n<li>Ausstattung: Peristaltischer und zeitgesteuerter Klarsp\u00fclerspender und verstellbare Edelstahlf\u00fc\u00dfe.<\/li>\n<\/ul>\n<p><strong>Optional:<\/strong><\/p>\n<ul>\n<li>Peristaltischer und zeitgesteuerter Waschmitteldispenser.<\/li>\n<li>Entleerungspumpe.<\/li>\n<li>Eingangs- und Ausgangstische auf Anfrage<\/li>\n<\/ul>\n<\/div>\n<hr \/>\n<p><strong>Technische Daten<\/strong><\/p>\n<table class=\"table table-striped\">\n<tbody>\n<tr>\n<td>\n<p class=\"dati_tecnici_label_1\">Modell<\/p>\n<\/td>\n<td align=\"left\"><strong>T110<\/strong><\/td>\n<\/tr>\n<tr>\n<td>Produktion K\u00f6rbe\/h<\/td>\n<td align=\"left\">30\/40<\/td>\n<\/tr>\n<tr>\n<td>Korbgr\u00f6\u00dfe<\/td>\n<td align=\"left\">500\u00d7500 mm<\/td>\n<\/tr>\n<tr>\n<td>Strom<\/td>\n<td align=\"left\">\n<div><span class=\"valore_scheda\">8500 W<br \/>\n<\/span><\/div>\n<\/td>\n<\/tr>\n<tr>\n<td>Kessel\/Badewannenheizung<\/td>\n<td align=\"left\">\n<div class=\"field col-10 c-5 r-2\">8000\/2100 W<\/div>\n<\/td>\n<\/tr>\n<tr>\n<td>Kessel-\/Tankkapazit\u00e4t<\/td>\n<td align=\"left\">15\/6 Liter<\/td>\n<\/tr>\n<tr>\n<td>Wasserverbrauch\/Zyklus<\/td>\n<td align=\"left\">2,9 Liter<\/td>\n<\/tr>\n<tr>\n<td>Dauer des Zyklus<\/td>\n<td align=\"left\">90 - 120 Sek.<\/td>\n<\/tr>\n<tr>\n<td>Gewicht<\/td>\n<td align=\"left\">100 kg<\/td>\n<\/tr>\n<tr>\n<td>Abmessungen<\/td>\n<td align=\"left\">\n<div class=\"field col-10 c-10 r-2\">640 x 740 x 1500\/1930 h<\/div>\n<\/td>\n<\/tr>\n<\/tbody>\n<\/table>","protected":false},"excerpt":{"rendered":"<p>Lavastoviglie a capot in acciaio inox 8500 W Mec T110: Struttura, vasca e filtro vasca in acciaio inox AISI 304 (18\/10). Adatte per lavaggio di piatti pizza e vassoi gastronorm. Dotate di tutti i dispositivi di sicurezza, accessibilit\u00e0 frontale a tutti i componenti per facilitare la manutenzione. Dotazione: Dosatore brillantante peristaltico e temporizzato e piedini [&#8230;]","protected":false},"featured_media":14742,"comment_status":"closed","ping_status":"closed","template":"","meta":{"_monsterinsights_skip_tracking":false,"_monsterinsights_sitenote_active":false,"_monsterinsights_sitenote_note":"","_monsterinsights_sitenote_category":0},"product_brand":[625],"product_cat":[19],"product_tag":[],"class_list":{"0":"post-14741","1":"product","2":"type-product","3":"status-publish","4":"has-post-thumbnail","6":"product_brand-mec-europe","7":"product_cat-lavaggio","8":"product_shipping_class-45","9":"pa_marca-mec","11":"first","12":"instock","13":"taxable","14":"shipping-taxable","15":"purchasable","16":"product-type-simple"},"_links":{"self":[{"href":"https:\/\/www.creaearredanegozi.it\/de\/wp-json\/wp\/v2\/product\/14741","targetHints":{"allow":["GET"]}}],"collection":[{"href":"https:\/\/www.creaearredanegozi.it\/de\/wp-json\/wp\/v2\/product"}],"about":[{"href":"https:\/\/www.creaearredanegozi.it\/de\/wp-json\/wp\/v2\/types\/product"}],"replies":[{"embeddable":true,"href":"https:\/\/www.creaearredanegozi.it\/de\/wp-json\/wp\/v2\/comments?post=14741"}],"wp:featuredmedia":[{"embeddable":true,"href":"https:\/\/www.creaearredanegozi.it\/de\/wp-json\/wp\/v2\/media\/14742"}],"wp:attachment":[{"href":"https:\/\/www.creaearredanegozi.it\/de\/wp-json\/wp\/v2\/media?parent=14741"}],"wp:term":[{"taxonomy":"product_brand","embeddable":true,"href":"https:\/\/www.creaearredanegozi.it\/de\/wp-json\/wp\/v2\/product_brand?post=14741"},{"taxonomy":"product_cat","embeddable":true,"href":"https:\/\/www.creaearredanegozi.it\/de\/wp-json\/wp\/v2\/product_cat?post=14741"},{"taxonomy":"product_tag","embeddable":true,"href":"https:\/\/www.creaearredanegozi.it\/de\/wp-json\/wp\/v2\/product_tag?post=14741"}],"curies":[{"name":"wp","href":"https:\/\/api.w.org\/{rel}","templated":true}]}}